{"id":1239,"date":"2023-02-11T18:18:00","date_gmt":"2023-02-11T17:18:00","guid":{"rendered":"https:\/\/agora.xtec.cat\/ies-carles-vallbona\/?page_id=1239"},"modified":"2026-03-18T18:56:07","modified_gmt":"2026-03-18T17:56:07","slug":"practiques-en-empreses","status":"publish","type":"page","link":"https:\/\/agora.xtec.cat\/ies-carles-vallbona\/practiques-en-empreses\/","title":{"rendered":"Pr\u00e0ctiques en empreses"},"content":{"rendered":"\n<p><\/p>\n\n\n\n<div class=\"wp-block-getwid-banner has-animation-style2 has-text-animation-opacity-bottom\"><a href=\"#\" class=\"wp-block-getwid-banner__link\"><div class=\"wp-block-getwid-banner__wrapper\"><img loading=\"lazy\" decoding=\"async\" width=\"2560\" height=\"1707\" src=\"https:\/\/agora.xtec.cat\/ies-carles-vallbona\/wp-content\/uploads\/usu2364\/2026\/03\/FCT-1-scaled.jpg\" alt=\"\" class=\"wp-block-getwid-banner__image wp-block-getwid-banner__source wp-image-6620\" srcset=\"https:\/\/agora.xtec.cat\/ies-carles-vallbona\/wp-content\/uploads\/usu2364\/2026\/03\/FCT-1-scaled.jpg 2560w, https:\/\/agora.xtec.cat\/ies-carles-vallbona\/wp-content\/uploads\/usu2364\/2026\/03\/FCT-1-300x200.jpg 300w, https:\/\/agora.xtec.cat\/ies-carles-vallbona\/wp-content\/uploads\/usu2364\/2026\/03\/FCT-1-1024x683.jpg 1024w, https:\/\/agora.xtec.cat\/ies-carles-vallbona\/wp-content\/uploads\/usu2364\/2026\/03\/FCT-1-768x512.jpg 768w, https:\/\/agora.xtec.cat\/ies-carles-vallbona\/wp-content\/uploads\/usu2364\/2026\/03\/FCT-1-1536x1024.jpg 1536w, https:\/\/agora.xtec.cat\/ies-carles-vallbona\/wp-content\/uploads\/usu2364\/2026\/03\/FCT-1-2048x1365.jpg 2048w\" sizes=\"auto, (max-width: 2560px) 100vw, 2560px\" \/><div class=\"wp-block-getwid-banner__caption\"><div class=\"wp-block-getwid-banner__caption-wrapper\"><span class=\"wp-block-getwid-banner__title\">Pr\u00e0ctiques en empreses<\/span><\/div><\/div><\/div><\/a><\/div>\n\n\n\n<div style=\"height:50px\" aria-hidden=\"true\" class=\"wp-block-spacer\"><\/div>\n\n\n\n<div class=\"wp-block-media-text has-media-on-the-right is-stacked-on-mobile\" style=\"grid-template-columns:auto 28%\"><div class=\"wp-block-media-text__content\">\n<p>L&#8217;alumnat que cursa els cicles formatius realitzen una estada a les empreses d\u2019acord amb un pla de formaci\u00f3 dissenyat espec\u00edficament per a cada alumne conjuntament entre el seu tutor a l\u2019Institut i el seu tutor a l\u2019empresa.<\/p>\n\n\n\n<p>S\u2019estableixen uns criteris per a resoldre l\u2019exempci\u00f3, total o parcial, de la DUAL per a l\u2019alumnat que acrediti experi\u00e8ncia laboral i\/o experi\u00e8ncia formativa.<\/p>\n\n\n\n<p>La durada de la formaci\u00f3 pr\u00e0ctica en centres de treball ser\u00e0 la que estableixi el curr\u00edculum de cada cicle formatiu.<\/p>\n<\/div><figure class=\"wp-block-media-text__media\"><img loading=\"lazy\" decoding=\"async\" width=\"553\" height=\"554\" src=\"https:\/\/agora.xtec.cat\/ies-carles-vallbona\/wp-content\/uploads\/usu2364\/2025\/11\/FP-DUAL.jpg\" alt=\"\" class=\"wp-image-6063 size-full\" srcset=\"https:\/\/agora.xtec.cat\/ies-carles-vallbona\/wp-content\/uploads\/usu2364\/2025\/11\/FP-DUAL.jpg 553w, https:\/\/agora.xtec.cat\/ies-carles-vallbona\/wp-content\/uploads\/usu2364\/2025\/11\/FP-DUAL-300x300.jpg 300w, https:\/\/agora.xtec.cat\/ies-carles-vallbona\/wp-content\/uploads\/usu2364\/2025\/11\/FP-DUAL-150x150.jpg 150w\" sizes=\"auto, (max-width: 553px) 100vw, 553px\" \/><\/figure><\/div>\n\n\n\n<h2 class=\"wp-block-heading\">Requisits per iniciar les pr\u00e0ctiques<\/h2>\n\n\n\n<div class=\"wp-block-group is-nowrap is-layout-flex wp-container-core-group-is-layout-1 wp-block-group-is-layout-flex\" style=\"margin-top:0;margin-bottom:0;padding-top:0;padding-right:0;padding-bottom:0;padding-left:0\">\n<div class=\"wp-block-getwid-icon\"><div class=\"wp-block-getwid-icon__wrapper\"><i class=\"fas fa-check\"><\/i><\/div><\/div>\n\n\n\n<p>Haver aprovat la <strong>RA2 de IPO1<\/strong> relacionada amb la prevenci\u00f3 de riscos laborals.<\/p>\n<\/div>\n\n\n\n<div class=\"wp-block-group is-nowrap is-layout-flex wp-container-core-group-is-layout-2 wp-block-group-is-layout-flex\" style=\"margin-top:0;margin-bottom:0;padding-top:0;padding-right:0;padding-bottom:0;padding-left:0\">\n<div class=\"wp-block-getwid-icon\"><div class=\"wp-block-getwid-icon__wrapper\"><i class=\"fas fa-check\"><\/i><\/div><\/div>\n\n\n\n<p>L&#8217;alumne ha de disposar de<strong> NASS<\/strong> (n\u00famero d&#8217;afiliaci\u00f3 a la seguretat social)<\/p>\n<\/div>\n\n\n\n<p>Si l&#8217;alumne compleix ambd\u00f3s requisits, podr\u00e0 iniciar l&#8217;estada a l&#8217;empresa a partir del <strong>segon trimestre del primer curs. <\/strong><\/p>\n\n\n\n<div style=\"height:50px\" aria-hidden=\"true\" class=\"wp-block-spacer\"><\/div>\n\n\n\n<h2 class=\"wp-block-heading\">Estada a l&#8217;empresa en Grau Mitj\u00e0<\/h2>\n\n\n\n<div class=\"wp-block-media-text has-media-on-the-right is-stacked-on-mobile\" style=\"padding-top:0;padding-bottom:0;grid-template-columns:auto 24%\"><div class=\"wp-block-media-text__content\">\n<p>Tots els cicles de Grau Mitj\u00e0  que ofereix el centre inclouen l&#8217;Estada a l&#8217;Empresa per part de l&#8217;alumnat. La modalitat en tots els cicles \u00e9s <strong>DUAL General<\/strong> i t\u00e9 una durada de <strong>515 hores<\/strong>*.<\/p>\n\n\n\n<p>Les <strong>pr\u00e0ctiques no s\u00f3n remunerades<\/strong><\/p>\n\n\n\n<p><em><strong>*IMPORTANT:<\/strong> El cicle de Grau Mitj\u00e0 de Cures Auxiliars d&#8217;infermeria es regeix per curr\u00edculum LOGSE, i el m\u00f2dul d&#8217;Estada a l&#8217;empresa t\u00e9 un total de <strong>410 hores<\/strong>. \u00c9s l&#8217;\u00fanica excepci\u00f3 dintre de l&#8217;oferta de grau mitj\u00e0 de l&#8217;institut.<\/em><\/p>\n<\/div><figure class=\"wp-block-media-text__media\"><img loading=\"lazy\" decoding=\"async\" width=\"384\" height=\"384\" src=\"https:\/\/agora.xtec.cat\/ies-carles-vallbona\/wp-content\/uploads\/usu2364\/2026\/03\/gm_color.png.png\" alt=\"\" class=\"wp-image-6661 size-full\" srcset=\"https:\/\/agora.xtec.cat\/ies-carles-vallbona\/wp-content\/uploads\/usu2364\/2026\/03\/gm_color.png.png 384w, https:\/\/agora.xtec.cat\/ies-carles-vallbona\/wp-content\/uploads\/usu2364\/2026\/03\/gm_color.png-300x300.png 300w, https:\/\/agora.xtec.cat\/ies-carles-vallbona\/wp-content\/uploads\/usu2364\/2026\/03\/gm_color.png-150x150.png 150w\" sizes=\"auto, (max-width: 384px) 100vw, 384px\" \/><\/figure><\/div>\n\n\n\n<div style=\"height:50px\" aria-hidden=\"true\" class=\"wp-block-spacer\"><\/div>\n\n\n\n<h2 class=\"wp-block-heading\">Estada a l&#8217;empresa en Grau Superior<\/h2>\n\n\n\n<div class=\"wp-block-media-text has-media-on-the-right is-stacked-on-mobile\" style=\"border-style:none;border-width:0px;border-radius:0px;grid-template-columns:auto 25%\"><div class=\"wp-block-media-text__content\">\n<p>L&#8217;estada en l&#8217;empresa que han de realitzar els alumnes de tots els cicles de Grau Superior poden ser de dues modalitats. <\/p>\n\n\n\n<ul class=\"wp-block-list\">\n<li><strong>FP DUAL General<\/strong>: (d&#8217;igual forma que a grau mitj\u00e0) t\u00e9 una durada de <strong>515 hores<\/strong> sense necessitat que sigui remunerada. <\/li>\n\n\n\n<li><strong>FP DUAL Intensiva<\/strong>: t\u00e9 m\u00e9s duraci\u00f3, fins a les 1000 hores i remunerada.<\/li>\n<\/ul>\n<\/div><figure class=\"wp-block-media-text__media\"><img loading=\"lazy\" decoding=\"async\" width=\"384\" height=\"384\" src=\"https:\/\/agora.xtec.cat\/ies-carles-vallbona\/wp-content\/uploads\/usu2364\/2026\/03\/GS_color.png.png\" alt=\"\" class=\"wp-image-6662 size-full\" srcset=\"https:\/\/agora.xtec.cat\/ies-carles-vallbona\/wp-content\/uploads\/usu2364\/2026\/03\/GS_color.png.png 384w, https:\/\/agora.xtec.cat\/ies-carles-vallbona\/wp-content\/uploads\/usu2364\/2026\/03\/GS_color.png-300x300.png 300w, https:\/\/agora.xtec.cat\/ies-carles-vallbona\/wp-content\/uploads\/usu2364\/2026\/03\/GS_color.png-150x150.png 150w\" sizes=\"auto, (max-width: 384px) 100vw, 384px\" \/><\/figure><\/div>\n\n\n\n<div style=\"height:50px\" aria-hidden=\"true\" class=\"wp-block-spacer\"><\/div>\n\n\n\n<h2 class=\"wp-block-heading\">Distribuci\u00f3 de l&#8217;horari de DUAL general i DUAL intensiva<\/h2>\n\n\n\n<h4 class=\"wp-block-heading\"><strong>Cicles de Grau Mitj\u00e0<\/strong><\/h4>\n\n\n\n<ul style=\"padding-top:var(--wp--preset--spacing--50);padding-bottom:var(--wp--preset--spacing--50)\" class=\"wp-block-list\">\n<li><strong>Horari de tarda<\/strong>: Pr\u00e0ctiques per a tots els cicles, excepte:\n<ul class=\"wp-block-list\">\n<li style=\"padding-top:var(--wp--preset--spacing--50);padding-bottom:var(--wp--preset--spacing--50)\"><strong>Activitats Comercials (Log\u00edstica)<\/strong> i <strong>Gesti\u00f3 Administrativa (Sanitari)<\/strong>: Pr\u00e0ctiques al mat\u00ed (horari lectiu a la tarda).<\/li>\n<\/ul>\n<\/li>\n\n\n\n<li><strong>Sistemes Microinform\u00e0tics i Xarxes<\/strong>: Dos grups amb horari de mat\u00ed i tarda, per tant, pr\u00e0ctiques al mat\u00ed o a la tarda segons el grup.<\/li>\n<\/ul>\n\n\n\n<h4 class=\"wp-block-heading\"><strong>Cicles de Grau Superior<\/strong><\/h4>\n\n\n\n<ul style=\"padding-top:var(--wp--preset--spacing--40);padding-bottom:var(--wp--preset--spacing--40)\" id=\"block-bbcb39c3-95b8-4b11-b750-c722378109bd\" class=\"wp-block-list\">\n<li><strong>Horari de mat\u00ed<\/strong>: Estada a l&#8217;empresa (horari lectiu a la tarda).<\/li>\n<\/ul>\n\n\n\n<h4 class=\"wp-block-heading\"><strong>Normativa sobre l\u2019estada a l\u2019empresa<\/strong><\/h4>\n\n\n\n<p>Com a norma general en <strong>per\u00edode lectiu<\/strong> nom\u00e9s es podran fer, com a m\u00e0xim, <strong>4 hores di\u00e0ries<\/strong> d\u2019estada en l\u2019horari indicat anteriorment.<\/p>\n\n\n\n<p>Quan <strong>finalitzen les classes<\/strong> i durant el per\u00edode estival (juny i juliol) es podran fer <strong>m\u00e0xim fins a 8 hores di\u00e0ries<\/strong> d\u2019estada a l\u2019empresa.<\/p>\n\n\n\n<p>En cap cas l\u2019alumnat podr\u00e0 acudir a l\u2019empresa en per\u00edodes no autoritzats (dies festius i\/o horaris no autoritzats), excepte casos pr\u00e8viament autoritzats pel Departament d\u2019Educaci\u00f3.<\/p>\n\n\n\n<p>Durant els per\u00edodes no lectius (dies festius, per\u00edodes de vacances de Nadal i Setmana Santa), es recomana que l\u2019alumnat no faci pr\u00e0ctiques, ja que no es pot garantir el seguiment per part del tutor\/a de Dual General del centre. En modalitat Dual intensiva est\u00e0 perm\u00e8s fer pr\u00e0ctiques en dies laborables dels per\u00edodes de vacances de Nadal i Setmana Santa.<\/p>\n\n\n\n<div style=\"height:50px\" aria-hidden=\"true\" class=\"wp-block-spacer\"><\/div>\n\n\n\n<div class=\"wp-block-buttons is-layout-flex wp-block-buttons-is-layout-flex\">\n<div class=\"wp-block-button has-custom-font-size has-medium-font-size\"><a class=\"wp-block-button__link wp-element-button\" href=\"mailto:cfct@icv.cat\" style=\"padding-top:var(--wp--preset--spacing--70);padding-right:var(--wp--preset--spacing--80);padding-bottom:var(--wp--preset--spacing--70);padding-left:var(--wp--preset--spacing--80)\">Contacte per empreses<\/a><\/div>\n\n\n\n<div class=\"wp-block-button has-custom-font-size has-medium-font-size\"><a class=\"wp-block-button__link wp-element-button\" href=\"https:\/\/agora.xtec.cat\/fpdual\/\" style=\"padding-top:var(--wp--preset--spacing--70);padding-right:var(--wp--preset--spacing--80);padding-bottom:var(--wp--preset--spacing--70);padding-left:var(--wp--preset--spacing--80)\"><strong>M<\/strong>\u00e9s informaci\u00f3 sobre FP DUAL<\/a><\/div>\n<\/div>\n\n\n\n<p><\/p>\n","protected":false},"excerpt":{"rendered":"<p>L&#8217;alumnat que cursa els cicles formatius realitzen una estada a les empreses d\u2019acord amb un pla de formaci\u00f3 dissenyat espec\u00edficament per a cada alumne conjuntament entre el seu tutor a l\u2019Institut i el seu tutor a l\u2019empresa. S\u2019estableixen uns criteris per a resoldre l\u2019exempci\u00f3, total o parcial, de la DUAL per a l\u2019alumnat que acrediti [&hellip;]<\/p>\n","protected":false},"author":1,"featured_media":0,"parent":0,"menu_order":0,"comment_status":"closed","ping_status":"closed","template":"","meta":{"_bbp_topic_count":0,"_bbp_reply_count":0,"_bbp_total_topic_count":0,"_bbp_total_reply_count":0,"_bbp_voice_count":0,"_bbp_anonymous_reply_count":0,"_bbp_topic_count_hidden":0,"_bbp_reply_count_hidden":0,"_bbp_forum_subforum_count":0,"site-sidebar-layout":"default","site-content-layout":"","ast-site-content-layout":"default","site-content-style":"default","site-sidebar-style":"default","ast-global-header-display":"","ast-banner-title-visibility":"","ast-main-header-display":"","ast-hfb-above-header-display":"","ast-hfb-below-header-display":"","ast-hfb-mobile-header-display":"","site-post-title":"disabled","ast-breadcrumbs-content":"","ast-featured-img":"","footer-sml-layout":"","theme-transparent-header-meta":"","adv-header-id-meta":"","stick-header-meta":"","header-above-stick-meta":"","header-main-stick-meta":"","header-below-stick-meta":"","astra-migrate-meta-layouts":"set","ast-page-background-enabled":"default","ast-page-background-meta":{"desktop":{"background-color":"var(--ast-global-color-4)","background-image":"","background-repeat":"repeat","background-position":"center center","background-size":"auto","background-attachment":"scroll","background-type":"","background-media":"","overlay-type":"","overlay-color":"","overlay-opacity":"","overlay-gradient":""},"tablet":{"background-color":"","background-image":"","background-repeat":"repeat","background-position":"center center","background-size":"auto","background-attachment":"scroll","background-type":"","background-media":"","overlay-type":"","overlay-color":"","overlay-opacity":"","overlay-gradient":""},"mobile":{"background-color":"","background-image":"","background-repeat":"repeat","background-position":"center center","background-size":"auto","background-attachment":"scroll","background-type":"","background-media":"","overlay-type":"","overlay-color":"","overlay-opacity":"","overlay-gradient":""}},"ast-content-background-meta":{"desktop":{"background-color":"var(--ast-global-color-5)","background-image":"","background-repeat":"repeat","background-position":"center center","background-size":"auto","background-attachment":"scroll","background-type":"","background-media":"","overlay-type":"","overlay-color":"","overlay-opacity":"","overlay-gradient":""},"tablet":{"background-color":"var(--ast-global-color-5)","background-image":"","background-repeat":"repeat","background-position":"center center","background-size":"auto","background-attachment":"scroll","background-type":"","background-media":"","overlay-type":"","overlay-color":"","overlay-opacity":"","overlay-gradient":""},"mobile":{"background-color":"var(--ast-global-color-5)","background-image":"","background-repeat":"repeat","background-position":"center center","background-size":"auto","background-attachment":"scroll","background-type":"","background-media":"","overlay-type":"","overlay-color":"","overlay-opacity":"","overlay-gradient":""}},"footnotes":""},"class_list":["post-1239","page","type-page","status-publish","hentry"],"post_mailing_queue_ids":[],"_links":{"self":[{"href":"https:\/\/agora.xtec.cat\/ies-carles-vallbona\/wp-json\/wp\/v2\/pages\/1239","targetHints":{"allow":["GET"]}}],"collection":[{"href":"https:\/\/agora.xtec.cat\/ies-carles-vallbona\/wp-json\/wp\/v2\/pages"}],"about":[{"href":"https:\/\/agora.xtec.cat\/ies-carles-vallbona\/wp-json\/wp\/v2\/types\/page"}],"author":[{"embeddable":true,"href":"https:\/\/agora.xtec.cat\/ies-carles-vallbona\/wp-json\/wp\/v2\/users\/1"}],"replies":[{"embeddable":true,"href":"https:\/\/agora.xtec.cat\/ies-carles-vallbona\/wp-json\/wp\/v2\/comments?post=1239"}],"version-history":[{"count":6,"href":"https:\/\/agora.xtec.cat\/ies-carles-vallbona\/wp-json\/wp\/v2\/pages\/1239\/revisions"}],"predecessor-version":[{"id":6663,"href":"https:\/\/agora.xtec.cat\/ies-carles-vallbona\/wp-json\/wp\/v2\/pages\/1239\/revisions\/6663"}],"wp:attachment":[{"href":"https:\/\/agora.xtec.cat\/ies-carles-vallbona\/wp-json\/wp\/v2\/media?parent=1239"}],"curies":[{"name":"wp","href":"https:\/\/api.w.org\/{rel}","templated":true}]}}