{"id":1224,"date":"2023-02-11T18:10:47","date_gmt":"2023-02-11T17:10:47","guid":{"rendered":"https:\/\/agora.xtec.cat\/ies-carles-vallbona\/?page_id=1224"},"modified":"2025-11-29T20:36:52","modified_gmt":"2025-11-29T19:36:52","slug":"estrategia-digital-de-centre","status":"publish","type":"page","link":"https:\/\/agora.xtec.cat\/ies-carles-vallbona\/estrategia-digital-de-centre\/","title":{"rendered":"Estrat\u00e8gia Digital de Centre"},"content":{"rendered":"<p>L&#8217;<strong>Estrat\u00e8gia Digital de Centre (EDC)<\/strong> \u00e9s un pla integral que defineix com l&#8217;institut utilitzar\u00e0 les tecnologies digitals per millorar els processos educatius i promoure l&#8217;aprenentatge efectiu dels estudiants. Aquesta estrat\u00e8gia descriu les metes i les accions espec\u00edfiques que l&#8217;institut prendr\u00e0 per integrar les tecnologies digitals en els curr\u00edculums, les aules i la gesti\u00f3 administrativa.<\/p>\n<p>L\u2019Estrat\u00e8gia digital de centre est\u00e0 alineada amb el <strong>Pla d\u2019Educaci\u00f3 Digital de Catalunya (PEDC)<\/strong>. Per aquest motiu l\u2019EDC t\u00e9 presents els tres eixos per al seu desplegament:<\/p>\n<ul>\n<li>Alumnat digitalment competent.<\/li>\n<li>Docents digitalment competents.<\/li>\n<li>Centre digitalment competent.<\/li>\n<\/ul>\n<h2>EDC &#8211; Proc\u00e9s d&#8217;Elaboraci\u00f3<\/h2>\n<p><a href=\"https:\/\/agora.xtec.cat\/ies-carles-vallbona\/wp-content\/uploads\/usu2364\/2024\/12\/planificacio-edc.png\"><img loading=\"lazy\" decoding=\"async\" class=\"alignnone size-full wp-image-4146\" src=\"https:\/\/agora.xtec.cat\/ies-carles-vallbona\/wp-content\/uploads\/usu2364\/2024\/12\/planificacio-edc.png\" alt=\"\" width=\"1024\" height=\"71\" srcset=\"https:\/\/agora.xtec.cat\/ies-carles-vallbona\/wp-content\/uploads\/usu2364\/2024\/12\/planificacio-edc.png 1024w, https:\/\/agora.xtec.cat\/ies-carles-vallbona\/wp-content\/uploads\/usu2364\/2024\/12\/planificacio-edc-300x21.png 300w, https:\/\/agora.xtec.cat\/ies-carles-vallbona\/wp-content\/uploads\/usu2364\/2024\/12\/planificacio-edc-768x53.png 768w\" sizes=\"auto, (max-width: 1024px) 100vw, 1024px\" \/><\/a><\/p>\n<p><strong><a href=\"https:\/\/agora.xtec.cat\/ies-carles-vallbona\/estrategia-digital-de-centre\/fase1-diagnosi\/\">Fase 1: Diagnosi<\/a>:<\/strong> Conjunt de t\u00e8cniques que proporcionen informaci\u00f3 del centre: Per exemple: an\u00e0lisi dels indicadors de centre, realitzaci\u00f3 d\u2019enquestes a la comunitat escolar, entrevistes, observacions, \u00fas de la r\u00fabrica del pla TAC, de l\u2019eina SELFIE, etc.<\/p>\n<p><strong><a href=\"https:\/\/agora.xtec.cat\/ies-carles-vallbona\/estrategia-digital-de-centre\/fase2-objectius\/\">Fase 2: Objectius de l\u2019Estrat\u00e8gia Digital<\/a>:<\/strong> S\u00f3n els objectius que es concreten a mitj\u00e0 termini (3 o 4 anys). S&#8217;han de seleccionar cadascun dels objectius i establir una prioritat per assolir-los. En el document d\u2019EDC nom\u00e9s apareixen aquells que el s&#8217;intentaran assolir en el termini establert.<\/p>\n<p><strong><a href=\"https:\/\/agora.xtec.cat\/ies-carles-vallbona\/estrategia-digital-de-centre\/fase-3-planificacio-i-seguiment\/\">Fase 3: Planificaci\u00f3<\/a>: <\/strong>S\u00f3n les accions detallades per tal d\u2019assolir els objectius fixats. Per cada activitat s&#8217;indica, com a m\u00ednim, la seva temporitzaci\u00f3, els responsables i els recursos necessaris per la seva execuci\u00f3.<\/p>\n<p><a href=\"https:\/\/agora.xtec.cat\/ies-carles-vallbona\/estrategia-digital-de-centre\/avaluacio-i-millora\/\"><strong>Fase 4: Avaluaci\u00f3:<\/strong><\/a> Concretar en indicadors d\u2019assoliment per cada objectiu i en indicadors de seguiment de cada activitat. Es realitzar\u00e0 una avaluaci\u00f3 peri\u00f2dica de la mateixa EDC dissenyada segons el tipus d&#8217;objectiu i activitat.<\/p>\n<h2>Comissi\u00f3 Digital de Centre<\/h2>\n<p>S\u2019ha constitu\u00eft una comissi\u00f3 digital formada per:<\/p>\n<ul>\n<li>La directora<\/li>\n<li>La cap d\u2019estudis adjunta<\/li>\n<li>La cap d\u2019estudis d\u2019ESO i Batxillerat<\/li>\n<li>El coordinador digital<\/li>\n<li>Dos docents de cicles formatius d\u2019inform\u00e0tica<\/li>\n<\/ul>\n","protected":false},"excerpt":{"rendered":"<p>L&#8217;Estrat\u00e8gia Digital de Centre (EDC) \u00e9s un pla integral que defineix com l&#8217;institut utilitzar\u00e0 les tecnologies digitals per millorar els processos educatius i promoure l&#8217;aprenentatge efectiu dels estudiants. Aquesta estrat\u00e8gia descriu les metes i les accions espec\u00edfiques que l&#8217;institut prendr\u00e0 per integrar les tecnologies digitals en els curr\u00edculums, les aules i la gesti\u00f3 administrativa. L\u2019Estrat\u00e8gia [&hellip;]<\/p>\n","protected":false},"author":8,"featured_media":0,"parent":0,"menu_order":0,"comment_status":"closed","ping_status":"closed","template":"","meta":{"_bbp_topic_count":0,"_bbp_reply_count":0,"_bbp_total_topic_count":0,"_bbp_total_reply_count":0,"_bbp_voice_count":0,"_bbp_anonymous_reply_count":0,"_bbp_topic_count_hidden":0,"_bbp_reply_count_hidden":0,"_bbp_forum_subforum_count":0,"site-sidebar-layout":"default","site-content-layout":"","ast-site-content-layout":"default","site-content-style":"default","site-sidebar-style":"default","ast-global-header-display":"","ast-banner-title-visibility":"","ast-main-header-display":"","ast-hfb-above-header-display":"","ast-hfb-below-header-display":"","ast-hfb-mobile-header-display":"","site-post-title":"","ast-breadcrumbs-content":"","ast-featured-img":"","footer-sml-layout":"","theme-transparent-header-meta":"","adv-header-id-meta":"","stick-header-meta":"","header-above-stick-meta":"","header-main-stick-meta":"","header-below-stick-meta":"","astra-migrate-meta-layouts":"set","ast-page-background-enabled":"default","ast-page-background-meta":{"desktop":{"background-color":"var(--ast-global-color-4)","background-image":"","background-repeat":"repeat","background-position":"center center","background-size":"auto","background-attachment":"scroll","background-type":"","background-media":"","overlay-type":"","overlay-color":"","overlay-opacity":"","overlay-gradient":""},"tablet":{"background-color":"","background-image":"","background-repeat":"repeat","background-position":"center center","background-size":"auto","background-attachment":"scroll","background-type":"","background-media":"","overlay-type":"","overlay-color":"","overlay-opacity":"","overlay-gradient":""},"mobile":{"background-color":"","background-image":"","background-repeat":"repeat","background-position":"center center","background-size":"auto","background-attachment":"scroll","background-type":"","background-media":"","overlay-type":"","overlay-color":"","overlay-opacity":"","overlay-gradient":""}},"ast-content-background-meta":{"desktop":{"background-color":"var(--ast-global-color-5)","background-image":"","background-repeat":"repeat","background-position":"center center","background-size":"auto","background-attachment":"scroll","background-type":"","background-media":"","overlay-type":"","overlay-color":"","overlay-opacity":"","overlay-gradient":""},"tablet":{"background-color":"var(--ast-global-color-5)","background-image":"","background-repeat":"repeat","background-position":"center center","background-size":"auto","background-attachment":"scroll","background-type":"","background-media":"","overlay-type":"","overlay-color":"","overlay-opacity":"","overlay-gradient":""},"mobile":{"background-color":"var(--ast-global-color-5)","background-image":"","background-repeat":"repeat","background-position":"center center","background-size":"auto","background-attachment":"scroll","background-type":"","background-media":"","overlay-type":"","overlay-color":"","overlay-opacity":"","overlay-gradient":""}},"footnotes":""},"class_list":["post-1224","page","type-page","status-publish","hentry"],"post_mailing_queue_ids":[],"_links":{"self":[{"href":"https:\/\/agora.xtec.cat\/ies-carles-vallbona\/wp-json\/wp\/v2\/pages\/1224","targetHints":{"allow":["GET"]}}],"collection":[{"href":"https:\/\/agora.xtec.cat\/ies-carles-vallbona\/wp-json\/wp\/v2\/pages"}],"about":[{"href":"https:\/\/agora.xtec.cat\/ies-carles-vallbona\/wp-json\/wp\/v2\/types\/page"}],"author":[{"embeddable":true,"href":"https:\/\/agora.xtec.cat\/ies-carles-vallbona\/wp-json\/wp\/v2\/users\/8"}],"replies":[{"embeddable":true,"href":"https:\/\/agora.xtec.cat\/ies-carles-vallbona\/wp-json\/wp\/v2\/comments?post=1224"}],"version-history":[{"count":6,"href":"https:\/\/agora.xtec.cat\/ies-carles-vallbona\/wp-json\/wp\/v2\/pages\/1224\/revisions"}],"predecessor-version":[{"id":6089,"href":"https:\/\/agora.xtec.cat\/ies-carles-vallbona\/wp-json\/wp\/v2\/pages\/1224\/revisions\/6089"}],"wp:attachment":[{"href":"https:\/\/agora.xtec.cat\/ies-carles-vallbona\/wp-json\/wp\/v2\/media?parent=1224"}],"curies":[{"name":"wp","href":"https:\/\/api.w.org\/{rel}","templated":true}]}}