{"id":1138,"date":"2023-02-09T12:19:13","date_gmt":"2023-02-09T11:19:13","guid":{"rendered":"https:\/\/agora.xtec.cat\/ies-carles-vallbona\/?page_id=1138"},"modified":"2026-03-25T22:51:30","modified_gmt":"2026-03-25T21:51:30","slug":"reconeixement-de-la-formacio-impartida-per-empreses-entitats-2","status":"publish","type":"page","link":"https:\/\/agora.xtec.cat\/ies-carles-vallbona\/reconeixement-de-la-formacio-impartida-per-empreses-entitats-2\/","title":{"rendered":"Reconeixement de la formaci\u00f3 impartida per Empreses\/Entitats"},"content":{"rendered":"<p><span style=\"font-family: Poppins, sans-serif; font-size: 2rem; font-weight: 600;\">Reconeixement de la formaci\u00f3 impartida per Empreses\/Entitats<\/span><\/p>\n<section id=\"primary\" class=\"content-area\"><main id=\"main\" class=\"site-main\" role=\"main\"><\/p>\n<article id=\"post-1023\" class=\"post-1023 post type-post status-publish format-standard hentry category-reconeixement-empreses\">\n<div class=\"entry-content\">\n<div>\n<p>L\u2019objectiu de la validaci\u00f3 de la formaci\u00f3 impartida per empreses o entitats \u00e9s establir vincles entre aquesta formaci\u00f3 i la formaci\u00f3 professional de sistema educatiu. El reconeixement d\u2019aquests vincles fa possible que les persones que superen la formaci\u00f3 puguin gaudir dels efectes acad\u00e8mics de la formaci\u00f3 professional del sistema educatiu.<\/p>\n<p>Nom\u00e9s poden validar la formaci\u00f3 els centres educatius que estiguin autoritzats i aquests centres nom\u00e9s poden validar la formaci\u00f3 corresponent a l\u2019oferta dels cicles formatius que tinguin autoritzats i que imparteixin.<\/p>\n<p>El proc\u00e9s de validaci\u00f3 requereix la signatura pr\u00e8via d\u2019un conveni de col\u00b7laboraci\u00f3 entre el Departament d\u2019Ensenyament o la persona titular del centre i les empreses o entitats participants.<\/p>\n<\/div>\n<\/div>\n<\/article>\n<p><\/main><\/section>\n<div id=\"secondary\" class=\"widget-area\" role=\"complementary\"><\/div>\n","protected":false},"excerpt":{"rendered":"<p>Reconeixement de la formaci\u00f3 impartida per Empreses\/Entitats L\u2019objectiu de la validaci\u00f3 de la formaci\u00f3 impartida per empreses o entitats \u00e9s establir vincles entre aquesta formaci\u00f3 i la formaci\u00f3 professional de sistema educatiu. El reconeixement d\u2019aquests vincles fa possible que les persones que superen la formaci\u00f3 puguin gaudir dels efectes acad\u00e8mics de la formaci\u00f3 professional del [&hellip;]<\/p>\n","protected":false},"author":1,"featured_media":0,"parent":0,"menu_order":0,"comment_status":"closed","ping_status":"closed","template":"","meta":{"_bbp_topic_count":0,"_bbp_reply_count":0,"_bbp_total_topic_count":0,"_bbp_total_reply_count":0,"_bbp_voice_count":0,"_bbp_anonymous_reply_count":0,"_bbp_topic_count_hidden":0,"_bbp_reply_count_hidden":0,"_bbp_forum_subforum_count":0,"site-sidebar-layout":"default","site-content-layout":"","ast-site-content-layout":"default","site-content-style":"default","site-sidebar-style":"default","ast-global-header-display":"","ast-banner-title-visibility":"","ast-main-header-display":"","ast-hfb-above-header-display":"","ast-hfb-below-header-display":"","ast-hfb-mobile-header-display":"","site-post-title":"","ast-breadcrumbs-content":"","ast-featured-img":"","footer-sml-layout":"","theme-transparent-header-meta":"","adv-header-id-meta":"","stick-header-meta":"","header-above-stick-meta":"","header-main-stick-meta":"","header-below-stick-meta":"","astra-migrate-meta-layouts":"set","ast-page-background-enabled":"default","ast-page-background-meta":{"desktop":{"background-color":"var(--ast-global-color-4)","background-image":"","background-repeat":"repeat","background-position":"center center","background-size":"auto","background-attachment":"scroll","background-type":"","background-media":"","overlay-type":"","overlay-color":"","overlay-opacity":"","overlay-gradient":""},"tablet":{"background-color":"","background-image":"","background-repeat":"repeat","background-position":"center center","background-size":"auto","background-attachment":"scroll","background-type":"","background-media":"","overlay-type":"","overlay-color":"","overlay-opacity":"","overlay-gradient":""},"mobile":{"background-color":"","background-image":"","background-repeat":"repeat","background-position":"center center","background-size":"auto","background-attachment":"scroll","background-type":"","background-media":"","overlay-type":"","overlay-color":"","overlay-opacity":"","overlay-gradient":""}},"ast-content-background-meta":{"desktop":{"background-color":"var(--ast-global-color-5)","background-image":"","background-repeat":"repeat","background-position":"center center","background-size":"auto","background-attachment":"scroll","background-type":"","background-media":"","overlay-type":"","overlay-color":"","overlay-opacity":"","overlay-gradient":""},"tablet":{"background-color":"var(--ast-global-color-5)","background-image":"","background-repeat":"repeat","background-position":"center center","background-size":"auto","background-attachment":"scroll","background-type":"","background-media":"","overlay-type":"","overlay-color":"","overlay-opacity":"","overlay-gradient":""},"mobile":{"background-color":"var(--ast-global-color-5)","background-image":"","background-repeat":"repeat","background-position":"center center","background-size":"auto","background-attachment":"scroll","background-type":"","background-media":"","overlay-type":"","overlay-color":"","overlay-opacity":"","overlay-gradient":""}},"footnotes":""},"class_list":["post-1138","page","type-page","status-publish","hentry"],"post_mailing_queue_ids":[],"_links":{"self":[{"href":"https:\/\/agora.xtec.cat\/ies-carles-vallbona\/wp-json\/wp\/v2\/pages\/1138","targetHints":{"allow":["GET"]}}],"collection":[{"href":"https:\/\/agora.xtec.cat\/ies-carles-vallbona\/wp-json\/wp\/v2\/pages"}],"about":[{"href":"https:\/\/agora.xtec.cat\/ies-carles-vallbona\/wp-json\/wp\/v2\/types\/page"}],"author":[{"embeddable":true,"href":"https:\/\/agora.xtec.cat\/ies-carles-vallbona\/wp-json\/wp\/v2\/users\/1"}],"replies":[{"embeddable":true,"href":"https:\/\/agora.xtec.cat\/ies-carles-vallbona\/wp-json\/wp\/v2\/comments?post=1138"}],"version-history":[{"count":5,"href":"https:\/\/agora.xtec.cat\/ies-carles-vallbona\/wp-json\/wp\/v2\/pages\/1138\/revisions"}],"predecessor-version":[{"id":6707,"href":"https:\/\/agora.xtec.cat\/ies-carles-vallbona\/wp-json\/wp\/v2\/pages\/1138\/revisions\/6707"}],"wp:attachment":[{"href":"https:\/\/agora.xtec.cat\/ies-carles-vallbona\/wp-json\/wp\/v2\/media?parent=1138"}],"curies":[{"name":"wp","href":"https:\/\/api.w.org\/{rel}","templated":true}]}}