{"id":1049,"date":"2023-02-08T10:20:07","date_gmt":"2023-02-08T09:20:07","guid":{"rendered":"https:\/\/agora.xtec.cat\/ies-carles-vallbona\/?page_id=1049"},"modified":"2025-07-31T19:41:27","modified_gmt":"2025-07-31T17:41:27","slug":"llibres-de-text-batxillerat","status":"publish","type":"page","link":"https:\/\/agora.xtec.cat\/ies-carles-vallbona\/llibres-de-text-batxillerat\/","title":{"rendered":"Llibres de text Batxillerat"},"content":{"rendered":"<p><img loading=\"lazy\" decoding=\"async\" class=\"size-large wp-image-1253 aligncenter\" src=\"https:\/\/agora.xtec.cat\/ies-carles-vallbona\/wp-content\/uploads\/usu2364\/2023\/02\/Blue-Modern-and-Minimal-Service-Business-Twitter-Header-1500-\u00d7-200-px-1-1024x137.png\" alt=\"\" width=\"1024\" height=\"137\" srcset=\"https:\/\/agora.xtec.cat\/ies-carles-vallbona\/wp-content\/uploads\/usu2364\/2023\/02\/Blue-Modern-and-Minimal-Service-Business-Twitter-Header-1500-\u00d7-200-px-1-1024x137.png 1024w, https:\/\/agora.xtec.cat\/ies-carles-vallbona\/wp-content\/uploads\/usu2364\/2023\/02\/Blue-Modern-and-Minimal-Service-Business-Twitter-Header-1500-\u00d7-200-px-1-300x40.png 300w, https:\/\/agora.xtec.cat\/ies-carles-vallbona\/wp-content\/uploads\/usu2364\/2023\/02\/Blue-Modern-and-Minimal-Service-Business-Twitter-Header-1500-\u00d7-200-px-1-768x102.png 768w, https:\/\/agora.xtec.cat\/ies-carles-vallbona\/wp-content\/uploads\/usu2364\/2023\/02\/Blue-Modern-and-Minimal-Service-Business-Twitter-Header-1500-\u00d7-200-px-1.png 1500w\" sizes=\"auto, (max-width: 1024px) 100vw, 1024px\" \/><\/p>\n<p>Trobareu el llista de llibres del curs 25-26 en aquest enlla\u00e7:<\/p>\n<p><a href=\"https:\/\/agora.xtec.cat\/ies-carles-vallbona\/wp-content\/uploads\/usu2364\/2025\/07\/LLIBRES-25-26.docx-5.pdf\"><span style=\"color: #ff0000;\">Llistat de llibres d&#8217;ESO i Batxillerat<\/span><\/a><\/p>\n<p><strong><span style=\"color: #ff0000;\">No compreu els llibres de les mat\u00e8ries optatives fins a saber si les podreu cursar o no.<\/span><\/strong><\/p>\n<div>\n<h3><span style=\"color: #000000;\">Socialitzaci\u00f3 de llibres<\/span><\/h3>\n<div>\n<p>Aquest any teniu la possibilitat de comprar i vendre els llibres a trav\u00e9s de l&#8217;empresa Iddink, que es dedica a la socialitzaci\u00f3 mitjan\u00e7ant la reutilitzaci\u00f3.<\/p>\n<p>Aquest curs continuem oferint el Projecte de Reutilitzaci\u00f3 de llibres amb IDDINK i el seu sistema d\u2019ecoBooks. Els avantatges d\u2019aquest sistema s\u00f3n:<br \/>\n\u2022 Estalvi del 55% respecte al PVP en l\u2019adquisici\u00f3 dels llibres reutilitzables (ecoBooks).<br \/>\n\u2022 Comanda unificada amb sistema flexible: es pot triar qu\u00e8 comprar: llibres nous, reutilitzables, de lectura, quotes, dossiers, material de papereria, etc.\u2022 Les comandes es lliuraran a domicili a partir de la tercera setmana de juliol.\u2022 Contacte amb IDDINK:p\u00e0gina web: www.iddink.cattel. 93 238 88 33e-mail: info@iddink.cat<br \/>\nUn any m\u00e9s us animem a utilitzar aquest sistema que redueix els costos mediambientals i aconsegueix un gran estalvi econ\u00f2mic.<br \/>\nVols saber-ne m\u00e9s?<\/p>\n<p><iframe loading=\"lazy\" src=\"https:\/\/player.vimeo.com\/video\/953990128?h=5070241f9a\" width=\"640\" height=\"360\" frameborder=\"0\" allowfullscreen=\"allowfullscreen\" data-mce-fragment=\"1\"><\/iframe><\/p>\n<p><a href=\"https:\/\/vimeo.com\/953990128\">Presentaci\u00f3 d&#8217;Iddink i els ecoBooks<\/a> from <a href=\"https:\/\/vimeo.com\/user12002220\">Iddink Spain<\/a> on <a href=\"https:\/\/vimeo.com\">Vimeo<\/a>.<\/p>\n<p>&nbsp;<\/p>\n<\/div>\n<p>&nbsp;<\/p>\n<\/div>\n","protected":false},"excerpt":{"rendered":"<p>Trobareu el llista de llibres del curs 25-26 en aquest enlla\u00e7: Llistat de llibres d&#8217;ESO i Batxillerat No compreu els llibres de les mat\u00e8ries optatives fins a saber si les podreu cursar o no. Socialitzaci\u00f3 de llibres Aquest any teniu la possibilitat de comprar i vendre els llibres a trav\u00e9s de l&#8217;empresa Iddink, que es [&hellip;]<\/p>\n","protected":false},"author":1,"featured_media":0,"parent":0,"menu_order":0,"comment_status":"closed","ping_status":"closed","template":"","meta":{"_bbp_topic_count":0,"_bbp_reply_count":0,"_bbp_total_topic_count":0,"_bbp_total_reply_count":0,"_bbp_voice_count":0,"_bbp_anonymous_reply_count":0,"_bbp_topic_count_hidden":0,"_bbp_reply_count_hidden":0,"_bbp_forum_subforum_count":0,"site-sidebar-layout":"default","site-content-layout":"","ast-site-content-layout":"","site-content-style":"default","site-sidebar-style":"default","ast-global-header-display":"","ast-banner-title-visibility":"","ast-main-header-display":"","ast-hfb-above-header-display":"","ast-hfb-below-header-display":"","ast-hfb-mobile-header-display":"","site-post-title":"","ast-breadcrumbs-content":"","ast-featured-img":"","footer-sml-layout":"","theme-transparent-header-meta":"","adv-header-id-meta":"","stick-header-meta":"","header-above-stick-meta":"","header-main-stick-meta":"","header-below-stick-meta":"","astra-migrate-meta-layouts":"default","ast-page-background-enabled":"default","ast-page-background-meta":{"desktop":{"background-color":"var(--ast-global-color-4)","background-image":"","background-repeat":"repeat","background-position":"center center","background-size":"auto","background-attachment":"scroll","background-type":"","background-media":"","overlay-type":"","overlay-color":"","overlay-opacity":"","overlay-gradient":""},"tablet":{"background-color":"","background-image":"","background-repeat":"repeat","background-position":"center center","background-size":"auto","background-attachment":"scroll","background-type":"","background-media":"","overlay-type":"","overlay-color":"","overlay-opacity":"","overlay-gradient":""},"mobile":{"background-color":"","background-image":"","background-repeat":"repeat","background-position":"center center","background-size":"auto","background-attachment":"scroll","background-type":"","background-media":"","overlay-type":"","overlay-color":"","overlay-opacity":"","overlay-gradient":""}},"ast-content-background-meta":{"desktop":{"background-color":"var(--ast-global-color-5)","background-image":"","background-repeat":"repeat","background-position":"center center","background-size":"auto","background-attachment":"scroll","background-type":"","background-media":"","overlay-type":"","overlay-color":"","overlay-opacity":"","overlay-gradient":""},"tablet":{"background-color":"var(--ast-global-color-5)","background-image":"","background-repeat":"repeat","background-position":"center center","background-size":"auto","background-attachment":"scroll","background-type":"","background-media":"","overlay-type":"","overlay-color":"","overlay-opacity":"","overlay-gradient":""},"mobile":{"background-color":"var(--ast-global-color-5)","background-image":"","background-repeat":"repeat","background-position":"center center","background-size":"auto","background-attachment":"scroll","background-type":"","background-media":"","overlay-type":"","overlay-color":"","overlay-opacity":"","overlay-gradient":""}},"footnotes":""},"class_list":["post-1049","page","type-page","status-publish","hentry"],"post_mailing_queue_ids":[],"_links":{"self":[{"href":"https:\/\/agora.xtec.cat\/ies-carles-vallbona\/wp-json\/wp\/v2\/pages\/1049","targetHints":{"allow":["GET"]}}],"collection":[{"href":"https:\/\/agora.xtec.cat\/ies-carles-vallbona\/wp-json\/wp\/v2\/pages"}],"about":[{"href":"https:\/\/agora.xtec.cat\/ies-carles-vallbona\/wp-json\/wp\/v2\/types\/page"}],"author":[{"embeddable":true,"href":"https:\/\/agora.xtec.cat\/ies-carles-vallbona\/wp-json\/wp\/v2\/users\/1"}],"replies":[{"embeddable":true,"href":"https:\/\/agora.xtec.cat\/ies-carles-vallbona\/wp-json\/wp\/v2\/comments?post=1049"}],"version-history":[{"count":6,"href":"https:\/\/agora.xtec.cat\/ies-carles-vallbona\/wp-json\/wp\/v2\/pages\/1049\/revisions"}],"predecessor-version":[{"id":4967,"href":"https:\/\/agora.xtec.cat\/ies-carles-vallbona\/wp-json\/wp\/v2\/pages\/1049\/revisions\/4967"}],"wp:attachment":[{"href":"https:\/\/agora.xtec.cat\/ies-carles-vallbona\/wp-json\/wp\/v2\/media?parent=1049"}],"curies":[{"name":"wp","href":"https:\/\/api.w.org\/{rel}","templated":true}]}}