{"id":1040,"date":"2023-02-08T10:17:02","date_gmt":"2023-02-08T09:17:02","guid":{"rendered":"https:\/\/agora.xtec.cat\/ies-carles-vallbona\/?page_id=1040"},"modified":"2023-09-29T19:24:53","modified_gmt":"2023-09-29T17:24:53","slug":"ordinadors","status":"publish","type":"page","link":"https:\/\/agora.xtec.cat\/ies-carles-vallbona\/ordinadors\/","title":{"rendered":"Ordinadors"},"content":{"rendered":"<p><img loading=\"lazy\" decoding=\"async\" class=\"wp-image-1099 alignleft\" src=\"https:\/\/agora.xtec.cat\/ies-carles-vallbona\/wp-content\/uploads\/usu2364\/2023\/02\/PC.png\" alt=\"\" width=\"283\" height=\"267\" srcset=\"https:\/\/agora.xtec.cat\/ies-carles-vallbona\/wp-content\/uploads\/usu2364\/2023\/02\/PC.png 369w, https:\/\/agora.xtec.cat\/ies-carles-vallbona\/wp-content\/uploads\/usu2364\/2023\/02\/PC-300x283.png 300w\" sizes=\"auto, (max-width: 283px) 100vw, 283px\" \/><\/p>\n<p><strong><span style=\"color: #ff0000;\">Dispositius Digitals (PC)<\/span><\/strong><br \/>\nEl Pla d\u2019Educaci\u00f3 Digital de Catalunya (PEDC) pret\u00e9n contribuir al desenvolupament de les compet\u00e8ncies digitals que els ciutadans i les ciutadanes necessiten per viure i treballar en la societat actual. L\u2019objectiu b\u00e0sic \u00e9s assegurar que l\u2019alumnat sigui digitalment competent en acabar l\u2019ensenyament obligatori.<br \/>\nEn el cas del nostre centre aquest Pla suposa que:<br \/>\n1. L\u2019alumnat ha de disposar d\u2019un PC port\u00e0til com a eina de treball.<br \/>\n2. Disposar d\u2019aules amb equipament multim\u00e8dia i wifi per connectar a internet.<br \/>\n3. Instal\u00b7laci\u00f3 el\u00e8ctrica a les aules necess\u00e0ria per recarregar les bateries.<br \/>\n4. Substituci\u00f3 de part dels llibres de text en paper per llibres de text digitals.<\/p>\n<p>&nbsp;<\/p>\n<p>El Departament d\u2019Educaci\u00f3 proporcionar\u00e0 un PC port\u00e0til a cada alumne\/a en pr\u00e9stec. En aquest sentit cal tenir en compte que:<\/p>\n<ul>\n<li>L&#8217;alumnat pot portar un PC propi.<\/li>\n<li>Durant les primeres setmanes de curs el centre distribuir\u00e0 un PC en pr\u00e9stec a l\u2019alumnat que ho demani.<\/li>\n<li>Aquests PC no permeten instal\u00b7lar programari sense llic\u00e8ncia.<\/li>\n<\/ul>\n<p><span style=\"color: #ff0000;\"><strong>Cura dels dispositius digitals en pr\u00e9stec<\/strong><\/span><\/p>\n<p>L\u2019alumnat \u00e9s el <strong>responsable de tenir cura dels dispositius digitals en pr\u00e9stec<\/strong>, fer-ne un bon \u00fas i evitar qualsevol tipus de desperfecte. Aix\u00ed, L\u2019alumnat que, intencionadament o per neglig\u00e8ncia, els causi algun dany s\u2019haur\u00e0 de fer c\u00e0rrec de reparar aquest dany i fer-se\u2019n c\u00e0rrec de la despesa econ\u00f2mica que pugui suposar la<br \/>\nseva reparaci\u00f3 o restituci\u00f3.<br \/>\nAt\u00e8s que el centre no es fa c\u00e0rrec de la reparaci\u00f3 dels ordinadors sin\u00f3 que el Departament d\u2019Educaci\u00f3 s\u2019encarrega de fer-ne la substituci\u00f3, el possible cost econ\u00f2mic correspondr\u00e0 a una xifra equivalent al mal \u00fas provocat sobre l\u2019aparell. A tall d\u2019exemple aquests desperfectes poden ser:<br \/>\n\uf0b7 Pantalla o teclat trencats.<br \/>\n\uf0b7 Cop o desperfectes a l&#8217;estructura (frontissa, carcassa posterior, tapa,&#8230;) per\u00f2 l\u2019equip segueix operatiu.<br \/>\n\uf0b7 Cop a l&#8217;estructura, l\u2019equip deixa de ser operatiu (canvi de placa).<br \/>\n\uf0b7 P\u00e8rdua de carregador<\/p>\n","protected":false},"excerpt":{"rendered":"<p>Dispositius Digitals (PC) El Pla d\u2019Educaci\u00f3 Digital de Catalunya (PEDC) pret\u00e9n contribuir al desenvolupament de les compet\u00e8ncies digitals que els ciutadans i les ciutadanes necessiten per viure i treballar en la societat actual. L\u2019objectiu b\u00e0sic \u00e9s assegurar que l\u2019alumnat sigui digitalment competent en acabar l\u2019ensenyament obligatori. En el cas del nostre centre aquest Pla suposa [&hellip;]<\/p>\n","protected":false},"author":1,"featured_media":0,"parent":0,"menu_order":0,"comment_status":"closed","ping_status":"closed","template":"","meta":{"_bbp_topic_count":0,"_bbp_reply_count":0,"_bbp_total_topic_count":0,"_bbp_total_reply_count":0,"_bbp_voice_count":0,"_bbp_anonymous_reply_count":0,"_bbp_topic_count_hidden":0,"_bbp_reply_count_hidden":0,"_bbp_forum_subforum_count":0,"site-sidebar-layout":"default","site-content-layout":"","ast-site-content-layout":"","site-content-style":"default","site-sidebar-style":"default","ast-global-header-display":"","ast-banner-title-visibility":"","ast-main-header-display":"","ast-hfb-above-header-display":"","ast-hfb-below-header-display":"","ast-hfb-mobile-header-display":"","site-post-title":"","ast-breadcrumbs-content":"","ast-featured-img":"","footer-sml-layout":"","theme-transparent-header-meta":"","adv-header-id-meta":"","stick-header-meta":"","header-above-stick-meta":"","header-main-stick-meta":"","header-below-stick-meta":"","astra-migrate-meta-layouts":"default","ast-page-background-enabled":"default","ast-page-background-meta":{"desktop":{"background-color":"var(--ast-global-color-4)","background-image":"","background-repeat":"repeat","background-position":"center center","background-size":"auto","background-attachment":"scroll","background-type":"","background-media":"","overlay-type":"","overlay-color":"","overlay-opacity":"","overlay-gradient":""},"tablet":{"background-color":"","background-image":"","background-repeat":"repeat","background-position":"center center","background-size":"auto","background-attachment":"scroll","background-type":"","background-media":"","overlay-type":"","overlay-color":"","overlay-opacity":"","overlay-gradient":""},"mobile":{"background-color":"","background-image":"","background-repeat":"repeat","background-position":"center center","background-size":"auto","background-attachment":"scroll","background-type":"","background-media":"","overlay-type":"","overlay-color":"","overlay-opacity":"","overlay-gradient":""}},"ast-content-background-meta":{"desktop":{"background-color":"var(--ast-global-color-5)","background-image":"","background-repeat":"repeat","background-position":"center center","background-size":"auto","background-attachment":"scroll","background-type":"","background-media":"","overlay-type":"","overlay-color":"","overlay-opacity":"","overlay-gradient":""},"tablet":{"background-color":"var(--ast-global-color-5)","background-image":"","background-repeat":"repeat","background-position":"center center","background-size":"auto","background-attachment":"scroll","background-type":"","background-media":"","overlay-type":"","overlay-color":"","overlay-opacity":"","overlay-gradient":""},"mobile":{"background-color":"var(--ast-global-color-5)","background-image":"","background-repeat":"repeat","background-position":"center center","background-size":"auto","background-attachment":"scroll","background-type":"","background-media":"","overlay-type":"","overlay-color":"","overlay-opacity":"","overlay-gradient":""}},"footnotes":""},"class_list":["post-1040","page","type-page","status-publish","hentry"],"post_mailing_queue_ids":[],"_links":{"self":[{"href":"https:\/\/agora.xtec.cat\/ies-carles-vallbona\/wp-json\/wp\/v2\/pages\/1040","targetHints":{"allow":["GET"]}}],"collection":[{"href":"https:\/\/agora.xtec.cat\/ies-carles-vallbona\/wp-json\/wp\/v2\/pages"}],"about":[{"href":"https:\/\/agora.xtec.cat\/ies-carles-vallbona\/wp-json\/wp\/v2\/types\/page"}],"author":[{"embeddable":true,"href":"https:\/\/agora.xtec.cat\/ies-carles-vallbona\/wp-json\/wp\/v2\/users\/1"}],"replies":[{"embeddable":true,"href":"https:\/\/agora.xtec.cat\/ies-carles-vallbona\/wp-json\/wp\/v2\/comments?post=1040"}],"version-history":[{"count":5,"href":"https:\/\/agora.xtec.cat\/ies-carles-vallbona\/wp-json\/wp\/v2\/pages\/1040\/revisions"}],"predecessor-version":[{"id":2621,"href":"https:\/\/agora.xtec.cat\/ies-carles-vallbona\/wp-json\/wp\/v2\/pages\/1040\/revisions\/2621"}],"wp:attachment":[{"href":"https:\/\/agora.xtec.cat\/ies-carles-vallbona\/wp-json\/wp\/v2\/media?parent=1040"}],"curies":[{"name":"wp","href":"https:\/\/api.w.org\/{rel}","templated":true}]}}