{"id":1024,"date":"2023-02-07T21:55:26","date_gmt":"2023-02-07T20:55:26","guid":{"rendered":"https:\/\/agora.xtec.cat\/ies-carles-vallbona\/?page_id=1024"},"modified":"2026-04-15T10:34:44","modified_gmt":"2026-04-15T08:34:44","slug":"preinscripcio-eso-23-24","status":"publish","type":"page","link":"https:\/\/agora.xtec.cat\/ies-carles-vallbona\/preinscripcio-eso-23-24\/","title":{"rendered":"Preinscripci\u00f3 26\/27 ESO"},"content":{"rendered":"<h5>INFORMACI\u00d3 GENERAL:<\/h5>\n<p>Tota la informaci\u00f3 del proc\u00e9s de preinscripci\u00f3 i matr\u00edcula la trobareu a la p\u00e0gina web del <a href=\"https:\/\/preinscripcio.gencat.cat\/ca\/estudis\/eso\/informat\/calendari\/\"><span style=\"color: #ff0000;\">Departament d&#8217;Educaci\u00f3<\/span><\/a><\/p>\n<table style=\"width: 89.7053%; border-collapse: collapse; border-color: #000000; border-style: solid; height: 96px;\">\n<tbody>\n<tr style=\"height: 32px;\">\n<td style=\"width: 342.457%; background-color: #bd3131; border-style: solid; border-color: #000000; height: 32px;\" colspan=\"5\"><span style=\"color: #ffffff;\"><strong>Places vacants<\/strong><\/span><\/td>\n<\/tr>\n<tr style=\"height: 32px;\">\n<td style=\"width: 24.1513%; text-align: center; border-style: solid; border-color: #000000; height: 32px;\" colspan=\"2\"><strong>1r ESO<\/strong><\/td>\n<td style=\"width: 23.3463%; text-align: center; border-style: solid; border-color: #000000; height: 32px;\"><strong>2n ESO<\/strong><\/td>\n<td style=\"width: 24.8508%; text-align: center; border-style: solid; border-color: #000000; height: 32px;\"><strong>3r ESO<\/strong><\/td>\n<td style=\"width: 270.109%; text-align: center; border-style: solid; border-color: #000000; height: 32px;\"><strong>4t ESO<\/strong><\/td>\n<\/tr>\n<tr style=\"height: 32px;\">\n<td style=\"width: 24.1513%; text-align: center; border-style: solid; border-color: #000000; height: 32px;\" colspan=\"2\"><a href=\"https:\/\/agora.xtec.cat\/ies-carles-vallbona\/wp-content\/uploads\/usu2364\/2026\/03\/INFORME_OFERTA_OME_INFORME_OFERTA.pdf\"><span style=\"color: #000000;\"><span style=\"color: #ff0000;\">Oferta inicial<\/span><\/span><\/a><\/td>\n<td style=\"width: 23.3463%; text-align: center; border-style: solid; border-color: #000000; height: 32px;\">0<\/td>\n<td style=\"width: 24.8508%; text-align: center; border-style: solid; border-color: #000000; height: 32px;\">0<\/td>\n<td style=\"width: 270.109%; text-align: center; border-style: solid; border-color: #000000; height: 32px;\">0<\/td>\n<\/tr>\n<\/tbody>\n<\/table>\n<p>L&#8217;institut anir\u00e0 publicant les llistes segons el calendari adjunt:<\/p>\n<table style=\"border-style: solid; width: 74.2042%; height: 473px;\">\n<tbody>\n<tr style=\"height: 33px;\">\n<td style=\"border-style: solid; border-color: #000000; background-color: #bd3131; height: 33px; width: 119.099%;\" colspan=\"2\"><span style=\"color: #ffffff;\"><strong>CALENDARI\u00a0<\/strong><\/span><\/td>\n<\/tr>\n<tr style=\"height: 33px;\">\n<td style=\"border-style: solid; border-color: #000000; height: 33px; width: 30.2239%;\"><strong>3 de mar\u00e7<\/strong><\/td>\n<td style=\"border-style: solid; border-color: #000000; height: 33px; width: 88.875%;\"><span style=\"color: #000000;\">\u2705 <a href=\"https:\/\/agora.xtec.cat\/ies-carles-vallbona\/wp-content\/uploads\/usu2364\/2026\/03\/INFORME_OFERTA_OME_INFORME_OFERTA.pdf\"><span style=\"color: #ff0000;\">Oferta inicial de places escolars.<\/span><\/a><\/span><\/td>\n<\/tr>\n<tr style=\"height: 33px;\">\n<td style=\"border-style: solid; border-color: #000000; height: 33px; width: 30.2239%;\">del 6 al 18 de mar\u00e7<\/td>\n<td style=\"border-style: solid; border-color: #000000; height: 33px; width: 88.875%;\"><span style=\"color: #000000;\">\u2705 Presentaci\u00f3 de sol\u00b7licituds &#8211; preinscripci\u00f3<\/span><\/td>\n<\/tr>\n<tr style=\"height: 33px;\">\n<td style=\"border-style: solid; border-color: #000000; height: 33px; width: 30.2239%;\">Fins el 19 de mar\u00e7<\/td>\n<td style=\"border-style: solid; border-color: #000000; height: 33px; width: 88.875%;\"><span style=\"color: #000000;\">\u2705 Presentaci\u00f3 de la documentaci\u00f3.<\/span><\/td>\n<\/tr>\n<tr style=\"height: 33px;\">\n<td style=\"border-style: solid; border-color: #000000; height: 33px; width: 30.2239%;\">15 d&#8217;abril<\/td>\n<td style=\"border-style: solid; border-color: #000000; height: 33px; width: 88.875%;\"><a href=\"https:\/\/agora.xtec.cat\/ies-carles-vallbona\/wp-content\/uploads\/usu2364\/2026\/04\/1-INFORME_BAREM_PROVISIONAL_BAREM.pdf\"><span style=\"color: #000000;\">\u2705<span style=\"color: #ff0000;\"> Llista de sol\u00b7licituds amb puntuaci\u00f3 provisional<\/span><\/span><\/a><\/td>\n<\/tr>\n<tr style=\"height: 33px;\">\n<td style=\"border-style: solid; border-color: #000000; height: 33px; width: 30.2239%;\">Del 15 al 20 d&#8217;abril<\/td>\n<td style=\"border-style: solid; border-color: #000000; height: 33px; width: 88.875%;\"><span style=\"color: #000000;\">Presentaci\u00f3 de reclamacions.<\/span><\/td>\n<\/tr>\n<tr style=\"height: 33px;\">\n<td style=\"border-style: solid; border-color: #000000; height: 33px; width: 30.2239%;\">23 d&#8217;abril<\/td>\n<td style=\"border-style: solid; border-color: #000000; height: 33px; width: 88.875%;\"><span style=\"color: #000000;\">Llista de sol\u00b7licituds amb la puntuaci\u00f3 un cop resoltes les reclamacions<\/span><\/td>\n<\/tr>\n<tr style=\"height: 33px;\">\n<td style=\"border-style: solid; border-color: #000000; height: 33px; width: 30.2239%;\">29 d&#8217;abril a les 11h<\/td>\n<td style=\"border-style: solid; border-color: #000000; height: 33px; width: 88.875%;\"><span style=\"color: #000000;\">Sorteig per resoldre les sol\u00b7licituds de preinscripci\u00f3 empatades en punts.<\/span><\/td>\n<\/tr>\n<tr style=\"height: 33px;\">\n<td style=\"border-style: solid; border-color: #000000; height: 33px; width: 30.2239%;\">29 d&#8217;abril<\/td>\n<td style=\"border-style: solid; border-color: #000000; height: 33px; width: 88.875%;\"><span style=\"color: #000000;\">Llista ordenada definitiva<\/span><\/td>\n<\/tr>\n<tr style=\"height: 49px;\">\n<td style=\"border-style: solid; border-color: #000000; height: 49px; width: 30.2239%;\">De l&#8217;1 al 3 de juny<\/td>\n<td style=\"border-style: solid; border-color: #000000; height: 49px; width: 88.875%;\"><span style=\"color: #000000;\">Ampliaci\u00f3 de peticions de preinscripci\u00f3 per a alumnes sense pla\u00e7a assignada a cap centre<\/span><\/td>\n<\/tr>\n<tr style=\"height: 33px;\">\n<td style=\"border-style: solid; border-color: #000000; height: 33px; width: 30.2239%;\">10 de juny<\/td>\n<td style=\"border-style: solid; border-color: #000000; height: 33px; width: 88.875%;\"><span style=\"color: #000000;\">\u00a0Oferta final de places escolars<\/span><\/td>\n<\/tr>\n<tr style=\"height: 61px;\">\n<td style=\"border-style: solid; border-color: #000000; height: 61px; width: 30.2239%;\">10 de juny<\/td>\n<td style=\"border-style: solid; border-color: #000000; height: 61px; width: 88.875%;\"><span style=\"color: #000000;\">Llista d\u2019alumnes admesos i Llista d\u2019espera<br \/>\nLlista de preinscrits<\/span><\/td>\n<\/tr>\n<tr style=\"height: 33px;\">\n<td style=\"border-style: solid; border-color: #000000; height: 33px; width: 30.2239%;\">Del 22 al 30 de juny<\/td>\n<td style=\"border-style: solid; border-color: #000000; height: 33px; width: 88.875%;\">Matriculaci\u00f3 d\u2019ESO<\/td>\n<\/tr>\n<\/tbody>\n<\/table>\n<h5><\/h5>\n<h5>Presentaci\u00f3 de les sol\u00b7licituds<\/h5>\n<p>Totes les sol\u00b7licituds s\u00f3n en format telem\u00e0tic mitjan\u00e7ant la web de la Generalitat <span style=\"color: #ff0000;\"><a style=\"color: #ff0000;\" href=\"https:\/\/preinscripcio.gencat.cat\/ca\/estudis\/eso\/inici\/\">aqu\u00ed<\/a>.<\/span><\/p>\n<ul>\n<li>Cal disposar d\u2019un certificat digital o crear-ne un.<\/li>\n<\/ul>\n","protected":false},"excerpt":{"rendered":"<p>INFORMACI\u00d3 GENERAL: Tota la informaci\u00f3 del proc\u00e9s de preinscripci\u00f3 i matr\u00edcula la trobareu a la p\u00e0gina web del Departament d&#8217;Educaci\u00f3 Places vacants 1r ESO 2n ESO 3r ESO 4t ESO Oferta inicial 0 0 0 L&#8217;institut anir\u00e0 publicant les llistes segons el calendari adjunt: CALENDARI\u00a0 3 de mar\u00e7 \u2705 Oferta inicial de places escolars. del [&hellip;]<\/p>\n","protected":false},"author":1,"featured_media":0,"parent":0,"menu_order":0,"comment_status":"closed","ping_status":"closed","template":"","meta":{"_bbp_topic_count":0,"_bbp_reply_count":0,"_bbp_total_topic_count":0,"_bbp_total_reply_count":0,"_bbp_voice_count":0,"_bbp_anonymous_reply_count":0,"_bbp_topic_count_hidden":0,"_bbp_reply_count_hidden":0,"_bbp_forum_subforum_count":0,"site-sidebar-layout":"default","site-content-layout":"","ast-site-content-layout":"default","site-content-style":"default","site-sidebar-style":"default","ast-global-header-display":"","ast-banner-title-visibility":"","ast-main-header-display":"","ast-hfb-above-header-display":"","ast-hfb-below-header-display":"","ast-hfb-mobile-header-display":"","site-post-title":"","ast-breadcrumbs-content":"","ast-featured-img":"","footer-sml-layout":"","theme-transparent-header-meta":"","adv-header-id-meta":"","stick-header-meta":"","header-above-stick-meta":"","header-main-stick-meta":"","header-below-stick-meta":"","astra-migrate-meta-layouts":"set","ast-page-background-enabled":"default","ast-page-background-meta":{"desktop":{"background-color":"var(--ast-global-color-4)","background-image":"","background-repeat":"repeat","background-position":"center center","background-size":"auto","background-attachment":"scroll","background-type":"","background-media":"","overlay-type":"","overlay-color":"","overlay-opacity":"","overlay-gradient":""},"tablet":{"background-color":"","background-image":"","background-repeat":"repeat","background-position":"center center","background-size":"auto","background-attachment":"scroll","background-type":"","background-media":"","overlay-type":"","overlay-color":"","overlay-opacity":"","overlay-gradient":""},"mobile":{"background-color":"","background-image":"","background-repeat":"repeat","background-position":"center center","background-size":"auto","background-attachment":"scroll","background-type":"","background-media":"","overlay-type":"","overlay-color":"","overlay-opacity":"","overlay-gradient":""}},"ast-content-background-meta":{"desktop":{"background-color":"var(--ast-global-color-5)","background-image":"","background-repeat":"repeat","background-position":"center center","background-size":"auto","background-attachment":"scroll","background-type":"","background-media":"","overlay-type":"","overlay-color":"","overlay-opacity":"","overlay-gradient":""},"tablet":{"background-color":"var(--ast-global-color-5)","background-image":"","background-repeat":"repeat","background-position":"center center","background-size":"auto","background-attachment":"scroll","background-type":"","background-media":"","overlay-type":"","overlay-color":"","overlay-opacity":"","overlay-gradient":""},"mobile":{"background-color":"var(--ast-global-color-5)","background-image":"","background-repeat":"repeat","background-position":"center center","background-size":"auto","background-attachment":"scroll","background-type":"","background-media":"","overlay-type":"","overlay-color":"","overlay-opacity":"","overlay-gradient":""}},"footnotes":""},"class_list":["post-1024","page","type-page","status-publish","hentry"],"post_mailing_queue_ids":[],"_links":{"self":[{"href":"https:\/\/agora.xtec.cat\/ies-carles-vallbona\/wp-json\/wp\/v2\/pages\/1024","targetHints":{"allow":["GET"]}}],"collection":[{"href":"https:\/\/agora.xtec.cat\/ies-carles-vallbona\/wp-json\/wp\/v2\/pages"}],"about":[{"href":"https:\/\/agora.xtec.cat\/ies-carles-vallbona\/wp-json\/wp\/v2\/types\/page"}],"author":[{"embeddable":true,"href":"https:\/\/agora.xtec.cat\/ies-carles-vallbona\/wp-json\/wp\/v2\/users\/1"}],"replies":[{"embeddable":true,"href":"https:\/\/agora.xtec.cat\/ies-carles-vallbona\/wp-json\/wp\/v2\/comments?post=1024"}],"version-history":[{"count":6,"href":"https:\/\/agora.xtec.cat\/ies-carles-vallbona\/wp-json\/wp\/v2\/pages\/1024\/revisions"}],"predecessor-version":[{"id":6812,"href":"https:\/\/agora.xtec.cat\/ies-carles-vallbona\/wp-json\/wp\/v2\/pages\/1024\/revisions\/6812"}],"wp:attachment":[{"href":"https:\/\/agora.xtec.cat\/ies-carles-vallbona\/wp-json\/wp\/v2\/media?parent=1024"}],"curies":[{"name":"wp","href":"https:\/\/api.w.org\/{rel}","templated":true}]}}