{"id":9214,"date":"2017-09-28T14:12:50","date_gmt":"2017-09-28T12:12:50","guid":{"rendered":"http:\/\/agora.xtec.cat\/ies-brugulat\/?page_id=9214"},"modified":"2026-03-17T10:11:57","modified_gmt":"2026-03-17T09:11:57","slug":"organitzacio-de-centre","status":"publish","type":"page","link":"https:\/\/agora.xtec.cat\/ies-brugulat\/linstitut\/organitzacio-de-centre\/","title":{"rendered":"DOCUMENTS I ORGANITZACI\u00d3 DE CENTRE"},"content":{"rendered":"\n<figure class=\"wp-block-table is-style-stripes\"><table><thead><tr><th>Document<\/th><th>PDF \/ Enlla\u00e7<\/th><\/tr><\/thead><tbody><tr><td>Projecte de direcci\u00f3 (2024-2028)<\/td><td><a href=\"https:\/\/agora.xtec.cat\/ies-brugulat\/wp-content\/uploads\/usu85\/2024\/12\/Projecte-de-direccio-2024-2028_web.pdf\">PDF<\/a><\/td><\/tr><tr><td>Projecte educatiu de centre (PEC)<\/td><td><a href=\"https:\/\/agora.xtec.cat\/ies-brugulat\/wp-content\/uploads\/usu85\/2026\/02\/Projecte-Educatiu-de-Centre.pdf\">PDF<\/a><\/td><\/tr><tr><td>Normes d&#8217;organitzaci\u00f3 i funcionament de centre (NOFC)<\/td><td><a href=\"https:\/\/agora.xtec.cat\/ies-brugulat\/wp-content\/uploads\/usu85\/2026\/03\/NOFC_v25.pdf\" data-type=\"link\" data-id=\"https:\/\/agora.xtec.cat\/ies-brugulat\/wp-content\/uploads\/usu85\/2026\/03\/NOFC_v25.pdf\">PDF<\/a><\/td><\/tr><tr><td>Programaci\u00f3 general anual (PGA)<\/td><td><a href=\"https:\/\/agora.xtec.cat\/ies-brugulat\/wp-content\/uploads\/usu85\/2026\/03\/Programacio_general_anual_curs_2025-26-10.pdf\" target=\"_blank\" rel=\"noreferrer noopener\">PDF<\/a><\/td><\/tr><tr><td>Pla d&#8217;acollida<\/td><td><a href=\"https:\/\/agora.xtec.cat\/ies-brugulat\/wp-content\/uploads\/usu85\/2025\/10\/Pla-Acollida_Ins-Brugulat.pdf\">PDF<\/a><\/td><\/tr><tr><td>Projecte ling\u00fc\u00edstic<\/td><td><a href=\"https:\/\/agora.xtec.cat\/ies-brugulat\/wp-content\/uploads\/usu85\/2024\/12\/Projecte-linguistic-de-centre.pdf\">PDF<\/a><\/td><\/tr><tr><td>Estrat\u00e8gia digital de centre (22-25)<\/td><td><a href=\"https:\/\/sites.google.com\/insbrugulat.cat\/edc-ins-josep-brugulat\/inici\">ENLLA\u00c7<\/a><\/td><\/tr><tr><td>Estrat\u00e8gia digital de centre (26-28)<\/td><td>pendent de publicaci\u00f3<\/td><\/tr><tr><td>Perfil i traject\u00f2ria professional dels gestors del centre<\/td><td><a href=\"https:\/\/agora.xtec.cat\/ies-brugulat\/wp-content\/uploads\/usu85\/2024\/11\/Perfil-i-trajectoria-professional-dels-responsables-del-centre.pdf\">PDF<\/a><\/td><\/tr><tr><td>Quotes (2025-2026)<\/td><td><a href=\"https:\/\/agora.xtec.cat\/ies-brugulat\/wp-content\/uploads\/usu85\/2025\/05\/Quotes-curs-2025-2026.pdf\">PDF<\/a><\/td><\/tr><tr><td>Convenis vigents (2024-2025)<\/td><td><a href=\"https:\/\/docs.google.com\/document\/d\/1C1fzuXEYB1asv6Me767hFHliLbwWz-oaQsencOAGUOg\/edit\">ENLLA\u00c7<\/a> (pendent d&#8217;actualitzaci\u00f3)<\/td><\/tr><tr><td>Informaci\u00f3 sobre l&#8217;elecci\u00f3-avaluaci\u00f3 de prove\u00efdors<\/td><td><a href=\"https:\/\/agora.xtec.cat\/ies-brugulat\/wp-content\/uploads\/usu85\/2026\/02\/Informacio-eleccio-avaluacio-proveidors.pdf\">PDF<\/a><\/td><\/tr><tr><td>Exercicis econ\u00f2mics<\/td><td><a href=\"https:\/\/agora.xtec.cat\/ies-brugulat\/wp-content\/uploads\/usu85\/2026\/03\/Pressupost-2026.pdf\" target=\"_blank\" rel=\"noreferrer noopener\">2026 Pressupost<\/a><br><a href=\"https:\/\/agora.xtec.cat\/ies-brugulat\/wp-content\/uploads\/usu85\/2026\/03\/Liquidacio-pressupost-2025.pdf\" target=\"_blank\" rel=\"noreferrer noopener\">2025 Liquidaci\u00f3<\/a><br><a href=\"https:\/\/agora.xtec.cat\/ies-brugulat\/wp-content\/uploads\/usu85\/2025\/05\/Pressupost-2025.pdf\" target=\"_blank\" rel=\"noreferrer noopener\">2025 Pressupost<\/a><br><a href=\"https:\/\/agora.xtec.cat\/ies-brugulat\/wp-content\/uploads\/usu85\/2025\/05\/Liquidacio-del-pressupost-2024.pdf\" target=\"_blank\" rel=\"noreferrer noopener\">2024 Liquidaci\u00f3<\/a><br><a href=\"https:\/\/agora.xtec.cat\/ies-brugulat\/wp-content\/uploads\/usu85\/2024\/02\/Pressupost-2024.pdf\" target=\"_blank\" rel=\"noreferrer noopener\">2024 Pressupost<\/a><\/td><\/tr><\/tbody><\/table><\/figure>\n\n\n\n<div style=\"height:30px\" aria-hidden=\"true\" class=\"wp-block-spacer\"><\/div>\n\n\n\n<p><\/p>\n","protected":false},"excerpt":{"rendered":"<p>Document PDF \/ Enlla\u00e7 Projecte de direcci\u00f3 (2024-2028) PDF Projecte educatiu de centre (PEC) PDF Normes d&#8217;organitzaci\u00f3 i funcionament de centre (NOFC) PDF Programaci\u00f3 general anual (PGA) PDF Pla d&#8217;acollida PDF Projecte ling\u00fc\u00edstic PDF Estrat\u00e8gia digital de centre (22-25) ENLLA\u00c7 Estrat\u00e8gia digital de centre (26-28) pendent de publicaci\u00f3 Perfil i traject\u00f2ria professional dels gestors del [&hellip;]<\/p>\n","protected":false},"author":4,"featured_media":0,"parent":19,"menu_order":4,"comment_status":"closed","ping_status":"closed","template":"page-templates\/side-menu.php","meta":{"site-sidebar-layout":"default","site-content-layout":"","ast-site-content-layout":"default","site-content-style":"default","site-sidebar-style":"default","ast-global-header-display":"","ast-banner-title-visibility":"","ast-main-header-display":"","ast-hfb-above-header-display":"","ast-hfb-below-header-display":"","ast-hfb-mobile-header-display":"","site-post-title":"","ast-breadcrumbs-content":"","ast-featured-img":"","footer-sml-layout":"","theme-transparent-header-meta":"","adv-header-id-meta":"","stick-header-meta":"","header-above-stick-meta":"","header-main-stick-meta":"","header-below-stick-meta":"","astra-migrate-meta-layouts":"set","ast-page-background-enabled":"default","ast-page-background-meta":{"desktop":{"background-color":"var(--ast-global-color-4)","background-image":"","background-repeat":"repeat","background-position":"center center","background-size":"auto","background-attachment":"scroll","background-type":"","background-media":"","overlay-type":"","overlay-color":"","overlay-opacity":"","overlay-gradient":""},"tablet":{"background-color":"","background-image":"","background-repeat":"repeat","background-position":"center center","background-size":"auto","background-attachment":"scroll","background-type":"","background-media":"","overlay-type":"","overlay-color":"","overlay-opacity":"","overlay-gradient":""},"mobile":{"background-color":"","background-image":"","background-repeat":"repeat","background-position":"center center","background-size":"auto","background-attachment":"scroll","background-type":"","background-media":"","overlay-type":"","overlay-color":"","overlay-opacity":"","overlay-gradient":""}},"ast-content-background-meta":{"desktop":{"background-color":"var(--ast-global-color-5)","background-image":"","background-repeat":"repeat","background-position":"center center","background-size":"auto","background-attachment":"scroll","background-type":"","background-media":"","overlay-type":"","overlay-color":"","overlay-opacity":"","overlay-gradient":""},"tablet":{"background-color":"var(--ast-global-color-5)","background-image":"","background-repeat":"repeat","background-position":"center center","background-size":"auto","background-attachment":"scroll","background-type":"","background-media":"","overlay-type":"","overlay-color":"","overlay-opacity":"","overlay-gradient":""},"mobile":{"background-color":"var(--ast-global-color-5)","background-image":"","background-repeat":"repeat","background-position":"center center","background-size":"auto","background-attachment":"scroll","background-type":"","background-media":"","overlay-type":"","overlay-color":"","overlay-opacity":"","overlay-gradient":""}},"footnotes":""},"class_list":["post-9214","page","type-page","status-publish","hentry"],"post_mailing_queue_ids":[],"_links":{"self":[{"href":"https:\/\/agora.xtec.cat\/ies-brugulat\/wp-json\/wp\/v2\/pages\/9214","targetHints":{"allow":["GET"]}}],"collection":[{"href":"https:\/\/agora.xtec.cat\/ies-brugulat\/wp-json\/wp\/v2\/pages"}],"about":[{"href":"https:\/\/agora.xtec.cat\/ies-brugulat\/wp-json\/wp\/v2\/types\/page"}],"author":[{"embeddable":true,"href":"https:\/\/agora.xtec.cat\/ies-brugulat\/wp-json\/wp\/v2\/users\/4"}],"replies":[{"embeddable":true,"href":"https:\/\/agora.xtec.cat\/ies-brugulat\/wp-json\/wp\/v2\/comments?post=9214"}],"version-history":[{"count":6,"href":"https:\/\/agora.xtec.cat\/ies-brugulat\/wp-json\/wp\/v2\/pages\/9214\/revisions"}],"predecessor-version":[{"id":28663,"href":"https:\/\/agora.xtec.cat\/ies-brugulat\/wp-json\/wp\/v2\/pages\/9214\/revisions\/28663"}],"up":[{"embeddable":true,"href":"https:\/\/agora.xtec.cat\/ies-brugulat\/wp-json\/wp\/v2\/pages\/19"}],"wp:attachment":[{"href":"https:\/\/agora.xtec.cat\/ies-brugulat\/wp-json\/wp\/v2\/media?parent=9214"}],"curies":[{"name":"wp","href":"https:\/\/api.w.org\/{rel}","templated":true}]}}