{"id":5100,"date":"2017-02-20T07:49:34","date_gmt":"2017-02-20T06:49:34","guid":{"rendered":"http:\/\/agora.xtec.cat\/ies-brugulat\/?page_id=5100"},"modified":"2026-04-14T17:26:34","modified_gmt":"2026-04-14T15:26:34","slug":"beques-i-ajuts-2","status":"publish","type":"page","link":"https:\/\/agora.xtec.cat\/ies-brugulat\/secretaria\/beques-i-ajuts-2\/","title":{"rendered":"BEQUES I AJUTS"},"content":{"rendered":"\n<div style=\"height:10px\" aria-hidden=\"true\" class=\"wp-block-spacer\"><\/div>\n\n\n\n<figure class=\"wp-block-image size-full is-resized\"><a href=\"https:\/\/educacio.gencat.cat\/ca\/inici\/\"><img loading=\"lazy\" decoding=\"async\" width=\"334\" height=\"73\" src=\"https:\/\/agora.xtec.cat\/ies-brugulat\/wp-content\/uploads\/usu85\/2025\/03\/marca-educacio-1.png_602392567-1.png\" alt=\"\" class=\"wp-image-24023\" style=\"width:500px\" srcset=\"https:\/\/agora.xtec.cat\/ies-brugulat\/wp-content\/uploads\/usu85\/2025\/03\/marca-educacio-1.png_602392567-1.png 334w, https:\/\/agora.xtec.cat\/ies-brugulat\/wp-content\/uploads\/usu85\/2025\/03\/marca-educacio-1.png_602392567-1-300x66.png 300w\" sizes=\"auto, (max-width: 334px) 100vw, 334px\" \/><\/a><\/figure>\n\n\n\n<h3 class=\"wp-block-heading\"><a href=\"https:\/\/educacio.gencat.cat\/ca\/serveis-tramits\/beques\/ajuts-nese\/\">Ajuts per a alumnes amb necessitats espec\u00edfiques de suport educatiu<\/a><\/h3>\n\n\n\n<div class=\"wp-block-columns has-medium-font-size is-layout-flex wp-container-core-columns-is-layout-1 wp-block-columns-is-layout-flex\" style=\"padding-top:0px;padding-right:0px;padding-bottom:0px;padding-left:0px\">\n<div class=\"wp-block-column is-layout-flow wp-block-column-is-layout-flow\" style=\"padding-top:0px;padding-right:0px;padding-bottom:0px;padding-left:0px;flex-basis:300px\">\n<figure class=\"wp-block-image alignwide size-full has-custom-border\"><a href=\"https:\/\/educacio.gencat.cat\/ca\/serveis-tramits\/beques\/ajuts-nese\/\" target=\"_blank\" rel=\" noreferrer noopener\"><img loading=\"lazy\" decoding=\"async\" width=\"538\" height=\"511\" src=\"https:\/\/agora.xtec.cat\/ies-brugulat\/wp-content\/uploads\/usu85\/2025\/03\/Captura-de-pantalla-2025-03-12-164813.png\" alt=\"\" class=\"wp-image-24013\" style=\"border-radius:10px\" srcset=\"https:\/\/agora.xtec.cat\/ies-brugulat\/wp-content\/uploads\/usu85\/2025\/03\/Captura-de-pantalla-2025-03-12-164813.png 538w, https:\/\/agora.xtec.cat\/ies-brugulat\/wp-content\/uploads\/usu85\/2025\/03\/Captura-de-pantalla-2025-03-12-164813-300x285.png 300w\" sizes=\"auto, (max-width: 538px) 100vw, 538px\" \/><\/a><\/figure>\n<\/div>\n\n\n\n<div class=\"wp-block-column is-content-justification-left is-layout-constrained wp-container-core-column-is-layout-2 wp-block-column-is-layout-constrained\" style=\"flex-basis:1000px\">\n<h5 class=\"wp-block-heading\">Qui pot demanar la beca?<\/h5>\n\n\n\n<p>Els alumnes escolaritzats en centres educatius espanyols que acreditin la necessitat espec\u00edfica de rebre suport educatiu i reuneixin els requisits establerts:<\/p>\n\n\n\n<ul class=\"wp-block-list\">\n<li>Alumnes que no superen una determinada renda i\/o patrimoni familiar i que presenten necessitat espec\u00edfica de suport educatiu derivada de discapacitat o trastorns greus de conducta o trastorns greus de la comunicaci\u00f3 i del llenguatge associat a necessitats educatives especials i que estiguin cursant algun dels nivells educatius no universitaris en un centre espec\u00edfic, en una unitat d&#8217;educaci\u00f3 especial d&#8217;un centre ordinari o en un centre ordinari que escolaritzi alumnes que presenten necessitats educatives especials.<\/li>\n\n\n\n<li>Alumnes amb transtorn d&#8217;especte autista (TEA) i alumnes amb necessitat espec\u00edfica de suport educatiu associat a altes capacitats.<\/li>\n<\/ul>\n<\/div>\n<\/div>\n\n\n\n<div style=\"height:100px\" aria-hidden=\"true\" class=\"wp-block-spacer\"><\/div>\n\n\n\n<h3 class=\"wp-block-heading\"><a href=\"https:\/\/educacio.gencat.cat\/ca\/serveis-tramits\/beques\/beques-postobligatoris\/\">Beques per a ensenyaments postobligatoris no universitaris<\/a><\/h3>\n\n\n\n<div class=\"wp-block-columns has-medium-font-size is-layout-flex wp-container-core-columns-is-layout-2 wp-block-columns-is-layout-flex\" style=\"padding-top:0px;padding-right:0px;padding-bottom:0px;padding-left:0px\">\n<div class=\"wp-block-column is-layout-flow wp-block-column-is-layout-flow\" style=\"padding-top:0px;padding-right:0px;padding-bottom:0px;padding-left:0px;flex-basis:300px\">\n<figure class=\"wp-block-image alignwide size-full has-custom-border\"><a href=\"https:\/\/web.gencat.cat\/ca\/ciutadania\/serveis\/educacio-formacio\/beques-estudis-no-universitaris\" target=\"_blank\" rel=\" noreferrer noopener\"><img loading=\"lazy\" decoding=\"async\" width=\"306\" height=\"247\" src=\"https:\/\/agora.xtec.cat\/ies-brugulat\/wp-content\/uploads\/usu85\/2026\/04\/Captura-de-pantalla-2026-04-14-171631.png\" alt=\"\" class=\"wp-image-29104\" style=\"border-radius:10px\" srcset=\"https:\/\/agora.xtec.cat\/ies-brugulat\/wp-content\/uploads\/usu85\/2026\/04\/Captura-de-pantalla-2026-04-14-171631.png 306w, https:\/\/agora.xtec.cat\/ies-brugulat\/wp-content\/uploads\/usu85\/2026\/04\/Captura-de-pantalla-2026-04-14-171631-300x242.png 300w\" sizes=\"auto, (max-width: 306px) 100vw, 306px\" \/><\/a><\/figure>\n<\/div>\n\n\n\n<div class=\"wp-block-column is-content-justification-left is-layout-constrained wp-container-core-column-is-layout-4 wp-block-column-is-layout-constrained\" style=\"flex-basis:1000px\">\n<h5 class=\"wp-block-heading\">Qui pot demanar la beca?<\/h5>\n\n\n\n<p>Estudiants que el curs acad\u00e8mic actual cursen&nbsp;<strong>ensenyaments postobligatoris o superiors no universitaris<\/strong>:<\/p>\n\n\n\n<ul class=\"wp-block-list\">\n<li>Primers i segons cursos de batxillerat<\/li>\n\n\n\n<li>Formaci\u00f3 professional de grau mitj\u00e0 i de grau superior<\/li>\n\n\n\n<li>Ensenyaments art\u00edstics professionals<\/li>\n\n\n\n<li>Ensenyaments esportius<\/li>\n\n\n\n<li>Ensenyaments art\u00edstics superiors<\/li>\n\n\n\n<li>Estudis religiosos superiors<\/li>\n\n\n\n<li>Estudis d&#8217;idiomes en escoles oficials (inclosa la modalitat de dist\u00e0ncia)<\/li>\n\n\n\n<li>Cursos d&#8217;acc\u00e9s i cursos de preparaci\u00f3 per a les proves d&#8217;acc\u00e9s a la formaci\u00f3 professional i cursos de formaci\u00f3 espec\u00edfics per a l&#8217;acc\u00e9s als cicles de grau mitj\u00e0 i de grau superior impartits en centres p\u00fablics i en centres privats<\/li>\n\n\n\n<li>Cicles formatius de grau b\u00e0sic<\/li>\n<\/ul>\n<\/div>\n<\/div>\n\n\n\n<div style=\"height:100px\" aria-hidden=\"true\" class=\"wp-block-spacer\"><\/div>\n\n\n\n<h3 class=\"wp-block-heading\"><a href=\"https:\/\/agaur.gencat.cat\/ca\/beques-i-ajuts\/pagines-especials\/beques-i-ajuts-per-estudis-universitaris1\/\" target=\"_blank\" rel=\"noreferrer noopener\">Beques per a ensenyaments universitaris<\/a><\/h3>\n\n\n\n<div class=\"wp-block-columns has-medium-font-size is-layout-flex wp-container-core-columns-is-layout-3 wp-block-columns-is-layout-flex\" style=\"padding-top:0px;padding-right:0px;padding-bottom:0px;padding-left:0px\">\n<div class=\"wp-block-column is-layout-flow wp-block-column-is-layout-flow\" style=\"padding-top:0px;padding-right:0px;padding-bottom:0px;padding-left:0px;flex-basis:300px\">\n<figure class=\"wp-block-image alignwide size-full has-custom-border\"><a href=\"https:\/\/agaur.gencat.cat\/ca\/beques-i-ajuts\/pagines-especials\/beques-i-ajuts-per-estudis-universitaris1\/\" target=\"_blank\" rel=\" noreferrer noopener\"><img loading=\"lazy\" decoding=\"async\" width=\"555\" height=\"431\" src=\"https:\/\/agora.xtec.cat\/ies-brugulat\/wp-content\/uploads\/usu85\/2026\/04\/Beques_GRAL_EQUITAT.PNG_191393041.png\" alt=\"\" class=\"wp-image-29107\" style=\"border-radius:10px\" srcset=\"https:\/\/agora.xtec.cat\/ies-brugulat\/wp-content\/uploads\/usu85\/2026\/04\/Beques_GRAL_EQUITAT.PNG_191393041.png 555w, https:\/\/agora.xtec.cat\/ies-brugulat\/wp-content\/uploads\/usu85\/2026\/04\/Beques_GRAL_EQUITAT.PNG_191393041-300x233.png 300w\" sizes=\"auto, (max-width: 555px) 100vw, 555px\" \/><\/a><\/figure>\n<\/div>\n\n\n\n<div class=\"wp-block-column is-content-justification-left is-layout-constrained wp-container-core-column-is-layout-6 wp-block-column-is-layout-constrained\" style=\"flex-basis:1000px\">\n<p>Per cursar estudis de grau i\/o de m\u00e0ster oficial en una universitat de Catalunya podeu optar a les beques que s\u2019enumeren a continuaci\u00f3.<\/p>\n\n\n\n<p>Les beques es convoquen cada curs acad\u00e8mic i heu de demanar-les cada any en el termini de presentaci\u00f3 de sol\u00b7licituds que cada convocat\u00f2ria estableixi.<\/p>\n\n\n\n<p>En cas que se us atorguin totes dues nom\u00e9s podreu beneficiar-vos-en d&#8217;una. Gaudireu de la m\u00e9s favorable i l&#8217;altra quedar\u00e0 sense efecte.<\/p>\n\n\n\n<blockquote class=\"wp-block-quote is-layout-flow wp-block-quote-is-layout-flow\">\n<p><a href=\"https:\/\/agaur.gencat.cat\/ca\/beques-i-ajuts\/beca-general-generalitat\/\" class=\"\">Beca general de la Generalitat<\/a><\/p>\n\n\n\n<p>Persones estudiants amb domicili familiar a Catalunya i que cursin estudis universitaris de grau o m\u00e0ster a una universitat del sistema universitari espanyol.<\/p>\n<\/blockquote>\n\n\n\n<blockquote class=\"wp-block-quote is-layout-flow wp-block-quote-is-layout-flow\">\n<p><a href=\"https:\/\/agaur.gencat.cat\/ca\/beques-i-ajuts\/pagines-especials\/beques-i-ajuts-per-estudis-universitaris1\/acreditacio-economica-i-beques-equitat\/\" class=\"\">Beca Equitat<\/a><\/p>\n\n\n\n<p>Per a estudis de grau o de m\u00e0ster habilitant en una universitat p\u00fablica de Catalunya o a la UOC o en algun dels centres adscrits relacionats en la convocat\u00f2ria (Centres p\u00fablics i UOC)<\/p>\n<\/blockquote>\n\n\n\n<blockquote class=\"wp-block-quote is-layout-flow wp-block-quote-is-layout-flow\">\n<p><a href=\"https:\/\/agaur.gencat.cat\/ca\/beques-i-ajuts\/pagines-especials\/beques-i-ajuts-per-estudis-universitaris1\/periode-extraordinari-beca-equitat\/\" class=\"\">Termini extraordinari beca Equitat<\/a><\/p>\n\n\n\n<p>S&#8217;adre\u00e7a als estudiants que formalitzin la primera matr\u00edcula amb posterioritat al 31 d&#8217;octubre de 2025<\/p>\n<\/blockquote>\n<\/div>\n<\/div>\n\n\n\n<p><\/p>\n","protected":false},"excerpt":{"rendered":"<p>Ajuts per a alumnes amb necessitats espec\u00edfiques de suport educatiu Qui pot demanar la beca? Els alumnes escolaritzats en centres educatius espanyols que acreditin la necessitat espec\u00edfica de rebre suport educatiu i reuneixin els requisits establerts: Beques per a ensenyaments postobligatoris no universitaris Qui pot demanar la beca? Estudiants que el curs acad\u00e8mic actual cursen&nbsp;ensenyaments [&hellip;]<\/p>\n","protected":false},"author":5,"featured_media":0,"parent":81,"menu_order":9,"comment_status":"closed","ping_status":"closed","template":"","meta":{"site-sidebar-layout":"default","site-content-layout":"","ast-site-content-layout":"default","site-content-style":"default","site-sidebar-style":"default","ast-global-header-display":"","ast-banner-title-visibility":"","ast-main-header-display":"","ast-hfb-above-header-display":"","ast-hfb-below-header-display":"","ast-hfb-mobile-header-display":"","site-post-title":"","ast-breadcrumbs-content":"","ast-featured-img":"","footer-sml-layout":"","theme-transparent-header-meta":"","adv-header-id-meta":"","stick-header-meta":"","header-above-stick-meta":"","header-main-stick-meta":"","header-below-stick-meta":"","astra-migrate-meta-layouts":"set","ast-page-background-enabled":"default","ast-page-background-meta":{"desktop":{"background-color":"var(--ast-global-color-4)","background-image":"","background-repeat":"repeat","background-position":"center center","background-size":"auto","background-attachment":"scroll","background-type":"","background-media":"","overlay-type":"","overlay-color":"","overlay-opacity":"","overlay-gradient":""},"tablet":{"background-color":"","background-image":"","background-repeat":"repeat","background-position":"center center","background-size":"auto","background-attachment":"scroll","background-type":"","background-media":"","overlay-type":"","overlay-color":"","overlay-opacity":"","overlay-gradient":""},"mobile":{"background-color":"","background-image":"","background-repeat":"repeat","background-position":"center center","background-size":"auto","background-attachment":"scroll","background-type":"","background-media":"","overlay-type":"","overlay-color":"","overlay-opacity":"","overlay-gradient":""}},"ast-content-background-meta":{"desktop":{"background-color":"var(--ast-global-color-5)","background-image":"","background-repeat":"repeat","background-position":"center center","background-size":"auto","background-attachment":"scroll","background-type":"","background-media":"","overlay-type":"","overlay-color":"","overlay-opacity":"","overlay-gradient":""},"tablet":{"background-color":"var(--ast-global-color-5)","background-image":"","background-repeat":"repeat","background-position":"center center","background-size":"auto","background-attachment":"scroll","background-type":"","background-media":"","overlay-type":"","overlay-color":"","overlay-opacity":"","overlay-gradient":""},"mobile":{"background-color":"var(--ast-global-color-5)","background-image":"","background-repeat":"repeat","background-position":"center center","background-size":"auto","background-attachment":"scroll","background-type":"","background-media":"","overlay-type":"","overlay-color":"","overlay-opacity":"","overlay-gradient":""}},"footnotes":""},"class_list":["post-5100","page","type-page","status-publish","hentry"],"post_mailing_queue_ids":[],"_links":{"self":[{"href":"https:\/\/agora.xtec.cat\/ies-brugulat\/wp-json\/wp\/v2\/pages\/5100","targetHints":{"allow":["GET"]}}],"collection":[{"href":"https:\/\/agora.xtec.cat\/ies-brugulat\/wp-json\/wp\/v2\/pages"}],"about":[{"href":"https:\/\/agora.xtec.cat\/ies-brugulat\/wp-json\/wp\/v2\/types\/page"}],"author":[{"embeddable":true,"href":"https:\/\/agora.xtec.cat\/ies-brugulat\/wp-json\/wp\/v2\/users\/5"}],"replies":[{"embeddable":true,"href":"https:\/\/agora.xtec.cat\/ies-brugulat\/wp-json\/wp\/v2\/comments?post=5100"}],"version-history":[{"count":6,"href":"https:\/\/agora.xtec.cat\/ies-brugulat\/wp-json\/wp\/v2\/pages\/5100\/revisions"}],"predecessor-version":[{"id":29109,"href":"https:\/\/agora.xtec.cat\/ies-brugulat\/wp-json\/wp\/v2\/pages\/5100\/revisions\/29109"}],"up":[{"embeddable":true,"href":"https:\/\/agora.xtec.cat\/ies-brugulat\/wp-json\/wp\/v2\/pages\/81"}],"wp:attachment":[{"href":"https:\/\/agora.xtec.cat\/ies-brugulat\/wp-json\/wp\/v2\/media?parent=5100"}],"curies":[{"name":"wp","href":"https:\/\/api.w.org\/{rel}","templated":true}]}}