{"id":5068,"date":"2017-02-16T17:37:01","date_gmt":"2017-02-16T16:37:01","guid":{"rendered":"http:\/\/agora.xtec.cat\/ies-brugulat\/?page_id=5068"},"modified":"2022-09-12T13:47:29","modified_gmt":"2022-09-12T11:47:29","slug":"acreditacio-nivell-de-catala","status":"publish","type":"page","link":"https:\/\/agora.xtec.cat\/ies-brugulat\/secretaria\/certificats-2\/acreditacio-nivell-de-catala\/","title":{"rendered":"Acreditaci\u00f3 nivell de catal\u00e0"},"content":{"rendered":"<p style=\"text-align: justify;\"><strong>Nivell B (Certificat de nivell intermedi de catal\u00e0)<\/strong><\/p>\n<p><span style=\"font-family: inherit; font-size: 1em; text-align: justify;\">Pot demanar el certificat aquell alumnat que:<\/span><\/p>\n<ul style=\"list-style-type: circle; text-align: justify;\">\n<li>Tingui el T\u00edtol de graduaci\u00f3 escolar (EGB), sempre que s&#8217;hagi cursat tota l&#8217;EGB a Catalunya i s&#8217;hagi cursat la mat\u00e8ria de llengua catalana en la totalitat dels estudis esmentats a partir del curs 1978-1979.<\/li>\n<li>Tingui el T\u00edtol de t\u00e8cnic\/a auxiliar (FP1), sempre que s&#8217;hagi cursat tota l&#8217;EGB i l&#8217;FP1 a Catalunya i s&#8217;hagi cursat la mat\u00e8ria de llengua catalana en la totalitat dels estudis esmentats a partir del curs 1978-1979.<\/li>\n<\/ul>\n<p style=\"text-align: justify;\"><strong>Nivell\u00a0C (Certificat de nivell de sufici\u00e8ncia de catal\u00e0)<\/strong><\/p>\n<p style=\"text-align: justify;\">Pot demanar el certificat aquell alumnat que:<\/p>\n<ul style=\"list-style-type: circle; text-align: justify;\">\n<li>Tingui el T\u00edtol de graduaci\u00f3 en educaci\u00f3 secund\u00e0ria (ESO), sempre que s&#8217;hagi cursat a Catalunya almenys tres cursos qualssevol de prim\u00e0ria i tota l&#8217;ESO i s&#8217;hagi cursat i aprovat la mat\u00e8ria de llengua catalana en la totalitat dels estudis m\u00ednims esmentats. Aquesta equival\u00e8ncia \u00e9s d&#8217;aplicaci\u00f3 a partir del curs 2007-2008, sense car\u00e0cter retroactiu.<\/li>\n<li>Tingui el T\u00edtol de graduaci\u00f3 en educaci\u00f3 secund\u00e0ria obtingut a centres i aules de formaci\u00f3 de persones adultes, sempre que s&#8217;hagin cursat a Catalunya almenys vuit cursos qualssevol entre la prim\u00e0ria i l&#8217;ESO, i que s&#8217;hagi cursat i aprovat l&#8217;\u00e0rea de Llengua catalana als centres i aules de formaci\u00f3 de persones adultes.<\/li>\n<li>Tingui el T\u00edtol de batxillerat (LOGSE), sempre que s&#8217;hagin cursat a Catalunya tres cursos qualsevol de prim\u00e0ria i cinc cursos qualssevol entre l&#8217;ESO i el batxillerat i s&#8217;hagi cursat la mat\u00e8ria de llengua catalana en la totalitat dels estudis m\u00ednims esmentats.<\/li>\n<li>Tingui el T\u00edtol de batxillerat (BUP), sempre que s&#8217;hagi cursat tota l&#8217;EGB i el BUP a Catalunya i s&#8217;hagi cursat de manera oficial la mat\u00e8ria de llengua catalana en la totalitat dels estudis esmentats a partir del curs 1978-1979.<\/li>\n<li>Tingui el T\u00edtol de t\u00e8cnic\/a especialista (FP2) sempre que s&#8217;hagi cursat tota l&#8217;EGB, l&#8217;FP1 i l&#8217;FP2 a Catalunya i s&#8217;hagi cursat de manera oficial la mat\u00e8ria de llengua catalana en la totalitat dels estudis esmentats a partir del curs 1978-1979.<\/li>\n<\/ul>\n<p><strong>Sol\u00b7licitud\u00a0Certificat de nivell de sufici\u00e8ncia de catal\u00e0<\/strong>\u00a0<a href=\"https:\/\/agora.xtec.cat\/ies-brugulat\/wp-content\/uploads\/usu85\/2020\/06\/A816.pdf\" target=\"_blank\" rel=\"noopener noreferrer\"><img loading=\"lazy\" decoding=\"async\" class=\"alignnone wp-image-5070\" src=\"http:\/\/agora.xtec.cat\/ies-brugulat\/wp-content\/uploads\/usu85\/2017\/02\/icona-pdf.png\" alt=\"icona-pdf\" width=\"53\" height=\"52\" \/><\/a><\/p>\n<p style=\"text-align: justify;\">Per sol\u00b7licitar el certificat haureu de presentar per correu electr\u00f2nic a l&#8217;adre\u00e7a secretaria@insbrugulat.cat la documentaci\u00f3 acreditativa d&#8217;haver cursat l&#8217;assignatura de catal\u00e0 a tots els estudis (llibre d&#8217;escolaritat o certificat del centre)<\/p>\n<p>Nota: Recordeu que per formalitzar la sol\u00b7licitud cal adjuntar la documentaci\u00f3 acreditativa de prim\u00e0ria i secund\u00e0ria i tamb\u00e9 el DNI del sol\u00b7licitant.<\/p>\n<p style=\"text-align: justify;\"><strong>Dels estudis cursats a l&#8217;Institut Josep Brugulat no cal presentar documentaci\u00f3.<\/strong><\/p>\n<p><a href=\"http:\/\/ensenyament.gencat.cat\/ca\/tramits\/tramits-temes\/22046-reconeixement-b2-c1-catala?category=\" target=\"_blank\" rel=\"noopener noreferrer\"><em><strong>M\u00e9s informaci\u00f3 &#8211; Consulta la web del Departament d&#8217;Educaci\u00f3<\/strong><\/em><\/a><\/p>\n","protected":false},"excerpt":{"rendered":"<p>Nivell B (Certificat de nivell intermedi de catal\u00e0) Pot demanar el certificat aquell alumnat que: Tingui el T\u00edtol de graduaci\u00f3 escolar (EGB), sempre que s&#8217;hagi cursat tota l&#8217;EGB a Catalunya i s&#8217;hagi cursat la mat\u00e8ria de llengua catalana en la totalitat dels estudis esmentats a partir del curs 1978-1979. Tingui el T\u00edtol de t\u00e8cnic\/a auxiliar [&hellip;]<\/p>\n","protected":false},"author":5,"featured_media":0,"parent":5054,"menu_order":0,"comment_status":"closed","ping_status":"closed","template":"page-templates\/side-menu.php","meta":{"site-sidebar-layout":"default","site-content-layout":"","ast-site-content-layout":"","site-content-style":"default","site-sidebar-style":"default","ast-global-header-display":"","ast-banner-title-visibility":"","ast-main-header-display":"","ast-hfb-above-header-display":"","ast-hfb-below-header-display":"","ast-hfb-mobile-header-display":"","site-post-title":"","ast-breadcrumbs-content":"","ast-featured-img":"","footer-sml-layout":"","theme-transparent-header-meta":"","adv-header-id-meta":"","stick-header-meta":"","header-above-stick-meta":"","header-main-stick-meta":"","header-below-stick-meta":"","astra-migrate-meta-layouts":"default","ast-page-background-enabled":"default","ast-page-background-meta":{"desktop":{"background-color":"var(--ast-global-color-4)","background-image":"","background-repeat":"repeat","background-position":"center center","background-size":"auto","background-attachment":"scroll","background-type":"","background-media":"","overlay-type":"","overlay-color":"","overlay-opacity":"","overlay-gradient":""},"tablet":{"background-color":"","background-image":"","background-repeat":"repeat","background-position":"center center","background-size":"auto","background-attachment":"scroll","background-type":"","background-media":"","overlay-type":"","overlay-color":"","overlay-opacity":"","overlay-gradient":""},"mobile":{"background-color":"","background-image":"","background-repeat":"repeat","background-position":"center center","background-size":"auto","background-attachment":"scroll","background-type":"","background-media":"","overlay-type":"","overlay-color":"","overlay-opacity":"","overlay-gradient":""}},"ast-content-background-meta":{"desktop":{"background-color":"var(--ast-global-color-5)","background-image":"","background-repeat":"repeat","background-position":"center center","background-size":"auto","background-attachment":"scroll","background-type":"","background-media":"","overlay-type":"","overlay-color":"","overlay-opacity":"","overlay-gradient":""},"tablet":{"background-color":"var(--ast-global-color-5)","background-image":"","background-repeat":"repeat","background-position":"center center","background-size":"auto","background-attachment":"scroll","background-type":"","background-media":"","overlay-type":"","overlay-color":"","overlay-opacity":"","overlay-gradient":""},"mobile":{"background-color":"var(--ast-global-color-5)","background-image":"","background-repeat":"repeat","background-position":"center center","background-size":"auto","background-attachment":"scroll","background-type":"","background-media":"","overlay-type":"","overlay-color":"","overlay-opacity":"","overlay-gradient":""}},"footnotes":""},"class_list":["post-5068","page","type-page","status-publish","hentry"],"post_mailing_queue_ids":[],"_links":{"self":[{"href":"https:\/\/agora.xtec.cat\/ies-brugulat\/wp-json\/wp\/v2\/pages\/5068","targetHints":{"allow":["GET"]}}],"collection":[{"href":"https:\/\/agora.xtec.cat\/ies-brugulat\/wp-json\/wp\/v2\/pages"}],"about":[{"href":"https:\/\/agora.xtec.cat\/ies-brugulat\/wp-json\/wp\/v2\/types\/page"}],"author":[{"embeddable":true,"href":"https:\/\/agora.xtec.cat\/ies-brugulat\/wp-json\/wp\/v2\/users\/5"}],"replies":[{"embeddable":true,"href":"https:\/\/agora.xtec.cat\/ies-brugulat\/wp-json\/wp\/v2\/comments?post=5068"}],"version-history":[{"count":3,"href":"https:\/\/agora.xtec.cat\/ies-brugulat\/wp-json\/wp\/v2\/pages\/5068\/revisions"}],"predecessor-version":[{"id":19330,"href":"https:\/\/agora.xtec.cat\/ies-brugulat\/wp-json\/wp\/v2\/pages\/5068\/revisions\/19330"}],"up":[{"embeddable":true,"href":"https:\/\/agora.xtec.cat\/ies-brugulat\/wp-json\/wp\/v2\/pages\/5054"}],"wp:attachment":[{"href":"https:\/\/agora.xtec.cat\/ies-brugulat\/wp-json\/wp\/v2\/media?parent=5068"}],"curies":[{"name":"wp","href":"https:\/\/api.w.org\/{rel}","templated":true}]}}