{"id":5054,"date":"2017-02-16T17:05:35","date_gmt":"2017-02-16T16:05:35","guid":{"rendered":"http:\/\/agora.xtec.cat\/ies-brugulat\/?page_id=5054"},"modified":"2026-03-08T01:42:45","modified_gmt":"2026-03-08T00:42:45","slug":"certificats-2","status":"publish","type":"page","link":"https:\/\/agora.xtec.cat\/ies-brugulat\/secretaria\/certificats-2\/","title":{"rendered":"CERTIFICATS"},"content":{"rendered":"\n<h3 class=\"wp-block-heading\"><strong>CERTIFICATS I HISTORIAL ACAD\u00c8MIC<\/strong><\/h3>\n\n\n\n<p>Per sol\u00b7licitar els seg\u00fcents documents podeu fer-ho mitjan\u00e7ant el formulari de sol\u00b7licitud que trobareu a continuaci\u00f3:<\/p>\n\n\n\n<ul class=\"wp-block-list\">\n<li>Certificat d\u2019escolaritzaci\u00f3 i\/o matr\u00edcula a l\u2019institut<\/li>\n\n\n\n<li>Certificat de matr\u00edcula per renovaci\u00f3 d\u2019estrangeria<\/li>\n\n\n\n<li>Certificat de nota mitjana per anar a la universitat<\/li>\n\n\n\n<li>Historial acad\u00e8mic<\/li>\n<\/ul>\n\n\n\n<div class=\"wp-block-group is-nowrap is-layout-flex wp-container-core-group-is-layout-1 wp-block-group-is-layout-flex\" style=\"margin-top:0px;margin-bottom:0px;padding-top:0px;padding-bottom:0px\">\n<div class=\"wp-block-buttons is-horizontal is-content-justification-left is-layout-flex wp-container-core-buttons-is-layout-1 wp-block-buttons-is-layout-flex\">\n<div class=\"wp-block-button is-style-outline is-style-outline--1\"><a class=\"wp-block-button__link has-black-color has-text-color has-link-color has-text-align-left wp-element-button\" href=\"https:\/\/goo.gl\/forms\/ITDgc4u79ZOaxHls1\">formulari de sol\u00b7licitud<\/a><\/div>\n<\/div>\n<\/div>\n\n\n\n<div style=\"height:51px\" aria-hidden=\"true\" class=\"wp-block-spacer\"><\/div>\n\n\n\n<hr class=\"wp-block-separator has-alpha-channel-opacity\"\/>\n\n\n\n<h3 class=\"wp-block-heading\"><strong>RECONEIXEMENT DE CATAL\u00c0:<\/strong><\/h3>\n\n\n\n<div class=\"wp-block-getwid-toggle has-icon-left\">\n<div class=\"wp-block-getwid-toggle__row\"><div class=\"wp-block-getwid-toggle__header-wrapper\"><span class=\"wp-block-getwid-toggle__header\"><a href=\"#\"><span class=\"wp-block-getwid-toggle__header-title\">Nivell B2 (Certificat de nivell intermedi de catal\u00e0)<\/span><span class=\"wp-block-getwid-toggle__icon is-active\"><i class=\"far fa-arrow-alt-circle-right\"><\/i><\/span><span class=\"wp-block-getwid-toggle__icon is-passive\"><i class=\"fas fa-arrow-alt-circle-down\"><\/i><\/span><\/a><\/span><\/div><div class=\"wp-block-getwid-toggle__content-wrapper\"><div class=\"wp-block-getwid-toggle__content\">\n<p>Pot demanar el certificat de nivell B2 de catal\u00e0 l&#8217;alumnat que compleixi un dels seg\u00fcents requisits:<\/p>\n\n\n\n<ul class=\"wp-block-list\">\n<li>Tingui el T\u00edtol de t\u00e8cnic\/a auxiliar (FP1), sempre que s\u2019hagi cursat tota l\u2019EGB i l\u2019FP1 a Catalunya i s\u2019hagi cursat la mat\u00e8ria de llengua catalana en la totalitat dels estudis esmentats a partir del curs 1978-1979.<\/li>\n<\/ul>\n\n\n\n<ul class=\"wp-block-list\">\n<li>Tingui el T\u00edtol de graduaci\u00f3 escolar (EGB), sempre que s\u2019hagi cursat tota l\u2019EGB a Catalunya i s\u2019hagi cursat la mat\u00e8ria de llengua catalana en la totalitat dels estudis esmentats a partir del curs 1978-1979.<\/li>\n<\/ul>\n<\/div><\/div><\/div>\n\n\n\n<div class=\"wp-block-getwid-toggle__row\"><div class=\"wp-block-getwid-toggle__header-wrapper\"><span class=\"wp-block-getwid-toggle__header\"><a href=\"#\"><span class=\"wp-block-getwid-toggle__header-title\">Nivell&nbsp;C1 (Certificat de nivell de sufici\u00e8ncia de catal\u00e0)<\/span><span class=\"wp-block-getwid-toggle__icon is-active\"><i class=\"far fa-arrow-alt-circle-right\"><\/i><\/span><span class=\"wp-block-getwid-toggle__icon is-passive\"><i class=\"fas fa-arrow-alt-circle-down\"><\/i><\/span><\/a><\/span><\/div><div class=\"wp-block-getwid-toggle__content-wrapper\"><div class=\"wp-block-getwid-toggle__content\">\n<p>Pot demanar el certificat de nivell C1 de catal\u00e0 l&#8217;alumnat que compleixi un dels seg\u00fcents requisits:<\/p>\n\n\n\n<ul class=\"wp-block-list\">\n<li>Tingui el T\u00edtol de t\u00e8cnic\/a especialista (FP2) sempre que s\u2019hagi cursat tota l\u2019EGB, l\u2019FP1 i l\u2019FP2 a Catalunya i s\u2019hagi cursat de manera oficial la mat\u00e8ria de llengua catalana en la totalitat dels estudis esmentats a partir del curs 1978-1979.<\/li>\n<\/ul>\n\n\n\n<ul class=\"wp-block-list\">\n<li>Tingui el T\u00edtol de graduaci\u00f3 en educaci\u00f3 secund\u00e0ria (ESO), sempre que s\u2019hagi cursat a Catalunya almenys tres cursos qualssevol de prim\u00e0ria i tota l\u2019ESO i s\u2019hagi cursat i aprovat la mat\u00e8ria de llengua catalana en la totalitat dels estudis m\u00ednims esmentats. Aquesta equival\u00e8ncia \u00e9s d\u2019aplicaci\u00f3 a partir del curs 2007-2008, sense car\u00e0cter retroactiu.<\/li>\n<\/ul>\n\n\n\n<ul class=\"wp-block-list\">\n<li>Tingui el T\u00edtol de graduaci\u00f3 en educaci\u00f3 secund\u00e0ria obtingut a centres i aules de formaci\u00f3 de persones adultes, sempre que s\u2019hagin cursat a Catalunya almenys vuit cursos qualssevol entre la prim\u00e0ria i l\u2019ESO, i que s\u2019hagi cursat i aprovat l\u2019\u00e0rea de Llengua catalana als centres i aules de formaci\u00f3 de persones adultes.<\/li>\n<\/ul>\n\n\n\n<ul class=\"wp-block-list\">\n<li>Tingui el T\u00edtol de batxillerat (LOGSE), sempre que s\u2019hagin cursat a Catalunya tres cursos qualsevol de prim\u00e0ria i cinc cursos qualssevol entre l\u2019ESO i el batxillerat i s\u2019hagi cursat la mat\u00e8ria de llengua catalana en la totalitat dels estudis m\u00ednims esmentats.<\/li>\n<\/ul>\n\n\n\n<ul class=\"wp-block-list\">\n<li>Tingui el T\u00edtol de batxillerat (BUP), sempre que s\u2019hagi cursat tota l\u2019EGB i el BUP a Catalunya i s\u2019hagi cursat de manera oficial la mat\u00e8ria de llengua catalana en la totalitat dels estudis esmentats a partir del curs 1978-1979.<\/li>\n<\/ul>\n<\/div><\/div><\/div>\n\n\n\n<div class=\"wp-block-getwid-toggle__row\"><div class=\"wp-block-getwid-toggle__header-wrapper\"><span class=\"wp-block-getwid-toggle__header\"><a href=\"#\"><span class=\"wp-block-getwid-toggle__header-title\">SOL\u00b7LICITUD DEL RECONEIXEMENT DEL NIVELL DE LLENGUA CATALANA<\/span><span class=\"wp-block-getwid-toggle__icon is-active\"><i class=\"far fa-arrow-alt-circle-right\"><\/i><\/span><span class=\"wp-block-getwid-toggle__icon is-passive\"><i class=\"fas fa-arrow-alt-circle-down\"><\/i><\/span><\/a><\/span><\/div><div class=\"wp-block-getwid-toggle__content-wrapper\"><div class=\"wp-block-getwid-toggle__content\">\n<p>Per sol\u00b7licitar el certificat haureu de presentar per correu-e a la secretaria del centre (<a href=\"mailto:secretaria@insbrugulat.cat\">secretaria@insbrugulat.cat<\/a>) la documentaci\u00f3 seg\u00fcent:<\/p>\n\n\n\n<ol class=\"wp-block-list\">\n<li>Document acreditatiu dels requisits segons el cas.<\/li>\n\n\n\n<li>Fotografia del DNI de la persona sol\u00b7licitant.<\/li>\n\n\n\n<li>Sol\u00b7licitud del reconeixement B2\/C1 de llengua catalana degudament omplerta.<\/li>\n<\/ol>\n\n\n\n<div class=\"wp-block-group is-nowrap is-layout-flex wp-container-core-group-is-layout-2 wp-block-group-is-layout-flex\" style=\"margin-top:0px;margin-bottom:0px;padding-top:0px;padding-bottom:0px\">\n<div class=\"wp-block-buttons is-horizontal is-content-justification-left is-layout-flex wp-container-core-buttons-is-layout-2 wp-block-buttons-is-layout-flex\">\n<div class=\"wp-block-button is-style-outline is-style-outline--2\"><a class=\"wp-block-button__link has-black-color has-text-color has-link-color has-text-align-left wp-element-button\" href=\"https:\/\/agora.xtec.cat\/ies-brugulat\/wp-content\/uploads\/usu85\/2024\/07\/A816.pdf\" target=\"_blank\" rel=\"noreferrer noopener\">sol\u00b7licitud<\/a><\/div>\n<\/div>\n<\/div>\n\n\n\n<div style=\"height:32px\" aria-hidden=\"true\" class=\"wp-block-spacer\"><\/div>\n\n\n\n<p>Despr\u00e9s de validar la documentaci\u00f3 presentada s&#8217;enviar\u00e0 el certificat per correu-e.<\/p>\n\n\n\n<p><a href=\"http:\/\/ensenyament.gencat.cat\/ca\/tramits\/tramits-temes\/22046-reconeixement-b2-c1-catala?category=\" target=\"_blank\" rel=\"noreferrer noopener\"><strong>M\u00e9s informaci\u00f3 \u2013 Consulta la web del Departament d\u2019Educaci\u00f3<\/strong><\/a><\/p>\n<\/div><\/div><\/div>\n<\/div>\n\n\n\n<hr class=\"wp-block-separator has-alpha-channel-opacity\"\/>\n\n\n\n<p><\/p>\n","protected":false},"excerpt":{"rendered":"<p>CERTIFICATS I HISTORIAL ACAD\u00c8MIC Per sol\u00b7licitar els seg\u00fcents documents podeu fer-ho mitjan\u00e7ant el formulari de sol\u00b7licitud que trobareu a continuaci\u00f3: RECONEIXEMENT DE CATAL\u00c0:<\/p>\n","protected":false},"author":5,"featured_media":0,"parent":81,"menu_order":10,"comment_status":"closed","ping_status":"closed","template":"","meta":{"site-sidebar-layout":"default","site-content-layout":"","ast-site-content-layout":"default","site-content-style":"default","site-sidebar-style":"default","ast-global-header-display":"","ast-banner-title-visibility":"","ast-main-header-display":"","ast-hfb-above-header-display":"","ast-hfb-below-header-display":"","ast-hfb-mobile-header-display":"","site-post-title":"","ast-breadcrumbs-content":"","ast-featured-img":"","footer-sml-layout":"","theme-transparent-header-meta":"","adv-header-id-meta":"","stick-header-meta":"","header-above-stick-meta":"","header-main-stick-meta":"","header-below-stick-meta":"","astra-migrate-meta-layouts":"set","ast-page-background-enabled":"default","ast-page-background-meta":{"desktop":{"background-color":"var(--ast-global-color-4)","background-image":"","background-repeat":"repeat","background-position":"center center","background-size":"auto","background-attachment":"scroll","background-type":"","background-media":"","overlay-type":"","overlay-color":"","overlay-opacity":"","overlay-gradient":""},"tablet":{"background-color":"","background-image":"","background-repeat":"repeat","background-position":"center center","background-size":"auto","background-attachment":"scroll","background-type":"","background-media":"","overlay-type":"","overlay-color":"","overlay-opacity":"","overlay-gradient":""},"mobile":{"background-color":"","background-image":"","background-repeat":"repeat","background-position":"center center","background-size":"auto","background-attachment":"scroll","background-type":"","background-media":"","overlay-type":"","overlay-color":"","overlay-opacity":"","overlay-gradient":""}},"ast-content-background-meta":{"desktop":{"background-color":"var(--ast-global-color-5)","background-image":"","background-repeat":"repeat","background-position":"center center","background-size":"auto","background-attachment":"scroll","background-type":"","background-media":"","overlay-type":"","overlay-color":"","overlay-opacity":"","overlay-gradient":""},"tablet":{"background-color":"var(--ast-global-color-5)","background-image":"","background-repeat":"repeat","background-position":"center center","background-size":"auto","background-attachment":"scroll","background-type":"","background-media":"","overlay-type":"","overlay-color":"","overlay-opacity":"","overlay-gradient":""},"mobile":{"background-color":"var(--ast-global-color-5)","background-image":"","background-repeat":"repeat","background-position":"center center","background-size":"auto","background-attachment":"scroll","background-type":"","background-media":"","overlay-type":"","overlay-color":"","overlay-opacity":"","overlay-gradient":""}},"footnotes":""},"class_list":["post-5054","page","type-page","status-publish","hentry"],"post_mailing_queue_ids":[],"_links":{"self":[{"href":"https:\/\/agora.xtec.cat\/ies-brugulat\/wp-json\/wp\/v2\/pages\/5054","targetHints":{"allow":["GET"]}}],"collection":[{"href":"https:\/\/agora.xtec.cat\/ies-brugulat\/wp-json\/wp\/v2\/pages"}],"about":[{"href":"https:\/\/agora.xtec.cat\/ies-brugulat\/wp-json\/wp\/v2\/types\/page"}],"author":[{"embeddable":true,"href":"https:\/\/agora.xtec.cat\/ies-brugulat\/wp-json\/wp\/v2\/users\/5"}],"replies":[{"embeddable":true,"href":"https:\/\/agora.xtec.cat\/ies-brugulat\/wp-json\/wp\/v2\/comments?post=5054"}],"version-history":[{"count":6,"href":"https:\/\/agora.xtec.cat\/ies-brugulat\/wp-json\/wp\/v2\/pages\/5054\/revisions"}],"predecessor-version":[{"id":28479,"href":"https:\/\/agora.xtec.cat\/ies-brugulat\/wp-json\/wp\/v2\/pages\/5054\/revisions\/28479"}],"up":[{"embeddable":true,"href":"https:\/\/agora.xtec.cat\/ies-brugulat\/wp-json\/wp\/v2\/pages\/81"}],"wp:attachment":[{"href":"https:\/\/agora.xtec.cat\/ies-brugulat\/wp-json\/wp\/v2\/media?parent=5054"}],"curies":[{"name":"wp","href":"https:\/\/api.w.org\/{rel}","templated":true}]}}