{"id":495,"date":"2015-06-14T10:27:22","date_gmt":"2015-06-14T09:27:22","guid":{"rendered":"http:\/\/agora.xtec.cat\/ies-brugulat\/?page_id=495"},"modified":"2026-03-08T01:45:52","modified_gmt":"2026-03-08T00:45:52","slug":"sollicituds-i-autoritzacions","status":"publish","type":"page","link":"https:\/\/agora.xtec.cat\/ies-brugulat\/secretaria\/sollicituds-i-autoritzacions\/","title":{"rendered":"SOL\u00b7LICITUDS I AUTORITZACIONS"},"content":{"rendered":"\n<p class=\"has-medium-font-size\">Totes les sol\u00b7licituds i autoritzacions s&#8217;han de baixar, omplir i enviar a <a href=\"mailto:secretaria@insbrugulat.cat\">secretaria@insbrugulat.cat<\/a>.<\/p>\n\n\n\n<h4 class=\"wp-block-heading\"><strong>GENERALS<\/strong><\/h4>\n\n\n\n<figure class=\"wp-block-table is-style-stripes has-medium-font-size\"><table class=\"has-white-background-color has-background\" style=\"border-style:none;border-width:0px\"><tbody><tr><td><a href=\"https:\/\/agora.xtec.cat\/ies-brugulat\/wp-content\/uploads\/usu85\/2025\/11\/sollicitud_GENERICA.pdf\">Sol\u00b7licitud gen\u00e8rica<\/a><br>\u00b7 Reclamaci\u00f3 de notes<br>\u00b7 Canvi d&#8217;optatives<br>\u00b7 Baixa del centre<br>\u00b7 Acc\u00e9s a les fam\u00edlies d&#8217;alumnat major d&#8217;edat a la informaci\u00f3 acad\u00e8mica (cal portar-la presencialment a la secretaria del centre)<\/td><td><\/td><\/tr><tr><td><a href=\"https:\/\/agora.xtec.cat\/ies-brugulat\/wp-content\/uploads\/usu85\/2025\/09\/Autoritzacio-entrada-i-sortida-centre.pdf\">Autoritzaci\u00f3 per entrar i sortir del centre fora de l&#8217;horari habitual<\/a><\/td><td><\/td><\/tr><tr><td><a href=\"https:\/\/agora.xtec.cat\/ies-brugulat\/wp-content\/uploads\/usu85\/2025\/09\/Sollicitud-danullacio-de-moduls-o-unitats-formatives.pdf\">Sol\u00b7licitud d&#8217;anul\u00b7laci\u00f3 de m\u00f2duls o unitats formatives (FP)<\/a><\/td><td><\/td><\/tr><tr><td><a href=\"https:\/\/agora.xtec.cat\/ies-brugulat\/wp-content\/uploads\/usu85\/2026\/01\/A150.pdf\">Sol\u00b7licitud d&#8217;exempci\u00f3 de l&#8217;Estada a l&#8217;Empresa FP (A150)<\/a><\/td><td><\/td><\/tr><tr><td><a href=\"https:\/\/docs.google.com\/a\/insbrugulat.cat\/forms\/d\/e\/1FAIpQLScPptp8PjOvW26tyg_qHia7T-TelnvhjiPEoKD_qC9Yy2oySg\/viewform\">Formulari de queixes i suggeriments<\/a><\/td><td><\/td><\/tr><\/tbody><\/table><\/figure>\n\n\n\n<h4 class=\"wp-block-heading\"><strong>SALUT<\/strong><\/h4>\n\n\n\n<p class=\"has-ast-global-color-2-color has-text-color has-link-color has-medium-font-size wp-elements-8715bf99a867bccb4cdc6b16529cc754\">Al\u00b7l\u00e8rgies aliment\u00e0ries i\/a al l\u00e0tex:<\/p>\n\n\n\n<figure class=\"wp-block-table is-style-stripes has-medium-font-size\"><table><tbody><tr><td><a href=\"https:\/\/agora.xtec.cat\/ies-brugulat\/wp-content\/uploads\/usu85\/2025\/09\/A310.pdf\">Full de recollida d\u2019informaci\u00f3 per a alumnes amb al\u00b7l\u00e8rgia aliment\u00e0ria i\/o al l\u00e0tex (A310)<\/a><\/td><td><\/td><\/tr><tr><td><a href=\"https:\/\/agora.xtec.cat\/ies-brugulat\/wp-content\/uploads\/usu85\/2025\/09\/A311.pdf\">Sol\u00b7licitud i autoritzaci\u00f3 d\u2019administraci\u00f3 de medicaments als alumnes amb al\u00b7l\u00e8rgies aliment\u00e0ries i\/o al l\u00e0tex (A311)<\/a><\/td><td><\/td><\/tr><tr><td><a href=\"https:\/\/agora.xtec.cat\/ies-brugulat\/wp-content\/uploads\/usu85\/2025\/09\/A312.pdf\">Comunicaci\u00f3 de l\u2019escolaritzaci\u00f3 d\u2019un infant amb al\u00b7l\u00e8rgia aliment\u00e0ria i\/o al l\u00e0tex al centre d\u2019atenci\u00f3 prim\u00e0ria (CAP) (A312)<\/a><\/td><td><\/td><\/tr><tr><td><a href=\"https:\/\/agora.xtec.cat\/ies-brugulat\/wp-content\/uploads\/usu85\/2025\/09\/A313.pdf\">Pautes d\u2019actuaci\u00f3 en cas de reacci\u00f3 al\u00b7l\u00e8rgica (A313)<\/a><\/td><td><\/td><\/tr><\/tbody><\/table><\/figure>\n\n\n\n<p class=\"has-ast-global-color-2-color has-text-color has-link-color has-medium-font-size wp-elements-3b52fcf35b8b4d3a79cf2b0f00309afd\">Diabetis:<\/p>\n\n\n\n<figure class=\"wp-block-table is-style-stripes has-medium-font-size\"><table><tbody><tr><td><a href=\"https:\/\/agora.xtec.cat\/ies-brugulat\/wp-content\/uploads\/usu85\/2025\/09\/A314.pdf\">Sol\u00b7licitud de control de glucosa de l&#8217;infant o jove amb diabetis i autoritzaci\u00f3 de l&#8217;administraci\u00f3 d&#8217;insulina (A314)<\/a><\/td><td><\/td><\/tr><tr><td><a href=\"https:\/\/agora.xtec.cat\/ies-brugulat\/wp-content\/uploads\/usu85\/2025\/09\/A315.pdf\">Sol\u00b7licitud i autoritzaci\u00f3 d&#8217;administraci\u00f3 de glucag\u00f3 per a l&#8217;infant o jove amb diabetis\u200b (A315)<\/a><\/td><td><\/td><\/tr><tr><td><a href=\"https:\/\/agora.xtec.cat\/ies-brugulat\/wp-content\/uploads\/usu85\/2025\/09\/A316.pdf\">Comunicaci\u00f3 d&#8217;escolaritzaci\u00f3 d&#8217;un infant amb diabetis al centre d&#8217;atenci\u00f3 prim\u00e0ria (CAP) (A316)<\/a><\/td><td><\/td><\/tr><\/tbody><\/table><\/figure>\n\n\n\n<p class=\"has-ast-global-color-2-color has-text-color has-link-color has-medium-font-size wp-elements-69c8ddfcc0cf812c4ba6de3e598df4f3\">Alumnat major d&#8217;edat:<\/p>\n\n\n\n<figure class=\"wp-block-table is-style-stripes has-medium-font-size\"><table><tbody><tr><td><a href=\"https:\/\/agora.xtec.cat\/ies-brugulat\/wp-content\/uploads\/usu85\/2025\/09\/A1533.pdf\">Autoritzaci\u00f3 comunicaci\u00f3 de problemes de salut (A1533)<\/a><\/td><\/tr><\/tbody><\/table><\/figure>\n\n\n\n<p><\/p>\n","protected":false},"excerpt":{"rendered":"<p>Totes les sol\u00b7licituds i autoritzacions s&#8217;han de baixar, omplir i enviar a secretaria@insbrugulat.cat. GENERALS Sol\u00b7licitud gen\u00e8rica\u00b7 Reclamaci\u00f3 de notes\u00b7 Canvi d&#8217;optatives\u00b7 Baixa del centre\u00b7 Acc\u00e9s a les fam\u00edlies d&#8217;alumnat major d&#8217;edat a la informaci\u00f3 acad\u00e8mica (cal portar-la presencialment a la secretaria del centre) Autoritzaci\u00f3 per entrar i sortir del centre fora de l&#8217;horari habitual Sol\u00b7licitud [&hellip;]<\/p>\n","protected":false},"author":3,"featured_media":0,"parent":81,"menu_order":2,"comment_status":"closed","ping_status":"closed","template":"","meta":{"site-sidebar-layout":"default","site-content-layout":"","ast-site-content-layout":"default","site-content-style":"default","site-sidebar-style":"default","ast-global-header-display":"","ast-banner-title-visibility":"","ast-main-header-display":"","ast-hfb-above-header-display":"","ast-hfb-below-header-display":"","ast-hfb-mobile-header-display":"","site-post-title":"","ast-breadcrumbs-content":"","ast-featured-img":"","footer-sml-layout":"","theme-transparent-header-meta":"","adv-header-id-meta":"","stick-header-meta":"","header-above-stick-meta":"","header-main-stick-meta":"","header-below-stick-meta":"","astra-migrate-meta-layouts":"set","ast-page-background-enabled":"default","ast-page-background-meta":{"desktop":{"background-color":"var(--ast-global-color-4)","background-image":"","background-repeat":"repeat","background-position":"center center","background-size":"auto","background-attachment":"scroll","background-type":"","background-media":"","overlay-type":"","overlay-color":"","overlay-opacity":"","overlay-gradient":""},"tablet":{"background-color":"","background-image":"","background-repeat":"repeat","background-position":"center center","background-size":"auto","background-attachment":"scroll","background-type":"","background-media":"","overlay-type":"","overlay-color":"","overlay-opacity":"","overlay-gradient":""},"mobile":{"background-color":"","background-image":"","background-repeat":"repeat","background-position":"center center","background-size":"auto","background-attachment":"scroll","background-type":"","background-media":"","overlay-type":"","overlay-color":"","overlay-opacity":"","overlay-gradient":""}},"ast-content-background-meta":{"desktop":{"background-color":"var(--ast-global-color-5)","background-image":"","background-repeat":"repeat","background-position":"center center","background-size":"auto","background-attachment":"scroll","background-type":"","background-media":"","overlay-type":"","overlay-color":"","overlay-opacity":"","overlay-gradient":""},"tablet":{"background-color":"var(--ast-global-color-5)","background-image":"","background-repeat":"repeat","background-position":"center center","background-size":"auto","background-attachment":"scroll","background-type":"","background-media":"","overlay-type":"","overlay-color":"","overlay-opacity":"","overlay-gradient":""},"mobile":{"background-color":"var(--ast-global-color-5)","background-image":"","background-repeat":"repeat","background-position":"center center","background-size":"auto","background-attachment":"scroll","background-type":"","background-media":"","overlay-type":"","overlay-color":"","overlay-opacity":"","overlay-gradient":""}},"footnotes":""},"class_list":["post-495","page","type-page","status-publish","hentry"],"post_mailing_queue_ids":[],"_links":{"self":[{"href":"https:\/\/agora.xtec.cat\/ies-brugulat\/wp-json\/wp\/v2\/pages\/495","targetHints":{"allow":["GET"]}}],"collection":[{"href":"https:\/\/agora.xtec.cat\/ies-brugulat\/wp-json\/wp\/v2\/pages"}],"about":[{"href":"https:\/\/agora.xtec.cat\/ies-brugulat\/wp-json\/wp\/v2\/types\/page"}],"author":[{"embeddable":true,"href":"https:\/\/agora.xtec.cat\/ies-brugulat\/wp-json\/wp\/v2\/users\/3"}],"replies":[{"embeddable":true,"href":"https:\/\/agora.xtec.cat\/ies-brugulat\/wp-json\/wp\/v2\/comments?post=495"}],"version-history":[{"count":6,"href":"https:\/\/agora.xtec.cat\/ies-brugulat\/wp-json\/wp\/v2\/pages\/495\/revisions"}],"predecessor-version":[{"id":28484,"href":"https:\/\/agora.xtec.cat\/ies-brugulat\/wp-json\/wp\/v2\/pages\/495\/revisions\/28484"}],"up":[{"embeddable":true,"href":"https:\/\/agora.xtec.cat\/ies-brugulat\/wp-json\/wp\/v2\/pages\/81"}],"wp:attachment":[{"href":"https:\/\/agora.xtec.cat\/ies-brugulat\/wp-json\/wp\/v2\/media?parent=495"}],"curies":[{"name":"wp","href":"https:\/\/api.w.org\/{rel}","templated":true}]}}