{"id":389,"date":"2015-06-10T15:02:31","date_gmt":"2015-06-10T14:02:31","guid":{"rendered":"http:\/\/agora.xtec.cat\/ies-brugulat\/?page_id=389"},"modified":"2026-03-08T00:35:13","modified_gmt":"2026-03-07T23:35:13","slug":"fundacio-escola-empresa","status":"publish","type":"page","link":"https:\/\/agora.xtec.cat\/ies-brugulat\/serveis\/fundacio-escola-empresa\/","title":{"rendered":"FUNDACI\u00d3 ESCOLA-EMPRESA BERNAT DE VALLESPIRANS"},"content":{"rendered":"\n<p><em>En compliment de la Llei 19\/2014, del 29 de desembre, de Transpar\u00e8ncia, Acc\u00e9s a la Informaci\u00f3 P\u00fablica i Bon Govern, volem facilitar l\u2019acc\u00e9s a la ciutadania de les dades institucionals, organitzatives, econ\u00f2miques i patrimonials de l\u2019entitat.<\/em><\/p>\n\n\n\n<div class=\"wp-block-getwid-accordion has-icon-left\" data-active-element=\"none\">\n<div class=\"wp-block-getwid-accordion__header-wrapper\"><span class=\"wp-block-getwid-accordion__header\"><a href=\"#\"><span class=\"wp-block-getwid-accordion__header-title\">MISSI\u00d3<\/span><span class=\"wp-block-getwid-accordion__icon is-active\"><i class=\"fas fa-plus\"><\/i><\/span><span class=\"wp-block-getwid-accordion__icon is-passive\"><i class=\"fas fa-minus\"><\/i><\/span><\/a><\/span><\/div><div class=\"wp-block-getwid-accordion__content-wrapper\"><div class=\"wp-block-getwid-accordion__content\">\n<p>Promoure l\u2019actualitzaci\u00f3 del professorat en les noves tecnologies que siguin espec\u00edfiques dels processos industrials concrets de la comarca.<\/p>\n\n\n\n<p>Fomentar la relaci\u00f3 entre el m\u00f3n de l\u2019educaci\u00f3 i l\u2019empresa.<\/p>\n\n\n\n<p>Fomentar entre els joves i en el conjunt de la societat la necessitat de tenir la m\u00e0xima capacitaci\u00f3 professional per poder afrontar amb \u00e8xit la constant renovaci\u00f3 tecnol\u00f2gica.<\/p>\n\n\n\n<p>Analitzar la situaci\u00f3 de la formaci\u00f3 professional a la comarca per fer que l\u2019oferta sigui adequada a les necessitats reals.<\/p>\n\n\n\n<p>Vetllar per la bona relaci\u00f3 dels alumnes de diferents especialitats amb els corresponents sectors professionals.<\/p>\n\n\n\n<p>Promoure la col\u00b7laboraci\u00f3 dels centres que imparteixen cicles formatius amb els gremis, associacions, empreses i professionals, a fi d\u2019assegurar les realitzacions de les pr\u00e0ctiques en conveni o les previstes als cicles formatius.<\/p>\n\n\n\n<p>Promoure la concessi\u00f3 de beques i ajuts als alumnes que realitzin pr\u00e0ctiques d\u2019aprenentatge en centres de treball.<\/p>\n\n\n\n<p>Col\u00b7laborar en l\u2019adequaci\u00f3 i actualitzaci\u00f3 de les instal\u00b7lacions i material did\u00e0ctic dels centres p\u00fablics que imparteixen formaci\u00f3 professional a la comarca.<\/p>\n\n\n\n<p>Procurar la m\u00e0xima utilitzaci\u00f3 p\u00fablica de les instal\u00b7lacions i els mitjans de qu\u00e8 disposen els centres p\u00fablics, de manera que es benefici\u00efn el m\u00e0xim de ciutadans.<\/p>\n\n\n\n<p>Promoure i gestionar, si s\u2019escau, programes de formaci\u00f3 i inserci\u00f3 laboral.<\/p>\n\n\n\n<p>Promoure i fomentar la formaci\u00f3 ocupacional i cont\u00ednua dels treballadors de la comarca.<\/p>\n\n\n\n<p>Fomentar la instal\u00b7laci\u00f3 de la comarca de centres de formaci\u00f3, investigaci\u00f3 i recerca que signifiquin un suport a la formaci\u00f3 professional i a l\u2019activitat econ\u00f2mica, i tenir cura, si s\u2019escau, de la seva gesti\u00f3.<\/p>\n\n\n\n<p>Promoure l\u2019actualitzaci\u00f3 tecnol\u00f2gica del conjunt de l\u2019activitat econ\u00f2mica i professional de la comarca.<\/p>\n<\/div><\/div>\n\n\n\n<div class=\"wp-block-getwid-accordion__header-wrapper\"><span class=\"wp-block-getwid-accordion__header\"><a href=\"#\"><span class=\"wp-block-getwid-accordion__header-title\">NORMATIVA<\/span><span class=\"wp-block-getwid-accordion__icon is-active\"><i class=\"fas fa-plus\"><\/i><\/span><span class=\"wp-block-getwid-accordion__icon is-passive\"><i class=\"fas fa-minus\"><\/i><\/span><\/a><\/span><\/div><div class=\"wp-block-getwid-accordion__content-wrapper\"><div class=\"wp-block-getwid-accordion__content\">\n<p>La Fundaci\u00f3 Escola-Empresa Bernat de Vallespirans es constitueix com a Fundaci\u00f3 privada subjecte a la legislaci\u00f3 de la Generalitat de Catalunya.\u00a0<\/p>\n\n\n\n<p>La Fundaci\u00f3 es regeix pels Estatuts de la mateixa, pels acords del Patronat i per les disposicions legals que li siguin necess\u00e0riament aplicables.<\/p>\n<\/div><\/div>\n\n\n\n<div class=\"wp-block-getwid-accordion__header-wrapper\"><span class=\"wp-block-getwid-accordion__header\"><a href=\"#\"><span class=\"wp-block-getwid-accordion__header-title\">ESTATUS I N\u00daMERO DE REGISTRE DE L&#8217;ENTITAT<\/span><span class=\"wp-block-getwid-accordion__icon is-active\"><i class=\"fas fa-plus\"><\/i><\/span><span class=\"wp-block-getwid-accordion__icon is-passive\"><i class=\"fas fa-minus\"><\/i><\/span><\/a><\/span><\/div><div class=\"wp-block-getwid-accordion__content-wrapper\"><div class=\"wp-block-getwid-accordion__content\">\n<p><a href=\"https:\/\/agora.xtec.cat\/ies-brugulat\/wp-content\/uploads\/usu85\/2021\/09\/Estatuts-Fundacio-escola-empresa-Bernat-de-Vallespirans.pdf\" target=\"_blank\" rel=\"noreferrer noopener\">Consultar els estatuts de la Fundaci\u00f3 Escola-Empresa Bernat de Vallespirans<\/a><\/p>\n\n\n\n<p>Fundaci\u00f3 inscrita en el Registre de Fundacions de la Generalitat de Catalunya amb el n\u00famero 1177.<\/p>\n<\/div><\/div>\n\n\n\n<div class=\"wp-block-getwid-accordion__header-wrapper\"><span class=\"wp-block-getwid-accordion__header\"><a href=\"#\"><span class=\"wp-block-getwid-accordion__header-title\">COMPOSICI\u00d3 DELS \u00d2RGANS DE GOVERN<\/span><span class=\"wp-block-getwid-accordion__icon is-active\"><i class=\"fas fa-plus\"><\/i><\/span><span class=\"wp-block-getwid-accordion__icon is-passive\"><i class=\"fas fa-minus\"><\/i><\/span><\/a><\/span><\/div><div class=\"wp-block-getwid-accordion__content-wrapper\"><div class=\"wp-block-getwid-accordion__content\">\n<p>Els \u00f2rgans de govern de la Fundaci\u00f3 s\u00f3n el Patronat i la Junta de Govern\u00a0<\/p>\n\n\n\n<h4 class=\"wp-block-heading\">El Patronat<\/h4>\n\n\n\n<p>El Patronat \u00e9s un \u00f2rgan col\u00b7legiat de govern de la Fundaci\u00f3. Patrones i patrons exerceixen els seus c\u00e0rrecs per un termini de quatre anys i s\u00f3n reelegibles indefinidament per per\u00edodes d\u2019igual durada.<\/p>\n\n\n\n<h4 class=\"wp-block-heading\">President<\/h4>\n\n\n\n<p>Rafael Juanola Bailina<\/p>\n\n\n\n<p>Designat pel Consell Comarcal del Pla de l\u2019Estany<\/p>\n\n\n\n<h4 class=\"wp-block-heading\">Vicepresidenta<\/h4>\n\n\n\n<p>Ester Busquets Fernandez<\/p>\n\n\n\n<p>Designada pel Consell Comarcal del Pla de l\u2019Estany<\/p>\n\n\n\n<h4 class=\"wp-block-heading\">Secret\u00e0ria<\/h4>\n\n\n\n<p>Susanna Reixach Becerra<\/p>\n\n\n\n<p>Designada pels instituts del Pla de l\u2019Estany<\/p>\n\n\n\n<h4 class=\"wp-block-heading\">Tresorer<\/h4>\n\n\n\n<p>Jordi Riera Ros<\/p>\n\n\n\n<p>Designat pels instituts del Pla de l\u2019Estany<\/p>\n\n\n\n<h4 class=\"wp-block-heading\">Vocal<\/h4>\n\n\n\n<p>Joan Costa Planas<\/p>\n\n\n\n<p>Designat per les associacions d\u2019empresaris del Pla de l\u2019Estany<\/p>\n\n\n\n<h4 class=\"wp-block-heading\">Vocal<\/h4>\n\n\n\n<p>Juli\u00e0 Lozano Lozano<\/p>\n\n\n\n<p>Designat pels IES del Pla de l\u2019Estany que imparteixen cicles formatius<\/p>\n\n\n\n<h4 class=\"wp-block-heading\">Vocal<\/h4>\n\n\n\n<p>Francesc Xavier Pag\u00e8s Heras<\/p>\n\n\n\n<p>Designat per les associacions d\u2019empresaris del Pla de l\u2019Estany<\/p>\n\n\n\n<h4 class=\"wp-block-heading\">Vocal<\/h4>\n\n\n\n<p>Alexandra Riera Feixas<\/p>\n\n\n\n<p>Designada pels alumnes dels IES del Pla de l\u2019Estany<\/p>\n<\/div><\/div>\n\n\n\n<div class=\"wp-block-getwid-accordion__header-wrapper\"><span class=\"wp-block-getwid-accordion__header\"><a href=\"#\"><span class=\"wp-block-getwid-accordion__header-title\">MEM\u00d2RIA ANUAL DEL QUE S&#8217;HA FET CADA ANY<\/span><span class=\"wp-block-getwid-accordion__icon is-active\"><i class=\"fas fa-plus\"><\/i><\/span><span class=\"wp-block-getwid-accordion__icon is-passive\"><i class=\"fas fa-minus\"><\/i><\/span><\/a><\/span><\/div><div class=\"wp-block-getwid-accordion__content-wrapper\"><div class=\"wp-block-getwid-accordion__content\">\n<p>Cada any (a excepci\u00f3 del 2020 i 2021 pel tema de la pand\u00e8mia) des de la Fundaci\u00f3 organitza cursos de soldadura amb el suport de l\u2019Ajuntament de Banyoles, via Casa d\u2019oficis (treball als barris) a persones que estan a l\u2019atur o a conserges de les escoles (anys 2016, 2017, 2018 i 2019);<\/p>\n\n\n\n<p>Tamb\u00e9 ha fet aquesta formaci\u00f3 en soldadura amb la Creu Roja de Girona (projecte itineraris sociolaborals per a fam\u00edlies amb especials dificultats), any 2019;<\/p>\n<\/div><\/div>\n\n\n\n<div class=\"wp-block-getwid-accordion__header-wrapper\"><span class=\"wp-block-getwid-accordion__header\"><a href=\"#\"><span class=\"wp-block-getwid-accordion__header-title\">CONTRACTES I CONVENIS AMB ENTITATS<\/span><span class=\"wp-block-getwid-accordion__icon is-active\"><i class=\"fas fa-plus\"><\/i><\/span><span class=\"wp-block-getwid-accordion__icon is-passive\"><i class=\"fas fa-minus\"><\/i><\/span><\/a><\/span><\/div><div class=\"wp-block-getwid-accordion__content-wrapper\"><div class=\"wp-block-getwid-accordion__content\">\n<p>Conveni amb l\u2019Ajuntament de Banyoles per tal de:\u00a0<\/p>\n\n\n\n<p>Gestionar les tasques derivades de l\u2019organitzaci\u00f3 d\u2019activitats professionalitzadores i altres activitats obertes a la ciutadania (cessi\u00f3 d\u2019espais de l\u2019institut a diferents entitats de Banyoles per fer formaci\u00f3 a l\u2019institut)<\/p>\n<\/div><\/div>\n\n\n\n<div class=\"wp-block-getwid-accordion__header-wrapper\"><span class=\"wp-block-getwid-accordion__header\"><a href=\"#\"><span class=\"wp-block-getwid-accordion__header-title\">HIST\u00d2RIA DE LA FUNDACI\u00d3<\/span><span class=\"wp-block-getwid-accordion__icon is-active\"><i class=\"fas fa-plus\"><\/i><\/span><span class=\"wp-block-getwid-accordion__icon is-passive\"><i class=\"fas fa-minus\"><\/i><\/span><\/a><\/span><\/div><div class=\"wp-block-getwid-accordion__content-wrapper\"><div class=\"wp-block-getwid-accordion__content\">\n<p>El 1952 Isaac Asimov (1920-1992) va escriure una trilogia composada pels llibres: Fundaci\u00f3, Fundaci\u00f3 i imperi, i Segona Fundaci\u00f3.<\/p>\n\n\n\n<p>Poc despr\u00e9s de morir Asimov, el mar\u00e7 de 1997 naixia la Fundaci\u00f3 Bernat de Vallespirans. Per cert , Bernat de vallespirans fou abat del monestir de Sant Esteve, va atorgar&nbsp; la carta municipal a la nostra ciutat, la qual cosa va suposar una nova forma de govern del municipi, amb tres jurats i nou consellers i, per tant m\u00e9s independent del poder del monestir.<\/p>\n\n\n\n<p>De llavors en\u00e7\u00e0, podem destacar, com a la trilogia, tres etapes, la primera 1997-2007, la segona 2008- fins els nostres dies, i la tercera que ha de comen\u00e7ar quan sortim de la crisi econ\u00f2mica i de confian\u00e7a que estem patint.<\/p>\n\n\n\n<p>Doncs b\u00e9, amb aquesta hist\u00f2ria i aquest nom, la nostra Fundaci\u00f3 va n\u00e0ixer amb la finalitat de fomentar les relacions entre el m\u00f3n educatiu i les empreses, millorar les capacitacions professionals del joves, copsar les necessitats de formaci\u00f3 dels treballadors de la comarca i satisfer-les, promoure&nbsp; la col\u00b7laboraci\u00f3 dels instituts que imparteixen FP amb els gremis, associacions, empreses i professionals, optimitzar la utilitzaci\u00f3 dels espais dels centres p\u00fablics i promoure l\u2019actualitzaci\u00f3 tecnol\u00f2gica&nbsp; dels centres i del professorat.<\/p>\n\n\n\n<p>Varen esser fundadors L\u2019Associaci\u00f3 d\u2019empresaris del Pla de l\u2019Estany, el Consell Comarcal, &nbsp;l\u2019Associaci\u00f3 de Pares del nostre Institut i SEFES organitzaci\u00f3 empresarial de Catalunya. Posteriorment s\u2019hi van afegir altres patrons protectors, que en els moments de m\u00e0xima activitat de la Fundaci\u00f3 eren una vintena, Aquesta va ser la primera etapa, que va coincidir amb la reforma de la FP i la obligatorietat de fer Formaci\u00f3 en Centres de Treball,<\/p>\n\n\n\n<p>La segona etapa, la que ens toca viure ara, es caracteritza per l\u2019austeritat, les empreses no viuen un moment econ\u00f2micament favorable, la manca de liquiditat les mant\u00e9 amb l\u2019ai al cor, i la fundaci\u00f3 se\u2019n ressent. Per\u00f2 no podem oblidar que :<\/p>\n\n\n\n<ul class=\"wp-block-list\">\n<li>Des dels inicis, ha ofert m\u00e9s d\u2019un centenar de cursets que han servit per formar a m\u00e9s de 1.500 persones de la comarca.<\/li>\n\n\n\n<li>Ha facilitat les pr\u00e0ctiques a les empreses, formaci\u00f3 en centres de treball, a m\u00e9s de 1.000 alumnes de cicles formatius.<\/li>\n\n\n\n<li>Ha dotat prop de 150 beques per alumnes de formaci\u00f3 professional.<\/li>\n\n\n\n<li>Ha establert relacions amb centenars d\u2019empreses, la majoria del Pla de l\u2019Estany, per\u00f2 tamb\u00e9 de les comarques ve\u00efnes i de la resta de la prov\u00edncia.<\/li>\n\n\n\n<li>Ha facilitat la presentaci\u00f3 de productes i materials espec\u00edfics per empreses\u00a0 relacionades amb els nostres estudis : fusteria , ebenisteria, metall,\u00a0 electricitat, pneum\u00e0tica,\u2026.<\/li>\n\n\n\n<li>Ha estat present en totes les edicions de Firestany en que ha participat el nostre institut.<\/li>\n\n\n\n<li>Ha ajudat en la petici\u00f3 i consecuci\u00f3 de cicles de grau superior d\u2019Administraci\u00f3 i Finances i Manteniment d\u2019equips industrials.<\/li>\n\n\n\n<li>A aconseguit que diferents empreses de la comarca fessin donacions de material i\/o equipaments per millorar els aprenentatges de formaci\u00f3 professional.<\/li>\n<\/ul>\n\n\n\n<p>Esperem doncs, que com a la trilogia, la fundaci\u00f3 pugui reprendre la seva activitat amb el necessari suport empresarial , i pugui tornar a ser punt de refer\u00e8ncia per a l\u2019empresariat de la comarca, i el punt de trobada del mon empresarial i docent. I si aconseguim engrescar a la resta d\u2019instituts que imparteixen formaci\u00f3 professional al Pla de l\u2019Estany, treballant plegats hem de podem aconseguir donar un bon impuls als estudis professionals i donar resposta a les necessitats formatives de les empreses i treballadors. I, finalment, si podem posicionar a la comarca&nbsp; a m\u00e9s de com a lloc on es viu b\u00e9, com un lloc on s\u2019apr\u00e8n b\u00e9 i es treballa b\u00e9, haurem aconseguit un final feli\u00e7 per la nostra trilogia imagin\u00e0ria, com els llibres de l\u2019Asimov.<\/p>\n\n\n\n<p>Fundaci\u00f3 Bernat de Ballespirans.<\/p>\n<\/div><\/div>\n<\/div>\n","protected":false},"excerpt":{"rendered":"<p>En compliment de la Llei 19\/2014, del 29 de desembre, de Transpar\u00e8ncia, Acc\u00e9s a la Informaci\u00f3 P\u00fablica i Bon Govern, volem facilitar l\u2019acc\u00e9s a la ciutadania de les dades institucionals, organitzatives, econ\u00f2miques i patrimonials de l\u2019entitat.<\/p>\n","protected":false},"author":3,"featured_media":0,"parent":63,"menu_order":5,"comment_status":"closed","ping_status":"closed","template":"","meta":{"site-sidebar-layout":"default","site-content-layout":"","ast-site-content-layout":"","site-content-style":"default","site-sidebar-style":"default","ast-global-header-display":"","ast-banner-title-visibility":"","ast-main-header-display":"","ast-hfb-above-header-display":"","ast-hfb-below-header-display":"","ast-hfb-mobile-header-display":"","site-post-title":"","ast-breadcrumbs-content":"","ast-featured-img":"","footer-sml-layout":"","theme-transparent-header-meta":"","adv-header-id-meta":"","stick-header-meta":"","header-above-stick-meta":"","header-main-stick-meta":"","header-below-stick-meta":"","astra-migrate-meta-layouts":"default","ast-page-background-enabled":"default","ast-page-background-meta":{"desktop":{"background-color":"var(--ast-global-color-4)","background-image":"","background-repeat":"repeat","background-position":"center center","background-size":"auto","background-attachment":"scroll","background-type":"","background-media":"","overlay-type":"","overlay-color":"","overlay-opacity":"","overlay-gradient":""},"tablet":{"background-color":"","background-image":"","background-repeat":"repeat","background-position":"center center","background-size":"auto","background-attachment":"scroll","background-type":"","background-media":"","overlay-type":"","overlay-color":"","overlay-opacity":"","overlay-gradient":""},"mobile":{"background-color":"","background-image":"","background-repeat":"repeat","background-position":"center center","background-size":"auto","background-attachment":"scroll","background-type":"","background-media":"","overlay-type":"","overlay-color":"","overlay-opacity":"","overlay-gradient":""}},"ast-content-background-meta":{"desktop":{"background-color":"var(--ast-global-color-5)","background-image":"","background-repeat":"repeat","background-position":"center center","background-size":"auto","background-attachment":"scroll","background-type":"","background-media":"","overlay-type":"","overlay-color":"","overlay-opacity":"","overlay-gradient":""},"tablet":{"background-color":"var(--ast-global-color-5)","background-image":"","background-repeat":"repeat","background-position":"center center","background-size":"auto","background-attachment":"scroll","background-type":"","background-media":"","overlay-type":"","overlay-color":"","overlay-opacity":"","overlay-gradient":""},"mobile":{"background-color":"var(--ast-global-color-5)","background-image":"","background-repeat":"repeat","background-position":"center center","background-size":"auto","background-attachment":"scroll","background-type":"","background-media":"","overlay-type":"","overlay-color":"","overlay-opacity":"","overlay-gradient":""}},"footnotes":""},"class_list":["post-389","page","type-page","status-publish","hentry"],"post_mailing_queue_ids":[],"_links":{"self":[{"href":"https:\/\/agora.xtec.cat\/ies-brugulat\/wp-json\/wp\/v2\/pages\/389","targetHints":{"allow":["GET"]}}],"collection":[{"href":"https:\/\/agora.xtec.cat\/ies-brugulat\/wp-json\/wp\/v2\/pages"}],"about":[{"href":"https:\/\/agora.xtec.cat\/ies-brugulat\/wp-json\/wp\/v2\/types\/page"}],"author":[{"embeddable":true,"href":"https:\/\/agora.xtec.cat\/ies-brugulat\/wp-json\/wp\/v2\/users\/3"}],"replies":[{"embeddable":true,"href":"https:\/\/agora.xtec.cat\/ies-brugulat\/wp-json\/wp\/v2\/comments?post=389"}],"version-history":[{"count":6,"href":"https:\/\/agora.xtec.cat\/ies-brugulat\/wp-json\/wp\/v2\/pages\/389\/revisions"}],"predecessor-version":[{"id":26054,"href":"https:\/\/agora.xtec.cat\/ies-brugulat\/wp-json\/wp\/v2\/pages\/389\/revisions\/26054"}],"up":[{"embeddable":true,"href":"https:\/\/agora.xtec.cat\/ies-brugulat\/wp-json\/wp\/v2\/pages\/63"}],"wp:attachment":[{"href":"https:\/\/agora.xtec.cat\/ies-brugulat\/wp-json\/wp\/v2\/media?parent=389"}],"curies":[{"name":"wp","href":"https:\/\/api.w.org\/{rel}","templated":true}]}}