{"id":29309,"date":"2026-04-24T11:49:07","date_gmt":"2026-04-24T09:49:07","guid":{"rendered":"https:\/\/agora.xtec.cat\/ies-brugulat\/?page_id=29309"},"modified":"2026-04-24T11:54:53","modified_gmt":"2026-04-24T09:54:53","slug":"podcasts","status":"publish","type":"page","link":"https:\/\/agora.xtec.cat\/ies-brugulat\/brugu\/podcasts\/","title":{"rendered":"P\u00d2DCASTS"},"content":{"rendered":"\n<div class=\"wp-block-columns is-layout-flex wp-container-core-columns-is-layout-1 wp-block-columns-is-layout-flex\">\n<div class=\"wp-block-column is-layout-flow wp-block-column-is-layout-flow\">\n<figure class=\"wp-block-image size-full has-custom-border\"><a href=\"https:\/\/agora.xtec.cat\/ies-brugulat\/brugu\/podcasts\/el-primer-que-surti\/\"><img loading=\"lazy\" decoding=\"async\" width=\"1000\" height=\"1000\" src=\"https:\/\/agora.xtec.cat\/ies-brugulat\/wp-content\/uploads\/usu85\/2026\/04\/Disseny-sense-titol-1.png\" alt=\"\" class=\"wp-image-29310\" style=\"border-radius:10px\" srcset=\"https:\/\/agora.xtec.cat\/ies-brugulat\/wp-content\/uploads\/usu85\/2026\/04\/Disseny-sense-titol-1.png 1000w, https:\/\/agora.xtec.cat\/ies-brugulat\/wp-content\/uploads\/usu85\/2026\/04\/Disseny-sense-titol-1-300x300.png 300w, https:\/\/agora.xtec.cat\/ies-brugulat\/wp-content\/uploads\/usu85\/2026\/04\/Disseny-sense-titol-1-150x150.png 150w, https:\/\/agora.xtec.cat\/ies-brugulat\/wp-content\/uploads\/usu85\/2026\/04\/Disseny-sense-titol-1-768x768.png 768w\" sizes=\"auto, (max-width: 1000px) 100vw, 1000px\" \/><\/a><\/figure>\n<\/div>\n\n\n\n<div class=\"wp-block-column is-layout-flow wp-block-column-is-layout-flow\">\n<p>\u201cEl primer que surti&#8221; \u00e9s el p\u00f2dcast dels estudiants de les mat\u00e8ries optatives de primer de batxillerat. Des de mirades tan diferents com la cient\u00edfica, la musical, la social o la liter\u00e0ria, reflexionem sobre un mateix tema que \u00e9s alhora pretext i eix articulador de totes les intervencions.<\/p>\n<\/div>\n<\/div>\n","protected":false},"excerpt":{"rendered":"<p>\u201cEl primer que surti&#8221; \u00e9s el p\u00f2dcast dels estudiants de les mat\u00e8ries optatives de primer de batxillerat. Des de mirades tan diferents com la cient\u00edfica, la musical, la social o la liter\u00e0ria, reflexionem sobre un mateix tema que \u00e9s alhora pretext i eix articulador de totes les intervencions.<\/p>\n","protected":false},"author":5,"featured_media":0,"parent":1030,"menu_order":6,"comment_status":"closed","ping_status":"closed","template":"","meta":{"site-sidebar-layout":"default","site-content-layout":"","ast-site-content-layout":"default","site-content-style":"default","site-sidebar-style":"default","ast-global-header-display":"","ast-banner-title-visibility":"","ast-main-header-display":"","ast-hfb-above-header-display":"","ast-hfb-below-header-display":"","ast-hfb-mobile-header-display":"","site-post-title":"","ast-breadcrumbs-content":"","ast-featured-img":"","footer-sml-layout":"","theme-transparent-header-meta":"","adv-header-id-meta":"","stick-header-meta":"","header-above-stick-meta":"","header-main-stick-meta":"","header-below-stick-meta":"","astra-migrate-meta-layouts":"set","ast-page-background-enabled":"default","ast-page-background-meta":{"desktop":{"background-color":"var(--ast-global-color-4)","background-image":"","background-repeat":"repeat","background-position":"center center","background-size":"auto","background-attachment":"scroll","background-type":"","background-media":"","overlay-type":"","overlay-color":"","overlay-opacity":"","overlay-gradient":""},"tablet":{"background-color":"","background-image":"","background-repeat":"repeat","background-position":"center center","background-size":"auto","background-attachment":"scroll","background-type":"","background-media":"","overlay-type":"","overlay-color":"","overlay-opacity":"","overlay-gradient":""},"mobile":{"background-color":"","background-image":"","background-repeat":"repeat","background-position":"center center","background-size":"auto","background-attachment":"scroll","background-type":"","background-media":"","overlay-type":"","overlay-color":"","overlay-opacity":"","overlay-gradient":""}},"ast-content-background-meta":{"desktop":{"background-color":"var(--ast-global-color-5)","background-image":"","background-repeat":"repeat","background-position":"center center","background-size":"auto","background-attachment":"scroll","background-type":"","background-media":"","overlay-type":"","overlay-color":"","overlay-opacity":"","overlay-gradient":""},"tablet":{"background-color":"var(--ast-global-color-5)","background-image":"","background-repeat":"repeat","background-position":"center center","background-size":"auto","background-attachment":"scroll","background-type":"","background-media":"","overlay-type":"","overlay-color":"","overlay-opacity":"","overlay-gradient":""},"mobile":{"background-color":"var(--ast-global-color-5)","background-image":"","background-repeat":"repeat","background-position":"center center","background-size":"auto","background-attachment":"scroll","background-type":"","background-media":"","overlay-type":"","overlay-color":"","overlay-opacity":"","overlay-gradient":""}},"footnotes":""},"class_list":["post-29309","page","type-page","status-publish","hentry"],"post_mailing_queue_ids":[],"_links":{"self":[{"href":"https:\/\/agora.xtec.cat\/ies-brugulat\/wp-json\/wp\/v2\/pages\/29309","targetHints":{"allow":["GET"]}}],"collection":[{"href":"https:\/\/agora.xtec.cat\/ies-brugulat\/wp-json\/wp\/v2\/pages"}],"about":[{"href":"https:\/\/agora.xtec.cat\/ies-brugulat\/wp-json\/wp\/v2\/types\/page"}],"author":[{"embeddable":true,"href":"https:\/\/agora.xtec.cat\/ies-brugulat\/wp-json\/wp\/v2\/users\/5"}],"replies":[{"embeddable":true,"href":"https:\/\/agora.xtec.cat\/ies-brugulat\/wp-json\/wp\/v2\/comments?post=29309"}],"version-history":[{"count":3,"href":"https:\/\/agora.xtec.cat\/ies-brugulat\/wp-json\/wp\/v2\/pages\/29309\/revisions"}],"predecessor-version":[{"id":29314,"href":"https:\/\/agora.xtec.cat\/ies-brugulat\/wp-json\/wp\/v2\/pages\/29309\/revisions\/29314"}],"up":[{"embeddable":true,"href":"https:\/\/agora.xtec.cat\/ies-brugulat\/wp-json\/wp\/v2\/pages\/1030"}],"wp:attachment":[{"href":"https:\/\/agora.xtec.cat\/ies-brugulat\/wp-json\/wp\/v2\/media?parent=29309"}],"curies":[{"name":"wp","href":"https:\/\/api.w.org\/{rel}","templated":true}]}}