{"id":29204,"date":"2026-04-21T11:37:13","date_gmt":"2026-04-21T09:37:13","guid":{"rendered":"https:\/\/agora.xtec.cat\/ies-brugulat\/?page_id=29204"},"modified":"2026-04-21T11:42:34","modified_gmt":"2026-04-21T09:42:34","slug":"cfps-preinscripcio-i-matriculacio-26-27","status":"publish","type":"page","link":"https:\/\/agora.xtec.cat\/ies-brugulat\/secretaria\/preinscripcio-i-matricula-26-27\/cfps-preinscripcio-i-matriculacio-26-27\/","title":{"rendered":"CFPS &#8211; PREINSCRIPCI\u00d3 I MATRICULACI\u00d3 26-27"},"content":{"rendered":"\n<div style=\"height:30px\" aria-hidden=\"true\" class=\"wp-block-spacer\"><\/div>\n\n\n\n<h2 class=\"wp-block-heading\">PORTES OBERTES<\/h2>\n\n\n\n<div class=\"wp-block-media-text is-stacked-on-mobile\" style=\"border-radius:10px;grid-template-columns:20% auto\"><figure class=\"wp-block-media-text__media\"><a href=\"https:\/\/sites.google.com\/insbrugulat.cat\/portes-obertes-fp-2024\/p%C3%A0gina-principal?authuser=0\" target=\"_blank\" rel=\" noreferrer noopener\"><img loading=\"lazy\" decoding=\"async\" width=\"377\" height=\"377\" src=\"https:\/\/agora.xtec.cat\/ies-brugulat\/wp-content\/uploads\/usu85\/2026\/04\/JPO-FP-26-1-2-2.gif\" alt=\"\" class=\"wp-image-29191 size-full\"\/><\/a><\/figure><div class=\"wp-block-media-text__content\">\n<p><\/p>\n<\/div><\/div>\n\n\n\n<div style=\"height:30px\" aria-hidden=\"true\" class=\"wp-block-spacer\"><\/div>\n\n\n\n<h2 class=\"wp-block-heading\">PREINSCRIPCI\u00d3<\/h2>\n\n\n\n<div class=\"wp-block-columns is-layout-flex wp-container-core-columns-is-layout-2 wp-block-columns-is-layout-flex\" style=\"margin-top:0px;margin-bottom:0px;padding-top:0px;padding-right:0px;padding-bottom:0px;padding-left:0px\">\n<div class=\"wp-block-column is-layout-flow wp-block-column-is-layout-flow\" style=\"flex-basis:25%\">\n<figure class=\"wp-block-image size-full has-custom-border\"><a href=\"https:\/\/preinscripcio.gencat.cat\/ca\/estudis\/fp-grau-superior\/inici\/\" target=\"_blank\" rel=\" noreferrer noopener\"><img loading=\"lazy\" decoding=\"async\" width=\"261\" height=\"260\" src=\"https:\/\/agora.xtec.cat\/ies-brugulat\/wp-content\/uploads\/usu85\/2026\/04\/CFPS.jpg\" alt=\"\" class=\"wp-image-29205\" style=\"border-radius:10px\" srcset=\"https:\/\/agora.xtec.cat\/ies-brugulat\/wp-content\/uploads\/usu85\/2026\/04\/CFPS.jpg 261w, https:\/\/agora.xtec.cat\/ies-brugulat\/wp-content\/uploads\/usu85\/2026\/04\/CFPS-150x150.jpg 150w\" sizes=\"auto, (max-width: 261px) 100vw, 261px\" \/><\/a><\/figure>\n<\/div>\n\n\n\n<div class=\"wp-block-column is-layout-flow wp-block-column-is-layout-flow\" style=\"flex-basis:66.66%\">\n<p>Consulta la informaci\u00f3 relativa a la preinscripci\u00f3 al grau superior de formaci\u00f3 professional la p\u00e0gina web del <a href=\"https:\/\/preinscripcio.gencat.cat\/ca\/estudis\/fp-grau-superior\/inici\/\" target=\"_blank\" rel=\"noreferrer noopener\">Departament d&#8217;Educaci\u00f3 i Formaci\u00f3 Professional.<\/a><\/p>\n\n\n\n<p>El proc\u00e9s de preinscripci\u00f3&nbsp;<strong>s<\/strong><strong>&#8216;<\/strong><strong>inicia a finals de maig i acaba amb la formalitzaci\u00f3 de la matr\u00edcula, a finals de juliol<\/strong><strong>.<\/strong><\/p>\n\n\n\n<p><strong>Durant tot aquest temps, hi ha dates i terminis associats a actuacions clau&nbsp;<\/strong>que has de tenir presents, ja que determinen l&#8217;assignaci\u00f3 final de places als centres educatius.<\/p>\n\n\n\n<hr class=\"wp-block-separator has-alpha-channel-opacity\"\/>\n\n\n\n<p>Pots consultar les notes de tall del curs passat i fer un simulacre de la preinscripci\u00f3 en els seg\u00fcents enlla\u00e7os:<\/p>\n\n\n\n<figure class=\"wp-block-image size-full has-custom-border\"><a href=\"https:\/\/preinscripcio.gencat.cat\/ca\/estudis\/fp-grau-superior\/informat\/consulta-notes-tall\/\" target=\"_blank\" rel=\" noreferrer noopener\"><img loading=\"lazy\" decoding=\"async\" width=\"555\" height=\"72\" src=\"https:\/\/agora.xtec.cat\/ies-brugulat\/wp-content\/uploads\/usu85\/2026\/04\/image-3.png\" alt=\"\" class=\"wp-image-29194\" style=\"border-radius:10px\" srcset=\"https:\/\/agora.xtec.cat\/ies-brugulat\/wp-content\/uploads\/usu85\/2026\/04\/image-3.png 555w, https:\/\/agora.xtec.cat\/ies-brugulat\/wp-content\/uploads\/usu85\/2026\/04\/image-3-300x39.png 300w\" sizes=\"auto, (max-width: 555px) 100vw, 555px\" \/><\/a><\/figure>\n\n\n\n<figure class=\"wp-block-image size-full has-custom-border\"><a href=\"https:\/\/preinscripcio.gencat.cat\/ca\/estudis\/fp-grau-superior\/informat\/fes-simulacre\/\" target=\"_blank\" rel=\" noreferrer noopener\"><img loading=\"lazy\" decoding=\"async\" width=\"553\" height=\"72\" src=\"https:\/\/agora.xtec.cat\/ies-brugulat\/wp-content\/uploads\/usu85\/2026\/04\/image-4.png\" alt=\"\" class=\"wp-image-29195\" style=\"border-radius:10px\" srcset=\"https:\/\/agora.xtec.cat\/ies-brugulat\/wp-content\/uploads\/usu85\/2026\/04\/image-4.png 553w, https:\/\/agora.xtec.cat\/ies-brugulat\/wp-content\/uploads\/usu85\/2026\/04\/image-4-300x39.png 300w\" sizes=\"auto, (max-width: 553px) 100vw, 553px\" \/><\/a><\/figure>\n\n\n\n<hr class=\"wp-block-separator has-alpha-channel-opacity\"\/>\n\n\n\n<div class=\"wp-block-getwid-accordion has-icon-left\" data-active-element=\"none\">\n<div class=\"wp-block-getwid-accordion__header-wrapper\"><span class=\"wp-block-getwid-accordion__header\"><a href=\"#\"><span class=\"wp-block-getwid-accordion__header-title\">CRITERIS DE PRIORITAT<\/span><span class=\"wp-block-getwid-accordion__icon is-active\"><i class=\"fas fa-plus\"><\/i><\/span><span class=\"wp-block-getwid-accordion__icon is-passive\"><i class=\"fas fa-minus\"><\/i><\/span><\/a><\/span><\/div><div class=\"wp-block-getwid-accordion__content-wrapper\"><div class=\"wp-block-getwid-accordion__content\">\n<p>Els centres educatius de Catalunya ofereixen una quantitat limitada de places. Si el nombre de sol\u00b7licituds que s&#8217;han fet per a un ensenyament i centre determinat \u00e9s superior al nombre de places que ofereix aquest centre, pot passar que algun dels alumnes que l&#8217;h\u00e0giu triat no hi obtingueu pla\u00e7a.<\/p>\n\n\n\n<p>Per tant, com que alguns centres tenen una demanda d&#8217;inscripcions superior al nombre de matr\u00edcules que poden oferir, \u00e9s important que facis constar, en la sol\u00b7licitud, el m\u00e0xim nombre de centres que s&#8217;ajusten a les teves prioritats, fins a un total de 10, ordenats segons les teves prefer\u00e8ncies.<\/p>\n\n\n\n<p>Les sol\u00b7licituds de preinscripci\u00f3 a la formaci\u00f3 professional de grau superior s&#8217;ordenen, en primer lloc, segons les diferents&nbsp;<strong>vies d&#8217;acc\u00e9s<\/strong>&nbsp;a aquests cicles i, dins de cada via, segons les&nbsp;<strong>prioritats espec\u00edfiques<\/strong>, si n&#8217;hi ha. A continuaci\u00f3, en funci\u00f3 de la qualificaci\u00f3 mitjana que cada alumne\/a ha obtingut en estudis, proves o cursos, de manera decreixent i, finalment, l&#8217;ordre en qu\u00e8 l&#8217;alumne\/a ha definit els cicles en la sol\u00b7licitud. L&#8217;ordenaci\u00f3 de les sol\u00b7licituds es diferent per a cada via d&#8217;acc\u00e9s.<\/p>\n\n\n\n<p>Hi ha 3 vies per accedir a les places a cicles formatius de grau superior:<\/p>\n\n\n\n<ol class=\"wp-block-list\">\n<li><strong>Un 80 % de les places<\/strong>&nbsp;es reserven per a la&nbsp;<strong>via del batxillerat i t\u00e8cnic\/a de formaci\u00f3 professional<\/strong>. Del total de places d&#8217;aquesta via, el 50 % estan inicialment destinades per als que heu cursat batxillerat, i, el 50 % dedicades als que heu cursat un t\u00edtol de t\u00e8cnic\/a de formaci\u00f3 professional. En el cas que no s&#8217;omplin totes les vacants es destinen a l&#8217;altre grup de sol\u00b7licituds.<br><br>En aquesta primera via, s\u00f3n priorit\u00e0ries les sol\u00b7licituds de les persones que heu acabat (o acabareu) els estudis els cursos 2023-2024, 2024-2025 i 2025-2026, respecte de les persones que els heu acabat en cursos anteriors.<br><br>Una vegada diferenciades les sol\u00b7licituds en funci\u00f3 dels estudis previs i del curs acad\u00e8mic en qu\u00e8 els heu finalitzat, les peticions dins les sol\u00b7licituds s&#8217;ordenen a partir de la&nbsp;<strong>nota d&#8217;acc\u00e9s<\/strong>.<br><br>En general, la&nbsp;<strong>nota d&#8217;acc\u00e9s<\/strong>&nbsp;\u00e9s la qualificaci\u00f3 del batxillerat o cicle de grau mitj\u00e0 que s&#8217;al\u00b7lega per accedir. Ara b\u00e9, si la modalitat de batxillerat cursada \u00e9s preferent per accedir al t\u00edtol que es vol cursar, segons la&nbsp;<a href=\"https:\/\/triaeducativa.gencat.cat\/ca\/batxillerat\/prioritat-admissio-fp-gs\/\" target=\"_blank\" rel=\"noreferrer noopener\">taula de modalitats preferents de batxillerat<\/a>, d&#8217;una banda, o si el cicle de grau mitj\u00e0 cursat \u00e9s d&#8217;una fam\u00edlia af\u00ed al t\u00edtol que es vol cursar, segons la&nbsp;<a href=\"https:\/\/triaeducativa.gencat.cat\/ca\/fp\/afinitat-families-professionals\/\" target=\"_blank\" rel=\"noreferrer noopener\">taula d&#8217;afinitats de les fam\u00edlies professionals<\/a>, de l&#8217;altra, la&nbsp;<strong>nota d&#8217;acc\u00e9s<\/strong>&nbsp;\u00e9s el resultat de multiplicar la qualificaci\u00f3 mitjana obtinguda en els estudis previs per un par\u00e0metre (1,7). Aix\u00ed la&nbsp;<strong>nota d&#8217;acc\u00e9s<\/strong>&nbsp;pot ser diferent per a cada petici\u00f3 de la sol\u00b7licitud, en funci\u00f3 de si es t\u00e9 acc\u00e9s preferent per modalitat de batxillerat o per fam\u00edlia af\u00ed.<br><br>Cada petici\u00f3 t\u00e9 la seva&nbsp;<strong>nota d&#8217;acc\u00e9s<\/strong>&nbsp;calculada i s&#8217;assignar\u00e0 o no en funci\u00f3 de la nota de tall del batxillerat o t\u00e8cnic\/a de formaci\u00f3 professional que correspongui per al cicle demanat i de si la petici\u00f3 s&#8217;ha llistat com a m\u00e9s o menys priorit\u00e0ria en la sol\u00b7licitud.<br><\/li>\n\n\n\n<li>Per a la via de la prova d&#8217;acc\u00e9s (o exempci\u00f3) o que tenen altres titulacions que hi permeten accedir, es fa una reserva de places del 15 %.<br><\/li>\n\n\n\n<li>Per a la via del t\u00edtol de de t\u00e8cnic\/a superior de formaci\u00f3 professional es reserva un 5 % de les places.<br><br>En les&nbsp;<strong>places reservades a les vies 2 i 3<\/strong>, les sol\u00b7licituds s&#8217;assignen en funci\u00f3 de la qualificaci\u00f3 mitjana de la prova, el curs o els estudis previs que donen acc\u00e9s i tamb\u00e9 en funci\u00f3 de si la petici\u00f3 s&#8217;ha llistat com a m\u00e9s o menys priorit\u00e0ria en la sol\u00b7licitud de preinscripci\u00f3.<br>Per als casos en qu\u00e8 es produeixen situacions d&#8217;empat, a cada sol\u00b7licitud s&#8217;atorga un n\u00famero de forma aleat\u00f2ria. En la data assenyalada en el calendari, s&#8217;obt\u00e9 un n\u00famero per sorteig, i a partir d&#8217;aquest n\u00famero s&#8217;ordenen les sol\u00b7licituds empatades.<br>Finalment, cal tenir en compte que si per alguna de les 3 vies d&#8217;acc\u00e9s no s&#8217;ocupen totes les places reservades corresponents, les vacants es reparteixen a la resta de les vies de manera proporcional.<\/li>\n<\/ol>\n\n\n\n<p><strong>Acc\u00e9s amb certificats de professionalitat:<\/strong>  <br>A m\u00e9s, es fa una reserva de 3 places per grup per a les persones que han obtingut un o diversos certificats de professionalitat integrats en el cicle formatiu a qu\u00e8 es demana accedir per cursar els m\u00f2duls que els permetin finalitzar el cicle. Les sol\u00b7licituds s\u2019ordenen per la qualificaci\u00f3 obtinguda en el certificat de professionalitat, de manera decreixent i, en cas d\u2019empat s\u2019aplica tamb\u00e9 el resultat del sorteig.<\/p>\n<\/div><\/div>\n<\/div>\n\n\n\n<hr class=\"wp-block-separator has-alpha-channel-opacity\"\/>\n\n\n\n<h4 class=\"wp-block-heading\"><strong>CALENDARI, LLISTES I DOCUMENTS:<\/strong><\/h4>\n\n\n\n<p>El proc\u00e9s de preinscripci\u00f3 es fa telem\u00e0ticament a trav\u00e9s de la p\u00e0gina web del <a href=\"https:\/\/preinscripcio.gencat.cat\/ca\/estudis\/fp-grau-superior\/inici\/\" target=\"_blank\" rel=\"noreferrer noopener\">Departament d&#8217;educaci\u00f3 i formaci\u00f3 professional<\/a>:<\/p>\n\n\n\n<p><\/p>\n\n\n\n<blockquote class=\"wp-block-quote is-style-default has-white-background-color has-background is-layout-flow wp-block-quote-is-layout-flow\" style=\"border-width:1px;border-radius:10px\">\n<p><strong>22 maig. <\/strong>Oferta inicial<\/p>\n<\/blockquote>\n\n\n\n<blockquote class=\"wp-block-quote has-white-background-color has-background is-layout-flow wp-block-quote-is-layout-flow\" style=\"border-width:1px;border-radius:10px\">\n<p class=\"has-black-color has-text-color has-link-color wp-elements-8d160cd3d2957ba30df00811734b5593\"><strong>26 maig &#8211; 1 juny. <\/strong>Presentaci\u00f3 de la sol\u00b7licitud de preinscripci\u00f3 (presentaci\u00f3 de documentaci\u00f3 fins el 2 de juny)<\/p>\n\n\n\n<div class=\"wp-block-columns is-layout-flex wp-container-core-columns-is-layout-1 wp-block-columns-is-layout-flex\">\n<div class=\"wp-block-column has-white-background-color has-background is-layout-flow wp-block-column-is-layout-flow\">\n<figure class=\"wp-block-image size-full has-custom-border\"><a href=\"https:\/\/preinscripcio.gencat.cat\/ca\/estudis\/fp-grau-superior\/informat\/prepara-documentacio\/\" target=\"_blank\" rel=\" noreferrer noopener\"><img loading=\"lazy\" decoding=\"async\" width=\"517\" height=\"113\" src=\"https:\/\/agora.xtec.cat\/ies-brugulat\/wp-content\/uploads\/usu85\/2026\/03\/image-11.png\" alt=\"\" class=\"wp-image-28432\" style=\"border-radius:10px;box-shadow:var(--wp--preset--shadow--natural)\" srcset=\"https:\/\/agora.xtec.cat\/ies-brugulat\/wp-content\/uploads\/usu85\/2026\/03\/image-11.png 517w, https:\/\/agora.xtec.cat\/ies-brugulat\/wp-content\/uploads\/usu85\/2026\/03\/image-11-300x66.png 300w\" sizes=\"auto, (max-width: 517px) 100vw, 517px\" \/><\/a><\/figure>\n<\/div>\n\n\n\n<div class=\"wp-block-column is-layout-flow wp-block-column-is-layout-flow\">\n<figure class=\"wp-block-image size-full has-custom-border\"><a href=\"https:\/\/tramits.gencat.cat\/ca\/tramits\/tramits-temes\/preinscripcio-fp-gs\" target=\"_blank\" rel=\" noreferrer noopener\"><img loading=\"lazy\" decoding=\"async\" width=\"349\" height=\"112\" src=\"https:\/\/agora.xtec.cat\/ies-brugulat\/wp-content\/uploads\/usu85\/2026\/04\/sollicitud.jpg\" alt=\"\" class=\"wp-image-29207\" style=\"border-radius:10px;box-shadow:var(--wp--preset--shadow--natural)\" srcset=\"https:\/\/agora.xtec.cat\/ies-brugulat\/wp-content\/uploads\/usu85\/2026\/04\/sollicitud.jpg 349w, https:\/\/agora.xtec.cat\/ies-brugulat\/wp-content\/uploads\/usu85\/2026\/04\/sollicitud-300x96.jpg 300w\" sizes=\"auto, (max-width: 349px) 100vw, 349px\" \/><\/a><\/figure>\n<\/div>\n<\/div>\n<\/blockquote>\n\n\n\n<blockquote class=\"wp-block-quote is-layout-flow wp-block-quote-is-layout-flow\" style=\"border-width:1px;border-radius:10px\">\n<p class=\"has-black-color has-text-color has-link-color wp-elements-af91aee1f281a44678cfe564c15eeb18\"><strong>29 juny. <\/strong>Llista de sol\u00b7licituds amb la puntuaci\u00f3 provisional<\/p>\n<\/blockquote>\n\n\n\n<blockquote class=\"wp-block-quote is-layout-flow wp-block-quote-is-layout-flow\" style=\"border-width:1px;border-radius:10px\">\n<p class=\"has-black-color has-text-color has-link-color wp-elements-0ed73b17c4e89605b3ca58bfd89231aa\"><strong>29 juny &#8211; 2 juliol.<\/strong> Presentaci\u00f3 de reclamacions<\/p>\n<\/blockquote>\n\n\n\n<blockquote class=\"wp-block-quote is-layout-flow wp-block-quote-is-layout-flow\" style=\"border-width:1px;border-radius:10px\">\n<p class=\"has-black-color has-text-color has-link-color wp-elements-c062b04a5e47c2e690832f4edabcb973\"><strong>6 juliol (11:00). <\/strong>Sorteig del n\u00famero de desempat<\/p>\n<\/blockquote>\n\n\n\n<blockquote class=\"wp-block-quote is-layout-flow wp-block-quote-is-layout-flow\" style=\"border-width:1px;border-radius:10px\">\n<p class=\"has-black-color has-text-color has-link-color wp-elements-921b3b277d9bfbb12f0f25f09fae4bf3\"><strong>7 juliol<\/strong>. Llista de sol\u00b7licituds amb la puntuaci\u00f3 definitiva un cop resoltes les reclamacions<\/p>\n<\/blockquote>\n\n\n\n<blockquote class=\"wp-block-quote is-layout-flow wp-block-quote-is-layout-flow\" style=\"border-width:1px;border-radius:10px\">\n<p class=\"has-black-color has-text-color has-link-color wp-elements-01961a11061e2fdb7e8222a63c8aa733\"><strong>10 juliol<\/strong>. <\/p>\n\n\n\n<ul class=\"wp-block-list\">\n<li>Oferta final de places<\/li>\n\n\n\n<li>Llista de places assignades de la <strong>primera <\/strong>tanda, amb indicaci\u00f3 de la petici\u00f3 atesa de l&#8217;alumne\/a.<\/li>\n<\/ul>\n<\/blockquote>\n\n\n\n<blockquote class=\"wp-block-quote is-layout-flow wp-block-quote-is-layout-flow\" style=\"border-width:1px;border-radius:10px\">\n<p class=\"has-black-color has-text-color has-link-color wp-elements-3881f03ef57fafa65f9eecc7fb7dcd13\"><strong>10 &#8211; 14 juliol.<\/strong> Confirma la matr\u00edcula, millora l&#8217;assignaci\u00f3 o renuncia a la pla\u00e7a assignada<\/p>\n<\/blockquote>\n\n\n\n<blockquote class=\"wp-block-quote is-layout-flow wp-block-quote-is-layout-flow\" style=\"border-width:1px;border-radius:10px\">\n<p class=\"has-black-color has-text-color has-link-color wp-elements-b977a98bc8f28135b10af8d5f58bfa97\"><strong>24 juliol.<\/strong> Llista de places assignades en la <strong>segona<\/strong> tanda d&#8217;assignaci\u00f3 i en la proposta d&#8217;assignaci\u00f3<\/p>\n<\/blockquote>\n\n\n\n<blockquote class=\"wp-block-quote is-layout-flow wp-block-quote-is-layout-flow\" style=\"border-width:1px;border-radius:10px\">\n<p class=\"has-black-color has-text-color has-link-color wp-elements-49fef5639730c8c72cc6790dcf36f141\"><strong>24 &#8211; 28 juliol.<\/strong> Confirma la matr\u00edcula o renuncia a la pla\u00e7a assignada<\/p>\n<\/blockquote>\n\n\n\n<p class=\"has-black-color has-text-color has-link-color wp-elements-9ac00cf961d1ea846fe5a532228b76c6\"><\/p>\n\n\n\n<p class=\"has-cyan-bluish-gray-color has-text-color has-link-color wp-elements-6c5da5ad5c0c7d23114e2fd94063cc6c\"><\/p>\n<\/div>\n<\/div>\n\n\n\n<div style=\"height:30px\" aria-hidden=\"true\" class=\"wp-block-spacer\"><\/div>\n\n\n\n<h2 class=\"wp-block-heading\">MATR\u00cdCULA<\/h2>\n\n\n\n<div class=\"wp-block-columns is-layout-flex wp-container-core-columns-is-layout-3 wp-block-columns-is-layout-flex\" style=\"margin-top:0px;margin-bottom:0px;padding-top:0px;padding-right:0px;padding-bottom:0px;padding-left:0px\">\n<div class=\"wp-block-column is-layout-flow wp-block-column-is-layout-flow\" style=\"flex-basis:25%\"><\/div>\n\n\n\n<div class=\"wp-block-column is-layout-flow wp-block-column-is-layout-flow\" style=\"flex-basis:66.66%\">\n<p>PROPERAMENT ACTUALITZAREM LA INFORMACI\u00d3<\/p>\n\n\n\n<p><strong>Un cop confirmada la matr\u00edcula en l\u00ednia en el proc\u00e9s de preinscripci\u00f3 sempre ha de completar la matr\u00edcula adre\u00e7ant-se a la secretaria del centre:<\/strong><\/p>\n\n\n\n<blockquote class=\"wp-block-quote is-layout-flow wp-block-quote-is-layout-flow\" style=\"border-width:1px;border-radius:10px\">\n<p class=\"has-black-color has-text-color has-link-color wp-elements-9853c7407af04aad057aeb43b0529fb1\"><strong>10 &#8211; 16 juliol (14h).<\/strong> Per\u00edode per completar la matr\u00edcula al centre (<strong>primera <\/strong>tanda)<\/p>\n<\/blockquote>\n\n\n\n<blockquote class=\"wp-block-quote is-layout-flow wp-block-quote-is-layout-flow\" style=\"border-width:1px;border-radius:10px\">\n<p class=\"has-black-color has-text-color has-link-color wp-elements-cd76eb7f3fc82771cc1de3ab1a28955b\"><strong>24 &#8211; 29 juliol.<\/strong> Per\u00edode per completar la matr\u00edcula al centre (<strong>segona<\/strong> tanda)<\/p>\n<\/blockquote>\n<\/div>\n<\/div>\n\n\n\n<div style=\"height:30px\" aria-hidden=\"true\" class=\"wp-block-spacer\"><\/div>\n\n\n\n<p><\/p>\n","protected":false},"excerpt":{"rendered":"<p>PORTES OBERTES PREINSCRIPCI\u00d3 Consulta la informaci\u00f3 relativa a la preinscripci\u00f3 al grau superior de formaci\u00f3 professional la p\u00e0gina web del Departament d&#8217;Educaci\u00f3 i Formaci\u00f3 Professional. El proc\u00e9s de preinscripci\u00f3&nbsp;s&#8216;inicia a finals de maig i acaba amb la formalitzaci\u00f3 de la matr\u00edcula, a finals de juliol. Durant tot aquest temps, hi ha dates i terminis associats [&hellip;]<\/p>\n","protected":false},"author":6,"featured_media":0,"parent":27861,"menu_order":0,"comment_status":"closed","ping_status":"close","template":"","meta":{"site-sidebar-layout":"default","site-content-layout":"","ast-site-content-layout":"default","site-content-style":"default","site-sidebar-style":"default","ast-global-header-display":"","ast-banner-title-visibility":"","ast-main-header-display":"","ast-hfb-above-header-display":"","ast-hfb-below-header-display":"","ast-hfb-mobile-header-display":"","site-post-title":"","ast-breadcrumbs-content":"","ast-featured-img":"","footer-sml-layout":"","theme-transparent-header-meta":"","adv-header-id-meta":"","stick-header-meta":"","header-above-stick-meta":"","header-main-stick-meta":"","header-below-stick-meta":"","astra-migrate-meta-layouts":"set","ast-page-background-enabled":"default","ast-page-background-meta":{"desktop":{"background-color":"var(--ast-global-color-4)","background-image":"","background-repeat":"repeat","background-position":"center center","background-size":"auto","background-attachment":"scroll","background-type":"","background-media":"","overlay-type":"","overlay-color":"","overlay-opacity":"","overlay-gradient":""},"tablet":{"background-color":"","background-image":"","background-repeat":"repeat","background-position":"center center","background-size":"auto","background-attachment":"scroll","background-type":"","background-media":"","overlay-type":"","overlay-color":"","overlay-opacity":"","overlay-gradient":""},"mobile":{"background-color":"","background-image":"","background-repeat":"repeat","background-position":"center center","background-size":"auto","background-attachment":"scroll","background-type":"","background-media":"","overlay-type":"","overlay-color":"","overlay-opacity":"","overlay-gradient":""}},"ast-content-background-meta":{"desktop":{"background-color":"var(--ast-global-color-5)","background-image":"","background-repeat":"repeat","background-position":"center center","background-size":"auto","background-attachment":"scroll","background-type":"","background-media":"","overlay-type":"","overlay-color":"","overlay-opacity":"","overlay-gradient":""},"tablet":{"background-color":"var(--ast-global-color-5)","background-image":"","background-repeat":"repeat","background-position":"center center","background-size":"auto","background-attachment":"scroll","background-type":"","background-media":"","overlay-type":"","overlay-color":"","overlay-opacity":"","overlay-gradient":""},"mobile":{"background-color":"var(--ast-global-color-5)","background-image":"","background-repeat":"repeat","background-position":"center center","background-size":"auto","background-attachment":"scroll","background-type":"","background-media":"","overlay-type":"","overlay-color":"","overlay-opacity":"","overlay-gradient":""}},"footnotes":""},"class_list":["post-29204","page","type-page","status-publish","hentry"],"post_mailing_queue_ids":[],"_links":{"self":[{"href":"https:\/\/agora.xtec.cat\/ies-brugulat\/wp-json\/wp\/v2\/pages\/29204","targetHints":{"allow":["GET"]}}],"collection":[{"href":"https:\/\/agora.xtec.cat\/ies-brugulat\/wp-json\/wp\/v2\/pages"}],"about":[{"href":"https:\/\/agora.xtec.cat\/ies-brugulat\/wp-json\/wp\/v2\/types\/page"}],"author":[{"embeddable":true,"href":"https:\/\/agora.xtec.cat\/ies-brugulat\/wp-json\/wp\/v2\/users\/6"}],"replies":[{"embeddable":true,"href":"https:\/\/agora.xtec.cat\/ies-brugulat\/wp-json\/wp\/v2\/comments?post=29204"}],"version-history":[{"count":3,"href":"https:\/\/agora.xtec.cat\/ies-brugulat\/wp-json\/wp\/v2\/pages\/29204\/revisions"}],"predecessor-version":[{"id":29213,"href":"https:\/\/agora.xtec.cat\/ies-brugulat\/wp-json\/wp\/v2\/pages\/29204\/revisions\/29213"}],"up":[{"embeddable":true,"href":"https:\/\/agora.xtec.cat\/ies-brugulat\/wp-json\/wp\/v2\/pages\/27861"}],"wp:attachment":[{"href":"https:\/\/agora.xtec.cat\/ies-brugulat\/wp-json\/wp\/v2\/media?parent=29204"}],"curies":[{"name":"wp","href":"https:\/\/api.w.org\/{rel}","templated":true}]}}