{"id":28704,"date":"2026-03-26T18:17:38","date_gmt":"2026-03-26T17:17:38","guid":{"rendered":"https:\/\/agora.xtec.cat\/ies-brugulat\/?page_id=28704"},"modified":"2026-03-26T18:44:27","modified_gmt":"2026-03-26T17:44:27","slug":"batx-preinscripcio-i-matricula-26-27","status":"publish","type":"page","link":"https:\/\/agora.xtec.cat\/ies-brugulat\/secretaria\/preinscripcio-i-matricula-26-27\/batx-preinscripcio-i-matricula-26-27\/","title":{"rendered":"BATX &#8211; PREINSCRIPCI\u00d3 I MATR\u00cdCULA 26-27"},"content":{"rendered":"\n<div style=\"height:50px\" aria-hidden=\"true\" class=\"wp-block-spacer\"><\/div>\n\n\n\n<h2 class=\"wp-block-heading\">PORTES OBERTES<\/h2>\n\n\n\n<div class=\"wp-block-columns is-layout-flex wp-container-core-columns-is-layout-1 wp-block-columns-is-layout-flex\" style=\"padding-top:25px;padding-right:25px;padding-bottom:25px;padding-left:25px\">\n<div class=\"wp-block-column is-layout-flow wp-block-column-is-layout-flow\">\n<figure class=\"wp-block-image size-full has-custom-border\"><a href=\"https:\/\/agora.xtec.cat\/ies-brugulat\/wp-content\/uploads\/usu85\/2026\/03\/JPO-BATX-26-1-1.gif\"><img loading=\"lazy\" decoding=\"async\" width=\"377\" height=\"377\" src=\"https:\/\/agora.xtec.cat\/ies-brugulat\/wp-content\/uploads\/usu85\/2026\/03\/JPO-BATX-26-1-1.gif\" alt=\"\" class=\"wp-image-28886\" style=\"border-radius:10px\"\/><\/a><\/figure>\n<\/div>\n\n\n\n<div class=\"wp-block-column is-layout-flow wp-block-column-is-layout-flow\"><\/div>\n<\/div>\n\n\n\n<h2 class=\"wp-block-heading\">PREINSCRIPCI\u00d3<\/h2>\n\n\n\n<div class=\"wp-block-columns is-layout-flex wp-container-core-columns-is-layout-3 wp-block-columns-is-layout-flex\" style=\"margin-top:0px;margin-bottom:0px;padding-top:0px;padding-right:0px;padding-bottom:0px;padding-left:0px\">\n<div class=\"wp-block-column is-layout-flow wp-block-column-is-layout-flow\" style=\"flex-basis:25%\">\n<figure class=\"wp-block-image size-full has-custom-border\"><a href=\"https:\/\/preinscripcio.gencat.cat\/ca\/estudis\/batxillerat\/inici\/\" target=\"_blank\" rel=\" noreferrer noopener\"><img loading=\"lazy\" decoding=\"async\" width=\"271\" height=\"271\" src=\"https:\/\/agora.xtec.cat\/ies-brugulat\/wp-content\/uploads\/usu85\/2026\/03\/batx.png\" alt=\"\" class=\"wp-image-28705\" style=\"border-radius:10px\" srcset=\"https:\/\/agora.xtec.cat\/ies-brugulat\/wp-content\/uploads\/usu85\/2026\/03\/batx.png 271w, https:\/\/agora.xtec.cat\/ies-brugulat\/wp-content\/uploads\/usu85\/2026\/03\/batx-150x150.png 150w\" sizes=\"auto, (max-width: 271px) 100vw, 271px\" \/><\/a><\/figure>\n<\/div>\n\n\n\n<div class=\"wp-block-column is-layout-flow wp-block-column-is-layout-flow\" style=\"flex-basis:66.66%\">\n<p><\/p>\n\n\n\n<blockquote class=\"wp-block-quote is-layout-flow wp-block-quote-is-layout-flow\">\n<p><strong>IMPORTANT: <\/strong><\/p>\n\n\n\n<ul class=\"wp-block-list\">\n<li>L&#8217;alumnat de 4t ESO de l&#8217;Institut Josep Brugulat:\n<ul class=\"wp-block-list\">\n<li><strong>HA DE FER PREINSCRIPCI\u00d3<\/strong> si es vol matricular al batxillerat <strong>art\u00edstic pl\u00e0stic<\/strong> o <strong>art\u00edstic esc\u00e8nic<\/strong>.<\/li>\n\n\n\n<li><strong>NO HA DE FER PREINSCRIPCI\u00d3<\/strong>  si es vol matricluar al  batxilerat <strong>cientific-tecnol\u00f2gic<\/strong> o al batxillerat <strong>human\u00edstic-social<\/strong> al mateix institut. Cal que confirmi la pla\u00e7a durant el mes d&#8217;abril a trav\u00e9s del document que facilitarem des del centre.<\/li>\n<\/ul>\n<\/li>\n<\/ul>\n\n\n\n<ul class=\"wp-block-list\">\n<li>L&#8217;alumnat de 4t ESO procedent d&#8217;un altre institut:\n<ul class=\"wp-block-list\">\n<li><strong>HA DE FER PREINSCRIPCI\u00d3<\/strong> sigui quina sigui la modalitat de batxillerat a la qual es vulgui matricular.<\/li>\n<\/ul>\n<\/li>\n<\/ul>\n<\/blockquote>\n\n\n\n<p>El proc\u00e9s de preinscripci\u00f3 i matr\u00edcula escolar&nbsp;<strong>s&#8217;inicia el 8 d&#8217;abril amb la publicaci\u00f3 de l&#8217;oferta inicial de places i acaba amb la formalitzaci\u00f3 de la matr\u00edcula el 30 de juny.<\/strong><\/p>\n\n\n\n<p><strong>Durant tot aquest temps, hi ha dates i terminis associats a actuacions clau<\/strong>&nbsp;que cal tenir presents, ja que determinen l&#8217;assignaci\u00f3 final de places als centres educatius.<\/p>\n\n\n\n<p>Entre febrer i mar\u00e7 de 2026 els centres ofereixen jornades de portes obertes i xerrades informatives. Aquestes trobades, que poden ser presencials o virtuals, s\u00f3n molt interessants, perqu\u00e8 permeten con\u00e8ixer de prop les caracter\u00edstiques de cada centre i la seva oferta educativa. Tamb\u00e9 s\u00f3n una oportunitat per plantejar preguntes i resoldre dubtes. <\/p>\n\n\n\n<p>Cal tenir present que hi ha centres educatius d&#8217;ESO&nbsp;adscrits&nbsp;a determinats centres de&nbsp;batxillerat per establir una continu\u00eftat pedag\u00f2gica en el seu alumnat. Les sol\u00b7licituds de&nbsp;<a href=\"https:\/\/preinscripcio.gencat.cat\/ca\/estudis\/batxillerat\/informat\/busca-centre\/adscripcio-centres\/\" target=\"_blank\" rel=\"noreferrer noopener\">centres adscrits<\/a>&nbsp;s\u00f3n preferents a l&#8217;hora d&#8217;assignar les places i per tant un element fonamental per fer la tria de centres.&nbsp;<\/p>\n\n\n\n<p>En el cas de l&#8217;Institut Josep Brugulat, l&#8217;alumnat que ha cursat 4t ESO al centre t\u00e9 prefer\u00e8ncia a l&#8217;hora d&#8217;obtenir pla\u00e7a a les modalitats de batxillerat no art\u00edstiques. <\/p>\n\n\n\n<p>Per accedir les dues vies de batxillerat art\u00edstic cal presentar preinscripci\u00f3.<\/p>\n\n\n\n<p>Consulteu la informaci\u00f3 relativa a la <a href=\"https:\/\/preinscripcio.gencat.cat\/ca\/estudis\/batxillerat\/inici\/\" target=\"_blank\" rel=\"noreferrer noopener\">preinscripci\u00f3 al batxillerat del Departament d&#8217;Educaci\u00f3 i Formaci\u00f3 Professional<\/a>.<\/p>\n\n\n\n<hr class=\"wp-block-separator has-alpha-channel-opacity\"\/>\n\n\n\n<h4 class=\"wp-block-heading\"><strong>CALENDARI, LLISTES I DOCUMENTS:<\/strong><\/h4>\n\n\n\n<p>El proc\u00e9s de preinscripci\u00f3 es fa telem\u00e0ticament a trav\u00e9s de la p\u00e0gina web del <a href=\"https:\/\/preinscripcio.gencat.cat\/ca\/estudis\/batxillerat\/preinscriute\/sollicitud\/\" target=\"_blank\" rel=\"noreferrer noopener\">Departament d&#8217;educaci\u00f3 i formaci\u00f3 professional<\/a>:<\/p>\n\n\n\n<p><\/p>\n\n\n\n<blockquote class=\"wp-block-quote is-style-default has-white-background-color has-background is-layout-flow wp-block-quote-is-layout-flow\" style=\"border-width:1px;border-radius:10px\">\n<p><strong>8 abril. <\/strong>Oferta inicial<\/p>\n<\/blockquote>\n\n\n\n<blockquote class=\"wp-block-quote is-layout-flow wp-block-quote-is-layout-flow\" style=\"border-width:1px;border-radius:10px\">\n<p class=\"has-black-color has-text-color has-link-color wp-elements-1cd8b17439b6ac2026ad1609df2fd881\"><strong>9-16 abril. <\/strong>Presentaci\u00f3 de la sol\u00b7licitud de preinscripci\u00f3 BATX (presentaci\u00f3 de documentaci\u00f3 fins el 17 d&#8217;abril)<\/p>\n\n\n\n<div class=\"wp-block-columns is-layout-flex wp-container-core-columns-is-layout-2 wp-block-columns-is-layout-flex\">\n<div class=\"wp-block-column is-layout-flow wp-block-column-is-layout-flow\">\n<figure class=\"wp-block-image size-full has-custom-border\"><a href=\"https:\/\/preinscripcio.gencat.cat\/ca\/estudis\/batxillerat\/informat\/prepara-documentacio\/\" target=\"_blank\" rel=\" noreferrer noopener\"><img loading=\"lazy\" decoding=\"async\" width=\"517\" height=\"113\" src=\"https:\/\/agora.xtec.cat\/ies-brugulat\/wp-content\/uploads\/usu85\/2026\/03\/image-11.png\" alt=\"\" class=\"wp-image-28432\" style=\"border-radius:10px;box-shadow:var(--wp--preset--shadow--natural)\" srcset=\"https:\/\/agora.xtec.cat\/ies-brugulat\/wp-content\/uploads\/usu85\/2026\/03\/image-11.png 517w, https:\/\/agora.xtec.cat\/ies-brugulat\/wp-content\/uploads\/usu85\/2026\/03\/image-11-300x66.png 300w\" sizes=\"auto, (max-width: 517px) 100vw, 517px\" \/><\/a><\/figure>\n<\/div>\n\n\n\n<div class=\"wp-block-column is-layout-flow wp-block-column-is-layout-flow\">\n<figure class=\"wp-block-image size-full has-custom-border\"><a href=\"https:\/\/preinscripcio.gencat.cat\/ca\/estudis\/batxillerat\/preinscriute\/sollicitud\/\" target=\"_blank\" rel=\" noreferrer noopener\"><img loading=\"lazy\" decoding=\"async\" width=\"436\" height=\"140\" src=\"https:\/\/agora.xtec.cat\/ies-brugulat\/wp-content\/uploads\/usu85\/2026\/03\/boto.png\" alt=\"\" class=\"wp-image-28889\" style=\"border-radius:10px;box-shadow:var(--wp--preset--shadow--natural)\" srcset=\"https:\/\/agora.xtec.cat\/ies-brugulat\/wp-content\/uploads\/usu85\/2026\/03\/boto.png 436w, https:\/\/agora.xtec.cat\/ies-brugulat\/wp-content\/uploads\/usu85\/2026\/03\/boto-300x96.png 300w\" sizes=\"auto, (max-width: 436px) 100vw, 436px\" \/><\/a><\/figure>\n<\/div>\n<\/div>\n<\/blockquote>\n\n\n\n<blockquote class=\"wp-block-quote is-layout-flow wp-block-quote-is-layout-flow\" style=\"border-width:1px;border-radius:10px\">\n<p class=\"has-black-color has-text-color has-link-color wp-elements-dc45f878ddc1235b705646c8ed634083\"><strong>14 maig. <\/strong>Llista de sol\u00b7licituds amb la puntuaci\u00f3 provisional<\/p>\n<\/blockquote>\n\n\n\n<blockquote class=\"wp-block-quote is-layout-flow wp-block-quote-is-layout-flow\" style=\"border-width:1px;border-radius:10px\">\n<p class=\"has-black-color has-text-color has-link-color wp-elements-091ddf4d812f011bc05f4a2b0195b345\"><strong>14-20 maig.<\/strong> Termini per presentar reclamacions a la puntuaci\u00f3 provisional (instruccions per presentar reclamaci\u00f3 a la puntuaci\u00f3 provisional)<\/p>\n<\/blockquote>\n\n\n\n<blockquote class=\"wp-block-quote is-layout-flow wp-block-quote-is-layout-flow\" style=\"border-width:1px;border-radius:10px\">\n<p class=\"has-black-color has-text-color has-link-color wp-elements-970ba615db90315fe1fd7d6eaada6e3d\"><strong>26 maig<\/strong>. Llista de sol\u00b7licituds amb la puntuaci\u00f3 definitiva<\/p>\n<\/blockquote>\n\n\n\n<blockquote class=\"wp-block-quote is-layout-flow wp-block-quote-is-layout-flow\" style=\"border-width:1px;border-radius:10px\">\n<p class=\"has-black-color has-text-color has-link-color wp-elements-7937c9cb1b5c480db62fee6f59a73729\"><strong>26 maig (11:00). <\/strong>Sorteig del n\u00famero de desempat<\/p>\n<\/blockquote>\n\n\n\n<blockquote class=\"wp-block-quote is-layout-flow wp-block-quote-is-layout-flow\" style=\"border-width:1px;border-radius:10px\">\n<p class=\"has-black-color has-text-color has-link-color wp-elements-c7d8cb229bd41800a5c46bb38aeee9ad\"><strong>29 maig.<\/strong> Publicaci\u00f3 de la llista ordenada<\/p>\n<\/blockquote>\n\n\n\n<blockquote class=\"wp-block-quote is-layout-flow wp-block-quote-is-layout-flow\" style=\"border-width:1px;border-radius:10px\">\n<p class=\"has-black-color has-text-color has-link-color wp-elements-e6cabcb48ef47d21761106304e2eda99\"><strong>17 juny<\/strong><\/p>\n\n\n\n<ul class=\"wp-block-list has-black-color has-text-color has-link-color wp-elements-ae5a6ba70b65e88121d8e536f0e3ac77\">\n<li class=\"has-black-color has-text-color has-link-color wp-elements-26c94e1dd34234c64726f82496628b99\">Oferta definitiva de places escolars<\/li>\n\n\n\n<li class=\"has-black-color has-text-color has-link-color wp-elements-f94dbe9086628193dc7bc9fa4b2755dd\">Llista d&#8217;alumnes admesos<\/li>\n\n\n\n<li>Llista d&#8217;espera<\/li>\n<\/ul>\n<\/blockquote>\n\n\n\n<p class=\"has-black-color has-text-color has-link-color wp-elements-9ac00cf961d1ea846fe5a532228b76c6\"><\/p>\n<\/div>\n<\/div>\n\n\n\n<div style=\"height:18px\" aria-hidden=\"true\" class=\"wp-block-spacer\"><\/div>\n\n\n\n<h2 class=\"wp-block-heading\">MATR\u00cdCULA<\/h2>\n\n\n\n<div class=\"wp-block-media-text is-stacked-on-mobile\" style=\"grid-template-columns:15% auto\"><figure class=\"wp-block-media-text__media\"><\/figure><div class=\"wp-block-media-text__content\">\n<p><strong>Properament penjarem les instruccions per a la matriculaci\u00f3.<\/strong><\/p>\n\n\n\n<p><\/p>\n\n\n\n<div style=\"height:20px\" aria-hidden=\"true\" class=\"wp-block-spacer\"><\/div>\n\n\n\n<p><\/p>\n<\/div><\/div>\n\n\n\n<div style=\"height:152px\" aria-hidden=\"true\" class=\"wp-block-spacer\"><\/div>\n\n\n\n<p><\/p>\n","protected":false},"excerpt":{"rendered":"<p>PORTES OBERTES PREINSCRIPCI\u00d3 IMPORTANT: El proc\u00e9s de preinscripci\u00f3 i matr\u00edcula escolar&nbsp;s&#8217;inicia el 8 d&#8217;abril amb la publicaci\u00f3 de l&#8217;oferta inicial de places i acaba amb la formalitzaci\u00f3 de la matr\u00edcula el 30 de juny. Durant tot aquest temps, hi ha dates i terminis associats a actuacions clau&nbsp;que cal tenir presents, ja que determinen l&#8217;assignaci\u00f3 final [&hellip;]<\/p>\n","protected":false},"author":5,"featured_media":0,"parent":27861,"menu_order":2,"comment_status":"closed","ping_status":"closed","template":"","meta":{"site-sidebar-layout":"default","site-content-layout":"","ast-site-content-layout":"default","site-content-style":"default","site-sidebar-style":"default","ast-global-header-display":"","ast-banner-title-visibility":"","ast-main-header-display":"","ast-hfb-above-header-display":"","ast-hfb-below-header-display":"","ast-hfb-mobile-header-display":"","site-post-title":"","ast-breadcrumbs-content":"","ast-featured-img":"","footer-sml-layout":"","theme-transparent-header-meta":"","adv-header-id-meta":"","stick-header-meta":"","header-above-stick-meta":"","header-main-stick-meta":"","header-below-stick-meta":"","astra-migrate-meta-layouts":"set","ast-page-background-enabled":"default","ast-page-background-meta":{"desktop":{"background-color":"var(--ast-global-color-4)","background-image":"","background-repeat":"repeat","background-position":"center center","background-size":"auto","background-attachment":"scroll","background-type":"","background-media":"","overlay-type":"","overlay-color":"","overlay-opacity":"","overlay-gradient":""},"tablet":{"background-color":"","background-image":"","background-repeat":"repeat","background-position":"center center","background-size":"auto","background-attachment":"scroll","background-type":"","background-media":"","overlay-type":"","overlay-color":"","overlay-opacity":"","overlay-gradient":""},"mobile":{"background-color":"","background-image":"","background-repeat":"repeat","background-position":"center center","background-size":"auto","background-attachment":"scroll","background-type":"","background-media":"","overlay-type":"","overlay-color":"","overlay-opacity":"","overlay-gradient":""}},"ast-content-background-meta":{"desktop":{"background-color":"var(--ast-global-color-5)","background-image":"","background-repeat":"repeat","background-position":"center center","background-size":"auto","background-attachment":"scroll","background-type":"","background-media":"","overlay-type":"","overlay-color":"","overlay-opacity":"","overlay-gradient":""},"tablet":{"background-color":"var(--ast-global-color-5)","background-image":"","background-repeat":"repeat","background-position":"center center","background-size":"auto","background-attachment":"scroll","background-type":"","background-media":"","overlay-type":"","overlay-color":"","overlay-opacity":"","overlay-gradient":""},"mobile":{"background-color":"var(--ast-global-color-5)","background-image":"","background-repeat":"repeat","background-position":"center center","background-size":"auto","background-attachment":"scroll","background-type":"","background-media":"","overlay-type":"","overlay-color":"","overlay-opacity":"","overlay-gradient":""}},"footnotes":""},"class_list":["post-28704","page","type-page","status-publish","hentry"],"post_mailing_queue_ids":[],"_links":{"self":[{"href":"https:\/\/agora.xtec.cat\/ies-brugulat\/wp-json\/wp\/v2\/pages\/28704","targetHints":{"allow":["GET"]}}],"collection":[{"href":"https:\/\/agora.xtec.cat\/ies-brugulat\/wp-json\/wp\/v2\/pages"}],"about":[{"href":"https:\/\/agora.xtec.cat\/ies-brugulat\/wp-json\/wp\/v2\/types\/page"}],"author":[{"embeddable":true,"href":"https:\/\/agora.xtec.cat\/ies-brugulat\/wp-json\/wp\/v2\/users\/5"}],"replies":[{"embeddable":true,"href":"https:\/\/agora.xtec.cat\/ies-brugulat\/wp-json\/wp\/v2\/comments?post=28704"}],"version-history":[{"count":6,"href":"https:\/\/agora.xtec.cat\/ies-brugulat\/wp-json\/wp\/v2\/pages\/28704\/revisions"}],"predecessor-version":[{"id":28903,"href":"https:\/\/agora.xtec.cat\/ies-brugulat\/wp-json\/wp\/v2\/pages\/28704\/revisions\/28903"}],"up":[{"embeddable":true,"href":"https:\/\/agora.xtec.cat\/ies-brugulat\/wp-json\/wp\/v2\/pages\/27861"}],"wp:attachment":[{"href":"https:\/\/agora.xtec.cat\/ies-brugulat\/wp-json\/wp\/v2\/media?parent=28704"}],"curies":[{"name":"wp","href":"https:\/\/api.w.org\/{rel}","templated":true}]}}