{"id":28264,"date":"2026-03-03T11:57:59","date_gmt":"2026-03-03T10:57:59","guid":{"rendered":"https:\/\/agora.xtec.cat\/ies-brugulat\/?page_id=28264"},"modified":"2026-04-30T13:19:52","modified_gmt":"2026-04-30T11:19:52","slug":"eso-preinscripcio-i-matricula-26-27","status":"publish","type":"page","link":"https:\/\/agora.xtec.cat\/ies-brugulat\/secretaria\/preinscripcio-i-matricula-26-27\/eso-preinscripcio-i-matricula-26-27\/","title":{"rendered":"ESO &#8211; PREINSCRIPCI\u00d3 I MATR\u00cdCULA 26-27"},"content":{"rendered":"\n<div style=\"height:50px\" aria-hidden=\"true\" class=\"wp-block-spacer\"><\/div>\n\n\n\n<h2 class=\"wp-block-heading\">PREINSCRIPCI\u00d3<\/h2>\n\n\n\n<div class=\"wp-block-columns is-layout-flex wp-container-core-columns-is-layout-2 wp-block-columns-is-layout-flex\" style=\"margin-top:0px;margin-bottom:0px;padding-top:0px;padding-right:0px;padding-bottom:0px;padding-left:0px\">\n<div class=\"wp-block-column is-layout-flow wp-block-column-is-layout-flow\" style=\"flex-basis:25%\">\n<figure class=\"wp-block-image size-full has-custom-border\"><a href=\"https:\/\/preinscripcio.gencat.cat\/ca\/estudis\/eso\/inici\/\" target=\"_blank\" rel=\" noreferrer noopener\"><img loading=\"lazy\" decoding=\"async\" width=\"263\" height=\"263\" src=\"https:\/\/agora.xtec.cat\/ies-brugulat\/wp-content\/uploads\/usu85\/2026\/03\/ESO.jpg\" alt=\"\" class=\"wp-image-28305\" style=\"border-radius:10px\" srcset=\"https:\/\/agora.xtec.cat\/ies-brugulat\/wp-content\/uploads\/usu85\/2026\/03\/ESO.jpg 263w, https:\/\/agora.xtec.cat\/ies-brugulat\/wp-content\/uploads\/usu85\/2026\/03\/ESO-150x150.jpg 150w\" sizes=\"auto, (max-width: 263px) 100vw, 263px\" \/><\/a><\/figure>\n<\/div>\n\n\n\n<div class=\"wp-block-column is-layout-flow wp-block-column-is-layout-flow\" style=\"flex-basis:66.66%\">\n<p>El proc\u00e9s de preinscripci\u00f3 escolar&nbsp;<strong>s&#8217;inicia el 3 de mar\u00e7 amb la publicaci\u00f3 de l&#8217;oferta inicial de places i acaba amb la formalitzaci\u00f3 de la matr\u00edcula el 30 de juny.<\/strong><\/p>\n\n\n\n<p><strong>Durant tot aquest temps, hi ha dates i terminis associats a actuacions clau<\/strong>&nbsp;que heu de tenir presents, ja que determinen l&#8217;assignaci\u00f3 final de places als centres educatius.<\/p>\n\n\n\n<p>Consulteu la informaci\u00f3 relativa a la <a href=\"https:\/\/preinscripcio.gencat.cat\/ca\/estudis\/eso\/inici\/\">preinscripci\u00f3 a l&#8217;ESO del Departament d&#8217;Educaci\u00f3 i Formaci\u00f3 Professional<\/a>.<\/p>\n\n\n\n<hr class=\"wp-block-separator has-alpha-channel-opacity\"\/>\n\n\n\n<div class=\"wp-block-getwid-accordion has-icon-left\" data-active-element=\"none\">\n<div class=\"wp-block-getwid-accordion__header-wrapper\"><span class=\"wp-block-getwid-accordion__header\"><a href=\"#\"><span class=\"wp-block-getwid-accordion__header-title\">CRITERIS D&#8217;ASSIGNACI\u00d3 DE PLA\u00c7A:<\/span><span class=\"wp-block-getwid-accordion__icon is-active\"><i class=\"fas fa-plus\"><\/i><\/span><span class=\"wp-block-getwid-accordion__icon is-passive\"><i class=\"fas fa-minus\"><\/i><\/span><\/a><\/span><\/div><div class=\"wp-block-getwid-accordion__content-wrapper\"><div class=\"wp-block-getwid-accordion__content\">\n<p>Els centres educatius de Catalunya ofereixen una quantitat limitada de places. Si el nombre de sol\u00b7licituds que les fam\u00edlies heu fet en un centre determinat \u00e9s superior al nombre de places que ofereix aquest mateix centre, pot passar que alguna de les fam\u00edlies que l&#8217;h\u00e0giu triat com a primera opci\u00f3 no hi obtingueu pla\u00e7a.&nbsp;<\/p>\n\n\n\n<p>Per tant, com que alguns centres tenen una demanda d&#8217;inscripcions superior al nombre de matr\u00edcules que poden oferir, \u00e9s important que feu constar, en la sol\u00b7licitud, el m\u00e0xim nombre de centres que s&#8217;ajusten a les vostres prioritats, fins a un total de 10, ordenats segons les vostres prefer\u00e8ncies.&nbsp;<\/p>\n\n\n\n<p>Per decidir qui obt\u00e9 una pla\u00e7a en un centre determinat i qui no, s&#8217;utilitza un&nbsp;<strong>sistema establert per llei de prioritat i de puntuacions<\/strong>&nbsp;objectiu que ordena la llista de sol\u00b7licituds de manera transparent i allunyada de qualsevol arbitrarietat.<\/p>\n\n\n\n<p>Aix\u00ed, cal tenir en compte que tenen prefer\u00e8ncia les sol\u00b7licituds que provenen de centres adscrits o, en aquells centres que el Departament determina, si es cursa simult\u00e0niament ensenyaments professionals de m\u00fasica o dansa o s&#8217;\u00e9s esportista d&#8217;alt nivell.<\/p>\n\n\n\n<p>A continuaci\u00f3 les puntuacions que s&#8217;obtenen a trav\u00e9s de criteris diferents:&nbsp;<strong>els criteris prioritaris i els criteris complementaris<\/strong>&nbsp;que serveixen per desempatar en cas d&#8217;igualtat de puntuaci\u00f3 per criteris prioritaris.<\/p>\n\n\n\n<figure class=\"wp-block-image size-full has-custom-border\"><a href=\"https:\/\/preinscripcio.gencat.cat\/ca\/estudis\/eso\/informat\/criteris-assignacio\/\" target=\"_blank\" rel=\" noreferrer noopener\"><img loading=\"lazy\" decoding=\"async\" width=\"729\" height=\"100\" src=\"https:\/\/agora.xtec.cat\/ies-brugulat\/wp-content\/uploads\/usu85\/2026\/03\/image.png\" alt=\"\" class=\"wp-image-28292\" style=\"border-radius:15px\" srcset=\"https:\/\/agora.xtec.cat\/ies-brugulat\/wp-content\/uploads\/usu85\/2026\/03\/image.png 729w, https:\/\/agora.xtec.cat\/ies-brugulat\/wp-content\/uploads\/usu85\/2026\/03\/image-300x41.png 300w\" sizes=\"auto, (max-width: 729px) 100vw, 729px\" \/><\/a><\/figure>\n<\/div><\/div>\n\n\n\n<div class=\"wp-block-getwid-accordion__header-wrapper\"><span class=\"wp-block-getwid-accordion__header\"><a href=\"#\"><span class=\"wp-block-getwid-accordion__header-title\">ADSCRIPCI\u00d3 DE CENTRES DE PRIM\u00c0RIA A CENTRES DE SECUND\u00c0RIA I ZONIFICACI\u00d3: <\/span><span class=\"wp-block-getwid-accordion__icon is-active\"><i class=\"fas fa-plus\"><\/i><\/span><span class=\"wp-block-getwid-accordion__icon is-passive\"><i class=\"fas fa-minus\"><\/i><\/span><\/a><\/span><\/div><div class=\"wp-block-getwid-accordion__content-wrapper\"><div class=\"wp-block-getwid-accordion__content\">\n<ul class=\"wp-block-list\">\n<li> <strong><a href=\"https:\/\/agora.xtec.cat\/ies-brugulat\/wp-content\/uploads\/usu85\/2026\/03\/adscripcio-centres-pri-eso-GIR.pdf\">Adscripci\u00f3 de centres d&#8217;educaci\u00f3 prim\u00e0ria a centres d&#8217;educaci\u00f3 secund\u00e0ria obligat\u00f2ria per a la preinscripci\u00f3 del curs 2026-2027<\/a><\/strong><\/li>\n\n\n\n<li><a href=\"https:\/\/agora.xtec.cat\/ies-brugulat\/wp-content\/uploads\/usu85\/2026\/03\/Res_zonif_2017.pdf\"><strong>Resoluci\u00f3, 24 febrer 2017<\/strong><\/a>, per la qual es modifica la delimitaci\u00f3 de les \u00e0rees d&#8217;influ\u00e8ncia dels centres educatius del municipi de Banyoles<\/li>\n\n\n\n<li><a href=\"https:\/\/agora.xtec.cat\/ies-brugulat\/wp-content\/uploads\/usu85\/2026\/03\/VIES-ZONES-2026.pdf\"><strong>Zones i carrers de Banyoles i \u00e0rees d&#8217;influ\u00e8ncia.<\/strong><\/a><\/li>\n<\/ul>\n<\/div><\/div>\n<\/div>\n\n\n\n<hr class=\"wp-block-separator has-alpha-channel-opacity\"\/>\n\n\n\n<h4 class=\"wp-block-heading\"><strong>CALENDARI, LLISTES I DOCUMENTS:<\/strong><\/h4>\n\n\n\n<p>El proc\u00e9s de preinscripci\u00f3 es fa telem\u00e0ticament a trav\u00e9s de la p\u00e0gina web del <a href=\"https:\/\/preinscripcio.gencat.cat\/ca\/estudis\/eso\/preinscriute\/sollicitud\/\" target=\"_blank\" rel=\"noreferrer noopener\">Departament d&#8217;educaci\u00f3 i formaci\u00f3 professional<\/a>:<\/p>\n\n\n\n<p><\/p>\n\n\n\n<blockquote class=\"wp-block-quote is-style-default has-background is-layout-flow wp-block-quote-is-layout-flow\" style=\"border-width:1px;border-radius:10px;background-color:#eaf6ff\">\n<p><strong>3 mar\u00e7. <\/strong><a href=\"https:\/\/agora.xtec.cat\/ies-brugulat\/wp-content\/uploads\/usu85\/2026\/03\/INFORME_OFERTA_OME_INFORME_OFERTA.pdf\" target=\"_blank\" rel=\"noreferrer noopener\">Oferta inicial<\/a><\/p>\n<\/blockquote>\n\n\n\n<blockquote class=\"wp-block-quote has-background is-layout-flow wp-block-quote-is-layout-flow\" style=\"border-width:1px;border-radius:10px;background-color:#eaf6ff\">\n<p class=\"has-black-color has-text-color has-link-color wp-elements-da2e4cb66b6da8140e3e0323dae682a6\"><strong>6-18 mar\u00e7. <\/strong>Presentaci\u00f3 de la sol\u00b7licitud de preinscripci\u00f3 ESO (presentaci\u00f3 de documentaci\u00f3 fins el 19 de mar\u00e7)<\/p>\n\n\n\n<div class=\"wp-block-columns is-layout-flex wp-container-core-columns-is-layout-1 wp-block-columns-is-layout-flex\">\n<div class=\"wp-block-column is-layout-flow wp-block-column-is-layout-flow\">\n<figure class=\"wp-block-image size-full has-custom-border\"><a href=\"https:\/\/preinscripcio.gencat.cat\/ca\/estudis\/eso\/informat\/prepara-documentacio\/\" target=\"_blank\" rel=\" noreferrer noopener\"><img loading=\"lazy\" decoding=\"async\" width=\"517\" height=\"113\" src=\"https:\/\/agora.xtec.cat\/ies-brugulat\/wp-content\/uploads\/usu85\/2026\/03\/image-11.png\" alt=\"\" class=\"wp-image-28432\" style=\"border-radius:10px;box-shadow:var(--wp--preset--shadow--natural)\" srcset=\"https:\/\/agora.xtec.cat\/ies-brugulat\/wp-content\/uploads\/usu85\/2026\/03\/image-11.png 517w, https:\/\/agora.xtec.cat\/ies-brugulat\/wp-content\/uploads\/usu85\/2026\/03\/image-11-300x66.png 300w\" sizes=\"auto, (max-width: 517px) 100vw, 517px\" \/><\/a><\/figure>\n<\/div>\n\n\n\n<div class=\"wp-block-column is-layout-flow wp-block-column-is-layout-flow\">\n<figure class=\"wp-block-image size-full has-custom-border\"><a href=\"https:\/\/tramits.gencat.cat\/ca\/tramits\/tramits-temes\/perinscripcio-obligatoris?moda=3\" target=\"_blank\" rel=\" noreferrer noopener\"><img loading=\"lazy\" decoding=\"async\" width=\"520\" height=\"122\" src=\"https:\/\/agora.xtec.cat\/ies-brugulat\/wp-content\/uploads\/usu85\/2026\/03\/image-12.png\" alt=\"\" class=\"wp-image-28433\" style=\"border-radius:10px;box-shadow:var(--wp--preset--shadow--natural)\" srcset=\"https:\/\/agora.xtec.cat\/ies-brugulat\/wp-content\/uploads\/usu85\/2026\/03\/image-12.png 520w, https:\/\/agora.xtec.cat\/ies-brugulat\/wp-content\/uploads\/usu85\/2026\/03\/image-12-300x70.png 300w\" sizes=\"auto, (max-width: 520px) 100vw, 520px\" \/><\/a><\/figure>\n<\/div>\n<\/div>\n<\/blockquote>\n\n\n\n<blockquote class=\"wp-block-quote has-background is-layout-flow wp-block-quote-is-layout-flow\" style=\"border-width:1px;border-radius:10px;background-color:#eaf6ff\">\n<p class=\"has-black-color has-text-color has-link-color wp-elements-11cd0e4ef2ad7906b3587b9f517bb9ba\"><strong>15 abril. <\/strong><a href=\"https:\/\/agora.xtec.cat\/ies-brugulat\/wp-content\/uploads\/usu85\/2026\/04\/INFORME_BAREM_PROVISIONAL_BAREM.pdf\" target=\"_blank\" rel=\"noreferrer noopener\">Llista de sol\u00b7licituds amb la puntuaci\u00f3 provisional<\/a><\/p>\n<\/blockquote>\n\n\n\n<blockquote class=\"wp-block-quote has-background is-layout-flow wp-block-quote-is-layout-flow\" style=\"border-width:1px;border-radius:10px;background-color:#eaf6ff\">\n<p class=\"has-black-color has-text-color has-link-color wp-elements-b07b95e9cf68b4b7e8775022fe80e093\"><strong>15-20 abril.<\/strong> <a href=\"https:\/\/preinscripcio.gencat.cat\/ca\/estudis\/eso\/preinscriute\/seguiment-sollicitud\/llista-sollicituds-puntuacio\/\" target=\"_blank\" rel=\"noreferrer noopener\">Termini per presentar una reclamaci\u00f3 a la puntuaci\u00f3 provisional (instruccions per presentar reclamaci\u00f3 a la puntuaci\u00f3 provisional)<\/a><\/p>\n<\/blockquote>\n\n\n\n<blockquote class=\"wp-block-quote has-background is-layout-flow wp-block-quote-is-layout-flow\" style=\"border-width:1px;border-radius:10px;background-color:#eaf6ff\">\n<p class=\"has-black-color has-text-color has-link-color wp-elements-300073ad052ab3c1e8f6e06e2ed9543d\"><strong>23 abril.<\/strong><a href=\"https:\/\/agora.xtec.cat\/ies-brugulat\/wp-content\/uploads\/usu85\/2026\/04\/INFORME_BAREM_RESOLTES_BAREM.pdf\" target=\"_blank\" rel=\"noreferrer noopener\"> Llistes amb la puntuaci\u00f3 definitiva<\/a><\/p>\n<\/blockquote>\n\n\n\n<blockquote class=\"wp-block-quote has-background is-layout-flow wp-block-quote-is-layout-flow\" style=\"border-width:1px;border-radius:10px;background-color:#eaf6ff\">\n<p class=\"has-black-color has-text-color has-link-color wp-elements-11c074fb84bc10ff401049491cab5e50\"><strong>28 abril (11:00). <\/strong><a href=\"https:\/\/preinscripcio.gencat.cat\/ca\/estudis\/eso\/preinscriute\/seguiment-sollicitud\/sorteig-desempat\/\" target=\"_blank\" rel=\"noreferrer noopener\">Sorteig del n\u00famero de desempat<\/a>: 42129 (n\u00famero m\u00e9s alt: 153363)<\/p>\n<\/blockquote>\n\n\n\n<blockquote class=\"wp-block-quote has-background is-layout-flow wp-block-quote-is-layout-flow\" style=\"border-width:1px;border-radius:10px;background-color:#eaf6ff\">\n<p class=\"has-black-color has-text-color has-link-color wp-elements-87019e0e4be2709bc5044c77631f00c0\"><strong>29 abril.<\/strong> <a href=\"https:\/\/agora.xtec.cat\/ies-brugulat\/wp-content\/uploads\/usu85\/2026\/04\/INFORME_BAREM_DEFINITIU_BAREM.pdf\" target=\"_blank\" rel=\"noreferrer noopener\">Publicaci\u00f3 de la llista ordenada<\/a><\/p>\n<\/blockquote>\n\n\n\n<blockquote class=\"wp-block-quote is-layout-flow wp-block-quote-is-layout-flow\" style=\"border-width:1px;border-radius:10px\">\n<p class=\"has-black-color has-text-color has-link-color wp-elements-ce76d4f03e5fa22d7b99fbfeb233d13a\"><strong>1-3 juny. <\/strong>Per\u00edode d&#8217;ampliaci\u00f3 de peticions per a les sol\u00b7licituds sense assignaci\u00f3<\/p>\n<\/blockquote>\n\n\n\n<blockquote class=\"wp-block-quote is-layout-flow wp-block-quote-is-layout-flow\" style=\"border-width:1px;border-radius:10px\">\n<p class=\"has-black-color has-text-color has-link-color wp-elements-355ca8417db8e5cacf07ab4e516fcf99\"><strong>10 juny<\/strong><\/p>\n\n\n\n<ul class=\"wp-block-list has-black-color has-text-color has-link-color wp-elements-8ed7ed429f0dca4dcb0b15e274efcba9\">\n<li class=\"has-black-color has-text-color has-link-color wp-elements-5662a793aa941a39c41623ddb3be7a36\">Oferta definitiva de places<\/li>\n\n\n\n<li class=\"has-black-color has-text-color has-link-color wp-elements-f797c815b63da4bdc6177c8c96375d8b\">Llista d&#8217;alumnat assignat al centre amb indicaci\u00f3 de la primera petici\u00f3<\/li>\n\n\n\n<li class=\"has-black-color has-text-color has-link-color wp-elements-c551c006ab5d5388918087d1409042e5\">Llista d&#8217;espera<\/li>\n\n\n\n<li class=\"has-black-color has-text-color has-link-color wp-elements-3d80dac7452f084a7f42fce4cccaefcb\">Llista d&#8217;alumnat preinscrit al centre amb la seva assignaci\u00f3<\/li>\n<\/ul>\n<\/blockquote>\n\n\n\n<p class=\"has-black-color has-text-color has-link-color wp-elements-9ac00cf961d1ea846fe5a532228b76c6\"><\/p>\n<\/div>\n<\/div>\n\n\n\n<div style=\"height:18px\" aria-hidden=\"true\" class=\"wp-block-spacer\"><\/div>\n\n\n\n<h2 class=\"wp-block-heading\">MATR\u00cdCULA<\/h2>\n\n\n\n<div class=\"wp-block-media-text is-stacked-on-mobile\" style=\"grid-template-columns:15% auto\"><figure class=\"wp-block-media-text__media\"><\/figure><div class=\"wp-block-media-text__content\">\n<p>La matriculaci\u00f3 s&#8217;haur\u00e0 de fer al centre del <strong>22 al 30 de juny<\/strong>.<\/p>\n\n\n\n<p><strong>Properament penjarem les instruccions per a la matriculaci\u00f3<\/strong><\/p>\n\n\n\n<p><strong>Altres informacions d&#8217;inter\u00e8s:<\/strong><\/p>\n\n\n\n<div style=\"height:20px\" aria-hidden=\"true\" class=\"wp-block-spacer\"><\/div>\n\n\n\n<figure class=\"wp-block-image size-large is-resized is-style-rounded\"><a href=\"https:\/\/valescolar.cat\/\"><img loading=\"lazy\" decoding=\"async\" width=\"1024\" height=\"175\" src=\"https:\/\/agora.xtec.cat\/ies-brugulat\/wp-content\/uploads\/usu85\/2025\/05\/val-escolar-1024x175.jpg\" alt=\"\" class=\"wp-image-24892\" style=\"width:300px\" srcset=\"https:\/\/agora.xtec.cat\/ies-brugulat\/wp-content\/uploads\/usu85\/2025\/05\/val-escolar-1024x175.jpg 1024w, https:\/\/agora.xtec.cat\/ies-brugulat\/wp-content\/uploads\/usu85\/2025\/05\/val-escolar-300x51.jpg 300w, https:\/\/agora.xtec.cat\/ies-brugulat\/wp-content\/uploads\/usu85\/2025\/05\/val-escolar-768x131.jpg 768w, https:\/\/agora.xtec.cat\/ies-brugulat\/wp-content\/uploads\/usu85\/2025\/05\/val-escolar-1536x263.jpg 1536w, https:\/\/agora.xtec.cat\/ies-brugulat\/wp-content\/uploads\/usu85\/2025\/05\/val-escolar.jpg 1562w\" sizes=\"auto, (max-width: 1024px) 100vw, 1024px\" \/><\/a><\/figure>\n\n\n\n<p><strong>IMPORTANT:<\/strong><br>No cediu els vals escolars al centre, utilitzeu-los en els <a href=\"https:\/\/valescolar.cat\/establiments-adherits?nom=&amp;municipality=\">establiments adherits a la campanya<\/a>.<\/p>\n<\/div><\/div>\n\n\n\n<div style=\"height:152px\" aria-hidden=\"true\" class=\"wp-block-spacer\"><\/div>\n\n\n\n<hr class=\"wp-block-separator has-alpha-channel-opacity is-style-wide\"\/>\n\n\n\n<h2 class=\"wp-block-heading\">PORTES OBERTES<\/h2>\n\n\n\n<div class=\"wp-block-columns is-layout-flex wp-container-core-columns-is-layout-3 wp-block-columns-is-layout-flex\" style=\"padding-top:25px;padding-right:25px;padding-bottom:25px;padding-left:25px\">\n<div class=\"wp-block-column is-layout-flow wp-block-column-is-layout-flow\">\n<figure class=\"wp-block-image size-full is-resized has-custom-border\"><img loading=\"lazy\" decoding=\"async\" width=\"529\" height=\"529\" src=\"https:\/\/agora.xtec.cat\/ies-brugulat\/wp-content\/uploads\/usu85\/2026\/02\/JPO-ESO.gif\" alt=\"\" class=\"wp-image-27885\" style=\"border-radius:20px;box-shadow:none;width:200px\"\/><\/figure>\n<\/div>\n\n\n\n<div class=\"wp-block-column is-layout-flow wp-block-column-is-layout-flow\">\n<figure class=\"wp-block-image aligncenter size-full is-resized has-custom-border\"><a href=\"https:\/\/drive.google.com\/file\/d\/1ZZ3MOcD013o5Iu3jmR6T9SpQNTI3Fd7J\/view?usp=sharing\"><img loading=\"lazy\" decoding=\"async\" width=\"960\" height=\"540\" src=\"https:\/\/agora.xtec.cat\/ies-brugulat\/wp-content\/uploads\/usu85\/2026\/03\/Portes-obertes-ESO-2026.jpg\" alt=\"\" class=\"wp-image-28343\" style=\"border-radius:20px;box-shadow:none;width:auto;height:200px\" srcset=\"https:\/\/agora.xtec.cat\/ies-brugulat\/wp-content\/uploads\/usu85\/2026\/03\/Portes-obertes-ESO-2026.jpg 960w, https:\/\/agora.xtec.cat\/ies-brugulat\/wp-content\/uploads\/usu85\/2026\/03\/Portes-obertes-ESO-2026-300x169.jpg 300w, https:\/\/agora.xtec.cat\/ies-brugulat\/wp-content\/uploads\/usu85\/2026\/03\/Portes-obertes-ESO-2026-768x432.jpg 768w\" sizes=\"auto, (max-width: 960px) 100vw, 960px\" \/><\/a><figcaption class=\"wp-element-caption\">Presentaci\u00f3 de la xerrada del 3 de mar\u00e7 de 2026 a la jornada de portes obertes d&#8217;ESO<\/figcaption><\/figure>\n<\/div>\n<\/div>\n","protected":false},"excerpt":{"rendered":"<p>PREINSCRIPCI\u00d3 El proc\u00e9s de preinscripci\u00f3 escolar&nbsp;s&#8217;inicia el 3 de mar\u00e7 amb la publicaci\u00f3 de l&#8217;oferta inicial de places i acaba amb la formalitzaci\u00f3 de la matr\u00edcula el 30 de juny. Durant tot aquest temps, hi ha dates i terminis associats a actuacions clau&nbsp;que heu de tenir presents, ja que determinen l&#8217;assignaci\u00f3 final de places als [&hellip;]<\/p>\n","protected":false},"author":6,"featured_media":28265,"parent":27861,"menu_order":0,"comment_status":"closed","ping_status":"close","template":"","meta":{"site-sidebar-layout":"default","site-content-layout":"","ast-site-content-layout":"default","site-content-style":"default","site-sidebar-style":"default","ast-global-header-display":"","ast-banner-title-visibility":"","ast-main-header-display":"","ast-hfb-above-header-display":"","ast-hfb-below-header-display":"","ast-hfb-mobile-header-display":"","site-post-title":"","ast-breadcrumbs-content":"","ast-featured-img":"","footer-sml-layout":"","theme-transparent-header-meta":"","adv-header-id-meta":"","stick-header-meta":"","header-above-stick-meta":"","header-main-stick-meta":"","header-below-stick-meta":"","astra-migrate-meta-layouts":"set","ast-page-background-enabled":"default","ast-page-background-meta":{"desktop":{"background-color":"var(--ast-global-color-4)","background-image":"","background-repeat":"repeat","background-position":"center center","background-size":"auto","background-attachment":"scroll","background-type":"","background-media":"","overlay-type":"","overlay-color":"","overlay-opacity":"","overlay-gradient":""},"tablet":{"background-color":"","background-image":"","background-repeat":"repeat","background-position":"center center","background-size":"auto","background-attachment":"scroll","background-type":"","background-media":"","overlay-type":"","overlay-color":"","overlay-opacity":"","overlay-gradient":""},"mobile":{"background-color":"","background-image":"","background-repeat":"repeat","background-position":"center center","background-size":"auto","background-attachment":"scroll","background-type":"","background-media":"","overlay-type":"","overlay-color":"","overlay-opacity":"","overlay-gradient":""}},"ast-content-background-meta":{"desktop":{"background-color":"var(--ast-global-color-5)","background-image":"","background-repeat":"repeat","background-position":"center center","background-size":"auto","background-attachment":"scroll","background-type":"","background-media":"","overlay-type":"","overlay-color":"","overlay-opacity":"","overlay-gradient":""},"tablet":{"background-color":"var(--ast-global-color-5)","background-image":"","background-repeat":"repeat","background-position":"center center","background-size":"auto","background-attachment":"scroll","background-type":"","background-media":"","overlay-type":"","overlay-color":"","overlay-opacity":"","overlay-gradient":""},"mobile":{"background-color":"var(--ast-global-color-5)","background-image":"","background-repeat":"repeat","background-position":"center center","background-size":"auto","background-attachment":"scroll","background-type":"","background-media":"","overlay-type":"","overlay-color":"","overlay-opacity":"","overlay-gradient":""}},"footnotes":""},"class_list":["post-28264","page","type-page","status-publish","has-post-thumbnail","hentry"],"post_mailing_queue_ids":[],"_links":{"self":[{"href":"https:\/\/agora.xtec.cat\/ies-brugulat\/wp-json\/wp\/v2\/pages\/28264","targetHints":{"allow":["GET"]}}],"collection":[{"href":"https:\/\/agora.xtec.cat\/ies-brugulat\/wp-json\/wp\/v2\/pages"}],"about":[{"href":"https:\/\/agora.xtec.cat\/ies-brugulat\/wp-json\/wp\/v2\/types\/page"}],"author":[{"embeddable":true,"href":"https:\/\/agora.xtec.cat\/ies-brugulat\/wp-json\/wp\/v2\/users\/6"}],"replies":[{"embeddable":true,"href":"https:\/\/agora.xtec.cat\/ies-brugulat\/wp-json\/wp\/v2\/comments?post=28264"}],"version-history":[{"count":6,"href":"https:\/\/agora.xtec.cat\/ies-brugulat\/wp-json\/wp\/v2\/pages\/28264\/revisions"}],"predecessor-version":[{"id":29450,"href":"https:\/\/agora.xtec.cat\/ies-brugulat\/wp-json\/wp\/v2\/pages\/28264\/revisions\/29450"}],"up":[{"embeddable":true,"href":"https:\/\/agora.xtec.cat\/ies-brugulat\/wp-json\/wp\/v2\/pages\/27861"}],"wp:featuredmedia":[{"embeddable":true,"href":"https:\/\/agora.xtec.cat\/ies-brugulat\/wp-json\/wp\/v2\/media\/28265"}],"wp:attachment":[{"href":"https:\/\/agora.xtec.cat\/ies-brugulat\/wp-json\/wp\/v2\/media?parent=28264"}],"curies":[{"name":"wp","href":"https:\/\/api.w.org\/{rel}","templated":true}]}}