{"id":27898,"date":"2026-02-23T16:39:52","date_gmt":"2026-02-23T15:39:52","guid":{"rendered":"https:\/\/agora.xtec.cat\/ies-brugulat\/?page_id=27898"},"modified":"2026-02-26T06:07:34","modified_gmt":"2026-02-26T05:07:34","slug":"politica-de-qualitat-i-sostenibilitat","status":"publish","type":"page","link":"https:\/\/agora.xtec.cat\/ies-brugulat\/linstitut\/politica-de-qualitat-i-sostenibilitat\/","title":{"rendered":"POL\u00cdTICA DE QUALITAT I MEDI AMBIENT"},"content":{"rendered":"\n<p>L\u2019Institut Josep Brugulat t\u00e9 implementat un sistema de gesti\u00f3 integrat (SGI), basat en la norma <strong>ISO 9001<\/strong>, <strong>ISO 14001 <\/strong>i en el model d\u2019excel\u00b7l\u00e8ncia <strong>e2cat<\/strong>, que cerca la millora cont\u00ednua en la qualitat de l\u2019ensenyament. L\u2019Institut Josep Brugulat t\u00e9 en compte en els seus processos els requisits legals per part del Departament d\u2019Educaci\u00f3 i d\u2019altres organismes aplicables en cada un d\u2019ells i vetlla pel seu compliment.<\/p>\n\n\n\n<p>La pol\u00edtica de qualitat de l\u2019Institut Josep Brugulat persegueix complir la missi\u00f3 i la visi\u00f3 del centre, aix\u00ed com avaluar els resultats d&#8217;acord amb els fets i dades objectives per tal de:<\/p>\n\n\n\n<ul class=\"wp-block-list\">\n<li>millorar cont\u00ednuament l\u2019efic\u00e0cia i l\u2019efici\u00e8ncia de les activitats i serveis que desenvolupa i presta a la comunitat, planificant i avaluant totes les activitats relacionades en aquest projecte educatiu i els diferents plans anuals.<\/li>\n\n\n\n<li>garantir la confian\u00e7a i la satisfacci\u00f3 del client (equip hum\u00e0, alumnat, fam\u00edlies, entorn empresarial i societat en general) per la qual cosa l\u2019Institut Josep Brugulat intentar\u00e0 complir les seves expectatives ara i en el futur.<\/li>\n\n\n\n<li>en l\u2019\u00e0mbit de la gesti\u00f3 ambiental s\u2019adquireix el comprom\u00eds de treballar per a reduir i prevenir els impactes ambientals de les nostres activitats i serveis millorant de forma cont\u00ednua les pr\u00e0ctiques ambientals que es porten a terme al centre, fent un \u00fas sostenible dels recursos i complint els requisits legals corresponents.<\/li>\n<\/ul>\n\n\n\n<p>Com a centre comprom\u00e8s amb l\u2019excel\u00b7l\u00e8ncia educativa i la responsabilitat social, l\u2019institut considera en el seu context extern totes les q\u00fcestions relatives al canvi clim\u00e0tic. Aquest enfocament est\u00e0 alineat amb les directius globals i europees aix\u00ed com tamb\u00e9 amb les necessitats i expectatives de la mateixa comunitat educativa. Per aix\u00f2:<\/p>\n\n\n\n<ul class=\"wp-block-list\">\n<li>s\u2019actualitzen els continguts de les diferents mat\u00e8ries amb compet\u00e8ncies relacionades amb la sostenibilitat <\/li>\n\n\n\n<li>es fomenta la consci\u00e8ncia ambiental amb tallers i activitats transversals a tot el centre<\/li>\n\n\n\n<li>s&#8217;adapten les infraestructures i processos fent un seguiment del consum energ\u00e8tic, generaci\u00f3 de residus, etc. <\/li>\n<\/ul>\n\n\n\n<p>La direcci\u00f3 de l\u2019Institut Josep Brugulat considera la qualitat com un factor important per l\u2019\u00e8xit del centre i ent\u00e9n que cada membre ha de ser responsable de la funci\u00f3 que realitza, aix\u00ed com del comprom\u00eds amb la millora cont\u00ednua, el sistema de qualitat i la comunitat educativa. \u00c9s per aix\u00f2 que la direcci\u00f3 de l\u2019Institut facilitar\u00e0 els mitjans per assolir el nivell de formaci\u00f3 necessari pel desenvolupament de les seves activitats.<\/p>\n\n\n\n<h4 class=\"wp-block-heading\">Abast sistema de gesti\u00f3<\/h4>\n\n\n\n<p><em>Ensenyament reglat d\u2019educaci\u00f3 secund\u00e0ria obligat\u00f2ria, de batxillerat i de formaci\u00f3 professional que inclou cicles formatius espec\u00edfics de graus mitj\u00e0 i superior i programes de formaci\u00f3 i inserci\u00f3 laboral\u201d<\/em><br>En el desenvolupament de l\u2019activitat es t\u00e9 en compte l\u2019impacte que els processos realitzats poden generar en l\u2019entorn i es vetlla per la conscienciaci\u00f3 vers aquest entorn promovent l\u2019inter\u00e8s per la sostenibilitat.<br>L\u2019abast tamb\u00e9 t\u00e9 en compte els l\u00edmits f\u00edsics de l\u2019edifici i el pati que l\u2019envolta, situat a la carretera de Figueroles, n. 19 de Banyoles.<\/p>\n\n\n\n<figure class=\"wp-block-gallery has-nested-images columns-default is-cropped wp-block-gallery-1 is-layout-flex wp-block-gallery-is-layout-flex\">\n<figure data-wp-context=\"{&quot;imageId&quot;:&quot;69fbe9d309a95&quot;}\" data-wp-interactive=\"core\/image\" class=\"wp-block-image size-large wp-lightbox-container\"><img loading=\"lazy\" decoding=\"async\" width=\"1024\" height=\"256\" data-wp-class--hide=\"state.isContentHidden\" data-wp-class--show=\"state.isContentVisible\" data-wp-init=\"callbacks.setButtonStyles\" data-wp-on-async--click=\"actions.showLightbox\" data-wp-on-async--load=\"callbacks.setButtonStyles\" data-wp-on-async-window--resize=\"callbacks.setButtonStyles\" data-id=\"27903\" src=\"https:\/\/agora.xtec.cat\/ies-brugulat\/wp-content\/uploads\/usu85\/2026\/02\/ministeri-1024x256.png\" alt=\"\" class=\"wp-image-27903\" srcset=\"https:\/\/agora.xtec.cat\/ies-brugulat\/wp-content\/uploads\/usu85\/2026\/02\/ministeri-1024x256.png 1024w, https:\/\/agora.xtec.cat\/ies-brugulat\/wp-content\/uploads\/usu85\/2026\/02\/ministeri-300x75.png 300w, https:\/\/agora.xtec.cat\/ies-brugulat\/wp-content\/uploads\/usu85\/2026\/02\/ministeri-768x192.png 768w, https:\/\/agora.xtec.cat\/ies-brugulat\/wp-content\/uploads\/usu85\/2026\/02\/ministeri-1536x384.png 1536w, https:\/\/agora.xtec.cat\/ies-brugulat\/wp-content\/uploads\/usu85\/2026\/02\/ministeri-2048x512.png 2048w\" sizes=\"auto, (max-width: 1024px) 100vw, 1024px\" \/><button\n\t\t\tclass=\"lightbox-trigger\"\n\t\t\ttype=\"button\"\n\t\t\taria-haspopup=\"dialog\"\n\t\t\taria-label=\"Amplia la imatge\"\n\t\t\tdata-wp-init=\"callbacks.initTriggerButton\"\n\t\t\tdata-wp-on-async--click=\"actions.showLightbox\"\n\t\t\tdata-wp-style--right=\"state.imageButtonRight\"\n\t\t\tdata-wp-style--top=\"state.imageButtonTop\"\n\t\t>\n\t\t\t<svg xmlns=\"http:\/\/www.w3.org\/2000\/svg\" width=\"12\" height=\"12\" fill=\"none\" viewBox=\"0 0 12 12\">\n\t\t\t\t<path fill=\"#fff\" d=\"M2 0a2 2 0 0 0-2 2v2h1.5V2a.5.5 0 0 1 .5-.5h2V0H2Zm2 10.5H2a.5.5 0 0 1-.5-.5V8H0v2a2 2 0 0 0 2 2h2v-1.5ZM8 12v-1.5h2a.5.5 0 0 0 .5-.5V8H12v2a2 2 0 0 1-2 2H8Zm2-12a2 2 0 0 1 2 2v2h-1.5V2a.5.5 0 0 0-.5-.5H8V0h2Z\" \/>\n\t\t\t<\/svg>\n\t\t<\/button><\/figure>\n<\/figure>\n","protected":false},"excerpt":{"rendered":"<p>L\u2019Institut Josep Brugulat t\u00e9 implementat un sistema de gesti\u00f3 integrat (SGI), basat en la norma ISO 9001, ISO 14001 i en el model d\u2019excel\u00b7l\u00e8ncia e2cat, que cerca la millora cont\u00ednua en la qualitat de l\u2019ensenyament. L\u2019Institut Josep Brugulat t\u00e9 en compte en els seus processos els requisits legals per part del Departament d\u2019Educaci\u00f3 i d\u2019altres [&hellip;]<\/p>\n","protected":false},"author":5,"featured_media":0,"parent":19,"menu_order":3,"comment_status":"closed","ping_status":"closed","template":"","meta":{"site-sidebar-layout":"default","site-content-layout":"","ast-site-content-layout":"default","site-content-style":"default","site-sidebar-style":"default","ast-global-header-display":"","ast-banner-title-visibility":"","ast-main-header-display":"","ast-hfb-above-header-display":"","ast-hfb-below-header-display":"","ast-hfb-mobile-header-display":"","site-post-title":"","ast-breadcrumbs-content":"","ast-featured-img":"","footer-sml-layout":"","theme-transparent-header-meta":"","adv-header-id-meta":"","stick-header-meta":"","header-above-stick-meta":"","header-main-stick-meta":"","header-below-stick-meta":"","astra-migrate-meta-layouts":"set","ast-page-background-enabled":"default","ast-page-background-meta":{"desktop":{"background-color":"var(--ast-global-color-4)","background-image":"","background-repeat":"repeat","background-position":"center center","background-size":"auto","background-attachment":"scroll","background-type":"","background-media":"","overlay-type":"","overlay-color":"","overlay-opacity":"","overlay-gradient":""},"tablet":{"background-color":"","background-image":"","background-repeat":"repeat","background-position":"center center","background-size":"auto","background-attachment":"scroll","background-type":"","background-media":"","overlay-type":"","overlay-color":"","overlay-opacity":"","overlay-gradient":""},"mobile":{"background-color":"","background-image":"","background-repeat":"repeat","background-position":"center center","background-size":"auto","background-attachment":"scroll","background-type":"","background-media":"","overlay-type":"","overlay-color":"","overlay-opacity":"","overlay-gradient":""}},"ast-content-background-meta":{"desktop":{"background-color":"var(--ast-global-color-5)","background-image":"","background-repeat":"repeat","background-position":"center center","background-size":"auto","background-attachment":"scroll","background-type":"","background-media":"","overlay-type":"","overlay-color":"","overlay-opacity":"","overlay-gradient":""},"tablet":{"background-color":"var(--ast-global-color-5)","background-image":"","background-repeat":"repeat","background-position":"center center","background-size":"auto","background-attachment":"scroll","background-type":"","background-media":"","overlay-type":"","overlay-color":"","overlay-opacity":"","overlay-gradient":""},"mobile":{"background-color":"var(--ast-global-color-5)","background-image":"","background-repeat":"repeat","background-position":"center center","background-size":"auto","background-attachment":"scroll","background-type":"","background-media":"","overlay-type":"","overlay-color":"","overlay-opacity":"","overlay-gradient":""}},"footnotes":""},"class_list":["post-27898","page","type-page","status-publish","hentry"],"post_mailing_queue_ids":[],"_links":{"self":[{"href":"https:\/\/agora.xtec.cat\/ies-brugulat\/wp-json\/wp\/v2\/pages\/27898","targetHints":{"allow":["GET"]}}],"collection":[{"href":"https:\/\/agora.xtec.cat\/ies-brugulat\/wp-json\/wp\/v2\/pages"}],"about":[{"href":"https:\/\/agora.xtec.cat\/ies-brugulat\/wp-json\/wp\/v2\/types\/page"}],"author":[{"embeddable":true,"href":"https:\/\/agora.xtec.cat\/ies-brugulat\/wp-json\/wp\/v2\/users\/5"}],"replies":[{"embeddable":true,"href":"https:\/\/agora.xtec.cat\/ies-brugulat\/wp-json\/wp\/v2\/comments?post=27898"}],"version-history":[{"count":6,"href":"https:\/\/agora.xtec.cat\/ies-brugulat\/wp-json\/wp\/v2\/pages\/27898\/revisions"}],"predecessor-version":[{"id":28031,"href":"https:\/\/agora.xtec.cat\/ies-brugulat\/wp-json\/wp\/v2\/pages\/27898\/revisions\/28031"}],"up":[{"embeddable":true,"href":"https:\/\/agora.xtec.cat\/ies-brugulat\/wp-json\/wp\/v2\/pages\/19"}],"wp:attachment":[{"href":"https:\/\/agora.xtec.cat\/ies-brugulat\/wp-json\/wp\/v2\/media?parent=27898"}],"curies":[{"name":"wp","href":"https:\/\/api.w.org\/{rel}","templated":true}]}}