{"id":27861,"date":"2026-02-19T09:48:22","date_gmt":"2026-02-19T08:48:22","guid":{"rendered":"https:\/\/agora.xtec.cat\/ies-brugulat\/?page_id=27861"},"modified":"2026-04-21T11:39:17","modified_gmt":"2026-04-21T09:39:17","slug":"preinscripcio-i-matricula-26-27","status":"publish","type":"page","link":"https:\/\/agora.xtec.cat\/ies-brugulat\/secretaria\/preinscripcio-i-matricula-26-27\/","title":{"rendered":"PREINSCRIPCI\u00d3 I MATR\u00cdCULA 26-27"},"content":{"rendered":"\n<div class=\"wp-block-group is-layout-grid wp-container-core-group-is-layout-1 wp-block-group-is-layout-grid\" style=\"padding-top:0px;padding-bottom:0px\">\n<figure class=\"wp-block-image size-medium\"><a href=\"https:\/\/agora.xtec.cat\/ies-brugulat\/secretaria\/preinscripcio-i-matricula-26-27\/eso-preinscripcio-i-matricula-26-27\/\"><img loading=\"lazy\" decoding=\"async\" width=\"300\" height=\"300\" src=\"https:\/\/agora.xtec.cat\/ies-brugulat\/wp-content\/uploads\/usu85\/2025\/02\/ESO-1-300x300.png\" alt=\"\" class=\"wp-image-23608\" srcset=\"https:\/\/agora.xtec.cat\/ies-brugulat\/wp-content\/uploads\/usu85\/2025\/02\/ESO-1-300x300.png 300w, https:\/\/agora.xtec.cat\/ies-brugulat\/wp-content\/uploads\/usu85\/2025\/02\/ESO-1-1024x1024.png 1024w, https:\/\/agora.xtec.cat\/ies-brugulat\/wp-content\/uploads\/usu85\/2025\/02\/ESO-1-150x150.png 150w, https:\/\/agora.xtec.cat\/ies-brugulat\/wp-content\/uploads\/usu85\/2025\/02\/ESO-1-768x768.png 768w, https:\/\/agora.xtec.cat\/ies-brugulat\/wp-content\/uploads\/usu85\/2025\/02\/ESO-1-1536x1536.png 1536w, https:\/\/agora.xtec.cat\/ies-brugulat\/wp-content\/uploads\/usu85\/2025\/02\/ESO-1.png 2048w\" sizes=\"auto, (max-width: 300px) 100vw, 300px\" \/><\/a><\/figure>\n\n\n\n<figure class=\"wp-block-image size-medium\"><a href=\"https:\/\/agora.xtec.cat\/ies-brugulat\/secretaria\/preinscripcio-i-matricula-26-27\/batx-preinscripcio-i-matricula-26-27\/\"><img loading=\"lazy\" decoding=\"async\" width=\"300\" height=\"300\" src=\"https:\/\/agora.xtec.cat\/ies-brugulat\/wp-content\/uploads\/usu85\/2025\/02\/BATX-300x300.png\" alt=\"\" class=\"wp-image-23604\" srcset=\"https:\/\/agora.xtec.cat\/ies-brugulat\/wp-content\/uploads\/usu85\/2025\/02\/BATX-300x300.png 300w, https:\/\/agora.xtec.cat\/ies-brugulat\/wp-content\/uploads\/usu85\/2025\/02\/BATX-1024x1024.png 1024w, https:\/\/agora.xtec.cat\/ies-brugulat\/wp-content\/uploads\/usu85\/2025\/02\/BATX-150x150.png 150w, https:\/\/agora.xtec.cat\/ies-brugulat\/wp-content\/uploads\/usu85\/2025\/02\/BATX-768x768.png 768w, https:\/\/agora.xtec.cat\/ies-brugulat\/wp-content\/uploads\/usu85\/2025\/02\/BATX-1536x1536.png 1536w, https:\/\/agora.xtec.cat\/ies-brugulat\/wp-content\/uploads\/usu85\/2025\/02\/BATX.png 2048w\" sizes=\"auto, (max-width: 300px) 100vw, 300px\" \/><\/a><\/figure>\n\n\n\n<figure class=\"wp-block-image size-medium\"><a href=\"https:\/\/agora.xtec.cat\/ies-brugulat\/secretaria\/preinscripcio-i-matricula-26-27\/pfi-preinscripcio-i-matricula-26-27\/\"><img loading=\"lazy\" decoding=\"async\" width=\"300\" height=\"300\" src=\"https:\/\/agora.xtec.cat\/ies-brugulat\/wp-content\/uploads\/usu85\/2025\/02\/PFI-300x300.png\" alt=\"\" class=\"wp-image-23609\" srcset=\"https:\/\/agora.xtec.cat\/ies-brugulat\/wp-content\/uploads\/usu85\/2025\/02\/PFI-300x300.png 300w, https:\/\/agora.xtec.cat\/ies-brugulat\/wp-content\/uploads\/usu85\/2025\/02\/PFI-1024x1024.png 1024w, https:\/\/agora.xtec.cat\/ies-brugulat\/wp-content\/uploads\/usu85\/2025\/02\/PFI-150x150.png 150w, https:\/\/agora.xtec.cat\/ies-brugulat\/wp-content\/uploads\/usu85\/2025\/02\/PFI-768x768.png 768w, https:\/\/agora.xtec.cat\/ies-brugulat\/wp-content\/uploads\/usu85\/2025\/02\/PFI-1536x1536.png 1536w, https:\/\/agora.xtec.cat\/ies-brugulat\/wp-content\/uploads\/usu85\/2025\/02\/PFI.png 2048w\" sizes=\"auto, (max-width: 300px) 100vw, 300px\" \/><\/a><\/figure>\n\n\n\n<figure class=\"wp-block-image size-medium\"><a href=\"https:\/\/agora.xtec.cat\/ies-brugulat\/secretaria\/preinscripcio-i-matricula-26-27\/cfpm-preinscripcio-i-matricula-26-27\/\"><img loading=\"lazy\" decoding=\"async\" width=\"300\" height=\"300\" src=\"https:\/\/agora.xtec.cat\/ies-brugulat\/wp-content\/uploads\/usu85\/2026\/03\/2-300x300.png\" alt=\"\" class=\"wp-image-28253\" srcset=\"https:\/\/agora.xtec.cat\/ies-brugulat\/wp-content\/uploads\/usu85\/2026\/03\/2-300x300.png 300w, https:\/\/agora.xtec.cat\/ies-brugulat\/wp-content\/uploads\/usu85\/2026\/03\/2-1024x1024.png 1024w, https:\/\/agora.xtec.cat\/ies-brugulat\/wp-content\/uploads\/usu85\/2026\/03\/2-150x150.png 150w, https:\/\/agora.xtec.cat\/ies-brugulat\/wp-content\/uploads\/usu85\/2026\/03\/2-768x768.png 768w, https:\/\/agora.xtec.cat\/ies-brugulat\/wp-content\/uploads\/usu85\/2026\/03\/2.png 1536w\" sizes=\"auto, (max-width: 300px) 100vw, 300px\" \/><\/a><\/figure>\n\n\n\n<figure class=\"wp-block-image size-medium\"><a href=\"https:\/\/agora.xtec.cat\/ies-brugulat\/secretaria\/preinscripcio-i-matricula-26-27\/cfps-preinscripcio-i-matriculacio-26-27\/\"><img loading=\"lazy\" decoding=\"async\" width=\"300\" height=\"300\" src=\"https:\/\/agora.xtec.cat\/ies-brugulat\/wp-content\/uploads\/usu85\/2026\/03\/1-300x300.png\" alt=\"\" class=\"wp-image-28254\" srcset=\"https:\/\/agora.xtec.cat\/ies-brugulat\/wp-content\/uploads\/usu85\/2026\/03\/1-300x300.png 300w, https:\/\/agora.xtec.cat\/ies-brugulat\/wp-content\/uploads\/usu85\/2026\/03\/1-1024x1024.png 1024w, https:\/\/agora.xtec.cat\/ies-brugulat\/wp-content\/uploads\/usu85\/2026\/03\/1-150x150.png 150w, https:\/\/agora.xtec.cat\/ies-brugulat\/wp-content\/uploads\/usu85\/2026\/03\/1-768x768.png 768w, https:\/\/agora.xtec.cat\/ies-brugulat\/wp-content\/uploads\/usu85\/2026\/03\/1.png 1536w\" sizes=\"auto, (max-width: 300px) 100vw, 300px\" \/><\/a><\/figure>\n\n\n\n<figure class=\"wp-block-image size-large\"><a href=\"https:\/\/agora.xtec.cat\/ies-brugulat\/secretaria\/preinscripcio-i-matricula-26-27\/fp-complecio-loe\/\"><img loading=\"lazy\" decoding=\"async\" width=\"1024\" height=\"1024\" src=\"https:\/\/agora.xtec.cat\/ies-brugulat\/wp-content\/uploads\/usu85\/2025\/10\/FP-Complecio-LOE-1024x1024.jpg\" alt=\"\" class=\"wp-image-25826\" srcset=\"https:\/\/agora.xtec.cat\/ies-brugulat\/wp-content\/uploads\/usu85\/2025\/10\/FP-Complecio-LOE-1024x1024.jpg 1024w, https:\/\/agora.xtec.cat\/ies-brugulat\/wp-content\/uploads\/usu85\/2025\/10\/FP-Complecio-LOE-300x300.jpg 300w, https:\/\/agora.xtec.cat\/ies-brugulat\/wp-content\/uploads\/usu85\/2025\/10\/FP-Complecio-LOE-150x150.jpg 150w, https:\/\/agora.xtec.cat\/ies-brugulat\/wp-content\/uploads\/usu85\/2025\/10\/FP-Complecio-LOE-768x768.jpg 768w, https:\/\/agora.xtec.cat\/ies-brugulat\/wp-content\/uploads\/usu85\/2025\/10\/FP-Complecio-LOE-1536x1536.jpg 1536w, https:\/\/agora.xtec.cat\/ies-brugulat\/wp-content\/uploads\/usu85\/2025\/10\/FP-Complecio-LOE.jpg 1654w\" sizes=\"auto, (max-width: 1024px) 100vw, 1024px\" \/><\/a><\/figure>\n<\/div>\n\n\n\n<div style=\"height:24px\" aria-hidden=\"true\" class=\"wp-block-spacer\"><\/div>\n\n\n\n<div style=\"height:40px\" aria-hidden=\"true\" class=\"wp-block-spacer\"><\/div>\n\n\n\n<h3 class=\"wp-block-heading\">Informaci\u00f3 del Departament d&#8217;educaci\u00f3 i formaci\u00f3 professional relativa a la preinscripci\u00f3 i matr\u00edcula 26-27:<\/h3>\n\n\n\n<figure class=\"wp-block-image size-large is-resized has-custom-border\"><a href=\"https:\/\/preinscripcio.gencat.cat\/ca\/inici\/\" target=\"_blank\" rel=\" noreferrer noopener\"><img loading=\"lazy\" decoding=\"async\" width=\"1024\" height=\"200\" src=\"https:\/\/agora.xtec.cat\/ies-brugulat\/wp-content\/uploads\/usu85\/2026\/03\/Preinscripcio_baners_Web_educacio__Preinscripcio_web_educacio_1900x372_3imatges-1024x200.jpg\" alt=\"\" class=\"wp-image-28255\" style=\"border-radius:20px;width:1025px;height:auto\" srcset=\"https:\/\/agora.xtec.cat\/ies-brugulat\/wp-content\/uploads\/usu85\/2026\/03\/Preinscripcio_baners_Web_educacio__Preinscripcio_web_educacio_1900x372_3imatges-1024x200.jpg 1024w, https:\/\/agora.xtec.cat\/ies-brugulat\/wp-content\/uploads\/usu85\/2026\/03\/Preinscripcio_baners_Web_educacio__Preinscripcio_web_educacio_1900x372_3imatges-300x59.jpg 300w, https:\/\/agora.xtec.cat\/ies-brugulat\/wp-content\/uploads\/usu85\/2026\/03\/Preinscripcio_baners_Web_educacio__Preinscripcio_web_educacio_1900x372_3imatges-768x150.jpg 768w, https:\/\/agora.xtec.cat\/ies-brugulat\/wp-content\/uploads\/usu85\/2026\/03\/Preinscripcio_baners_Web_educacio__Preinscripcio_web_educacio_1900x372_3imatges-1536x301.jpg 1536w, https:\/\/agora.xtec.cat\/ies-brugulat\/wp-content\/uploads\/usu85\/2026\/03\/Preinscripcio_baners_Web_educacio__Preinscripcio_web_educacio_1900x372_3imatges.jpg 1900w\" sizes=\"auto, (max-width: 1024px) 100vw, 1024px\" \/><\/a><\/figure>\n\n\n\n<div style=\"height:50px\" aria-hidden=\"true\" class=\"wp-block-spacer\"><\/div>\n\n\n\n<h3 class=\"wp-block-heading\">Normativa aplicable al proc\u00e9s de preinscripci\u00f3<\/h3>\n\n\n\n<p>&#8211; <strong><a href=\"https:\/\/portaldogc.gencat.cat\/utilsEADOP\/AppJava\/PdfProviderServlet?versionId=1836750&amp;type=01\">Decret 11\/2021, de 16 de febrer<\/a>,<\/strong>&nbsp;de la programaci\u00f3 de l\u2019oferta educativa i del procediment d\u2019admissi\u00f3 en els centres del Servei d\u2019Educaci\u00f3 de Catalunya.<\/p>\n\n\n\n<p>&#8211; <strong><a href=\"https:\/\/agora.xtec.cat\/ies-brugulat\/wp-content\/uploads\/usu85\/2026\/03\/EDF-293-2026.pdf\">Resoluci\u00f3 EDF\/293\/2026<\/a><\/strong>, de 6 de febrer, per la qual s\u2019aproven les normes de preinscripci\u00f3 i matr\u00edcula d\u2019alumnes als centres del Servei d\u2019Educaci\u00f3 de Catalunya i altres centres educatius, en els ensenyaments sufragats amb fons p\u00fablics de primer cicle d&#8217;educaci\u00f3 infantil en llars d&#8217;infants o escoles bressol p\u00fabliques, segon cicle d&#8217;educaci\u00f3<br>infantil, d&#8217;educaci\u00f3 prim\u00e0ria, d&#8217;<strong>educaci\u00f3 secund\u00e0ria obligat\u00f2ria<\/strong>, de <strong>batxillerat<\/strong>, de m\u00fasica o dansa integrades amb l&#8217;educaci\u00f3 prim\u00e0ria, l&#8217;educaci\u00f3 secund\u00e0ria obligat\u00f2ria o el batxillerat, d&#8217;ensenyaments professionals de m\u00fasica i professionals de dansa i d&#8217;ensenyaments art\u00edstics superiors, sense perjudici de les compet\u00e8ncies atribu\u00efdes al Consorci d&#8217;Educaci\u00f3 de Barcelona i als ajuntaments que, d&#8217;acord amb la Llei 12\/2009, del 10 de juliol, i la disposici\u00f3 addicional 4 del Decret 11\/2021, de 16 de febrer, hagin assumit la compet\u00e8ncia en mat\u00e8ria d&#8217;admissi\u00f3, per al curs 2026-2027.<\/p>\n\n\n\n<p>&#8211; <a href=\"https:\/\/agora.xtec.cat\/ies-brugulat\/wp-content\/uploads\/usu85\/2026\/04\/FP-i-PFI.-EDF8142026-de-19-de-marc.pdf\" target=\"_blank\" rel=\"noreferrer noopener\"><strong>Resoluci\u00f3 EDF\/814\/2026<\/strong><\/a>, de 19 de mar\u00e7, per la qual es determinen el calendari i les condicions de la preinscripci\u00f3 i matr\u00edcula, per al curs 2026-2027, al curs de formaci\u00f3 preparatori per a l&#8217;acc\u00e9s a cicles formatius de grau mitj\u00e0, al curs de formaci\u00f3 preparatori per a l&#8217;acc\u00e9s a cicles formatius de grau superior, als itineraris formatius espec\u00edfics, als cicles formatius de formaci\u00f3 professional de grau b\u00e0sic, als <strong>cicles formatius de formaci\u00f3 professional de grau mitj\u00e0<\/strong>, als <strong>cicles formatius de formaci\u00f3 professional de grau superior<\/strong>, als cursos d&#8217;especialitzaci\u00f3 de formaci\u00f3 professional, als cicles formatius d&#8217;arts pl\u00e0stiques i disseny de grau mitj\u00e0 i de grau superior, als ensenyaments esportius, als <strong>programes de formaci\u00f3 i inserci\u00f3<\/strong>, als ensenyaments d&#8217;arts esc\u00e8niques, als ensenyaments impartits en centres i aules de formaci\u00f3 d&#8217;adults i als ensenyaments d&#8217;idiomes en escoles oficials d&#8217;idiomes.<\/p>\n\n\n\n<div style=\"height:50px\" aria-hidden=\"true\" class=\"wp-block-spacer\"><\/div>\n\n\n\n<h3 class=\"wp-block-heading\">Podeu trobar m\u00e9s informaci\u00f3 a:<\/h3>\n\n\n\n<h4 class=\"wp-block-heading\"><a href=\"https:\/\/educacio.banyoles.cat\/ca\/escolaritzacio.html\">Servei d&#8217;Educaci\u00f3 de Banyoles:<\/a><\/h4>\n\n\n\n<div class=\"wp-block-media-text is-vertically-aligned-top\" style=\"grid-template-columns:15% auto\"><figure class=\"wp-block-media-text__media\"><a href=\"https:\/\/educacio.banyoles.cat\/ca\/escolaritzacio.html\" target=\"_blank\" rel=\"noreferrer noopener\"><img loading=\"lazy\" decoding=\"async\" width=\"270\" height=\"208\" src=\"https:\/\/agora.xtec.cat\/ies-brugulat\/wp-content\/uploads\/usu85\/2025\/02\/educacio_banyoles.png\" alt=\"\" class=\"wp-image-23261 size-full\"\/><\/a><\/figure><div class=\"wp-block-media-text__content\">\n<ul class=\"wp-block-list\">\n<li>Oficina Municipal d&#8217;Escolaritzaci\u00f3 (OME)<\/li>\n\n\n\n<li>Oferta formativa<\/li>\n\n\n\n<li>Pla d&#8217;Escolaritzaci\u00f3 Extensiva (PEE)<\/li>\n\n\n\n<li>Adscripci\u00f3 i zones escolars<\/li>\n\n\n\n<li>Preinscripci\u00f3 educaci\u00f3 obligat\u00f2ria i postobligat\u00f2ria<\/li>\n<\/ul>\n<\/div><\/div>\n","protected":false},"excerpt":{"rendered":"<p>Informaci\u00f3 del Departament d&#8217;educaci\u00f3 i formaci\u00f3 professional relativa a la preinscripci\u00f3 i matr\u00edcula 26-27: Normativa aplicable al proc\u00e9s de preinscripci\u00f3 &#8211; Decret 11\/2021, de 16 de febrer,&nbsp;de la programaci\u00f3 de l\u2019oferta educativa i del procediment d\u2019admissi\u00f3 en els centres del Servei d\u2019Educaci\u00f3 de Catalunya. &#8211; Resoluci\u00f3 EDF\/293\/2026, de 6 de febrer, per la qual s\u2019aproven [&hellip;]<\/p>\n","protected":false},"author":5,"featured_media":27862,"parent":81,"menu_order":4,"comment_status":"closed","ping_status":"closed","template":"","meta":{"site-sidebar-layout":"default","site-content-layout":"","ast-site-content-layout":"default","site-content-style":"default","site-sidebar-style":"default","ast-global-header-display":"","ast-banner-title-visibility":"","ast-main-header-display":"","ast-hfb-above-header-display":"","ast-hfb-below-header-display":"","ast-hfb-mobile-header-display":"","site-post-title":"","ast-breadcrumbs-content":"","ast-featured-img":"","footer-sml-layout":"","theme-transparent-header-meta":"","adv-header-id-meta":"","stick-header-meta":"","header-above-stick-meta":"","header-main-stick-meta":"","header-below-stick-meta":"","astra-migrate-meta-layouts":"set","ast-page-background-enabled":"default","ast-page-background-meta":{"desktop":{"background-color":"var(--ast-global-color-4)","background-image":"","background-repeat":"repeat","background-position":"center center","background-size":"auto","background-attachment":"scroll","background-type":"","background-media":"","overlay-type":"","overlay-color":"","overlay-opacity":"","overlay-gradient":""},"tablet":{"background-color":"","background-image":"","background-repeat":"repeat","background-position":"center center","background-size":"auto","background-attachment":"scroll","background-type":"","background-media":"","overlay-type":"","overlay-color":"","overlay-opacity":"","overlay-gradient":""},"mobile":{"background-color":"","background-image":"","background-repeat":"repeat","background-position":"center center","background-size":"auto","background-attachment":"scroll","background-type":"","background-media":"","overlay-type":"","overlay-color":"","overlay-opacity":"","overlay-gradient":""}},"ast-content-background-meta":{"desktop":{"background-color":"var(--ast-global-color-5)","background-image":"","background-repeat":"repeat","background-position":"center center","background-size":"auto","background-attachment":"scroll","background-type":"","background-media":"","overlay-type":"","overlay-color":"","overlay-opacity":"","overlay-gradient":""},"tablet":{"background-color":"var(--ast-global-color-5)","background-image":"","background-repeat":"repeat","background-position":"center center","background-size":"auto","background-attachment":"scroll","background-type":"","background-media":"","overlay-type":"","overlay-color":"","overlay-opacity":"","overlay-gradient":""},"mobile":{"background-color":"var(--ast-global-color-5)","background-image":"","background-repeat":"repeat","background-position":"center center","background-size":"auto","background-attachment":"scroll","background-type":"","background-media":"","overlay-type":"","overlay-color":"","overlay-opacity":"","overlay-gradient":""}},"footnotes":""},"class_list":["post-27861","page","type-page","status-publish","has-post-thumbnail","hentry"],"post_mailing_queue_ids":[],"_links":{"self":[{"href":"https:\/\/agora.xtec.cat\/ies-brugulat\/wp-json\/wp\/v2\/pages\/27861","targetHints":{"allow":["GET"]}}],"collection":[{"href":"https:\/\/agora.xtec.cat\/ies-brugulat\/wp-json\/wp\/v2\/pages"}],"about":[{"href":"https:\/\/agora.xtec.cat\/ies-brugulat\/wp-json\/wp\/v2\/types\/page"}],"author":[{"embeddable":true,"href":"https:\/\/agora.xtec.cat\/ies-brugulat\/wp-json\/wp\/v2\/users\/5"}],"replies":[{"embeddable":true,"href":"https:\/\/agora.xtec.cat\/ies-brugulat\/wp-json\/wp\/v2\/comments?post=27861"}],"version-history":[{"count":6,"href":"https:\/\/agora.xtec.cat\/ies-brugulat\/wp-json\/wp\/v2\/pages\/27861\/revisions"}],"predecessor-version":[{"id":29210,"href":"https:\/\/agora.xtec.cat\/ies-brugulat\/wp-json\/wp\/v2\/pages\/27861\/revisions\/29210"}],"up":[{"embeddable":true,"href":"https:\/\/agora.xtec.cat\/ies-brugulat\/wp-json\/wp\/v2\/pages\/81"}],"wp:featuredmedia":[{"embeddable":true,"href":"https:\/\/agora.xtec.cat\/ies-brugulat\/wp-json\/wp\/v2\/media\/27862"}],"wp:attachment":[{"href":"https:\/\/agora.xtec.cat\/ies-brugulat\/wp-json\/wp\/v2\/media?parent=27861"}],"curies":[{"name":"wp","href":"https:\/\/api.w.org\/{rel}","templated":true}]}}