{"id":27786,"date":"2026-02-12T15:49:47","date_gmt":"2026-02-12T14:49:47","guid":{"rendered":"https:\/\/agora.xtec.cat\/ies-brugulat\/?page_id=27786"},"modified":"2026-02-25T20:57:35","modified_gmt":"2026-02-25T19:57:35","slug":"programes-dinnovacio","status":"publish","type":"page","link":"https:\/\/agora.xtec.cat\/ies-brugulat\/programes-dinnovacio\/","title":{"rendered":"PROGRAMES D&#8217;INNOVACI\u00d3"},"content":{"rendered":"\n<div class=\"wp-block-columns is-layout-flex wp-container-core-columns-is-layout-1 wp-block-columns-is-layout-flex\">\n<div class=\"wp-block-column is-layout-flow wp-block-column-is-layout-flow\" style=\"flex-basis:50%\">\n<figure class=\"wp-block-image size-full is-resized has-custom-border\"><a href=\"https:\/\/agora.xtec.cat\/ies-brugulat\/programes-dinnovacio\/promovem-els-programes-de-mobilitat\/\"><img decoding=\"async\" src=\"https:\/\/agora.xtec.cat\/ies-brugulat\/wp-content\/uploads\/usu85\/2026\/02\/Erasmus_Logo.svg\" alt=\"\" class=\"wp-image-27787\" style=\"border-radius:20px;width:500px\"\/><\/a><\/figure>\n<\/div>\n\n\n\n<div class=\"wp-block-column is-layout-flow wp-block-column-is-layout-flow\" style=\"flex-basis:50%\">\n<p>L\u2019Institut Josep Brugulat cerca la modernitzaci\u00f3 i internacionalitzaci\u00f3 de la seva oferta educativa mitjan\u00e7ant la participaci\u00f3 en activitats de mobilitat del Programa Erasmus. L&#8217;objectiu principal \u00e9s millorar la qualitat de la formaci\u00f3 professional que s&#8217;ofereix, les compet\u00e8ncies ling\u00fc\u00edstiques i interculturals d&#8217;alumnat i professorat, i augmentar el grau d&#8217;inserci\u00f3 laboral.<\/p>\n<\/div>\n<\/div>\n\n\n\n<div class=\"wp-block-columns is-layout-flex wp-container-core-columns-is-layout-2 wp-block-columns-is-layout-flex\">\n<div class=\"wp-block-column is-layout-flow wp-block-column-is-layout-flow\" style=\"flex-basis:50%\">\n<figure class=\"wp-block-image size-full has-custom-border\"><a href=\"https:\/\/projectes.xtec.cat\/impulsfp\/categoria\/impulsfp\/emprenfp\/\" target=\"_blank\" rel=\" noreferrer noopener\"><img loading=\"lazy\" decoding=\"async\" width=\"902\" height=\"307\" src=\"https:\/\/agora.xtec.cat\/ies-brugulat\/wp-content\/uploads\/usu85\/2026\/02\/EmprenFPmenu-copia-1-1.png\" alt=\"\" class=\"wp-image-27945\" style=\"border-radius:20px\" srcset=\"https:\/\/agora.xtec.cat\/ies-brugulat\/wp-content\/uploads\/usu85\/2026\/02\/EmprenFPmenu-copia-1-1.png 902w, https:\/\/agora.xtec.cat\/ies-brugulat\/wp-content\/uploads\/usu85\/2026\/02\/EmprenFPmenu-copia-1-1-300x102.png 300w, https:\/\/agora.xtec.cat\/ies-brugulat\/wp-content\/uploads\/usu85\/2026\/02\/EmprenFPmenu-copia-1-1-768x261.png 768w\" sizes=\"auto, (max-width: 902px) 100vw, 902px\" \/><\/a><\/figure>\n<\/div>\n\n\n\n<div class=\"wp-block-column is-layout-flow wp-block-column-is-layout-flow\" style=\"flex-basis:50%\">\n<p>L\u2019Institut Josep Brugulat impulsa el Programa Empr\u00e8nFP amb l\u2019objectiu de fomentar l\u2019esperit emprenedor, la innovaci\u00f3 i la vinculaci\u00f3 amb l\u2019economia social i solid\u00e0ria (ESS) en la Formaci\u00f3 Professional. &nbsp;<\/p>\n\n\n\n<p>A trav\u00e9s del projecte <strong><a href=\"https:\/\/tandemfp.cat\/ca\">T\u00e0ndemFP<\/a><\/strong> el centre promou metodologies actives, el treball en equip i el desenvolupament de compet\u00e8ncies professionals i transversals a trav\u00e9s de visites a cooperatives i empreses del territori, participaci\u00f3 en reptes i jornades, i l\u2019organitzaci\u00f3 de tallers formatius i esdeveniments. Aquesta participaci\u00f3 permet connectar l\u2019aula amb el teixit econ\u00f2mic i social del territori, refor\u00e7ant l\u2019orientaci\u00f3 professional i la capacitat d\u2019iniciativa de l\u2019alumnat.&nbsp;<\/p>\n\n\n\n<figure class=\"wp-block-image size-full is-resized has-custom-border\"><a href=\"https:\/\/tandemfp.cat\/ca\" target=\"_blank\" rel=\" noreferrer noopener\"><img loading=\"lazy\" decoding=\"async\" width=\"1051\" height=\"223\" src=\"https:\/\/agora.xtec.cat\/ies-brugulat\/wp-content\/uploads\/usu85\/2026\/02\/tandemfp.jpg\" alt=\"\" class=\"wp-image-27948\" style=\"border-radius:20px;width:200px\" srcset=\"https:\/\/agora.xtec.cat\/ies-brugulat\/wp-content\/uploads\/usu85\/2026\/02\/tandemfp.jpg 1051w, https:\/\/agora.xtec.cat\/ies-brugulat\/wp-content\/uploads\/usu85\/2026\/02\/tandemfp-300x64.jpg 300w, https:\/\/agora.xtec.cat\/ies-brugulat\/wp-content\/uploads\/usu85\/2026\/02\/tandemfp-1024x217.jpg 1024w, https:\/\/agora.xtec.cat\/ies-brugulat\/wp-content\/uploads\/usu85\/2026\/02\/tandemfp-768x163.jpg 768w\" sizes=\"auto, (max-width: 1051px) 100vw, 1051px\" \/><\/a><\/figure>\n<\/div>\n<\/div>\n\n\n\n<div class=\"wp-block-columns is-layout-flex wp-container-core-columns-is-layout-3 wp-block-columns-is-layout-flex\">\n<div class=\"wp-block-column is-layout-flow wp-block-column-is-layout-flow\" style=\"flex-basis:50%\">\n<figure class=\"wp-block-image size-full has-custom-border\"><a href=\"https:\/\/sites.google.com\/insbrugulat.cat\/centreformador\/p%C3%A0gina-dinici\"><img loading=\"lazy\" decoding=\"async\" width=\"439\" height=\"94\" src=\"https:\/\/agora.xtec.cat\/ies-brugulat\/wp-content\/uploads\/usu85\/2026\/02\/mufps.png\" alt=\"\" class=\"wp-image-27970\" style=\"border-radius:20px;object-fit:cover\" srcset=\"https:\/\/agora.xtec.cat\/ies-brugulat\/wp-content\/uploads\/usu85\/2026\/02\/mufps.png 439w, https:\/\/agora.xtec.cat\/ies-brugulat\/wp-content\/uploads\/usu85\/2026\/02\/mufps-300x64.png 300w\" sizes=\"auto, (max-width: 439px) 100vw, 439px\" \/><\/a><\/figure>\n<\/div>\n\n\n\n<div class=\"wp-block-column is-layout-flow wp-block-column-is-layout-flow\" style=\"flex-basis:50%\">\n<p>Som un espai d&#8217;aprenentatge de l&#8217;acci\u00f3 educativa en la formaci\u00f3 inicial dels futurs professors.<\/p>\n<\/div>\n<\/div>\n","protected":false},"excerpt":{"rendered":"<p>L\u2019Institut Josep Brugulat cerca la modernitzaci\u00f3 i internacionalitzaci\u00f3 de la seva oferta educativa mitjan\u00e7ant la participaci\u00f3 en activitats de mobilitat del Programa Erasmus. L&#8217;objectiu principal \u00e9s millorar la qualitat de la formaci\u00f3 professional que s&#8217;ofereix, les compet\u00e8ncies ling\u00fc\u00edstiques i interculturals d&#8217;alumnat i professorat, i augmentar el grau d&#8217;inserci\u00f3 laboral. L\u2019Institut Josep Brugulat impulsa el Programa [&hellip;]<\/p>\n","protected":false},"author":6,"featured_media":0,"parent":0,"menu_order":0,"comment_status":"closed","ping_status":"close","template":"","meta":{"site-sidebar-layout":"default","site-content-layout":"","ast-site-content-layout":"default","site-content-style":"default","site-sidebar-style":"default","ast-global-header-display":"","ast-banner-title-visibility":"","ast-main-header-display":"","ast-hfb-above-header-display":"","ast-hfb-below-header-display":"","ast-hfb-mobile-header-display":"","site-post-title":"","ast-breadcrumbs-content":"","ast-featured-img":"","footer-sml-layout":"","theme-transparent-header-meta":"","adv-header-id-meta":"","stick-header-meta":"","header-above-stick-meta":"","header-main-stick-meta":"","header-below-stick-meta":"","astra-migrate-meta-layouts":"set","ast-page-background-enabled":"default","ast-page-background-meta":{"desktop":{"background-color":"var(--ast-global-color-4)","background-image":"","background-repeat":"repeat","background-position":"center center","background-size":"auto","background-attachment":"scroll","background-type":"","background-media":"","overlay-type":"","overlay-color":"","overlay-opacity":"","overlay-gradient":""},"tablet":{"background-color":"","background-image":"","background-repeat":"repeat","background-position":"center center","background-size":"auto","background-attachment":"scroll","background-type":"","background-media":"","overlay-type":"","overlay-color":"","overlay-opacity":"","overlay-gradient":""},"mobile":{"background-color":"","background-image":"","background-repeat":"repeat","background-position":"center center","background-size":"auto","background-attachment":"scroll","background-type":"","background-media":"","overlay-type":"","overlay-color":"","overlay-opacity":"","overlay-gradient":""}},"ast-content-background-meta":{"desktop":{"background-color":"var(--ast-global-color-5)","background-image":"","background-repeat":"repeat","background-position":"center center","background-size":"auto","background-attachment":"scroll","background-type":"","background-media":"","overlay-type":"","overlay-color":"","overlay-opacity":"","overlay-gradient":""},"tablet":{"background-color":"var(--ast-global-color-5)","background-image":"","background-repeat":"repeat","background-position":"center center","background-size":"auto","background-attachment":"scroll","background-type":"","background-media":"","overlay-type":"","overlay-color":"","overlay-opacity":"","overlay-gradient":""},"mobile":{"background-color":"var(--ast-global-color-5)","background-image":"","background-repeat":"repeat","background-position":"center center","background-size":"auto","background-attachment":"scroll","background-type":"","background-media":"","overlay-type":"","overlay-color":"","overlay-opacity":"","overlay-gradient":""}},"footnotes":""},"class_list":["post-27786","page","type-page","status-publish","hentry"],"post_mailing_queue_ids":[],"_links":{"self":[{"href":"https:\/\/agora.xtec.cat\/ies-brugulat\/wp-json\/wp\/v2\/pages\/27786","targetHints":{"allow":["GET"]}}],"collection":[{"href":"https:\/\/agora.xtec.cat\/ies-brugulat\/wp-json\/wp\/v2\/pages"}],"about":[{"href":"https:\/\/agora.xtec.cat\/ies-brugulat\/wp-json\/wp\/v2\/types\/page"}],"author":[{"embeddable":true,"href":"https:\/\/agora.xtec.cat\/ies-brugulat\/wp-json\/wp\/v2\/users\/6"}],"replies":[{"embeddable":true,"href":"https:\/\/agora.xtec.cat\/ies-brugulat\/wp-json\/wp\/v2\/comments?post=27786"}],"version-history":[{"count":6,"href":"https:\/\/agora.xtec.cat\/ies-brugulat\/wp-json\/wp\/v2\/pages\/27786\/revisions"}],"predecessor-version":[{"id":28011,"href":"https:\/\/agora.xtec.cat\/ies-brugulat\/wp-json\/wp\/v2\/pages\/27786\/revisions\/28011"}],"wp:attachment":[{"href":"https:\/\/agora.xtec.cat\/ies-brugulat\/wp-json\/wp\/v2\/media?parent=27786"}],"curies":[{"name":"wp","href":"https:\/\/api.w.org\/{rel}","templated":true}]}}