{"id":27,"date":"2014-09-17T16:24:03","date_gmt":"2014-09-17T16:24:03","guid":{"rendered":"http:\/\/agora.xtec.cat\/ies-brugulat\/?page_id=27"},"modified":"2026-04-16T19:32:39","modified_gmt":"2026-04-16T17:32:39","slug":"plantejamentinstitucional","status":"publish","type":"page","link":"https:\/\/agora.xtec.cat\/ies-brugulat\/linstitut\/plantejamentinstitucional\/","title":{"rendered":"PLANTEJAMENT INSTITUCIONAL"},"content":{"rendered":"\n<div class=\"wp-block-getwid-toggle has-icon-left\">\n<div class=\"wp-block-getwid-toggle__row is-active\"><div class=\"wp-block-getwid-toggle__header-wrapper\"><h5 class=\"wp-block-getwid-toggle__header\"><a href=\"#\"><span class=\"wp-block-getwid-toggle__header-title\">1. <strong>VALORS DE L&#8217;INSTITUT JOSEP BRUGULAT<\/strong><\/span><span class=\"wp-block-getwid-toggle__icon is-active\"><i class=\"far fa-arrow-alt-circle-right\"><\/i><\/span><span class=\"wp-block-getwid-toggle__icon is-passive\"><i class=\"fas fa-arrow-alt-circle-down\"><\/i><\/span><\/a><\/h5><\/div><div class=\"wp-block-getwid-toggle__content-wrapper\"><div class=\"wp-block-getwid-toggle__content\">\n<p>D&#8217;acord amb l&#8217;evoluci\u00f3 que ha anat fent el centre, hi ha uns principis generals, assumits i valorats per tota la comunitat educativa que es concreten en:<\/p>\n\n\n\n<ul class=\"wp-block-list\">\n<li>La conviv\u00e8ncia com a requisit b\u00e0sic i com a pacte entre les persones<\/li>\n\n\n\n<li>El comprom\u00eds de la qualitat i de la millora cont\u00ednua.<\/li>\n\n\n\n<li>La col\u00b7laboraci\u00f3 activa amb l\u2019entorn fomentant h\u00e0bits saludables i sostenibles.<\/li>\n\n\n\n<li>La voluntat de recerca d\u2019innovaci\u00f3 tecnol\u00f2gica i educativa<\/li>\n\n\n\n<li>La valoraci\u00f3 de la diversitat com un fet natural i positiu.<\/li>\n\n\n\n<li>L&#8217;exercici de la democr\u00e0cia i el foment de la participaci\u00f3. Per tant, la valoraci\u00f3 de la pluralitat i de la transpar\u00e8ncia.<\/li>\n<\/ul>\n<\/div><\/div><\/div>\n\n\n\n<div class=\"wp-block-getwid-toggle__row\"><div class=\"wp-block-getwid-toggle__header-wrapper\"><h5 class=\"wp-block-getwid-toggle__header\"><a href=\"#\"><span class=\"wp-block-getwid-toggle__header-title\">2. <strong>MISSI\u00d3 DE L&#8217;INSTITUT JOSEP BRUGULAT: ELS TRETS D&#8217;IDENTITAT<\/strong><\/span><span class=\"wp-block-getwid-toggle__icon is-active\"><i class=\"far fa-arrow-alt-circle-right\"><\/i><\/span><span class=\"wp-block-getwid-toggle__icon is-passive\"><i class=\"fas fa-arrow-alt-circle-down\"><\/i><\/span><\/a><\/h5><\/div><div class=\"wp-block-getwid-toggle__content-wrapper\"><div class=\"wp-block-getwid-toggle__content\">\n<p>L&#8217;Institut Josep Brugulat com a centre p\u00fablic que pertany a la xarxa d&#8217;equipaments escolars del Departament d\u2019Educaci\u00f3 de la Generalitat de Catalunya, es regeix per la Llei d&#8217;Educaci\u00f3 de Catalunya (LEC).<\/p>\n\n\n\n<p>D\u2019acord amb la seva identitat pr\u00f2pia, la missi\u00f3 de l\u2019institut \u00e9s oferir una educaci\u00f3 global que integri els quatre grans \u00e0mbits d\u2019aprenentatge que conformen els pilars b\u00e0sics de coneixement al llarg de la vida de cada persona: aprendre a con\u00e8ixer, aprendre a fer, aprendre a conviure i aprendre a ser.<\/p>\n<\/div><\/div><\/div>\n\n\n\n<div class=\"wp-block-getwid-toggle__row\"><div class=\"wp-block-getwid-toggle__header-wrapper\"><h5 class=\"wp-block-getwid-toggle__header\"><a href=\"#\"><span class=\"wp-block-getwid-toggle__header-title\">3. <strong>VISI\u00d3 DE L&#8217;INSTITUT JOSEP BRUGULAT<\/strong><\/span><span class=\"wp-block-getwid-toggle__icon is-active\"><i class=\"far fa-arrow-alt-circle-right\"><\/i><\/span><span class=\"wp-block-getwid-toggle__icon is-passive\"><i class=\"fas fa-arrow-alt-circle-down\"><\/i><\/span><\/a><\/h5><\/div><div class=\"wp-block-getwid-toggle__content-wrapper\"><div class=\"wp-block-getwid-toggle__content\">\n<p>L\u2019Institut Josep Brugulat vol ser un centre de refer\u00e8ncia en:<\/p>\n\n\n\n<ul class=\"wp-block-list\">\n<li>el seguiment i atenci\u00f3 individual dels alumnes,<\/li>\n\n\n\n<li>en innovaci\u00f3 educativa,<\/li>\n\n\n\n<li>en la creaci\u00f3 d\u2019activitats per propiciar l\u2019excel\u00b7l\u00e8ncia&nbsp;<\/li>\n\n\n\n<li>i en la projecci\u00f3 de totes les activitats del centre a la ciutat i la comarca per tal d\u2019esdevenir un dinamitzador de la vida educativa, cultural, empresarial i associativa.<\/li>\n<\/ul>\n<\/div><\/div><\/div>\n<\/div>\n","protected":false},"excerpt":{"rendered":"","protected":false},"author":1,"featured_media":0,"parent":19,"menu_order":2,"comment_status":"closed","ping_status":"closed","template":"page-templates\/side-menu.php","meta":{"site-sidebar-layout":"default","site-content-layout":"","ast-site-content-layout":"default","site-content-style":"default","site-sidebar-style":"default","ast-global-header-display":"","ast-banner-title-visibility":"","ast-main-header-display":"","ast-hfb-above-header-display":"","ast-hfb-below-header-display":"","ast-hfb-mobile-header-display":"","site-post-title":"","ast-breadcrumbs-content":"","ast-featured-img":"","footer-sml-layout":"","theme-transparent-header-meta":"","adv-header-id-meta":"","stick-header-meta":"","header-above-stick-meta":"","header-main-stick-meta":"","header-below-stick-meta":"","astra-migrate-meta-layouts":"set","ast-page-background-enabled":"default","ast-page-background-meta":{"desktop":{"background-color":"var(--ast-global-color-4)","background-image":"","background-repeat":"repeat","background-position":"center center","background-size":"auto","background-attachment":"scroll","background-type":"","background-media":"","overlay-type":"","overlay-color":"","overlay-opacity":"","overlay-gradient":""},"tablet":{"background-color":"","background-image":"","background-repeat":"repeat","background-position":"center center","background-size":"auto","background-attachment":"scroll","background-type":"","background-media":"","overlay-type":"","overlay-color":"","overlay-opacity":"","overlay-gradient":""},"mobile":{"background-color":"","background-image":"","background-repeat":"repeat","background-position":"center center","background-size":"auto","background-attachment":"scroll","background-type":"","background-media":"","overlay-type":"","overlay-color":"","overlay-opacity":"","overlay-gradient":""}},"ast-content-background-meta":{"desktop":{"background-color":"var(--ast-global-color-5)","background-image":"","background-repeat":"repeat","background-position":"center center","background-size":"auto","background-attachment":"scroll","background-type":"","background-media":"","overlay-type":"","overlay-color":"","overlay-opacity":"","overlay-gradient":""},"tablet":{"background-color":"var(--ast-global-color-5)","background-image":"","background-repeat":"repeat","background-position":"center center","background-size":"auto","background-attachment":"scroll","background-type":"","background-media":"","overlay-type":"","overlay-color":"","overlay-opacity":"","overlay-gradient":""},"mobile":{"background-color":"var(--ast-global-color-5)","background-image":"","background-repeat":"repeat","background-position":"center center","background-size":"auto","background-attachment":"scroll","background-type":"","background-media":"","overlay-type":"","overlay-color":"","overlay-opacity":"","overlay-gradient":""}},"footnotes":""},"class_list":["post-27","page","type-page","status-publish","hentry"],"post_mailing_queue_ids":[],"_links":{"self":[{"href":"https:\/\/agora.xtec.cat\/ies-brugulat\/wp-json\/wp\/v2\/pages\/27","targetHints":{"allow":["GET"]}}],"collection":[{"href":"https:\/\/agora.xtec.cat\/ies-brugulat\/wp-json\/wp\/v2\/pages"}],"about":[{"href":"https:\/\/agora.xtec.cat\/ies-brugulat\/wp-json\/wp\/v2\/types\/page"}],"author":[{"embeddable":true,"href":"https:\/\/agora.xtec.cat\/ies-brugulat\/wp-json\/wp\/v2\/users\/1"}],"replies":[{"embeddable":true,"href":"https:\/\/agora.xtec.cat\/ies-brugulat\/wp-json\/wp\/v2\/comments?post=27"}],"version-history":[{"count":6,"href":"https:\/\/agora.xtec.cat\/ies-brugulat\/wp-json\/wp\/v2\/pages\/27\/revisions"}],"predecessor-version":[{"id":29136,"href":"https:\/\/agora.xtec.cat\/ies-brugulat\/wp-json\/wp\/v2\/pages\/27\/revisions\/29136"}],"up":[{"embeddable":true,"href":"https:\/\/agora.xtec.cat\/ies-brugulat\/wp-json\/wp\/v2\/pages\/19"}],"wp:attachment":[{"href":"https:\/\/agora.xtec.cat\/ies-brugulat\/wp-json\/wp\/v2\/media?parent=27"}],"curies":[{"name":"wp","href":"https:\/\/api.w.org\/{rel}","templated":true}]}}