{"id":25815,"date":"2025-10-08T14:17:47","date_gmt":"2025-10-08T12:17:47","guid":{"rendered":"https:\/\/agora.xtec.cat\/ies-brugulat\/?page_id=25815"},"modified":"2026-04-07T08:59:41","modified_gmt":"2026-04-07T06:59:41","slug":"fp-complecio-loe","status":"publish","type":"page","link":"https:\/\/agora.xtec.cat\/ies-brugulat\/secretaria\/preinscripcio-i-matricula-26-27\/fp-complecio-loe\/","title":{"rendered":"FP COMPLECI\u00d3 (LOE)"},"content":{"rendered":"\n<figure class=\"wp-block-image size-large\"><a href=\"https:\/\/agora.xtec.cat\/ies-brugulat\/wp-content\/uploads\/usu85\/2025\/10\/Reunions-families-24-25.jpg\"><img loading=\"lazy\" decoding=\"async\" width=\"1024\" height=\"256\" src=\"https:\/\/agora.xtec.cat\/ies-brugulat\/wp-content\/uploads\/usu85\/2025\/10\/Reunions-families-24-25-1024x256.jpg\" alt=\"\" class=\"wp-image-25816\" srcset=\"https:\/\/agora.xtec.cat\/ies-brugulat\/wp-content\/uploads\/usu85\/2025\/10\/Reunions-families-24-25-1024x256.jpg 1024w, https:\/\/agora.xtec.cat\/ies-brugulat\/wp-content\/uploads\/usu85\/2025\/10\/Reunions-families-24-25-300x75.jpg 300w, https:\/\/agora.xtec.cat\/ies-brugulat\/wp-content\/uploads\/usu85\/2025\/10\/Reunions-families-24-25-768x192.jpg 768w, https:\/\/agora.xtec.cat\/ies-brugulat\/wp-content\/uploads\/usu85\/2025\/10\/Reunions-families-24-25-1536x384.jpg 1536w, https:\/\/agora.xtec.cat\/ies-brugulat\/wp-content\/uploads\/usu85\/2025\/10\/Reunions-families-24-25.jpg 2000w\" sizes=\"auto, (max-width: 1024px) 100vw, 1024px\" \/><\/a><\/figure>\n\n\n\n<p><strong>PROC\u00c9S DE COMPLECI\u00d3 D\u2019ENSENYAMENTS DE CFPM I CFPS EN EXTINCI\u00d3<\/strong><br>Davant l\u2019extinci\u00f3 de la llei d\u2019educaci\u00f3 LOE que regulava els ensenyaments de CFPM i CFPS que s\u2019impartien abans de l\u2019entrada en vigor de la nova llei LOOIFP, es posa a disposici\u00f3 de l\u2019alumnat que encara no t\u00e9 totes les UF d\u2019aquests ensenyaments aprovades, un proc\u00e9s de compleci\u00f3 d\u2019estudis en el pla antic.<\/p>\n\n\n\n<hr class=\"wp-block-separator has-alpha-channel-opacity\"\/>\n\n\n\n<p><strong>PER\u00cdODES PROVES D\u2019AVALUACI\u00d3 PER COMPLECI\u00d3<\/strong><br>L\u2019alumnat pot completar els estudis presentant-se a unes proves d\u2019avaluaci\u00f3 extraordin\u00e0ries per superar els m\u00f2duls extingits durant el curs 25-26 i\/o 26-27. A partir d\u2019aleshores, nom\u00e9s podr\u00e0 completar els estudis matriculant-se a 2n del pla nou (LOOIFP).<\/p>\n\n\n\n<p>Segons el sistema de compleci\u00f3, l\u2019alumnat no pot assistir a classe, nom\u00e9s pot ser avaluat mitjan\u00e7ant les proves extraordin\u00e0ries. Durant el curs <strong>25-26<\/strong> hi haur\u00e0 <strong>dos per\u00edodes<\/strong> en els quals es duran a terme aquestes proves:<\/p>\n\n\n\n<div class=\"wp-block-buttons is-content-justification-center is-layout-flex wp-container-core-buttons-is-layout-1 wp-block-buttons-is-layout-flex\">\n<div class=\"wp-block-button\"><a class=\"wp-block-button__link has-white-color has-text-color has-link-color wp-element-button\" href=\"https:\/\/docs.google.com\/spreadsheets\/d\/1mdUneFr_aJUd6jIvnDjFSdS4RdzlvoI3rUzbp-p3k34\/edit?usp=sharing\">1r per\u00edode: 10-14 novembre 2025 <br>DATES I HORARIS<\/a><\/div>\n\n\n\n<div class=\"wp-block-button\"><a class=\"wp-block-button__link has-white-color has-text-color has-link-color wp-element-button\" href=\"https:\/\/docs.google.com\/spreadsheets\/d\/1V1I40aNhGHWz-3vHt2B2pqBlQsUORzO-BMRKQa2EngQ\/edit?usp=sharing\">2n per\u00edode: 13-17 abril 2026 <br>DATES I HORARIS<\/a><\/div>\n<\/div>\n\n\n\n<ul class=\"wp-block-list\">\n<li>La concreci\u00f3 de les proves d\u2019avaluaci\u00f3 nom\u00e9s es comunicar\u00e0 a l\u2019alumnat que s\u2019hagi matriculat a les proves.<\/li>\n\n\n\n<li>Les dates i horaris de les proves es publicitar\u00e0 a la p\u00e0gina web del centre.<\/li>\n<\/ul>\n\n\n\n<hr class=\"wp-block-separator has-alpha-channel-opacity\"\/>\n\n\n\n<p><strong>MATR\u00cdCULA<\/strong><br>Segons s\u2019indica a la normativa, nom\u00e9s es pot matricular a les proves d\u2019avaluaci\u00f3 per compleci\u00f3 a l\u2019Institut Josep Brugulat, l\u2019alumnat que havia formalitzat la seva darrera matr\u00edcula en l\u2019ensenyament en aquest centre.<\/p>\n\n\n\n<blockquote class=\"wp-block-quote is-layout-flow wp-block-quote-is-layout-flow\">\n<p>La matr\u00edcula per al <strong>1r per\u00edode de proves d\u2019avaluaci\u00f3<\/strong> per compleci\u00f3 s\u2019ha de fer de l\u2019<strong>1 al 15 d\u2019octubre de 2025<\/strong>.<\/p>\n<\/blockquote>\n\n\n\n<blockquote class=\"wp-block-quote is-layout-flow wp-block-quote-is-layout-flow\">\n<p>La matr\u00edcula per al <strong>2n per\u00edode de proves d\u2019avaluaci\u00f3 <\/strong>per compleci\u00f3 s\u2019ha de fer de l\u2019<strong>1 al 15 d\u2019octubre <\/strong>o de l\u2019<strong>1 al 15 de mar\u00e7 de 2026<\/strong>.<\/p>\n<\/blockquote>\n\n\n\n<p>Per fer la matr\u00edcula us heu de posar en contacte amb la secretaria i facilitar el vostre correu-e dins d&#8217;un dels dos per\u00edodes de matr\u00edcula:<\/p>\n\n\n\n<h4 class=\"wp-block-heading has-text-align-center\"><strong><a href=\"mailto:secretaria@insbrugulat.cat\">secretaria@insbrugulat.cat<\/a> \/ 972 57 14 31<\/strong><\/h4>\n\n\n\n<p>Us enviarem un correu-e amb l\u2019enlla\u00e7 al formulari de matr\u00edcula i les credencials del TPV Escola per fer efectiu el pagament de les UFs (nom\u00e9s en el cas de CFPS).<\/p>\n\n\n\n<p>La formaci\u00f3 pr\u00e0ctica en centres de treball es pot completar durant els dos cursos seg\u00fcents a la data de supressi\u00f3 legal del t\u00edtol o del pla d\u2019estudis, cursos 25-26 i 26-27.<\/p>\n\n\n\n<hr class=\"wp-block-separator has-alpha-channel-opacity\"\/>\n\n\n\n<p><br>En el cas de matr\u00edcules de compleci\u00f3 per a CFPS, el preu p\u00fablic que caldr\u00e0 abonar \u00e9s de <strong>25\u20ac \/ UF<\/strong> i <strong>25\u20ac \/ FCT<\/strong>. Si teniu dubtes per saber de quantes UF us heu de matricular, podeu posar-vos en contacte amb la secretaria del centre.<\/p>\n\n\n\n<hr class=\"wp-block-separator has-alpha-channel-opacity\"\/>\n\n\n\n<p><strong>NORMATIVA<\/strong><\/p>\n\n\n\n<p><a href=\"https:\/\/agora.xtec.cat\/ies-brugulat\/wp-content\/uploads\/usu85\/2025\/10\/EDF_74_2025-Ordre-procediment-complecio.pdf\">Ordre EDF\/74\/2025<\/a><\/p>\n\n\n\n<p><a href=\"https:\/\/agora.xtec.cat\/ies-brugulat\/wp-content\/uploads\/usu85\/2025\/10\/EDF_148_2025-Ordre-preus-publics-complecio.pdf\">Ordre EDF\/148\/2025<\/a><\/p>\n","protected":false},"excerpt":{"rendered":"<p>PROC\u00c9S DE COMPLECI\u00d3 D\u2019ENSENYAMENTS DE CFPM I CFPS EN EXTINCI\u00d3Davant l\u2019extinci\u00f3 de la llei d\u2019educaci\u00f3 LOE que regulava els ensenyaments de CFPM i CFPS que s\u2019impartien abans de l\u2019entrada en vigor de la nova llei LOOIFP, es posa a disposici\u00f3 de l\u2019alumnat que encara no t\u00e9 totes les UF d\u2019aquests ensenyaments aprovades, un proc\u00e9s de [&hellip;]<\/p>\n","protected":false},"author":5,"featured_media":0,"parent":27861,"menu_order":6,"comment_status":"closed","ping_status":"closed","template":"page-templates\/side-menu.php","meta":{"site-sidebar-layout":"default","site-content-layout":"","ast-site-content-layout":"default","site-content-style":"default","site-sidebar-style":"default","ast-global-header-display":"","ast-banner-title-visibility":"","ast-main-header-display":"","ast-hfb-above-header-display":"","ast-hfb-below-header-display":"","ast-hfb-mobile-header-display":"","site-post-title":"","ast-breadcrumbs-content":"","ast-featured-img":"","footer-sml-layout":"","theme-transparent-header-meta":"","adv-header-id-meta":"","stick-header-meta":"","header-above-stick-meta":"","header-main-stick-meta":"","header-below-stick-meta":"","astra-migrate-meta-layouts":"set","ast-page-background-enabled":"default","ast-page-background-meta":{"desktop":{"background-color":"var(--ast-global-color-4)","background-image":"","background-repeat":"repeat","background-position":"center center","background-size":"auto","background-attachment":"scroll","background-type":"","background-media":"","overlay-type":"","overlay-color":"","overlay-opacity":"","overlay-gradient":""},"tablet":{"background-color":"","background-image":"","background-repeat":"repeat","background-position":"center center","background-size":"auto","background-attachment":"scroll","background-type":"","background-media":"","overlay-type":"","overlay-color":"","overlay-opacity":"","overlay-gradient":""},"mobile":{"background-color":"","background-image":"","background-repeat":"repeat","background-position":"center center","background-size":"auto","background-attachment":"scroll","background-type":"","background-media":"","overlay-type":"","overlay-color":"","overlay-opacity":"","overlay-gradient":""}},"ast-content-background-meta":{"desktop":{"background-color":"var(--ast-global-color-5)","background-image":"","background-repeat":"repeat","background-position":"center center","background-size":"auto","background-attachment":"scroll","background-type":"","background-media":"","overlay-type":"","overlay-color":"","overlay-opacity":"","overlay-gradient":""},"tablet":{"background-color":"var(--ast-global-color-5)","background-image":"","background-repeat":"repeat","background-position":"center center","background-size":"auto","background-attachment":"scroll","background-type":"","background-media":"","overlay-type":"","overlay-color":"","overlay-opacity":"","overlay-gradient":""},"mobile":{"background-color":"var(--ast-global-color-5)","background-image":"","background-repeat":"repeat","background-position":"center center","background-size":"auto","background-attachment":"scroll","background-type":"","background-media":"","overlay-type":"","overlay-color":"","overlay-opacity":"","overlay-gradient":""}},"footnotes":""},"class_list":["post-25815","page","type-page","status-publish","hentry"],"post_mailing_queue_ids":[],"_links":{"self":[{"href":"https:\/\/agora.xtec.cat\/ies-brugulat\/wp-json\/wp\/v2\/pages\/25815","targetHints":{"allow":["GET"]}}],"collection":[{"href":"https:\/\/agora.xtec.cat\/ies-brugulat\/wp-json\/wp\/v2\/pages"}],"about":[{"href":"https:\/\/agora.xtec.cat\/ies-brugulat\/wp-json\/wp\/v2\/types\/page"}],"author":[{"embeddable":true,"href":"https:\/\/agora.xtec.cat\/ies-brugulat\/wp-json\/wp\/v2\/users\/5"}],"replies":[{"embeddable":true,"href":"https:\/\/agora.xtec.cat\/ies-brugulat\/wp-json\/wp\/v2\/comments?post=25815"}],"version-history":[{"count":6,"href":"https:\/\/agora.xtec.cat\/ies-brugulat\/wp-json\/wp\/v2\/pages\/25815\/revisions"}],"predecessor-version":[{"id":28950,"href":"https:\/\/agora.xtec.cat\/ies-brugulat\/wp-json\/wp\/v2\/pages\/25815\/revisions\/28950"}],"up":[{"embeddable":true,"href":"https:\/\/agora.xtec.cat\/ies-brugulat\/wp-json\/wp\/v2\/pages\/27861"}],"wp:attachment":[{"href":"https:\/\/agora.xtec.cat\/ies-brugulat\/wp-json\/wp\/v2\/media?parent=25815"}],"curies":[{"name":"wp","href":"https:\/\/api.w.org\/{rel}","templated":true}]}}