{"id":22628,"date":"2024-10-02T13:29:01","date_gmt":"2024-10-02T11:29:01","guid":{"rendered":"https:\/\/agora.xtec.cat\/ies-brugulat\/?page_id=22628"},"modified":"2026-03-08T00:34:41","modified_gmt":"2026-03-07T23:34:41","slug":"salut-i-escola","status":"publish","type":"page","link":"https:\/\/agora.xtec.cat\/ies-brugulat\/serveis\/salut-i-escola\/","title":{"rendered":"SALUT I ESCOLA"},"content":{"rendered":"\n<p><\/p>\n\n\n\n<h2 class=\"wp-block-heading\">CONSULTA OBERTA<\/h2>\n\n\n\n<div class=\"wp-block-columns are-vertically-aligned-top is-layout-flex wp-container-core-columns-is-layout-1 wp-block-columns-is-layout-flex\" style=\"padding-top:0px;padding-right:0px;padding-bottom:0px;padding-left:0px\">\n<div class=\"wp-block-column is-vertically-aligned-top is-layout-flow wp-block-column-is-layout-flow\" style=\"flex-basis:33.33%\">\n<figure class=\"wp-block-image size-full is-resized has-custom-border\" style=\"margin-top:0px;margin-right:0rem;margin-bottom:0px;margin-left:0rem\"><a href=\"https:\/\/salutpublica.gencat.cat\/ca\/ambits\/promocio\/salut-escola\/\"><img loading=\"lazy\" decoding=\"async\" width=\"263\" height=\"262\" src=\"https:\/\/agora.xtec.cat\/ies-brugulat\/wp-content\/uploads\/usu85\/2026\/01\/SALUT-I-ESCOLA.png\" alt=\"\" class=\"wp-image-27367\" style=\"border-radius:20px;width:200px\" srcset=\"https:\/\/agora.xtec.cat\/ies-brugulat\/wp-content\/uploads\/usu85\/2026\/01\/SALUT-I-ESCOLA.png 263w, https:\/\/agora.xtec.cat\/ies-brugulat\/wp-content\/uploads\/usu85\/2026\/01\/SALUT-I-ESCOLA-150x150.png 150w\" sizes=\"auto, (max-width: 263px) 100vw, 263px\" \/><\/a><\/figure>\n<\/div>\n\n\n\n<div class=\"wp-block-column is-vertically-aligned-top is-layout-flow wp-block-column-is-layout-flow\" style=\"flex-basis:90%\">\n<p>Al Brugulat pots realitzar una consulta TOTALMENT PERSONAL I CONFIDENCIAL sobre QUALSEVOL TEMA DE SALUT QUE ET PREOCUPI amb el personal sanitari de refer\u00e8ncia.<\/p>\n\n\n\n<p><\/p>\n\n\n\n<h3 class=\"wp-block-heading\">HORARI<\/h3>\n\n\n\n<p>L&#8217;horari d&#8217;atencions presencials ser\u00e0 3 divendres al mes<strong> <\/strong>de<strong> 10:30 a 12.30 h<\/strong> a la <strong>Sala de l&#8217;AFA<\/strong>.<\/p>\n\n\n<p><!-- Google Calendar Appointment Scheduling begin -->\n<link href=\"https:\/\/calendar.google.com\/calendar\/scheduling-button-script.css\" rel=\"stylesheet\">\n<script src=\"https:\/\/calendar.google.com\/calendar\/scheduling-button-script.js\" async><\/script><br \/>\n<script>\n(function() {\n  var target = document.currentScript;\n  window.addEventListener('load', function() {\n    calendar.schedulingButton.load({\n      url: 'https:\/\/calendar.google.com\/calendar\/appointments\/schedules\/AcZssZ2bklthCVfnHJQfJCodUQPzj2c3yubVXxx-f54ptGqjFNlTUKS7Ravi-DrdkSGE2fPq94eoNakM?gv=true',\n      color: '#039BE5',\n      label: \"Reserva una cita\",\n      target,\n    });\n  });\n})();\n<\/script><br \/>\n<!-- end Google Calendar Appointment Scheduling --><\/p>\n\n\n\n<div style=\"height:50px\" aria-hidden=\"true\" class=\"wp-block-spacer\"><\/div>\n\n\n\n<h3 class=\"wp-block-heading\">QUINS TEMES POTS CONSULTAR?<\/h3>\n\n\n\n<ul class=\"wp-block-list\">\n<li>Sexualitat<\/li>\n\n\n\n<li>Sentiments i emocions<\/li>\n\n\n\n<li>Dubtes i angoixes<\/li>\n\n\n\n<li>Alimentaci\u00f3<\/li>\n\n\n\n<li>Drogues i addiccions<\/li>\n\n\n\n<li>Prevenci\u00f3 de malalties<\/li>\n\n\n\n<li>Assetjament i viol\u00e8ncies<\/li>\n\n\n\n<li>H\u00e0bits saludables<\/li>\n\n\n\n<li>&#8230; i de TOT ALL\u00d2 que vols saber al voltant de la SALUT i no saps a qui preguntar-ho.<\/li>\n<\/ul>\n\n\n\n<p><\/p>\n\n\n\n<h3 class=\"wp-block-heading\">TENS UN DUBTE?<\/h3>\n\n\n\n<ul class=\"wp-block-list\">\n<li>Vull saber com ho he de fer per&#8230;<\/li>\n\n\n\n<li>\u00c9s normal que&#8230;?<\/li>\n\n\n\n<li>\u00c9s perill\u00f3s que&#8230;?<\/li>\n\n\n\n<li>Em preocupo in\u00fatilment per&#8230;<\/li>\n\n\n\n<li>Aquest m\u00e8tode \u00e9s segur?<\/li>\n\n\n\n<li>\u00c9s veritat que&#8230;?<\/li>\n\n\n\n<li>Tinc un\/a amic\/ga que&#8230;<\/li>\n<\/ul>\n<\/div>\n<\/div>\n\n\n\n<div style=\"height:100px\" aria-hidden=\"true\" class=\"wp-block-spacer\"><\/div>\n\n\n\n<h2 class=\"wp-block-heading\">USAPPS<\/h2>\n\n\n\n<div class=\"wp-block-columns are-vertically-aligned-top is-layout-flex wp-container-core-columns-is-layout-2 wp-block-columns-is-layout-flex\" style=\"padding-top:0px;padding-right:0px;padding-bottom:0px;padding-left:0px\">\n<div class=\"wp-block-column is-vertically-aligned-top is-layout-flow wp-block-column-is-layout-flow\" style=\"flex-basis:33.33%\">\n<figure class=\"wp-block-image size-full is-resized has-custom-border\" style=\"margin-top:0px;margin-right:0rem;margin-bottom:0px;margin-left:0rem\"><a href=\"https:\/\/usav.educacio.gencat.cat\/\"><img loading=\"lazy\" decoding=\"async\" width=\"538\" height=\"538\" src=\"https:\/\/agora.xtec.cat\/ies-brugulat\/wp-content\/uploads\/usu85\/2025\/01\/IMATGE-ENGANXINA.jpg\" alt=\"\" class=\"wp-image-23029\" style=\"border-radius:20px;width:200px\" srcset=\"https:\/\/agora.xtec.cat\/ies-brugulat\/wp-content\/uploads\/usu85\/2025\/01\/IMATGE-ENGANXINA.jpg 538w, https:\/\/agora.xtec.cat\/ies-brugulat\/wp-content\/uploads\/usu85\/2025\/01\/IMATGE-ENGANXINA-300x300.jpg 300w, https:\/\/agora.xtec.cat\/ies-brugulat\/wp-content\/uploads\/usu85\/2025\/01\/IMATGE-ENGANXINA-150x150.jpg 150w\" sizes=\"auto, (max-width: 538px) 100vw, 538px\" \/><\/a><\/figure>\n<\/div>\n\n\n\n<div class=\"wp-block-column is-vertically-aligned-top is-layout-flow wp-block-column-is-layout-flow\" style=\"flex-basis:90%\">\n<p>Aplicaci\u00f3 web del Departament d\u2019Educaci\u00f3 que permet comunicar d\u2019una forma f\u00e0cil, intu\u00eftiva i efica\u00e7 en situacions de viol\u00e8ncia que pot viure tot l\u2019alumnat de Catalunya.<\/p>\n\n\n\n<p>La&nbsp;<strong>UsApps<\/strong>&nbsp;\u00e9s el canal de comunicaci\u00f3 i den\u00fancia que pret\u00e9n visibilitzar les viol\u00e8ncies naturalitzades als centres educatius, identificar-les i actuar-hi per protegir infants i adolescents.<\/p>\n\n\n\n<p>La pot utilitzar l\u2019alumnat, exalumnat i tota la comunitat educativa, tant si \u00e9s una persona que viu directament una situaci\u00f3 de viol\u00e8ncia com si n\u2019\u00e9s testimoni.<\/p>\n\n\n\n<p>La UsApps t\u00e9 l\u2019objectiu de donar veu a les persones afectades, trencar el silenci i l\u2019a\u00efllament en qu\u00e8 viuen, garantir la confidencialitat i iniciar la intervenci\u00f3 espec\u00edfica.<\/p>\n<\/div>\n<\/div>\n\n\n\n<div style=\"height:100px\" aria-hidden=\"true\" class=\"wp-block-spacer\"><\/div>\n\n\n\n<h2 class=\"wp-block-heading\">INF\u00c0NCIA RESPON<\/h2>\n\n\n\n<figure class=\"wp-block-embed aligncenter is-type-video is-provider-youtube wp-block-embed-youtube wp-embed-aspect-16-9 wp-has-aspect-ratio\"><div class=\"wp-block-embed__wrapper\">\n<div class=\"ast-oembed-container \" style=\"height: 100%;\"><iframe loading=\"lazy\" title=\"Tel\u00e8fon Inf\u00e0nciaRespon\" width=\"500\" height=\"281\" src=\"https:\/\/www.youtube.com\/embed\/nys9uXrlNZo?feature=oembed\" frameborder=\"0\" allow=\"accelerometer; autoplay; clipboard-write; encrypted-media; gyroscope; picture-in-picture; web-share\" referrerpolicy=\"strict-origin-when-cross-origin\" allowfullscreen><\/iframe><\/div>\n<\/div><\/figure>\n\n\n\n<div style=\"height:100px\" aria-hidden=\"true\" class=\"wp-block-spacer\"><\/div>\n\n\n\n<h2 class=\"wp-block-heading\">EQUIP D&#8217;ORIENTADORES DEL CENTRE<\/h2>\n\n\n\n<p class=\"has-medium-font-size\"><strong>1r ESO: <\/strong>Mar Irazola<\/p>\n\n\n\n<p class=\"has-medium-font-size\"><strong>2n ESO: <\/strong>Meritxell Amela<\/p>\n\n\n\n<p class=\"has-medium-font-size\"><strong>3r ESO:<\/strong> \u00c0ngels Verg\u00e9s<\/p>\n\n\n\n<p class=\"has-medium-font-size\"><strong>4t ESO: <\/strong>Montse Figueras<\/p>\n\n\n\n<p class=\"has-medium-font-size\"><strong>BATX i FP: <\/strong>Marta Panad\u00e9s<\/p>\n\n\n\n<p><\/p>\n","protected":false},"excerpt":{"rendered":"<p>CONSULTA OBERTA Al Brugulat pots realitzar una consulta TOTALMENT PERSONAL I CONFIDENCIAL sobre QUALSEVOL TEMA DE SALUT QUE ET PREOCUPI amb el personal sanitari de refer\u00e8ncia. HORARI L&#8217;horari d&#8217;atencions presencials ser\u00e0 3 divendres al mes de 10:30 a 12.30 h a la Sala de l&#8217;AFA. QUINS TEMES POTS CONSULTAR? TENS UN DUBTE? USAPPS Aplicaci\u00f3 web [&hellip;]<\/p>\n","protected":false},"author":6,"featured_media":0,"parent":63,"menu_order":3,"comment_status":"closed","ping_status":"closed","template":"","meta":{"site-sidebar-layout":"default","site-content-layout":"","ast-site-content-layout":"default","site-content-style":"default","site-sidebar-style":"default","ast-global-header-display":"","ast-banner-title-visibility":"","ast-main-header-display":"","ast-hfb-above-header-display":"","ast-hfb-below-header-display":"","ast-hfb-mobile-header-display":"","site-post-title":"","ast-breadcrumbs-content":"","ast-featured-img":"","footer-sml-layout":"","theme-transparent-header-meta":"","adv-header-id-meta":"","stick-header-meta":"","header-above-stick-meta":"","header-main-stick-meta":"","header-below-stick-meta":"","astra-migrate-meta-layouts":"set","ast-page-background-enabled":"default","ast-page-background-meta":{"desktop":{"background-color":"var(--ast-global-color-4)","background-image":"","background-repeat":"repeat","background-position":"center center","background-size":"auto","background-attachment":"scroll","background-type":"","background-media":"","overlay-type":"","overlay-color":"","overlay-opacity":"","overlay-gradient":""},"tablet":{"background-color":"","background-image":"","background-repeat":"repeat","background-position":"center center","background-size":"auto","background-attachment":"scroll","background-type":"","background-media":"","overlay-type":"","overlay-color":"","overlay-opacity":"","overlay-gradient":""},"mobile":{"background-color":"","background-image":"","background-repeat":"repeat","background-position":"center center","background-size":"auto","background-attachment":"scroll","background-type":"","background-media":"","overlay-type":"","overlay-color":"","overlay-opacity":"","overlay-gradient":""}},"ast-content-background-meta":{"desktop":{"background-color":"var(--ast-global-color-5)","background-image":"","background-repeat":"repeat","background-position":"center center","background-size":"auto","background-attachment":"scroll","background-type":"","background-media":"","overlay-type":"","overlay-color":"","overlay-opacity":"","overlay-gradient":""},"tablet":{"background-color":"var(--ast-global-color-5)","background-image":"","background-repeat":"repeat","background-position":"center center","background-size":"auto","background-attachment":"scroll","background-type":"","background-media":"","overlay-type":"","overlay-color":"","overlay-opacity":"","overlay-gradient":""},"mobile":{"background-color":"var(--ast-global-color-5)","background-image":"","background-repeat":"repeat","background-position":"center center","background-size":"auto","background-attachment":"scroll","background-type":"","background-media":"","overlay-type":"","overlay-color":"","overlay-opacity":"","overlay-gradient":""}},"footnotes":""},"class_list":["post-22628","page","type-page","status-publish","hentry"],"post_mailing_queue_ids":[],"_links":{"self":[{"href":"https:\/\/agora.xtec.cat\/ies-brugulat\/wp-json\/wp\/v2\/pages\/22628","targetHints":{"allow":["GET"]}}],"collection":[{"href":"https:\/\/agora.xtec.cat\/ies-brugulat\/wp-json\/wp\/v2\/pages"}],"about":[{"href":"https:\/\/agora.xtec.cat\/ies-brugulat\/wp-json\/wp\/v2\/types\/page"}],"author":[{"embeddable":true,"href":"https:\/\/agora.xtec.cat\/ies-brugulat\/wp-json\/wp\/v2\/users\/6"}],"replies":[{"embeddable":true,"href":"https:\/\/agora.xtec.cat\/ies-brugulat\/wp-json\/wp\/v2\/comments?post=22628"}],"version-history":[{"count":6,"href":"https:\/\/agora.xtec.cat\/ies-brugulat\/wp-json\/wp\/v2\/pages\/22628\/revisions"}],"predecessor-version":[{"id":27373,"href":"https:\/\/agora.xtec.cat\/ies-brugulat\/wp-json\/wp\/v2\/pages\/22628\/revisions\/27373"}],"up":[{"embeddable":true,"href":"https:\/\/agora.xtec.cat\/ies-brugulat\/wp-json\/wp\/v2\/pages\/63"}],"wp:attachment":[{"href":"https:\/\/agora.xtec.cat\/ies-brugulat\/wp-json\/wp\/v2\/media?parent=22628"}],"curies":[{"name":"wp","href":"https:\/\/api.w.org\/{rel}","templated":true}]}}