{"id":18594,"date":"2022-04-05T10:08:50","date_gmt":"2022-04-05T08:08:50","guid":{"rendered":"https:\/\/agora.xtec.cat\/ies-brugulat\/?page_id=18594"},"modified":"2026-02-13T07:21:10","modified_gmt":"2026-02-13T06:21:10","slug":"promovem-els-programes-de-mobilitat","status":"publish","type":"page","link":"https:\/\/agora.xtec.cat\/ies-brugulat\/programes-dinnovacio\/promovem-els-programes-de-mobilitat\/","title":{"rendered":"ERASMUS+"},"content":{"rendered":"\n<figure class=\"wp-block-image size-full is-resized has-custom-border\" style=\"margin-right:0;margin-left:0\"><img decoding=\"async\" src=\"https:\/\/agora.xtec.cat\/ies-brugulat\/wp-content\/uploads\/usu85\/2026\/02\/Erasmus_Logo-1.svg\" alt=\"\" class=\"wp-image-27788\" style=\"border-style:none;border-width:0px;width:350px\"\/><\/figure>\n\n\n\n<h4 class=\"wp-block-heading\"><strong>Declaraci\u00f3 Carta Erasmus<\/strong><\/h4>\n\n\n\n<p><a href=\"https:\/\/agora.xtec.cat\/ies-brugulat\/wp-content\/uploads\/usu85\/2021\/03\/SIM-170003321030511420.pdf\" target=\"_blank\" rel=\"noreferrer noopener\">Carta Erasmus<\/a><br><a href=\"http:\/\/agora.xtec.cat\/ies-brugulat\/wp-content\/uploads\/usu85\/2015\/06\/erasmus-policy-statement.pdf\">Erasmus policy statement<\/a><\/p>\n\n\n\n<p><em>Click to view the <a href=\"https:\/\/agora.xtec.cat\/ies-brugulat\/wp-content\/uploads\/usu85\/2026\/02\/SKM_654e19013110330.pdf\" target=\"_blank\" rel=\"noreferrer noopener\">Erasmus Charter for Higher Education 2021-2027 <\/a>(en tramitaci\u00f3 la carta per al periode del 2021-2027)<\/em><\/p>\n\n\n\n<p>L\u2019Institut Josep Brugulat cerca la modernitzaci\u00f3 i internacionalitzaci\u00f3 de la seva oferta educativa mitjan\u00e7ant la participaci\u00f3 en activitats de mobilitat del Programa Erasmus, amb la finalitat de millorar la qualitat de la formaci\u00f3 professional que ofereix, les compet\u00e8ncies ling\u00fc\u00edstiques i interculturals del seu alumnat i del seu professorat, i la inserci\u00f3 laboral, en la mesura que tot plegat afavoreix la cohesi\u00f3 social. Amb aquest triple objectiu en ment, la Direcci\u00f3 de l\u2019Escola promour\u00e0 al m\u00e0xim:<\/p>\n\n\n\n<ul class=\"wp-block-list\">\n<li>La mobilitat dels seus estudiants de formaci\u00f3 professional, per a la realitzaci\u00f3 de pr\u00e0ctiques en empreses de pa\u00efsos europeus (veure&nbsp;<strong><em><a href=\"https:\/\/agora.xtec.cat\/ies-brugulat\/wp-content\/uploads\/usu85\/2020\/05\/Proces-de-seleccio_mobilitat.pdf\" target=\"_blank\" rel=\"noreferrer noopener\">Criteris de selecci\u00f3 d&#8217;alumnat<\/a><\/em><\/strong> i, tamb\u00e9, la fitxa de&nbsp;<strong><em><a href=\"https:\/\/agora.xtec.cat\/ies-brugulat\/wp-content\/uploads\/usu85\/2020\/05\/Sol\u00b7licitud-de-Mobilitat-alumne.pdf\" target=\"_blank\" rel=\"noreferrer noopener\">Sol\u00b7licitud d&#8217;estades de mobilitat<\/a><\/em><\/strong>)<\/li>\n<\/ul>\n\n\n\n<ul class=\"wp-block-list\">\n<li>La participaci\u00f3 del professorat en projectes d\u2019innovaci\u00f3, intercanvis i cooperaci\u00f3 amb els altres centres de formaci\u00f3 professional o empreses europees, dirigits a la millora d\u2019aspectes curriculars, organitzatius, pedag\u00f2gics i de metodologia docent.<\/li>\n<\/ul>\n\n\n\n<h4 class=\"wp-block-heading\"><strong>Objectius<\/strong><\/h4>\n\n\n\n<ol class=\"wp-block-list\">\n<li>Refor\u00e7ar la qualitat dels programes formatius mitjan\u00e7ant la mobilitat d\u2019alumnat i de professorat i la cooperaci\u00f3 transnacional.<\/li>\n\n\n\n<li>Millorar el reconeixement social de la formaci\u00f3 professional.<\/li>\n\n\n\n<li>Incrementar el rendiment acad\u00e8mic i les compet\u00e8ncies professionals dels seus titulats.<\/li>\n\n\n\n<li>Refor\u00e7ar el triangle del coneixement: educaci\u00f3, innovaci\u00f3 i empreses.<\/li>\n\n\n\n<li>Millorar la governan\u00e7a i el finan\u00e7ament.<\/li>\n<\/ol>\n\n\n\n<h4 class=\"wp-block-heading\"><strong>Estrat\u00e8gia general<\/strong><\/h4>\n\n\n\n<ul class=\"wp-block-list\">\n<li>Ampliaci\u00f3 del nombre de mobilitats d\u2019alumnes, mitjan\u00e7ant la presentaci\u00f3 de projectes a la Agencia Nacional, a m\u00e9s a m\u00e9s de la participaci\u00f3 habitual en els programes consorciats del Departament d\u2019Ensenyament i de Xarxa FP.<\/li>\n\n\n\n<li>Ampliaci\u00f3 dels grups objectiu<\/li>\n\n\n\n<li>Reconeixement de la mobilitat Erasmus per aprovar el m\u00f2dul de Formaci\u00f3 Pr\u00e0ctica en Centres de Treball (reconeixements ECTS). Certificat de l\u2019estada internacional firmat per l\u2019organitzaci\u00f3 d\u2019origen, intermedi\u00e0ria i per l\u2019empresa.<\/li>\n\n\n\n<li>Difusi\u00f3 externa (via web) d\u2019experi\u00e8ncies i resultats. Difusi\u00f3 interna i reconeixement institucional de l\u2019alumnat i professorat que participa en el programa Erasmus.<\/li>\n\n\n\n<li>Selecci\u00f3 d\u2019alumnat i professorat candidats garantint l\u2019abs\u00e8ncia de qualsevol tipus de discriminaci\u00f3 i la igualtat d\u2019oportunitats.<\/li>\n\n\n\n<li>Selecci\u00f3 de socis i empreses d\u2019altres pa\u00efsos europeus que presenten aspectes diferencials i innovadors respecte de las empreses locals.<\/li>\n\n\n\n<li>Realitzaci\u00f3 de projectes d\u2019innovaci\u00f3 i transfer\u00e8ncia tecnol\u00f2gica amb socis (empreses i instituts professionals) transnacionals.<\/li>\n\n\n\n<li>Realitzaci\u00f3 de visites a centres educatius de rellev\u00e0ncia internacional per estudiar el seu sistema de gesti\u00f3 i governan\u00e7a.<\/li>\n<\/ul>\n\n\n\n<h4 class=\"wp-block-heading\"><strong>Selecci\u00f3 de socis<\/strong><\/h4>\n\n\n\n<p>L&#8217;Institut Josep Brugulat selecciona els seus socis de diferents formes.<\/p>\n\n\n\n<ul class=\"wp-block-list\">\n<li>Mitjan\u00e7ant contactes que realitza el professorat de l\u2019equip de programes internacionals, de tres formes diferents:\n<ul class=\"wp-block-list\">\n<li>L&#8217;Institut rep una petici\u00f3 de contacte o visita de centres d\u2019altres pa\u00efsos. S\u2019analitza la proposta i si \u00e9s d\u2019inter\u00e8s s\u2019estableix contacte per a concertar visites preparat\u00f2ries.<\/li>\n\n\n\n<li>L\u2019Institut estableix contacte amb nous centres, amb estudis similars, i els fa arribar el nostre inter\u00e8s en coneixe\u2019ls per veure si pot ser d\u2019inter\u00e8s la realitzaci\u00f3 conjunta de programes d\u2019intercanvi.<\/li>\n\n\n\n<li>Consultant els socis i empreses amb els que l\u2019Institut ja ha realitzat programes Erasmus en convocat\u00f2ries anteriors.<\/li>\n<\/ul>\n<\/li>\n\n\n\n<li>Mitjan\u00e7ant els acords que estableix el Departament d\u2019Ensenyament, de Catalunya.<\/li>\n<\/ul>\n\n\n\n<h4 class=\"wp-block-heading\"><strong>\u00c0rees geogr\u00e0fiques de dest\u00ed<\/strong><\/h4>\n\n\n\n<p>Durant els darrers cursos, l\u2019Institut ha establert convenis Erasmus amb:<\/p>\n\n\n\n<ul class=\"wp-block-list\">\n<li>Noruega (estudiants del CFGS en disseny i moblament)<\/li>\n\n\n\n<li>Alemanya (estudiants del CFGS en mecatr\u00f2nica industrial<\/li>\n\n\n\n<li>Fran\u00e7a \/estudiants de la fam\u00edlia d&#8217;administraci\u00f3 i gesti\u00f3)<\/li>\n<\/ul>\n\n\n\n<p>Actualment, l\u2019Institut, tot i estar encara en fase inicial en el desplegament del programa de mobilitat internacional, es proposa consolidar les mobilitats amb m\u00e9s pa\u00efsos per tal de complementar l&#8217;oferta formativa i professional.<\/p>\n\n\n\n<h4 class=\"wp-block-heading\"><strong>Grups objectiu de la mobilitat<\/strong><\/h4>\n\n\n\n<ul class=\"wp-block-list\">\n<li>Estudiants<\/li>\n<\/ul>\n\n\n\n<p>Fins ara, les mobilitats s\u2019han destinat a un \u00fanic grup: estudiants de formaci\u00f3 professional. S\u2019ha procurat augmentar el nombre i la qualitat de mobilitats d\u2019estudiants per a realitzar pr\u00e0ctiques en empreses europees.<\/p>\n\n\n\n<ul class=\"wp-block-list\">\n<li>Professorat<\/li>\n<\/ul>\n\n\n\n<p>En el futur, es pret\u00e9n ampliar les mobilitats Erasmus al professorat, amb la intenci\u00f3 d\u2019intercanviar compet\u00e8ncies professionals i experi\u00e8ncies metodol\u00f2giques amb instituts i empreses. De forma similar, s\u2019afavorir\u00e0 l\u2019estudi i contrastaci\u00f3 de diferents sistemes educatius i de gesti\u00f3 de centres.<\/p>\n\n\n\n<h4 class=\"wp-block-heading\"><strong>Estudis que s&#8217;imparteixen al centre (Graus Superiors)<\/strong><\/h4>\n\n\n\n<figure class=\"wp-block-table is-style-stripes\"><table><tbody><tr><td><strong>Administraci\u00f3 i gesti\u00f3 \/<br><em>Administration and management<\/em><br><\/strong><\/td><td><a href=\"http:\/\/agora.xtec.cat\/ies-brugulat\/wp-content\/uploads\/usu85\/2015\/06\/administraci\u00f3-i-finances.pdf\">Curr\u00edculum Administraci\u00f3 i Finances<\/a> \/<br><a href=\"http:\/\/agora.xtec.cat\/ies-brugulat\/wp-content\/uploads\/usu85\/2015\/06\/curriculum-administration-and-finance.pdf\"><em>Curriculum Administration and Finance<\/em><\/a><\/td><\/tr><tr><td><strong>Fusta, moble i suro \/<br><em>Wood, cork and furniture<\/em><br><\/strong><\/td><td><a href=\"http:\/\/agora.xtec.cat\/ies-brugulat\/wp-content\/uploads\/usu85\/2015\/06\/disseny-i-moblament.pdf\">Curr\u00edculum Disseny i Moblament<\/a> \/<br><a href=\"http:\/\/agora.xtec.cat\/ies-brugulat\/wp-content\/uploads\/usu85\/2015\/06\/curriculum-design-and-furnishing.pdf\"><em>Curriculum Design and Furnishing<\/em><\/a><\/td><\/tr><tr><td><strong>Instal\u00b7laci\u00f3 i manteniment \/<br><em>Maintenance and installation<\/em><br><\/strong><\/td><td><a href=\"http:\/\/agora.xtec.cat\/ies-brugulat\/wp-content\/uploads\/usu85\/2015\/06\/mecatronica-industrial.pdf\">Curr\u00edculum Mecatr\u00f2nica industrial<\/a> \/<br><a href=\"http:\/\/agora.xtec.cat\/ies-brugulat\/wp-content\/uploads\/usu85\/2015\/06\/curriculum-industrial-mechatronic.pdf\"><em>Curriculum Industrial Mechatronics<\/em><\/a><\/td><\/tr><\/tbody><\/table><\/figure>\n","protected":false},"excerpt":{"rendered":"<p>Declaraci\u00f3 Carta Erasmus Carta ErasmusErasmus policy statement Click to view the Erasmus Charter for Higher Education 2021-2027 (en tramitaci\u00f3 la carta per al periode del 2021-2027) L\u2019Institut Josep Brugulat cerca la modernitzaci\u00f3 i internacionalitzaci\u00f3 de la seva oferta educativa mitjan\u00e7ant la participaci\u00f3 en activitats de mobilitat del Programa Erasmus, amb la finalitat de millorar la [&hellip;]<\/p>\n","protected":false},"author":4,"featured_media":0,"parent":27786,"menu_order":0,"comment_status":"closed","ping_status":"closed","template":"","meta":{"site-sidebar-layout":"default","site-content-layout":"","ast-site-content-layout":"default","site-content-style":"default","site-sidebar-style":"default","ast-global-header-display":"","ast-banner-title-visibility":"","ast-main-header-display":"","ast-hfb-above-header-display":"","ast-hfb-below-header-display":"","ast-hfb-mobile-header-display":"","site-post-title":"disabled","ast-breadcrumbs-content":"","ast-featured-img":"","footer-sml-layout":"","theme-transparent-header-meta":"","adv-header-id-meta":"","stick-header-meta":"","header-above-stick-meta":"","header-main-stick-meta":"","header-below-stick-meta":"","astra-migrate-meta-layouts":"set","ast-page-background-enabled":"default","ast-page-background-meta":{"desktop":{"background-color":"var(--ast-global-color-4)","background-image":"","background-repeat":"repeat","background-position":"center center","background-size":"auto","background-attachment":"scroll","background-type":"","background-media":"","overlay-type":"","overlay-color":"","overlay-opacity":"","overlay-gradient":""},"tablet":{"background-color":"","background-image":"","background-repeat":"repeat","background-position":"center center","background-size":"auto","background-attachment":"scroll","background-type":"","background-media":"","overlay-type":"","overlay-color":"","overlay-opacity":"","overlay-gradient":""},"mobile":{"background-color":"","background-image":"","background-repeat":"repeat","background-position":"center center","background-size":"auto","background-attachment":"scroll","background-type":"","background-media":"","overlay-type":"","overlay-color":"","overlay-opacity":"","overlay-gradient":""}},"ast-content-background-meta":{"desktop":{"background-color":"var(--ast-global-color-5)","background-image":"","background-repeat":"repeat","background-position":"center center","background-size":"auto","background-attachment":"scroll","background-type":"","background-media":"","overlay-type":"","overlay-color":"","overlay-opacity":"","overlay-gradient":""},"tablet":{"background-color":"var(--ast-global-color-5)","background-image":"","background-repeat":"repeat","background-position":"center center","background-size":"auto","background-attachment":"scroll","background-type":"","background-media":"","overlay-type":"","overlay-color":"","overlay-opacity":"","overlay-gradient":""},"mobile":{"background-color":"var(--ast-global-color-5)","background-image":"","background-repeat":"repeat","background-position":"center center","background-size":"auto","background-attachment":"scroll","background-type":"","background-media":"","overlay-type":"","overlay-color":"","overlay-opacity":"","overlay-gradient":""}},"footnotes":""},"class_list":["post-18594","page","type-page","status-publish","hentry"],"post_mailing_queue_ids":[],"_links":{"self":[{"href":"https:\/\/agora.xtec.cat\/ies-brugulat\/wp-json\/wp\/v2\/pages\/18594","targetHints":{"allow":["GET"]}}],"collection":[{"href":"https:\/\/agora.xtec.cat\/ies-brugulat\/wp-json\/wp\/v2\/pages"}],"about":[{"href":"https:\/\/agora.xtec.cat\/ies-brugulat\/wp-json\/wp\/v2\/types\/page"}],"author":[{"embeddable":true,"href":"https:\/\/agora.xtec.cat\/ies-brugulat\/wp-json\/wp\/v2\/users\/4"}],"replies":[{"embeddable":true,"href":"https:\/\/agora.xtec.cat\/ies-brugulat\/wp-json\/wp\/v2\/comments?post=18594"}],"version-history":[{"count":6,"href":"https:\/\/agora.xtec.cat\/ies-brugulat\/wp-json\/wp\/v2\/pages\/18594\/revisions"}],"predecessor-version":[{"id":27831,"href":"https:\/\/agora.xtec.cat\/ies-brugulat\/wp-json\/wp\/v2\/pages\/18594\/revisions\/27831"}],"up":[{"embeddable":true,"href":"https:\/\/agora.xtec.cat\/ies-brugulat\/wp-json\/wp\/v2\/pages\/27786"}],"wp:attachment":[{"href":"https:\/\/agora.xtec.cat\/ies-brugulat\/wp-json\/wp\/v2\/media?parent=18594"}],"curies":[{"name":"wp","href":"https:\/\/api.w.org\/{rel}","templated":true}]}}