{"id":14348,"date":"2020-02-02T19:27:29","date_gmt":"2020-02-02T18:27:29","guid":{"rendered":"https:\/\/agora.xtec.cat\/ies-brugulat\/?page_id=14348"},"modified":"2026-03-10T11:54:13","modified_gmt":"2026-03-10T10:54:13","slug":"semipresencialitat","status":"publish","type":"page","link":"https:\/\/agora.xtec.cat\/ies-brugulat\/secretaria\/semipresencialitat\/","title":{"rendered":"SEMIPRESENCIALITAT"},"content":{"rendered":"\n<div class=\"wp-block-getwid-section has-inner-blocks-gap-large getwid-anim fadeIn getwid-section-content-custom-width\" data-wow-duration=\"1500ms\" data-wow-delay=\"200ms\"><div class=\"wp-block-getwid-section__wrapper getwid-align-items-flex-start getwid-justify-content-flex-start\" style=\"min-height:600px\"><div class=\"wp-block-getwid-section__inner-wrapper\"><div class=\"wp-block-getwid-section__background-holder\"><div class=\"wp-block-getwid-section__background\"><\/div><div class=\"wp-block-getwid-section__foreground\"><\/div><\/div><div class=\"wp-block-getwid-section__content\"><div class=\"wp-block-getwid-section__inner-content\">\n<div class=\"wp-block-getwid-toggle has-icon-left\">\n<div class=\"wp-block-getwid-toggle__row\"><div class=\"wp-block-getwid-toggle__header-wrapper\"><span class=\"wp-block-getwid-toggle__header\"><a href=\"#\"><span class=\"wp-block-getwid-toggle__header-title\">QU\u00c8 \u00c9S LA SEMIPRESENCIALITAT?<\/span><span class=\"wp-block-getwid-toggle__icon is-active\"><i class=\"far fa-arrow-alt-circle-right\"><\/i><\/span><span class=\"wp-block-getwid-toggle__icon is-passive\"><i class=\"fas fa-arrow-alt-circle-down\"><\/i><\/span><\/a><\/span><\/div><div class=\"wp-block-getwid-toggle__content-wrapper\"><div class=\"wp-block-getwid-toggle__content\">\n<p>La matr\u00edcula semipresencial t\u00e9 com a finalitat&nbsp;<strong>facilitar l&#8217;acc\u00e9s<\/strong>&nbsp;als ensenyaments de formaci\u00f3 professional de les persones que&nbsp;<strong>no poden assistir presencialment a totes les hores lectives<\/strong>&nbsp;(per feina, per tenir cura d&#8217;altres persones o per qualsevol altra circumst\u00e0ncia excepcional). La incompatibilitat amb l&#8217;horari lectiu s&#8217;ha d&#8217;acreditar documentalment.<\/p>\n\n\n\n<p>Aquesta&nbsp;<strong>mesura flexibilitzadora<\/strong>&nbsp;combina les activitats presencials amb aquelles que no impliquen la pres\u00e8ncia dels alumnes en el centre.<\/p>\n\n\n\n<p><strong>Caracter\u00edstiques:<\/strong><\/p>\n\n\n\n<ul class=\"wp-block-list\">\n<li>Pot aplicar-se a tots els m\u00f2duls, cr\u00e8dits o unitats formatives que es cursin o nom\u00e9s a una part.<\/li>\n\n\n\n<li>Cal assistir presencialment almenys a la meitat de les hores previstes per al cr\u00e8dit o unitat formativa.<\/li>\n\n\n\n<li>Cal fer totes les activitats d&#8217;aprenentatge programades per al cr\u00e8dit o unitat formativa.<\/li>\n\n\n\n<li>Les activitats que els alumnes cursin de modalitat semipresencial han de comportar la mateixa c\u00e0rrega hor\u00e0ria que les presencials.<\/li>\n\n\n\n<li>Els professors tutoritzen les activitats dels alumnes de manera telem\u00e0tica o amb els mitjans que s&#8217;acordin conjuntament amb l&#8217;alumne.<\/li>\n\n\n\n<li>Els continguts cursats de manera semipresencial s&#8217;avaluen de manera presencial.<\/li>\n<\/ul>\n\n\n\n<p>\u00c9s una mesura de car\u00e0cter individual i es pot sol\u00b7licitar en centres educatius de titularitat p\u00fablica i privada.<\/p>\n\n\n\n<p>L&#8217;aplicaci\u00f3 de la matr\u00edcula semipresencial \u00e9s de lliure opci\u00f3 per part dels centres.<\/p>\n\n\n\n<p><\/p>\n<\/div><\/div><\/div>\n\n\n\n<div class=\"wp-block-getwid-toggle__row\"><div class=\"wp-block-getwid-toggle__header-wrapper\"><span class=\"wp-block-getwid-toggle__header\"><a href=\"#\"><span class=\"wp-block-getwid-toggle__header-title\">QUI LA POT DEMANAR?<\/span><span class=\"wp-block-getwid-toggle__icon is-active\"><i class=\"far fa-arrow-alt-circle-right\"><\/i><\/span><span class=\"wp-block-getwid-toggle__icon is-passive\"><i class=\"fas fa-arrow-alt-circle-down\"><\/i><\/span><\/a><\/span><\/div><div class=\"wp-block-getwid-toggle__content-wrapper\"><div class=\"wp-block-getwid-toggle__content\">\n<p>La semipresencialitat va adre\u00e7ada a les persones que acrediten documentalment la <strong>incompatibilitat<\/strong> de l\u2019horari lectiu amb&nbsp;<strong>el treball<\/strong>,&nbsp;tenir&nbsp;<strong>cura d\u2019altres persones<\/strong>, o qualsevol&nbsp;<strong>altra&nbsp;circumst\u00e0ncia excepcional<\/strong>&nbsp;que els impedeixi o <strong>dificulti&nbsp;d\u2019assistir a la totalitat de les hores lectives.<\/strong><\/p>\n\n\n\n<p><\/p>\n<\/div><\/div><\/div>\n\n\n\n<div class=\"wp-block-getwid-toggle__row\"><div class=\"wp-block-getwid-toggle__header-wrapper\"><span class=\"wp-block-getwid-toggle__header\"><a href=\"#\"><span class=\"wp-block-getwid-toggle__header-title\">QUINA DOCUMENTACI\u00d3 ACREDITA LA INCOMPATIBILITAT?<\/span><span class=\"wp-block-getwid-toggle__icon is-active\"><i class=\"far fa-arrow-alt-circle-right\"><\/i><\/span><span class=\"wp-block-getwid-toggle__icon is-passive\"><i class=\"fas fa-arrow-alt-circle-down\"><\/i><\/span><\/a><\/span><\/div><div class=\"wp-block-getwid-toggle__content-wrapper\"><div class=\"wp-block-getwid-toggle__content\">\n<p>a) A causa <strong>de treball <\/strong>com a assalariat o assalariada: informe de vida laboral em\u00e8s per la Tresoreria General de la Seguretat Social, i contracte de treball o b\u00e9 informe de l\u2019empresa, que indiqui l\u2019horari de treball.<\/p>\n\n\n\n<p>b) A causa de treball <strong>aut\u00f2nom<\/strong>: c\u00f2pia de l\u2019alta de l\u2019impost d\u2019activitats econ\u00f2miques, i rebut de cotitzaci\u00f3 al r\u00e8gim especial de treballadors aut\u00f2noms o mutualitat laboral corresponent.<\/p>\n\n\n\n<p>c) A causa de tenir <strong>cura d\u2019altres persones<\/strong>: vincle, pot ser el llibre de fam\u00edlia o b\u00e9 una declaraci\u00f3 jurada de la persona interessada, i documentaci\u00f3 emesa per algun organisme oficial, entitat social, entitat sociosanit\u00e0ria o entitat sanit\u00e0ria, o similar a les anteriors, relativa a la cura, per part de la persona interessada, d\u2019altres persones. Preferiblement Departament de Benestar Social i Fam\u00edlia.<\/p>\n\n\n\n<p>d) A causa de qualsevol <strong>altra circumst\u00e0ncia excepcional<\/strong>: declaraci\u00f3 jurada de la persona interessada, i documentaci\u00f3 emesa per algun organisme oficial, entitat social, entitat sociosanit\u00e0ria o entitat sanit\u00e0ria, o similar a les anteriors, relativa a la circumst\u00e0ncia excepcional.<\/p>\n\n\n\n<p>En aquest cas, cal l\u2019autoritzaci\u00f3 del director o la directora del centre i no es efectiva fins al seu vist-i-plau (i havent aportat pr\u00e8viament la documentaci\u00f3 corresponent esmentada).<\/p>\n\n\n\n<p>La matr\u00edcula semipresencial pot aplicar-se a tots o a part dels m\u00f2duls o unitats&nbsp;formatives que cursi l\u2019alumne\/a.<\/p>\n\n\n\n<p>El canvi de la matr\u00edcula semipresencial a la modalitat presencial, o a l\u2019inrev\u00e9s, l\u2019autoritza el&nbsp;director o la directora del centre i no es efectiva fins al seu vist-i-plau (i havent aportat pr\u00e8viament la documentaci\u00f3 corresponent esmentada anteriorment).<\/p>\n\n\n\n<p><\/p>\n<\/div><\/div><\/div>\n\n\n\n<div class=\"wp-block-getwid-toggle__row\"><div class=\"wp-block-getwid-toggle__header-wrapper\"><span class=\"wp-block-getwid-toggle__header\"><a href=\"#\"><span class=\"wp-block-getwid-toggle__header-title\">QUINES DEMANDES ACAD\u00c8MIQUES T\u00c9?<\/span><span class=\"wp-block-getwid-toggle__icon is-active\"><i class=\"far fa-arrow-alt-circle-right\"><\/i><\/span><span class=\"wp-block-getwid-toggle__icon is-passive\"><i class=\"fas fa-arrow-alt-circle-down\"><\/i><\/span><\/a><\/span><\/div><div class=\"wp-block-getwid-toggle__content-wrapper\"><div class=\"wp-block-getwid-toggle__content\">\n<p>Cal assistir presencialment almenys a la meitat de les hores previstes per al cr\u00e8dit o unitat formativa (50% assist\u00e8ncia). A partir del 50% d\u2019abs\u00e8ncies, l\u2019alumne passa a perdre el dret a l\u2019avaluaci\u00f3 continua.<\/p>\n\n\n\n<p>Cal fer totes les activitats d\u2019aprenentatge programades.<\/p>\n\n\n\n<p>Les activitats d\u2019ensenyament-aprenentatge que l\u2019alumnat faci de forma semipresencial han de comportar la mateixa c\u00e0rrega hor\u00e0ria que les fetes&nbsp;de forma&nbsp;presencial.<\/p>\n\n\n\n<p>S\u2019avaluaran de forma presencial els continguts cursats de forma semipresencial.<\/p>\n<\/div><\/div><\/div>\n\n\n\n<div class=\"wp-block-getwid-toggle__row\"><div class=\"wp-block-getwid-toggle__header-wrapper\"><span class=\"wp-block-getwid-toggle__header\"><a href=\"#\"><span class=\"wp-block-getwid-toggle__header-title\">NORMATIVA<\/span><span class=\"wp-block-getwid-toggle__icon is-active\"><i class=\"far fa-arrow-alt-circle-right\"><\/i><\/span><span class=\"wp-block-getwid-toggle__icon is-passive\"><i class=\"fas fa-arrow-alt-circle-down\"><\/i><\/span><\/a><\/span><\/div><div class=\"wp-block-getwid-toggle__content-wrapper\"><div class=\"wp-block-getwid-toggle__content\">\n<p><a href=\"https:\/\/dogc.gencat.cat\/ca\/document-del-dogc\/?documentId=656556\">DECRET 28\/2014, de 4 de mar\u00e7<\/a>, d&#8217;ordenaci\u00f3 general dels ensenyaments professionals d&#8217;arts pl\u00e0stiques i disseny, i de modificaci\u00f3 del Decret 284\/2011, d&#8217;1 de mar\u00e7, d&#8217;ordenaci\u00f3 general de la formaci\u00f3 professional inicial.<\/p>\n\n\n\n<p><a href=\"https:\/\/portaljuridic.gencat.cat\/ca\/document-del-pjur\/?documentId=574304\">DECRET 284\/2011, d&#8217;1 de mar\u00e7<\/a>, d&#8217;ordenaci\u00f3 general de la formaci\u00f3 professional inicial.<\/p>\n<\/div><\/div><\/div>\n\n\n\n<div class=\"wp-block-getwid-toggle__row\"><div class=\"wp-block-getwid-toggle__header-wrapper\"><span class=\"wp-block-getwid-toggle__header\"><a href=\"#\"><span class=\"wp-block-getwid-toggle__header-title\">COM PUC SOL\u00b7LICITAR LA SEMIPRESENCIALITAT AL BRUGULAT?<\/span><span class=\"wp-block-getwid-toggle__icon is-active\"><i class=\"far fa-arrow-alt-circle-right\"><\/i><\/span><span class=\"wp-block-getwid-toggle__icon is-passive\"><i class=\"fas fa-arrow-alt-circle-down\"><\/i><\/span><\/a><\/span><\/div><div class=\"wp-block-getwid-toggle__content-wrapper\"><div class=\"wp-block-getwid-toggle__content\">\n<div class=\"wp-block-buttons is-layout-flex wp-block-buttons-is-layout-flex\">\n<div class=\"wp-block-button is-style-outline is-style-outline--1\"><a class=\"wp-block-button__link has-black-color has-text-color has-link-color wp-element-button\" href=\"https:\/\/agora.xtec.cat\/ies-brugulat\/wp-content\/uploads\/usu85\/2022\/09\/SS4-Sollicitud-semipresencialitat-v3.docx.pdf\">formulari de sol\u00b7licitud<\/a><\/div>\n<\/div>\n\n\n\n<div style=\"height:30px\" aria-hidden=\"true\" class=\"wp-block-spacer\"><\/div>\n\n\n\n<p>Descarrega&#8217;t el formulari de sol\u00b7licitud, emplena&#8217;l, adjunta la documentaci\u00f3 requerida i envia&#8217;l a <a href=\"secretaria@insbrugulat.cat\">secretaria@insbrugulat.cat<\/a><\/p>\n\n\n\n<p><\/p>\n<\/div><\/div><\/div>\n\n\n\n<div class=\"wp-block-getwid-toggle__row\"><div class=\"wp-block-getwid-toggle__header-wrapper\"><span class=\"wp-block-getwid-toggle__header\"><a href=\"#\"><span class=\"wp-block-getwid-toggle__header-title\">TENS DUBTES?<\/span><span class=\"wp-block-getwid-toggle__icon is-active\"><i class=\"far fa-arrow-alt-circle-right\"><\/i><\/span><span class=\"wp-block-getwid-toggle__icon is-passive\"><i class=\"fas fa-arrow-alt-circle-down\"><\/i><\/span><\/a><\/span><\/div><div class=\"wp-block-getwid-toggle__content-wrapper\"><div class=\"wp-block-getwid-toggle__content\">\n<figure class=\"wp-block-image is-resized\"><a href=\"https:\/\/agora.xtec.cat\/ies-brugulat\/wp-content\/uploads\/usu85\/2025\/05\/BRU-Marca-03-Sha-editat.png\"><img loading=\"lazy\" decoding=\"async\" width=\"1024\" height=\"582\" src=\"https:\/\/agora.xtec.cat\/ies-brugulat\/wp-content\/uploads\/usu85\/2025\/05\/BRU-Marca-03-Sha-editat-1024x582.png\" alt=\"\" class=\"wp-image-25086\" style=\"width:150px\"\/><\/a><\/figure>\n\n\n\n<p><a href=\"https:\/\/maps.app.goo.gl\/YwUFeu5afKLwHS2U9\" target=\"_blank\" rel=\"noreferrer noopener\">Ctra. Figueroles, 19<br>17820 Banyoles<br>Pla de l\u2019Estany<\/a><br>972 57 14 31<br><a href=\"mailto:secretaria@insbrugulat.cat\">secretaria@insbrugulat.cat<\/a><\/p>\n\n\n\n<p>(<a href=\"https:\/\/agora.xtec.cat\/ies-brugulat\/secretaria\/organigrama\/\">horari d&#8217;atenci\u00f3 al p\u00fablic<\/a>)<\/p>\n<\/div><\/div><\/div>\n<\/div>\n<\/div><\/div><\/div><\/div><\/div>\n\n\n\n<p><\/p>\n","protected":false},"excerpt":{"rendered":"","protected":false},"author":4,"featured_media":0,"parent":81,"menu_order":5,"comment_status":"closed","ping_status":"closed","template":"page-templates\/side-menu.php","meta":{"site-sidebar-layout":"default","site-content-layout":"","ast-site-content-layout":"default","site-content-style":"default","site-sidebar-style":"default","ast-global-header-display":"","ast-banner-title-visibility":"","ast-main-header-display":"","ast-hfb-above-header-display":"","ast-hfb-below-header-display":"","ast-hfb-mobile-header-display":"","site-post-title":"","ast-breadcrumbs-content":"","ast-featured-img":"","footer-sml-layout":"","theme-transparent-header-meta":"","adv-header-id-meta":"","stick-header-meta":"","header-above-stick-meta":"","header-main-stick-meta":"","header-below-stick-meta":"","astra-migrate-meta-layouts":"set","ast-page-background-enabled":"default","ast-page-background-meta":{"desktop":{"background-color":"var(--ast-global-color-4)","background-image":"","background-repeat":"repeat","background-position":"center center","background-size":"auto","background-attachment":"scroll","background-type":"","background-media":"","overlay-type":"","overlay-color":"","overlay-opacity":"","overlay-gradient":""},"tablet":{"background-color":"","background-image":"","background-repeat":"repeat","background-position":"center center","background-size":"auto","background-attachment":"scroll","background-type":"","background-media":"","overlay-type":"","overlay-color":"","overlay-opacity":"","overlay-gradient":""},"mobile":{"background-color":"","background-image":"","background-repeat":"repeat","background-position":"center center","background-size":"auto","background-attachment":"scroll","background-type":"","background-media":"","overlay-type":"","overlay-color":"","overlay-opacity":"","overlay-gradient":""}},"ast-content-background-meta":{"desktop":{"background-color":"var(--ast-global-color-5)","background-image":"","background-repeat":"repeat","background-position":"center center","background-size":"auto","background-attachment":"scroll","background-type":"","background-media":"","overlay-type":"","overlay-color":"","overlay-opacity":"","overlay-gradient":""},"tablet":{"background-color":"var(--ast-global-color-5)","background-image":"","background-repeat":"repeat","background-position":"center center","background-size":"auto","background-attachment":"scroll","background-type":"","background-media":"","overlay-type":"","overlay-color":"","overlay-opacity":"","overlay-gradient":""},"mobile":{"background-color":"var(--ast-global-color-5)","background-image":"","background-repeat":"repeat","background-position":"center center","background-size":"auto","background-attachment":"scroll","background-type":"","background-media":"","overlay-type":"","overlay-color":"","overlay-opacity":"","overlay-gradient":""}},"footnotes":""},"class_list":["post-14348","page","type-page","status-publish","hentry"],"post_mailing_queue_ids":[],"_links":{"self":[{"href":"https:\/\/agora.xtec.cat\/ies-brugulat\/wp-json\/wp\/v2\/pages\/14348","targetHints":{"allow":["GET"]}}],"collection":[{"href":"https:\/\/agora.xtec.cat\/ies-brugulat\/wp-json\/wp\/v2\/pages"}],"about":[{"href":"https:\/\/agora.xtec.cat\/ies-brugulat\/wp-json\/wp\/v2\/types\/page"}],"author":[{"embeddable":true,"href":"https:\/\/agora.xtec.cat\/ies-brugulat\/wp-json\/wp\/v2\/users\/4"}],"replies":[{"embeddable":true,"href":"https:\/\/agora.xtec.cat\/ies-brugulat\/wp-json\/wp\/v2\/comments?post=14348"}],"version-history":[{"count":6,"href":"https:\/\/agora.xtec.cat\/ies-brugulat\/wp-json\/wp\/v2\/pages\/14348\/revisions"}],"predecessor-version":[{"id":28517,"href":"https:\/\/agora.xtec.cat\/ies-brugulat\/wp-json\/wp\/v2\/pages\/14348\/revisions\/28517"}],"up":[{"embeddable":true,"href":"https:\/\/agora.xtec.cat\/ies-brugulat\/wp-json\/wp\/v2\/pages\/81"}],"wp:attachment":[{"href":"https:\/\/agora.xtec.cat\/ies-brugulat\/wp-json\/wp\/v2\/media?parent=14348"}],"curies":[{"name":"wp","href":"https:\/\/api.w.org\/{rel}","templated":true}]}}