{"id":10697,"date":"2018-04-28T10:42:35","date_gmt":"2018-04-28T08:42:35","guid":{"rendered":"http:\/\/agora.xtec.cat\/ies-brugulat\/?page_id=10697"},"modified":"2026-03-25T23:44:54","modified_gmt":"2026-03-25T22:44:54","slug":"materies-comunes","status":"publish","type":"page","link":"https:\/\/agora.xtec.cat\/ies-brugulat\/estudis\/batxillerat\/materies-comunes\/","title":{"rendered":"Mat\u00e8ries comunes"},"content":{"rendered":"\n<figure class=\"wp-block-table is-style-stripes\"><table class=\"has-fixed-layout\"><thead><tr><th class=\"has-text-align-left\" data-align=\"left\">1r BATXILLERAT<\/th><th class=\"has-text-align-left\" data-align=\"left\">2n BATXILLERAT<\/th><\/tr><\/thead><tbody><tr><td class=\"has-text-align-left\" data-align=\"left\">Llengua catalana i literatura (2h)<\/td><td class=\"has-text-align-left\" data-align=\"left\">Llengua catalana i literatura (2h)<\/td><\/tr><tr><td class=\"has-text-align-left\" data-align=\"left\">Llengua castellana i literatura (2h)<\/td><td class=\"has-text-align-left\" data-align=\"left\">Llengua castellana i literatura (2h)<\/td><\/tr><tr><td class=\"has-text-align-left\" data-align=\"left\">Llengua estragera (3h)<\/td><td class=\"has-text-align-left\" data-align=\"left\">Llengua estragera (3h)<\/td><\/tr><tr><td class=\"has-text-align-left\" data-align=\"left\">Filosofia (2h)<\/td><td class=\"has-text-align-left\" data-align=\"left\">Hist\u00f2ria de la filosofia (3h)<\/td><\/tr><tr><td class=\"has-text-align-left\" data-align=\"left\">Educaci\u00f3 f\u00edscia (2h)<\/td><td class=\"has-text-align-left\" data-align=\"left\">Hist\u00f2ria (3h)<\/td><\/tr><tr><td class=\"has-text-align-left\" data-align=\"left\">Tutoria (1h)<\/td><td class=\"has-text-align-left\" data-align=\"left\">Tutoria (1h)<\/td><\/tr><\/tbody><\/table><\/figure>\n\n\n\n<figure class=\"wp-block-table is-style-stripes\"><table class=\"has-fixed-layout\"><tbody><tr><td class=\"has-text-align-center\" data-align=\"center\">Treball de Recerca (entre 1r i 2n BATXILLERAT) &#8211; pondera en la nota final de batxillerat com qualsevol altra mat\u00e8ria<\/td><\/tr><\/tbody><\/table><\/figure>\n\n\n\n<hr class=\"wp-block-separator has-alpha-channel-opacity is-style-default\"\/>\n\n\n\n<div style=\"height:30px\" aria-hidden=\"true\" class=\"wp-block-spacer\"><\/div>\n\n\n\n<h4 class=\"wp-block-heading\">Treball de recerca<\/h4>\n\n\n\n<p>Tots els alumnes de batxillerat han de portar a terme un <strong>treball de recerca<\/strong>. Aquest treball es fa entre el 1r i el 2n curs.<\/p>\n\n\n\n<p>L\u2019INS Josep Brugulat posa a disposici\u00f3 dels alumnes tot el professorat del centre, amb la voluntat d\u2019oferir un millor assessorament en una gran diversitat d\u2019\u00e0mbits. Cada alumne tindr\u00e0 un tutor del treball de recerca, professor del centre, que l\u2019assessorar\u00e0 i el guiar\u00e0 al llarg de tot el proc\u00e9s.<\/p>\n\n\n\n<p>Haur\u00e0 d\u2019escollir un tema que li interessi o que tingui relaci\u00f3 amb els seus futurs estudis ja que hi dedicar\u00e0 moltes hores, sobretot durant l\u2019estiu.<\/p>\n\n\n\n<figure class=\"wp-block-image aligncenter size-full is-resized has-custom-border\"><a href=\"https:\/\/triaeducativa.gencat.cat\/ca\/batxillerat\/treball-recerca\/index.html\" target=\"_blank\" rel=\" noreferrer noopener\"><img loading=\"lazy\" decoding=\"async\" width=\"885\" height=\"205\" src=\"https:\/\/agora.xtec.cat\/ies-brugulat\/wp-content\/uploads\/usu85\/2026\/03\/image-14.png\" alt=\"\" class=\"wp-image-28869\" style=\"border-radius:10px;box-shadow:var(--wp--preset--shadow--natural);width:500px\" srcset=\"https:\/\/agora.xtec.cat\/ies-brugulat\/wp-content\/uploads\/usu85\/2026\/03\/image-14.png 885w, https:\/\/agora.xtec.cat\/ies-brugulat\/wp-content\/uploads\/usu85\/2026\/03\/image-14-300x69.png 300w, https:\/\/agora.xtec.cat\/ies-brugulat\/wp-content\/uploads\/usu85\/2026\/03\/image-14-768x178.png 768w\" sizes=\"auto, (max-width: 885px) 100vw, 885px\" \/><\/a><\/figure>\n\n\n\n<hr class=\"wp-block-separator has-alpha-channel-opacity is-style-default\"\/>\n\n\n\n<div style=\"height:30px\" aria-hidden=\"true\" class=\"wp-block-spacer\"><\/div>\n\n\n\n<h4 class=\"wp-block-heading\">Estada a l&#8217;empresa<\/h4>\n\n\n\n<p>En l&#8217;oferta d\u2019optatives trimestrals s&#8217;inclour\u00e0 l&#8217;<strong>estada a l\u2019empresa,<\/strong>&nbsp;mat\u00e8ria de 70 hores que es far\u00e0 durant l&#8217;any o durant l\u2019estiu de 1r a 2n.<\/p>\n\n\n\n<p>L\u2019estada a l\u2019empresa \u00e9s una mat\u00e8ria optativa que t\u00e9 com a objectiu fer con\u00e8ixer a l\u2019alumnat la realitat del m\u00f3n laboral. Els permet posar en pr\u00e0ctica un seguit de procediments, habilitats i actituds generals que s\u00f3n interessants per a la bona adaptaci\u00f3 al m\u00f3n laboral futur. Aix\u00ed mateix, serveix per a la funci\u00f3 orientadora del batxillerat, amb independ\u00e8ncia de la modalitat cursada, ja que permet que l\u2019alumnat canalitzi les seves prefer\u00e8ncies i capacitats en un context diferent de l\u2019acad\u00e8mic i amb un guiatge adequat.<\/p>\n\n\n\n<p>L\u2019Institut Josep Brugulat busca aquelles empreses que encaixin m\u00e9s amb el perfil del noi o de la noia, gestiona els convenis amb les empreses i en fa el seguiment.<\/p>\n","protected":false},"excerpt":{"rendered":"<p>1r BATXILLERAT 2n BATXILLERAT Llengua catalana i literatura (2h) Llengua catalana i literatura (2h) Llengua castellana i literatura (2h) Llengua castellana i literatura (2h) Llengua estragera (3h) Llengua estragera (3h) Filosofia (2h) Hist\u00f2ria de la filosofia (3h) Educaci\u00f3 f\u00edscia (2h) Hist\u00f2ria (3h) Tutoria (1h) Tutoria (1h) Treball de Recerca (entre 1r i 2n BATXILLERAT) &#8211; [&hellip;]<\/p>\n","protected":false},"author":3,"featured_media":0,"parent":356,"menu_order":0,"comment_status":"closed","ping_status":"closed","template":"page-templates\/side-menu.php","meta":{"site-sidebar-layout":"default","site-content-layout":"","ast-site-content-layout":"default","site-content-style":"default","site-sidebar-style":"default","ast-global-header-display":"","ast-banner-title-visibility":"","ast-main-header-display":"","ast-hfb-above-header-display":"","ast-hfb-below-header-display":"","ast-hfb-mobile-header-display":"","site-post-title":"","ast-breadcrumbs-content":"","ast-featured-img":"","footer-sml-layout":"","theme-transparent-header-meta":"","adv-header-id-meta":"","stick-header-meta":"","header-above-stick-meta":"","header-main-stick-meta":"","header-below-stick-meta":"","astra-migrate-meta-layouts":"set","ast-page-background-enabled":"default","ast-page-background-meta":{"desktop":{"background-color":"var(--ast-global-color-4)","background-image":"","background-repeat":"repeat","background-position":"center center","background-size":"auto","background-attachment":"scroll","background-type":"","background-media":"","overlay-type":"","overlay-color":"","overlay-opacity":"","overlay-gradient":""},"tablet":{"background-color":"","background-image":"","background-repeat":"repeat","background-position":"center center","background-size":"auto","background-attachment":"scroll","background-type":"","background-media":"","overlay-type":"","overlay-color":"","overlay-opacity":"","overlay-gradient":""},"mobile":{"background-color":"","background-image":"","background-repeat":"repeat","background-position":"center center","background-size":"auto","background-attachment":"scroll","background-type":"","background-media":"","overlay-type":"","overlay-color":"","overlay-opacity":"","overlay-gradient":""}},"ast-content-background-meta":{"desktop":{"background-color":"var(--ast-global-color-5)","background-image":"","background-repeat":"repeat","background-position":"center center","background-size":"auto","background-attachment":"scroll","background-type":"","background-media":"","overlay-type":"","overlay-color":"","overlay-opacity":"","overlay-gradient":""},"tablet":{"background-color":"var(--ast-global-color-5)","background-image":"","background-repeat":"repeat","background-position":"center center","background-size":"auto","background-attachment":"scroll","background-type":"","background-media":"","overlay-type":"","overlay-color":"","overlay-opacity":"","overlay-gradient":""},"mobile":{"background-color":"var(--ast-global-color-5)","background-image":"","background-repeat":"repeat","background-position":"center center","background-size":"auto","background-attachment":"scroll","background-type":"","background-media":"","overlay-type":"","overlay-color":"","overlay-opacity":"","overlay-gradient":""}},"footnotes":""},"class_list":["post-10697","page","type-page","status-publish","hentry"],"post_mailing_queue_ids":[],"_links":{"self":[{"href":"https:\/\/agora.xtec.cat\/ies-brugulat\/wp-json\/wp\/v2\/pages\/10697","targetHints":{"allow":["GET"]}}],"collection":[{"href":"https:\/\/agora.xtec.cat\/ies-brugulat\/wp-json\/wp\/v2\/pages"}],"about":[{"href":"https:\/\/agora.xtec.cat\/ies-brugulat\/wp-json\/wp\/v2\/types\/page"}],"author":[{"embeddable":true,"href":"https:\/\/agora.xtec.cat\/ies-brugulat\/wp-json\/wp\/v2\/users\/3"}],"replies":[{"embeddable":true,"href":"https:\/\/agora.xtec.cat\/ies-brugulat\/wp-json\/wp\/v2\/comments?post=10697"}],"version-history":[{"count":6,"href":"https:\/\/agora.xtec.cat\/ies-brugulat\/wp-json\/wp\/v2\/pages\/10697\/revisions"}],"predecessor-version":[{"id":28872,"href":"https:\/\/agora.xtec.cat\/ies-brugulat\/wp-json\/wp\/v2\/pages\/10697\/revisions\/28872"}],"up":[{"embeddable":true,"href":"https:\/\/agora.xtec.cat\/ies-brugulat\/wp-json\/wp\/v2\/pages\/356"}],"wp:attachment":[{"href":"https:\/\/agora.xtec.cat\/ies-brugulat\/wp-json\/wp\/v2\/media?parent=10697"}],"curies":[{"name":"wp","href":"https:\/\/api.w.org\/{rel}","templated":true}]}}