{"id":1030,"date":"2015-08-12T06:45:31","date_gmt":"2015-08-12T05:45:31","guid":{"rendered":"http:\/\/agora.xtec.cat\/ies-brugulat\/?page_id=1030"},"modified":"2026-02-12T13:20:11","modified_gmt":"2026-02-12T12:20:11","slug":"brugu","status":"publish","type":"page","link":"https:\/\/agora.xtec.cat\/ies-brugulat\/brugu\/","title":{"rendered":"+BRUGU"},"content":{"rendered":"\n<div class=\"wp-block-columns is-layout-flex wp-container-core-columns-is-layout-1 wp-block-columns-is-layout-flex\">\n<div class=\"wp-block-column is-layout-flow wp-block-column-is-layout-flow\" style=\"flex-basis:50%\">\n<figure class=\"wp-block-image size-full is-resized has-custom-border\"><a href=\"https:\/\/sites.google.com\/insbrugulat.cat\/afabrugulat\/p%C3%A0gina-principal\"><img loading=\"lazy\" decoding=\"async\" width=\"800\" height=\"217\" src=\"https:\/\/agora.xtec.cat\/ies-brugulat\/wp-content\/uploads\/usu85\/2025\/12\/AFA.jpg\" alt=\"\" class=\"wp-image-26531\" style=\"border-radius:20px;width:500px\" srcset=\"https:\/\/agora.xtec.cat\/ies-brugulat\/wp-content\/uploads\/usu85\/2025\/12\/AFA.jpg 800w, https:\/\/agora.xtec.cat\/ies-brugulat\/wp-content\/uploads\/usu85\/2025\/12\/AFA-300x81.jpg 300w, https:\/\/agora.xtec.cat\/ies-brugulat\/wp-content\/uploads\/usu85\/2025\/12\/AFA-768x208.jpg 768w\" sizes=\"auto, (max-width: 800px) 100vw, 800px\" \/><\/a><\/figure>\n<\/div>\n\n\n\n<div class=\"wp-block-column is-layout-flow wp-block-column-is-layout-flow\" style=\"flex-basis:50%\">\n<p>L\u2019AFA \u00e9s l\u2019Associaci\u00f3 de Fam\u00edlies d\u2019Alumnes de l\u2019Institut.&nbsp;La finalitat&nbsp;de l&#8217;AFA \u00e9s col\u00b7laborar amb el centre per tal d&#8217;ajudar en les tasques educatives, formatives i de millora d&#8217;equipaments que porta a terme l\u2019institut aix\u00ed com servir de via de comunicaci\u00f3 entre les fam\u00edlies i l\u2019equip directiu del centre.<\/p>\n<\/div>\n<\/div>\n\n\n\n<div class=\"wp-block-columns is-layout-flex wp-container-core-columns-is-layout-2 wp-block-columns-is-layout-flex\">\n<div class=\"wp-block-column is-layout-flow wp-block-column-is-layout-flow\" style=\"flex-basis:50%\">\n<figure class=\"wp-block-image size-full is-resized has-custom-border\"><a href=\"https:\/\/sites.google.com\/insbrugulat.cat\/jornades-memoria\/jornades-al-brugulat\"><img loading=\"lazy\" decoding=\"async\" width=\"800\" height=\"216\" src=\"https:\/\/agora.xtec.cat\/ies-brugulat\/wp-content\/uploads\/usu85\/2025\/12\/JORNADES-MEMORIA-I-ANTIFEIXISME.jpg\" alt=\"\" class=\"wp-image-26530\" style=\"border-radius:20px;width:500px\" srcset=\"https:\/\/agora.xtec.cat\/ies-brugulat\/wp-content\/uploads\/usu85\/2025\/12\/JORNADES-MEMORIA-I-ANTIFEIXISME.jpg 800w, https:\/\/agora.xtec.cat\/ies-brugulat\/wp-content\/uploads\/usu85\/2025\/12\/JORNADES-MEMORIA-I-ANTIFEIXISME-300x81.jpg 300w, https:\/\/agora.xtec.cat\/ies-brugulat\/wp-content\/uploads\/usu85\/2025\/12\/JORNADES-MEMORIA-I-ANTIFEIXISME-768x207.jpg 768w\" sizes=\"auto, (max-width: 800px) 100vw, 800px\" \/><\/a><\/figure>\n<\/div>\n\n\n\n<div class=\"wp-block-column is-layout-flow wp-block-column-is-layout-flow\" style=\"flex-basis:50%\">\n<p>Des del curs 2023-24, el departament de ci\u00e8ncies socials de l&#8217;Institut Josep Brugulat organitza les Jornades de Mem\u00f2ria i Antifeixisme.&nbsp;<\/p>\n\n\n\n<p>L&#8217;objectiu principal \u00e9s promoure la&nbsp;informaci\u00f3, el debat i la reflexi\u00f3&nbsp;sobre els r\u00e8gims autoritaris i feixistes del passat, aprofundint en els seus efectes en la vida quotidiana de les persones, posant, al mateix temps la mirada al&nbsp;present i al futur.<\/p>\n<\/div>\n<\/div>\n\n\n\n<div class=\"wp-block-columns is-layout-flex wp-container-core-columns-is-layout-3 wp-block-columns-is-layout-flex\">\n<div class=\"wp-block-column is-layout-flow wp-block-column-is-layout-flow\" style=\"flex-basis:50%\">\n<figure class=\"wp-block-image size-full is-resized has-custom-border\"><a href=\"https:\/\/sites.google.com\/insbrugulat.cat\/escoles-verdes-ins-brugulat\/EEVV_InsBrugulat_Inici\" target=\"_blank\" rel=\" noreferrer noopener\"><img loading=\"lazy\" decoding=\"async\" width=\"1530\" height=\"441\" src=\"https:\/\/agora.xtec.cat\/ies-brugulat\/wp-content\/uploads\/usu85\/2026\/02\/Captura-de-pantalla-2026-02-12-131717.png\" alt=\"\" class=\"wp-image-27780\" style=\"border-radius:20px;width:500px\" srcset=\"https:\/\/agora.xtec.cat\/ies-brugulat\/wp-content\/uploads\/usu85\/2026\/02\/Captura-de-pantalla-2026-02-12-131717.png 1530w, https:\/\/agora.xtec.cat\/ies-brugulat\/wp-content\/uploads\/usu85\/2026\/02\/Captura-de-pantalla-2026-02-12-131717-300x86.png 300w, https:\/\/agora.xtec.cat\/ies-brugulat\/wp-content\/uploads\/usu85\/2026\/02\/Captura-de-pantalla-2026-02-12-131717-1024x295.png 1024w, https:\/\/agora.xtec.cat\/ies-brugulat\/wp-content\/uploads\/usu85\/2026\/02\/Captura-de-pantalla-2026-02-12-131717-768x221.png 768w\" sizes=\"auto, (max-width: 1530px) 100vw, 1530px\" \/><\/a><\/figure>\n<\/div>\n\n\n\n<div class=\"wp-block-column is-layout-flow wp-block-column-is-layout-flow\" style=\"flex-basis:50%\">\n<p>Des del curs 1998, l\u2019Institut&nbsp;<strong>Josep Brugulat&nbsp;<\/strong>formem part del&nbsp;<strong>programa&nbsp;<\/strong><strong><em>Escoles Verdes<\/em><\/strong>, acreditat per la Generalitat de Catalunya.<\/p>\n\n\n\n<p>D\u2019acord amb el nostre projecte educatiu, som un centre comprom\u00e8s amb el medi ambient i la sostenibilitat, i treballem per fomentar una&nbsp;educaci\u00f3 ecosocial&nbsp;que integri valors, coneixements i accions. Impulsem la participaci\u00f3 i la implicaci\u00f3 activa de tota la comunitat educativa en la millora del nostre entorn i formem part d\u2019una xarxa que afavoreix la col\u00b7laboraci\u00f3 i l\u2019intercanvi amb entitats locals i altres centres amb objectius comuns.<\/p>\n<\/div>\n<\/div>\n\n\n\n<div class=\"wp-block-columns is-layout-flex wp-container-core-columns-is-layout-4 wp-block-columns-is-layout-flex\">\n<div class=\"wp-block-column is-layout-flow wp-block-column-is-layout-flow\" style=\"flex-basis:50%\">\n<figure class=\"wp-block-image size-full is-resized has-custom-border\"><a href=\"https:\/\/agora.xtec.cat\/ies-brugulat\/brugu\/50-anys\/\"><img loading=\"lazy\" decoding=\"async\" width=\"800\" height=\"228\" src=\"https:\/\/agora.xtec.cat\/ies-brugulat\/wp-content\/uploads\/usu85\/2025\/12\/50-ANYS-BRUGULAT.jpg\" alt=\"\" class=\"wp-image-26529\" style=\"border-radius:20px;width:500px\" srcset=\"https:\/\/agora.xtec.cat\/ies-brugulat\/wp-content\/uploads\/usu85\/2025\/12\/50-ANYS-BRUGULAT.jpg 800w, https:\/\/agora.xtec.cat\/ies-brugulat\/wp-content\/uploads\/usu85\/2025\/12\/50-ANYS-BRUGULAT-300x86.jpg 300w, https:\/\/agora.xtec.cat\/ies-brugulat\/wp-content\/uploads\/usu85\/2025\/12\/50-ANYS-BRUGULAT-768x219.jpg 768w\" sizes=\"auto, (max-width: 800px) 100vw, 800px\" \/><\/a><\/figure>\n<\/div>\n\n\n\n<div class=\"wp-block-column is-layout-flow wp-block-column-is-layout-flow\" style=\"flex-basis:50%\">\n<p>L&#8217;any 2025 l&#8217;institut va fer 50 anys. Durant el curs 25-26 es van portar a terme actes i es van fer publicacions a les xarxes i en paper per celebrar-ho.<\/p>\n<\/div>\n<\/div>\n\n\n\n<div class=\"wp-block-columns is-layout-flex wp-container-core-columns-is-layout-5 wp-block-columns-is-layout-flex\">\n<div class=\"wp-block-column is-layout-flow wp-block-column-is-layout-flow\" style=\"flex-basis:50%\"><p><iframe data-testid=\"embed-iframe\" style=\"border-radius:12px\" src=\"https:\/\/open.spotify.com\/embed\/playlist\/2GjIkEEqih6TD081iiamKy?utm_source=generator\" width=\"500\" height=\"200\" frameBorder=\"0\" allowfullscreen=\"\" allow=\"autoplay; clipboard-write; encrypted-media; fullscreen; picture-in-picture\" loading=\"lazy\"><\/iframe><\/p>\n<\/div>\n\n\n\n<div class=\"wp-block-column is-layout-flow wp-block-column-is-layout-flow\" style=\"flex-basis:50%\">\n<p><\/p>\n<\/div>\n<\/div>\n\n\n\n<div class=\"wp-block-columns is-layout-flex wp-container-core-columns-is-layout-6 wp-block-columns-is-layout-flex\">\n<div class=\"wp-block-column is-layout-flow wp-block-column-is-layout-flow\" style=\"flex-basis:50%\">\n<figure class=\"wp-block-image aligncenter size-full is-resized has-custom-border\"><a href=\"https:\/\/agora.xtec.cat\/ies-brugulat\/brugu\/el-clip-la-revista-del-brugu\/\"><img loading=\"lazy\" decoding=\"async\" width=\"1024\" height=\"899\" src=\"https:\/\/agora.xtec.cat\/ies-brugulat\/wp-content\/uploads\/usu85\/2026\/01\/REVISTA-EL-CLIP-e1740470918923-1024x899-1.png\" alt=\"\" class=\"wp-image-26684\" style=\"border-radius:20px;width:256px;height:auto\" srcset=\"https:\/\/agora.xtec.cat\/ies-brugulat\/wp-content\/uploads\/usu85\/2026\/01\/REVISTA-EL-CLIP-e1740470918923-1024x899-1.png 1024w, https:\/\/agora.xtec.cat\/ies-brugulat\/wp-content\/uploads\/usu85\/2026\/01\/REVISTA-EL-CLIP-e1740470918923-1024x899-1-300x263.png 300w, https:\/\/agora.xtec.cat\/ies-brugulat\/wp-content\/uploads\/usu85\/2026\/01\/REVISTA-EL-CLIP-e1740470918923-1024x899-1-768x674.png 768w\" sizes=\"auto, (max-width: 1024px) 100vw, 1024px\" \/><\/a><\/figure>\n<\/div>\n\n\n\n<div class=\"wp-block-column is-layout-flow wp-block-column-is-layout-flow\" style=\"flex-basis:50%\">\n<p><\/p>\n<\/div>\n<\/div>\n","protected":false},"excerpt":{"rendered":"<p>L\u2019AFA \u00e9s l\u2019Associaci\u00f3 de Fam\u00edlies d\u2019Alumnes de l\u2019Institut.&nbsp;La finalitat&nbsp;de l&#8217;AFA \u00e9s col\u00b7laborar amb el centre per tal d&#8217;ajudar en les tasques educatives, formatives i de millora d&#8217;equipaments que porta a terme l\u2019institut aix\u00ed com servir de via de comunicaci\u00f3 entre les fam\u00edlies i l\u2019equip directiu del centre. Des del curs 2023-24, el departament de ci\u00e8ncies [&hellip;]<\/p>\n","protected":false},"author":1,"featured_media":0,"parent":0,"menu_order":0,"comment_status":"closed","ping_status":"closed","template":"page-templates\/side-menu.php","meta":{"site-sidebar-layout":"default","site-content-layout":"","ast-site-content-layout":"default","site-content-style":"default","site-sidebar-style":"default","ast-global-header-display":"","ast-banner-title-visibility":"","ast-main-header-display":"","ast-hfb-above-header-display":"","ast-hfb-below-header-display":"","ast-hfb-mobile-header-display":"","site-post-title":"","ast-breadcrumbs-content":"","ast-featured-img":"","footer-sml-layout":"","theme-transparent-header-meta":"","adv-header-id-meta":"","stick-header-meta":"","header-above-stick-meta":"","header-main-stick-meta":"","header-below-stick-meta":"","astra-migrate-meta-layouts":"set","ast-page-background-enabled":"default","ast-page-background-meta":{"desktop":{"background-color":"var(--ast-global-color-4)","background-image":"","background-repeat":"repeat","background-position":"center center","background-size":"auto","background-attachment":"scroll","background-type":"","background-media":"","overlay-type":"","overlay-color":"","overlay-opacity":"","overlay-gradient":""},"tablet":{"background-color":"","background-image":"","background-repeat":"repeat","background-position":"center center","background-size":"auto","background-attachment":"scroll","background-type":"","background-media":"","overlay-type":"","overlay-color":"","overlay-opacity":"","overlay-gradient":""},"mobile":{"background-color":"","background-image":"","background-repeat":"repeat","background-position":"center center","background-size":"auto","background-attachment":"scroll","background-type":"","background-media":"","overlay-type":"","overlay-color":"","overlay-opacity":"","overlay-gradient":""}},"ast-content-background-meta":{"desktop":{"background-color":"var(--ast-global-color-5)","background-image":"","background-repeat":"repeat","background-position":"center center","background-size":"auto","background-attachment":"scroll","background-type":"","background-media":"","overlay-type":"","overlay-color":"","overlay-opacity":"","overlay-gradient":""},"tablet":{"background-color":"var(--ast-global-color-5)","background-image":"","background-repeat":"repeat","background-position":"center center","background-size":"auto","background-attachment":"scroll","background-type":"","background-media":"","overlay-type":"","overlay-color":"","overlay-opacity":"","overlay-gradient":""},"mobile":{"background-color":"var(--ast-global-color-5)","background-image":"","background-repeat":"repeat","background-position":"center center","background-size":"auto","background-attachment":"scroll","background-type":"","background-media":"","overlay-type":"","overlay-color":"","overlay-opacity":"","overlay-gradient":""}},"footnotes":""},"class_list":["post-1030","page","type-page","status-publish","hentry"],"post_mailing_queue_ids":[],"_links":{"self":[{"href":"https:\/\/agora.xtec.cat\/ies-brugulat\/wp-json\/wp\/v2\/pages\/1030","targetHints":{"allow":["GET"]}}],"collection":[{"href":"https:\/\/agora.xtec.cat\/ies-brugulat\/wp-json\/wp\/v2\/pages"}],"about":[{"href":"https:\/\/agora.xtec.cat\/ies-brugulat\/wp-json\/wp\/v2\/types\/page"}],"author":[{"embeddable":true,"href":"https:\/\/agora.xtec.cat\/ies-brugulat\/wp-json\/wp\/v2\/users\/1"}],"replies":[{"embeddable":true,"href":"https:\/\/agora.xtec.cat\/ies-brugulat\/wp-json\/wp\/v2\/comments?post=1030"}],"version-history":[{"count":6,"href":"https:\/\/agora.xtec.cat\/ies-brugulat\/wp-json\/wp\/v2\/pages\/1030\/revisions"}],"predecessor-version":[{"id":27781,"href":"https:\/\/agora.xtec.cat\/ies-brugulat\/wp-json\/wp\/v2\/pages\/1030\/revisions\/27781"}],"wp:attachment":[{"href":"https:\/\/agora.xtec.cat\/ies-brugulat\/wp-json\/wp\/v2\/media?parent=1030"}],"curies":[{"name":"wp","href":"https:\/\/api.w.org\/{rel}","templated":true}]}}