{"id":922,"date":"2017-01-25T10:56:48","date_gmt":"2017-01-25T09:56:48","guid":{"rendered":"http:\/\/agora.xtec.cat\/ies-bisbe-berenguer\/?page_id=922"},"modified":"2026-01-16T13:50:57","modified_gmt":"2026-01-16T12:50:57","slug":"documents-de-centre","status":"publish","type":"page","link":"https:\/\/agora.xtec.cat\/ies-bisbe-berenguer\/projecte-educatiu\/documents-de-centre\/","title":{"rendered":"Documents de centre"},"content":{"rendered":"<p><strong>PROJECTE EDUCATIU DE CENTRE<\/strong><\/p>\n<p style=\"text-align: justify;\">El projecte educatiu de centre \u00e9s el document que permet definir i singularitzar el centre. \u00c9s l&#8217;eina que serveix com a marc de refer\u00e8ncia d&#8217;altres documents per a la gesti\u00f3 i la presa de decisions i orienta els seus objectius i prioritats d&#8217;actuaci\u00f3 en els \u00e0mbits curricular, organitzatiu, de gesti\u00f3 econ\u00f2mica i de gesti\u00f3 de personal, adaptat a la realitat del nostre entorn per tal que tot l&#8217;alumnat del nostre centre assoleixi millors resultats educatius.<\/p>\n<p style=\"text-align: justify;\"><a href=\"https:\/\/drive.google.com\/file\/d\/1zh4bSrPo8gcO8Og9qzX7jLWnRPTFWkwx\/view?usp=sharing\" target=\"_blank\" rel=\"noopener\"><strong>* Projecte Educatiu de Centre.<\/strong><\/a><\/p>\n<p><strong>PROJECTE LING\u00dc\u00cdSTIC DE CENTRE<\/strong><\/p>\n<p>Durant el curs 2018-19 s&#8217;est\u00e0 treballant per actualitzar i aprovar un nou projecte ling\u00fc\u00edstic. La comunitat educativa podr\u00e0 fer les seves aportacions mitjan\u00e7ant els seus representants al Consell Escolar.<\/p>\n<p><a href=\"https:\/\/drive.google.com\/open?id=1bSLDkaxFrzCv2nLBMf44mv7ChKeQXRDf\" target=\"_blank\" rel=\"noopener noreferrer\"><strong>* Projecte Ling\u00fc\u00edstic de Centre<\/strong><\/a><\/p>\n<p><strong>NORMES D&#8217;ORGANITZACI\u00d3 I FUNCIONAMENT DE CENTRE (NOFC)<br \/>\n<\/strong><\/p>\n<p>Les NOFC recullen els aspectes m\u00e9s rellevants d&#8217;organitzaci\u00f3 i gesti\u00f3 del centre. Les NOFC van ser aprovades pel Claustre i el Consell Escolar del centre en sessi\u00f3 de 28 de juny de 2019.<\/p>\n<p><a href=\"https:\/\/drive.google.com\/file\/d\/1hbMqPZmnCGqVJv3DK5RP9L_Cddzek2Lw\/view?usp=sharing\" target=\"_blank\" rel=\"noopener noreferrer\"><strong>* NOFC &#8211; Normes d&#8217;Organitzaci\u00f3 i Funcionament de centre<\/strong><\/a><\/p>\n<p><a href=\"https:\/\/drive.google.com\/file\/d\/19wdlVEvlblLwCNrrDcK24DeSYg0g_R7o\/view?usp=sharing\" target=\"_blank\" rel=\"noopener\">Esmena 3 d&#8217;octubre de 2022 &#8211; Sortida de l&#8217;alumnat<\/a><\/p>\n<p><a href=\"https:\/\/drive.google.com\/file\/d\/19bNiL2h0ASeoOAZIGLZwxa9saEFah9FP\/view?usp=drive_link\" target=\"_blank\" rel=\"noopener noreferrer\">Annex 1: Normativa &#8220;Entorns Virtuals d&#8217;Aprenentatge&#8221;<\/a><\/p>\n<p><a href=\"https:\/\/drive.google.com\/file\/d\/1X7TMICVvWMItHeJhBLMHtiocQXwc5VtX\/view?usp=drive_link\" target=\"_blank\" rel=\"noopener noreferrer\">Annex 2: Normativa &#8220;\u00das dels m\u00f2bils als centres educatius&#8221;<\/a><\/p>\n<p><strong>CARTA DE COMPROM\u00cdS EDUCATIU<br \/>\n<\/strong><\/p>\n<p>La carta de comprom\u00eds educatiu \u00e9s el document que es signa durant el mes de juliol amb les fam\u00edlies de l&#8217;alumnat que comen\u00e7a la seva escolaritzaci\u00f3 al centre. En aquesta reuni\u00f3 hi s\u00f3n presents l&#8217;alumne\/a, les fam\u00edlies i un representant del centre i es revisen els compromisos de cadascuna de les parts.<\/p>\n<p><a href=\"https:\/\/drive.google.com\/open?id=134HPJyYraPdwXld6RZlvShWAJ0F7bC5L\" target=\"_blank\" rel=\"noopener noreferrer\"><strong>* Carta de comprom\u00eds educatiu<\/strong><\/a><\/p>\n<p><strong>PROJECTE DE CONVIV\u00c8NCIA<br \/>\n<\/strong><\/p>\n<p>Durant els cursos 2017-18 i 2018-19 el centre va disposar d&#8217;un equip de professors que va impulsar la implementaci\u00f3 d&#8217;un equip de conviv\u00e8ncia al centre a trav\u00e9s del programa d&#8217;innovaci\u00f3 del departament #aquiproubullying. Un dels resultats d&#8217;aquest equip de treball ha estat el Projecte de Conviv\u00e8ncia del Centre.<\/p>\n<p><a href=\"https:\/\/drive.google.com\/open?id=14O-WadZSFV8pTB9EUbmM5VrUVlV7n0ld\" target=\"_blank\" rel=\"noopener noreferrer\"><strong>* Projecte de conviv\u00e8ncia<\/strong><\/a><\/p>\n<p><a href=\"https:\/\/drive.google.com\/open?id=14mxN8yvrfqQz8ykkBrlQHum0GS4NDyQL\" target=\"_blank\" rel=\"noopener noreferrer\"><strong>* Pla de conviv\u00e8ncia<\/strong><\/a><\/p>\n<p><strong>PROJECTE DE DIRECCI\u00d3<\/strong><\/p>\n<p>L&#8217;actual equip directiu inicia la seva gesti\u00f3 el curs 2016-17 i renova i actualitza el seu projecte de direcci\u00f3 el curs 2020-21.<\/p>\n<p><a href=\"https:\/\/drive.google.com\/file\/d\/1zH34VX2Wl4-RkAzGRQthGVgDdLdbfMUL\/view?usp=sharing\" target=\"_blank\" rel=\"noopener noreferrer\"><strong>* Projecte de direcci\u00f3 2016-20<\/strong><\/a><\/p>\n<p><a href=\"https:\/\/drive.google.com\/file\/d\/1Je6a9tH0zHPuYm7CyT8GlH-XZRkegoPf\/view?usp=sharing\" target=\"_blank\" rel=\"noopener noreferrer\"><strong>* Projecte de direcci\u00f3_2020-24<\/strong><\/a><\/p>\n<p><strong>ESTRAT\u00c8GIA DIGITAL DE CENTRE (EDC)<\/strong><\/p>\n<p><a href=\"https:\/\/sites.google.com\/bisbeberenguer.cat\/edc\/inici\" target=\"_blank\" rel=\"noopener noreferrer\"><strong>* Estrat\u00e8gia Digital de Centre<\/strong><\/a><\/p>\n","protected":false},"excerpt":{"rendered":"<p>PROJECTE EDUCATIU DE CENTRE El projecte educatiu de centre \u00e9s el document que permet definir i singularitzar el centre. \u00c9s l&#8217;eina que serveix com a marc de refer\u00e8ncia d&#8217;altres documents per a la gesti\u00f3 i la presa de decisions i orienta els seus objectius i prioritats d&#8217;actuaci\u00f3 en els \u00e0mbits curricular, organitzatiu, de gesti\u00f3 econ\u00f2mica [&hellip;]<\/p>\n","protected":false},"author":4,"featured_media":0,"parent":57,"menu_order":1,"comment_status":"closed","ping_status":"closed","template":"","meta":{"_bbp_topic_count":0,"_bbp_reply_count":0,"_bbp_total_topic_count":0,"_bbp_total_reply_count":0,"_bbp_voice_count":0,"_bbp_anonymous_reply_count":0,"_bbp_topic_count_hidden":0,"_bbp_reply_count_hidden":0,"_bbp_forum_subforum_count":0,"site-sidebar-layout":"default","site-content-layout":"","ast-site-content-layout":"default","site-content-style":"default","site-sidebar-style":"default","ast-global-header-display":"","ast-banner-title-visibility":"","ast-main-header-display":"","ast-hfb-above-header-display":"","ast-hfb-below-header-display":"","ast-hfb-mobile-header-display":"","site-post-title":"","ast-breadcrumbs-content":"","ast-featured-img":"","footer-sml-layout":"","theme-transparent-header-meta":"default","adv-header-id-meta":"","stick-header-meta":"","header-above-stick-meta":"","header-main-stick-meta":"","header-below-stick-meta":"","astra-migrate-meta-layouts":"set","ast-page-background-enabled":"default","ast-page-background-meta":{"desktop":{"background-color":"var(--ast-global-color-4)","background-image":"","background-repeat":"repeat","background-position":"center center","background-size":"auto","background-attachment":"scroll","background-type":"","background-media":"","overlay-type":"","overlay-color":"","overlay-opacity":"","overlay-gradient":""},"tablet":{"background-color":"","background-image":"","background-repeat":"repeat","background-position":"center center","background-size":"auto","background-attachment":"scroll","background-type":"","background-media":"","overlay-type":"","overlay-color":"","overlay-opacity":"","overlay-gradient":""},"mobile":{"background-color":"","background-image":"","background-repeat":"repeat","background-position":"center center","background-size":"auto","background-attachment":"scroll","background-type":"","background-media":"","overlay-type":"","overlay-color":"","overlay-opacity":"","overlay-gradient":""}},"ast-content-background-meta":{"desktop":{"background-color":"var(--ast-global-color-5)","background-image":"","background-repeat":"repeat","background-position":"center center","background-size":"auto","background-attachment":"scroll","background-type":"","background-media":"","overlay-type":"","overlay-color":"","overlay-opacity":"","overlay-gradient":""},"tablet":{"background-color":"var(--ast-global-color-5)","background-image":"","background-repeat":"repeat","background-position":"center center","background-size":"auto","background-attachment":"scroll","background-type":"","background-media":"","overlay-type":"","overlay-color":"","overlay-opacity":"","overlay-gradient":""},"mobile":{"background-color":"var(--ast-global-color-5)","background-image":"","background-repeat":"repeat","background-position":"center center","background-size":"auto","background-attachment":"scroll","background-type":"","background-media":"","overlay-type":"","overlay-color":"","overlay-opacity":"","overlay-gradient":""}},"footnotes":""},"class_list":["post-922","page","type-page","status-publish","hentry"],"post_mailing_queue_ids":[],"_links":{"self":[{"href":"https:\/\/agora.xtec.cat\/ies-bisbe-berenguer\/wp-json\/wp\/v2\/pages\/922","targetHints":{"allow":["GET"]}}],"collection":[{"href":"https:\/\/agora.xtec.cat\/ies-bisbe-berenguer\/wp-json\/wp\/v2\/pages"}],"about":[{"href":"https:\/\/agora.xtec.cat\/ies-bisbe-berenguer\/wp-json\/wp\/v2\/types\/page"}],"author":[{"embeddable":true,"href":"https:\/\/agora.xtec.cat\/ies-bisbe-berenguer\/wp-json\/wp\/v2\/users\/4"}],"replies":[{"embeddable":true,"href":"https:\/\/agora.xtec.cat\/ies-bisbe-berenguer\/wp-json\/wp\/v2\/comments?post=922"}],"version-history":[{"count":6,"href":"https:\/\/agora.xtec.cat\/ies-bisbe-berenguer\/wp-json\/wp\/v2\/pages\/922\/revisions"}],"predecessor-version":[{"id":11081,"href":"https:\/\/agora.xtec.cat\/ies-bisbe-berenguer\/wp-json\/wp\/v2\/pages\/922\/revisions\/11081"}],"up":[{"embeddable":true,"href":"https:\/\/agora.xtec.cat\/ies-bisbe-berenguer\/wp-json\/wp\/v2\/pages\/57"}],"wp:attachment":[{"href":"https:\/\/agora.xtec.cat\/ies-bisbe-berenguer\/wp-json\/wp\/v2\/media?parent=922"}],"curies":[{"name":"wp","href":"https:\/\/api.w.org\/{rel}","templated":true}]}}