{"id":6751,"date":"2023-01-11T10:38:17","date_gmt":"2023-01-11T09:38:17","guid":{"rendered":"https:\/\/agora.xtec.cat\/ies-bisbe-berenguer\/?page_id=6751"},"modified":"2025-07-15T13:04:18","modified_gmt":"2025-07-15T11:04:18","slug":"matricula","status":"publish","type":"page","link":"https:\/\/agora.xtec.cat\/ies-bisbe-berenguer\/serveis\/secretaria\/matricula\/","title":{"rendered":"Matr\u00edcula 2025\/26"},"content":{"rendered":"<h5 style=\"text-align: center;\">Calendari 2025-26<\/h5>\n<table width=\"100%\" cellspacing=\"0\" cellpadding=\"4\">\n<tbody>\n<tr>\n<td valign=\"top\" bgcolor=\"#3c7c80\" width=\"100%\">\n<h2 class=\"western\" align=\"center\"><span style=\"color: #ffa00c;\"><span style=\"font-family: Open Sans, sans-serif;\"><b>CONTACTE \/ SECRETARIA<\/b><\/span><\/span><\/h2>\n<\/td>\n<\/tr>\n<\/tbody>\n<\/table>\n<h6 style=\"text-align: center;\">\ud83d\udce9\u00a0Informaci\u00f3 general:\u00a0<a href=\"mailto:info@bisbeberenguer.cat\" target=\"_blank\" rel=\"noopener noreferrer\">info<span class=\"\">@bisbeberenguer.cat<\/span><\/a><\/h6>\n<h6 style=\"text-align: center;\">\ud83d\udce9\u00a0Administraci\u00f3:\u00a0<a href=\"mailto:secretaria@bisbeberenguer.cat\" target=\"_blank\" rel=\"noopener noreferrer\">secretaria<span class=\"\">@bisbeberenguer.<\/span>cat<\/a><\/h6>\n<h6 style=\"text-align: center;\"><a href=\"https:\/\/agora.xtec.cat\/ies-bisbe-berenguer\/?p=5229&amp;preview=true\" target=\"_blank\" rel=\"noopener\">\u260e\u00a093 421 17 11<\/a><\/h6>\n<p>&nbsp;<\/p>\n<table style=\"width: 100%;\" width=\"100%\" cellspacing=\"0\" cellpadding=\"4\">\n<tbody>\n<tr>\n<td style=\"width: 100%;\" valign=\"top\" bgcolor=\"#ffa00c\" width=\"100%\">\n<h2 class=\"western\" align=\"center\"><strong><span style=\"color: #087eb6; font-family: Open Sans, sans-serif;\">Matr\u00edcula alumnat nou ESO i Batxillerat 2025-26<\/span><\/strong><\/h2>\n<\/td>\n<\/tr>\n<\/tbody>\n<\/table>\n<h3 style=\"text-align: center;\"><strong>MATR\u00cdCULA 1r d&#8217;ESO<\/strong><\/h3>\n<h6 style=\"text-align: center;\"><a href=\"https:\/\/drive.google.com\/file\/d\/1GIfRwyZaMiK6bQ4079joqqhT_heGaYrU\/view\" target=\"_blank\" rel=\"noopener\">\u00a0Alumnes assignats al centre amb indicaci\u00f3 de la primera petici\u00f3<\/a><\/h6>\n<h6 style=\"text-align: center;\">Instruccions matricula alumnat nou:<\/h6>\n<p style=\"text-align: center;\"><a href=\"https:\/\/drive.google.com\/file\/d\/148w3FKZRFSBNfI5sloN6yHLhYqi-1tt_\/view?usp=sharing\" target=\"_blank\" rel=\"noopener\"><strong>Dades personals de l&#8217;alumnat. Dossier matr\u00edcula<\/strong><\/a><\/p>\n<p style=\"text-align: center;\"><a href=\"https:\/\/drive.google.com\/file\/d\/1x2HhNo-eK0jEaLfRTdkybeFDupyKRSEr\/view?usp=sharing\" target=\"_blank\" rel=\"noopener\"><strong>Instruccions pagaments bancaris<\/strong><\/a><\/p>\n<h6 style=\"text-align: center;\">\ud83d\uddd3\ufe0f Del 25 de juny al 3 de juliol &#8211; Matriculaci\u00f3 ESO \ud83d\uddd3\ufe0f<\/h6>\n<h3 style=\"text-align: center;\"><strong>MATR\u00cdCULA Batxillerat<\/strong><\/h3>\n<h6 style=\"text-align: center;\">Llistat alumnat assignat<\/h6>\n<h6 style=\"text-align: center;\">\ud83d\uddd3\ufe0fMatriculaci\u00f3 Batxillerat\ud83d\uddd3\ufe0f<\/h6>\n<h6 style=\"text-align: center;\">\u00a0Del 16 al 19 de juny (matr\u00edcula interna)\/ Del 20 al 27 juny (nous alumnes)-<\/h6>\n<table width=\"100%\" cellspacing=\"0\" cellpadding=\"4\">\n<tbody>\n<tr>\n<td valign=\"top\" bgcolor=\"#ffa00c\" width=\"100%\">\n<h2 class=\"western\" align=\"center\"><strong><span style=\"color: #087eb6; font-family: Open Sans, sans-serif;\">Matr\u00edcula alumnat amb continu\u00eftat al centre<\/span><\/strong><\/h2>\n<\/td>\n<\/tr>\n<\/tbody>\n<\/table>\n<h4 style=\"text-align: center;\">\ud83d\udcd8 Documents de matr\u00edcula \ud83d\udcd8<\/h4>\n<p style=\"text-align: center;\"><a href=\"https:\/\/agora.xtec.cat\/ies-bisbe-berenguer\/wp-content\/uploads\/usu33\/2024\/05\/calendari_matriculacio.jpg\" target=\"_blank\" rel=\"noopener\">\ud83d\udcc5 <strong>Calendari de matriculaci\u00f3<\/strong><\/a> \ud83d\udcc5<\/p>\n<p style=\"text-align: center;\"><a href=\"https:\/\/drive.google.com\/file\/d\/14SXkfK_dS2np_XZTps-Fgai2a0QsyIEy\/view?usp=sharing\" target=\"_blank\" rel=\"noopener\">Matr\u00edcula 2n ESO: del 26 al 30 de maig<\/a><\/p>\n<p style=\"text-align: center;\"><a href=\"https:\/\/drive.google.com\/file\/d\/1F2C5SpKBCuBr9Pti4orfPFtrlvvMZ-bg\/view?usp=sharing\" target=\"_blank\" rel=\"noopener\">Pagament 2n ESO: del 26 al 30 de maig<\/a><\/p>\n<p style=\"text-align: center;\">_______________________________________<\/p>\n<p style=\"text-align: center;\"><a href=\"https:\/\/drive.google.com\/file\/d\/1iA05h6f_smNC6RymNoyyZeEVBxMybBzo\/view?usp=sharing\" target=\"_blank\" rel=\"noopener\">Matr\u00edcula 3r ESO: del 2 al 6 de juny<\/a><\/p>\n<p style=\"text-align: center;\"><a href=\"https:\/\/drive.google.com\/file\/d\/1OhcJd9oSclR_NtsAlGhAvpSgGi4gfp85\/view?usp=sharing\" target=\"_blank\" rel=\"noopener\">Pagament 3r ESO: del 2 al 6 de juny<\/a><\/p>\n<p style=\"text-align: center;\">_______________________________________<\/p>\n<p style=\"text-align: center;\"><a href=\"https:\/\/drive.google.com\/file\/d\/1UR5Q-nxuHsnJse6MLNneSpdmF32FDW2R\/view?usp=sharing\" target=\"_blank\" rel=\"noopener\">Matr\u00edcula 4t ESO: del 9 al 13 de juny<\/a><\/p>\n<p style=\"text-align: center;\"><a href=\"https:\/\/drive.google.com\/file\/d\/14q6XYWVHf4DJyGDB3Fu153AQxuKziQvr\/view?usp=sharing\" target=\"_blank\" rel=\"noopener\">Pagament 4t ESO: del 9 al 13 de juny<\/a><\/p>\n<p style=\"text-align: center;\">_______________________________________<\/p>\n<p style=\"text-align: center;\"><a href=\"https:\/\/drive.google.com\/file\/d\/1UR5Q-nxuHsnJse6MLNneSpdmF32FDW2R\/view?usp=sharing\" target=\"_blank\" rel=\"noopener\">Matr\u00edcula 1r Batx: del 16 al 19 de juny<\/a><\/p>\n<p style=\"text-align: center;\"><a href=\"https:\/\/drive.google.com\/file\/d\/12LTXM5Ue98j9z06vAXkvr6Gr4OVIs99E\/view?usp=sharing\" target=\"_blank\" rel=\"noopener\">Pagament 1r Batx: del 16 al 19 de juny<\/a><\/p>\n<p style=\"text-align: center;\"><span style=\"font-size: 16px; font-style: normal; font-weight: 400;\">_______________________________________<\/span><\/p>\n<p style=\"text-align: center;\"><a href=\"https:\/\/drive.google.com\/file\/d\/1UR5Q-nxuHsnJse6MLNneSpdmF32FDW2R\/view?usp=sharing\" target=\"_blank\" rel=\"noopener\">Matr\u00edcula 2n Batx: del 16 al 19 de juny<\/a><\/p>\n<p style=\"text-align: center;\"><a href=\"https:\/\/drive.google.com\/file\/d\/1tRTciWVsCAlTBGhHjREP-O9CUfmO_hh8\/view?usp=sharing\" target=\"_blank\" rel=\"noopener\">Pagament 2n Batx: del 16 al 19 de juny<\/a><\/p>\n<p style=\"text-align: center;\"><img decoding=\"async\" class=\"an1\" src=\"https:\/\/fonts.gstatic.com\/s\/e\/notoemoji\/15.0\/1f4e2\/32.png\" alt=\"\ud83d\udce2\" data-emoji=\"\ud83d\udce2\" aria-label=\"\ud83d\udce2\" \/>\u00a0<a href=\"https:\/\/docs.google.com\/forms\/d\/e\/1FAIpQLSeb9C8F9kqlY03Kbn_rvdhCDhVxPIxSo1YI6iUegOH_sv_yMA\/viewform\" target=\"_blank\" rel=\"noopener\"><strong>Enquesta de valoraci\u00f3 de les fam\u00edlies<\/strong><\/a> <img decoding=\"async\" class=\"an1\" src=\"https:\/\/fonts.gstatic.com\/s\/e\/notoemoji\/15.0\/1f4e2\/32.png\" alt=\"\ud83d\udce2\" data-emoji=\"\ud83d\udce2\" aria-label=\"\ud83d\udce2\" \/><\/p>\n<table width=\"100%\" cellspacing=\"0\" cellpadding=\"4\">\n<tbody>\n<tr>\n<td valign=\"top\" bgcolor=\"#ffa00c\" width=\"100%\">\n<h2 class=\"western\" align=\"center\"><strong><span style=\"color: #087eb6; font-family: Open Sans, sans-serif;\"><img decoding=\"async\" class=\"an1\" src=\"https:\/\/fonts.gstatic.com\/s\/e\/notoemoji\/15.0\/1f393\/32.png\" alt=\"\ud83c\udf93\" data-emoji=\"\ud83c\udf93\" aria-label=\"\ud83c\udf93\" \/> Tria de mat\u00e8ries optatives <img decoding=\"async\" class=\"an1\" src=\"https:\/\/fonts.gstatic.com\/s\/e\/notoemoji\/15.0\/1f393\/32.png\" alt=\"\ud83c\udf93\" data-emoji=\"\ud83c\udf93\" aria-label=\"\ud83c\udf93\" \/><\/span><\/strong><\/h2>\n<\/td>\n<\/tr>\n<\/tbody>\n<\/table>\n<h6 style=\"text-align: center;\">\ud83c\udf93 <a href=\"https:\/\/docs.google.com\/forms\/d\/e\/1FAIpQLSdvv80pkYMHSiXBVGjShNCiN67QD4DDmklzT4p4PyYi8-CoOw\/viewform?usp=header\" target=\"_blank\" rel=\"noopener\">Optatives de 1r d&#8217;ESO<\/a> \ud83c\udf93<\/h6>\n<h6 style=\"text-align: center;\"><a href=\"https:\/\/docs.google.com\/forms\/d\/e\/1FAIpQLSd8WGoSg7m1BfTG3xolp-vpkcYt0iRZL3VP0HMgoVCFiJEppg\/viewform\" target=\"_blank\" rel=\"noopener\">\ud83c\udf93<\/a> <a href=\"https:\/\/docs.google.com\/forms\/d\/e\/1FAIpQLSd8WGoSg7m1BfTG3xolp-vpkcYt0iRZL3VP0HMgoVCFiJEppg\/viewform\" target=\"_blank\" rel=\"noopener\">Optatives de 2n d&#8217;ESO<\/a><a href=\"https:\/\/docs.google.com\/forms\/d\/e\/1FAIpQLSd8WGoSg7m1BfTG3xolp-vpkcYt0iRZL3VP0HMgoVCFiJEppg\/viewform\" target=\"_blank\" rel=\"noopener\">\ud83c\udf93 \u00a0<\/a><\/h6>\n<h6 style=\"text-align: center;\"><a href=\"https:\/\/docs.google.com\/forms\/d\/e\/1FAIpQLSdJiIqwxqoh0nesovansODR7KRucQK6IXw86K_LaZCEf1x20g\/viewform?usp=header\" target=\"_blank\" rel=\"noopener\">\ud83c\udf93<\/a><a href=\"https:\/\/docs.google.com\/forms\/d\/e\/1FAIpQLSdJiIqwxqoh0nesovansODR7KRucQK6IXw86K_LaZCEf1x20g\/viewform?usp=header\">Optatives de 3r d&#8217;ESO<\/a><a href=\"https:\/\/docs.google.com\/forms\/d\/e\/1FAIpQLSdJiIqwxqoh0nesovansODR7KRucQK6IXw86K_LaZCEf1x20g\/viewform?usp=header\" target=\"_blank\" rel=\"noopener\">\ud83c\udf93<\/a><\/h6>\n<h6 style=\"text-align: center;\"><a href=\"https:\/\/docs.google.com\/forms\/d\/e\/1FAIpQLSd09YhUL-WTaUp7bEwuus2sCBG_rudb6YFFL3TG8Fr152Sqhg\/viewform?usp=header\" target=\"_blank\" rel=\"noopener\">\ud83c\udf93 Optatives de 4t d&#8217;ESO \ud83c\udf93<\/a><\/h6>\n<h6 style=\"text-align: center;\"><a href=\"https:\/\/docs.google.com\/forms\/d\/e\/1FAIpQLSeUZbjsFNMqwqOJiv8oxqb1ZEPbDXEntz-u-EdoPtj9oSoqUg\/viewform?usp=header\" target=\"_blank\" rel=\"noopener\">\ud83c\udf93 Optatives de 1r de Batxillerat \ud83c\udf93<\/a><\/h6>\n<h6 style=\"text-align: center;\"><a href=\"https:\/\/docs.google.com\/forms\/d\/e\/1FAIpQLSfvyDC1q7vXauG_LkHJvpYaMTuSqyS7U7rms2B2GUck0Rc67w\/viewform?usp=header\" target=\"_blank\" rel=\"noopener\">\ud83c\udf93 Optatives de 2n de Batxillerat \ud83c\udf93<\/a><\/h6>\n<table width=\"100%\" cellspacing=\"0\" cellpadding=\"4\">\n<tbody>\n<tr>\n<td valign=\"top\" bgcolor=\"#ffa00c\" width=\"100%\">\n<h2 class=\"western\" align=\"center\"><strong><span style=\"color: #087eb6; font-family: Open Sans, sans-serif;\"><img decoding=\"async\" class=\"an1\" src=\"https:\/\/fonts.gstatic.com\/s\/e\/notoemoji\/15.0\/1f4da\/32.png\" alt=\"\ud83d\udcda\" data-emoji=\"\ud83d\udcda\" aria-label=\"\ud83d\udcda\" \/> Material escolar <img decoding=\"async\" class=\"an1\" src=\"https:\/\/fonts.gstatic.com\/s\/e\/notoemoji\/15.0\/1f4da\/32.png\" alt=\"\ud83d\udcda\" data-emoji=\"\ud83d\udcda\" aria-label=\"\ud83d\udcda\" \/><\/span><\/strong><\/h2>\n<\/td>\n<\/tr>\n<\/tbody>\n<\/table>\n<h6 style=\"text-align: center;\"><a href=\"https:\/\/drive.google.com\/file\/d\/1Tv2G87GlogAP7oRKkVIFXhVAh204M2_A\/view?usp=sharing\" target=\"_blank\" rel=\"noopener\">Material escolar curs 2025-26<\/a><\/h6>\n<h6 style=\"text-align: center;\"><a href=\"https:\/\/drive.google.com\/file\/d\/1E3AK3tLQ1nBpCnHNpg_wbWzIadiJAHzo\/view?usp=sharing\" target=\"_blank\" rel=\"noopener\">Llistat de llibres 1r d&#8217;ESO<\/a><\/h6>\n<h6 style=\"text-align: center;\"><a href=\"https:\/\/drive.google.com\/file\/d\/1Wx7XDXEZSON-h9NJN4IlfY0KXI09GQNy\/view?usp=sharing\" target=\"_blank\" rel=\"noopener\">Llistat de llibres 2n d&#8217;ESO<\/a><\/h6>\n<h6 style=\"text-align: center;\"><a href=\"https:\/\/drive.google.com\/file\/d\/1WgjFjBL9Ri1NyHjM5m0GrOsamjSLs_xk\/view?usp=sharing\" target=\"_blank\" rel=\"noopener\">Llistat de llibres 3r d&#8217;ESO<\/a><\/h6>\n<h6 style=\"text-align: center;\"><a href=\"https:\/\/drive.google.com\/file\/d\/1m59SpCZSmgi4WzHnfyBds4HWhD3-_Czz\/view?usp=sharing\" target=\"_blank\" rel=\"noopener\">Llistat de llibres 4t d&#8217;ESO<\/a><\/h6>\n<h6 style=\"text-align: center;\"><a href=\"https:\/\/drive.google.com\/file\/d\/1oKm4m9q9XS6o0LNpa5J-eKQEXZp-tCtp\/view?usp=sharing\" target=\"_blank\" rel=\"noopener\">Llistat de llibres de 1r de Batxillerat<\/a><\/h6>\n<h6 style=\"text-align: center;\"><a href=\"https:\/\/drive.google.com\/file\/d\/12c2xAMVK3LJqDG_Xc_s6nGkOElPpDHUv\/view?usp=sharing\" target=\"_blank\" rel=\"noopener\">Llistat de llibres de 2n de Batxillerat<\/a><\/h6>\n<p>&nbsp;<\/p>\n<h6 style=\"text-align: center;\"><a href=\"https:\/\/escoles.dispe.cat\/bisbeberenguerhospitalet.cfm\" target=\"_blank\" rel=\"noopener\"><span style=\"color: #87bef5;\"><strong>DISPE: ESO (Angl\u00e8s i llibres de lectura) i Batxillerat<\/strong><\/span><\/a><\/h6>\n","protected":false},"excerpt":{"rendered":"<p>Calendari 2025-26 CONTACTE \/ SECRETARIA \ud83d\udce9\u00a0Informaci\u00f3 general:\u00a0info@bisbeberenguer.cat \ud83d\udce9\u00a0Administraci\u00f3:\u00a0secretaria@bisbeberenguer.cat \u260e\u00a093 421 17 11 &nbsp; Matr\u00edcula alumnat nou ESO i Batxillerat 2025-26 MATR\u00cdCULA 1r d&#8217;ESO \u00a0Alumnes assignats al centre amb indicaci\u00f3 de la primera petici\u00f3 Instruccions matricula alumnat nou: Dades personals de l&#8217;alumnat. Dossier matr\u00edcula Instruccions pagaments bancaris \ud83d\uddd3\ufe0f Del 25 de juny al 3 de juliol [&hellip;]<\/p>\n","protected":false},"author":28,"featured_media":0,"parent":81,"menu_order":0,"comment_status":"closed","ping_status":"closed","template":"","meta":{"_bbp_topic_count":0,"_bbp_reply_count":0,"_bbp_total_topic_count":0,"_bbp_total_reply_count":0,"_bbp_voice_count":0,"_bbp_anonymous_reply_count":0,"_bbp_topic_count_hidden":0,"_bbp_reply_count_hidden":0,"_bbp_forum_subforum_count":0,"site-sidebar-layout":"default","site-content-layout":"","ast-site-content-layout":"default","site-content-style":"default","site-sidebar-style":"default","ast-global-header-display":"","ast-banner-title-visibility":"","ast-main-header-display":"","ast-hfb-above-header-display":"","ast-hfb-below-header-display":"","ast-hfb-mobile-header-display":"","site-post-title":"","ast-breadcrumbs-content":"","ast-featured-img":"","footer-sml-layout":"","theme-transparent-header-meta":"default","adv-header-id-meta":"","stick-header-meta":"","header-above-stick-meta":"","header-main-stick-meta":"","header-below-stick-meta":"","astra-migrate-meta-layouts":"set","ast-page-background-enabled":"default","ast-page-background-meta":{"desktop":{"background-color":"var(--ast-global-color-4)","background-image":"","background-repeat":"repeat","background-position":"center center","background-size":"auto","background-attachment":"scroll","background-type":"","background-media":"","overlay-type":"","overlay-color":"","overlay-opacity":"","overlay-gradient":""},"tablet":{"background-color":"","background-image":"","background-repeat":"repeat","background-position":"center center","background-size":"auto","background-attachment":"scroll","background-type":"","background-media":"","overlay-type":"","overlay-color":"","overlay-opacity":"","overlay-gradient":""},"mobile":{"background-color":"","background-image":"","background-repeat":"repeat","background-position":"center center","background-size":"auto","background-attachment":"scroll","background-type":"","background-media":"","overlay-type":"","overlay-color":"","overlay-opacity":"","overlay-gradient":""}},"ast-content-background-meta":{"desktop":{"background-color":"var(--ast-global-color-5)","background-image":"","background-repeat":"repeat","background-position":"center center","background-size":"auto","background-attachment":"scroll","background-type":"","background-media":"","overlay-type":"","overlay-color":"","overlay-opacity":"","overlay-gradient":""},"tablet":{"background-color":"var(--ast-global-color-5)","background-image":"","background-repeat":"repeat","background-position":"center center","background-size":"auto","background-attachment":"scroll","background-type":"","background-media":"","overlay-type":"","overlay-color":"","overlay-opacity":"","overlay-gradient":""},"mobile":{"background-color":"var(--ast-global-color-5)","background-image":"","background-repeat":"repeat","background-position":"center center","background-size":"auto","background-attachment":"scroll","background-type":"","background-media":"","overlay-type":"","overlay-color":"","overlay-opacity":"","overlay-gradient":""}},"footnotes":""},"class_list":["post-6751","page","type-page","status-publish","hentry"],"post_mailing_queue_ids":[],"_links":{"self":[{"href":"https:\/\/agora.xtec.cat\/ies-bisbe-berenguer\/wp-json\/wp\/v2\/pages\/6751","targetHints":{"allow":["GET"]}}],"collection":[{"href":"https:\/\/agora.xtec.cat\/ies-bisbe-berenguer\/wp-json\/wp\/v2\/pages"}],"about":[{"href":"https:\/\/agora.xtec.cat\/ies-bisbe-berenguer\/wp-json\/wp\/v2\/types\/page"}],"author":[{"embeddable":true,"href":"https:\/\/agora.xtec.cat\/ies-bisbe-berenguer\/wp-json\/wp\/v2\/users\/28"}],"replies":[{"embeddable":true,"href":"https:\/\/agora.xtec.cat\/ies-bisbe-berenguer\/wp-json\/wp\/v2\/comments?post=6751"}],"version-history":[{"count":9,"href":"https:\/\/agora.xtec.cat\/ies-bisbe-berenguer\/wp-json\/wp\/v2\/pages\/6751\/revisions"}],"predecessor-version":[{"id":10739,"href":"https:\/\/agora.xtec.cat\/ies-bisbe-berenguer\/wp-json\/wp\/v2\/pages\/6751\/revisions\/10739"}],"up":[{"embeddable":true,"href":"https:\/\/agora.xtec.cat\/ies-bisbe-berenguer\/wp-json\/wp\/v2\/pages\/81"}],"wp:attachment":[{"href":"https:\/\/agora.xtec.cat\/ies-bisbe-berenguer\/wp-json\/wp\/v2\/media?parent=6751"}],"curies":[{"name":"wp","href":"https:\/\/api.w.org\/{rel}","templated":true}]}}