{"id":63,"date":"2014-09-18T10:06:31","date_gmt":"2014-09-18T10:06:31","guid":{"rendered":"http:\/\/agora.xtec.cat\/ies-bisbe-berenguer\/?page_id=63"},"modified":"2016-09-26T07:34:20","modified_gmt":"2016-09-26T06:34:20","slug":"serveis","status":"publish","type":"page","link":"https:\/\/agora.xtec.cat\/ies-bisbe-berenguer\/serveis\/","title":{"rendered":"Serveis"},"content":{"rendered":"<ul>\n<li style=\"color: #444444; text-align: justify;\"><strong>TIS:<\/strong> El centre disposa d&#8217;una T\u00e8cnica d&#8217;Integraci\u00f3 Social que at\u00e9n les necessitats de l&#8217;alumnat i les fam\u00edlies. Si necessiteu fer \u00fas dels seus serveis podeu contactar mitjan\u00e7ant:<\/li>\n<\/ul>\n<p style=\"color: #444444; padding-left: 30px;\">Tel\u00e8fon: 93 421 17 11<\/p>\n<p style=\"color: #444444; padding-left: 30px;\">e-mail: francis.rodr\u00edguez@bisbeberenguer.cat<\/p>\n<ul>\n<li style=\"color: #444444; text-align: justify;\"><strong>EAP:<\/strong> Els Serveis Educatius de la Ciutat de L&#8217;Hospitalet disposen d&#8217;un Equip d&#8217;Assessorament Psicopedag\u00f2gic per atendre l&#8217;alumnat amb Necessitats Educatives Espec\u00edfiques. Un professional d&#8217;aquest servei ve al centre un cop per setmana,\u00a0quan els tutors i\/o els psicopedagogs del centre\u00a0consideren que ha d&#8217;atendre un\/a alumne\/a se&#8217;n fa una derivaci\u00f3.<\/li>\n<\/ul>\n<ul>\n<li style=\"color: #444444;\"><strong>Salut-Escola:<\/strong> En el marc del programa interdepartament dels Departaments de Salut i Ensenyament una infermera visita el centre un cop cada tres setmanes i at\u00e9n les inquietuds de l&#8217;alumnat en temes de salut propis dels adolescents.<\/li>\n<\/ul>\n","protected":false},"excerpt":{"rendered":"<p>TIS: El centre disposa d&#8217;una T\u00e8cnica d&#8217;Integraci\u00f3 Social que at\u00e9n les necessitats de l&#8217;alumnat i les fam\u00edlies. Si necessiteu fer \u00fas dels seus serveis podeu contactar mitjan\u00e7ant: Tel\u00e8fon: 93 421 17 11 e-mail: francis.rodr\u00edguez@bisbeberenguer.cat EAP: Els Serveis Educatius de la Ciutat de L&#8217;Hospitalet disposen d&#8217;un Equip d&#8217;Assessorament Psicopedag\u00f2gic per atendre l&#8217;alumnat amb Necessitats Educatives Espec\u00edfiques. [&hellip;]<\/p>\n","protected":false},"author":1,"featured_media":0,"parent":0,"menu_order":0,"comment_status":"closed","ping_status":"closed","template":"page-templates\/side-menu.php","meta":{"_bbp_topic_count":0,"_bbp_reply_count":0,"_bbp_total_topic_count":0,"_bbp_total_reply_count":0,"_bbp_voice_count":0,"_bbp_anonymous_reply_count":0,"_bbp_topic_count_hidden":0,"_bbp_reply_count_hidden":0,"_bbp_forum_subforum_count":0,"site-sidebar-layout":"default","site-content-layout":"","ast-site-content-layout":"","site-content-style":"default","site-sidebar-style":"default","ast-global-header-display":"","ast-banner-title-visibility":"","ast-main-header-display":"","ast-hfb-above-header-display":"","ast-hfb-below-header-display":"","ast-hfb-mobile-header-display":"","site-post-title":"","ast-breadcrumbs-content":"","ast-featured-img":"","footer-sml-layout":"","theme-transparent-header-meta":"","adv-header-id-meta":"","stick-header-meta":"","header-above-stick-meta":"","header-main-stick-meta":"","header-below-stick-meta":"","astra-migrate-meta-layouts":"default","ast-page-background-enabled":"default","ast-page-background-meta":{"desktop":{"background-color":"var(--ast-global-color-4)","background-image":"","background-repeat":"repeat","background-position":"center center","background-size":"auto","background-attachment":"scroll","background-type":"","background-media":"","overlay-type":"","overlay-color":"","overlay-opacity":"","overlay-gradient":""},"tablet":{"background-color":"","background-image":"","background-repeat":"repeat","background-position":"center center","background-size":"auto","background-attachment":"scroll","background-type":"","background-media":"","overlay-type":"","overlay-color":"","overlay-opacity":"","overlay-gradient":""},"mobile":{"background-color":"","background-image":"","background-repeat":"repeat","background-position":"center center","background-size":"auto","background-attachment":"scroll","background-type":"","background-media":"","overlay-type":"","overlay-color":"","overlay-opacity":"","overlay-gradient":""}},"ast-content-background-meta":{"desktop":{"background-color":"var(--ast-global-color-5)","background-image":"","background-repeat":"repeat","background-position":"center center","background-size":"auto","background-attachment":"scroll","background-type":"","background-media":"","overlay-type":"","overlay-color":"","overlay-opacity":"","overlay-gradient":""},"tablet":{"background-color":"var(--ast-global-color-5)","background-image":"","background-repeat":"repeat","background-position":"center center","background-size":"auto","background-attachment":"scroll","background-type":"","background-media":"","overlay-type":"","overlay-color":"","overlay-opacity":"","overlay-gradient":""},"mobile":{"background-color":"var(--ast-global-color-5)","background-image":"","background-repeat":"repeat","background-position":"center center","background-size":"auto","background-attachment":"scroll","background-type":"","background-media":"","overlay-type":"","overlay-color":"","overlay-opacity":"","overlay-gradient":""}},"footnotes":""},"class_list":["post-63","page","type-page","status-publish","hentry"],"post_mailing_queue_ids":[],"_links":{"self":[{"href":"https:\/\/agora.xtec.cat\/ies-bisbe-berenguer\/wp-json\/wp\/v2\/pages\/63","targetHints":{"allow":["GET"]}}],"collection":[{"href":"https:\/\/agora.xtec.cat\/ies-bisbe-berenguer\/wp-json\/wp\/v2\/pages"}],"about":[{"href":"https:\/\/agora.xtec.cat\/ies-bisbe-berenguer\/wp-json\/wp\/v2\/types\/page"}],"author":[{"embeddable":true,"href":"https:\/\/agora.xtec.cat\/ies-bisbe-berenguer\/wp-json\/wp\/v2\/users\/1"}],"replies":[{"embeddable":true,"href":"https:\/\/agora.xtec.cat\/ies-bisbe-berenguer\/wp-json\/wp\/v2\/comments?post=63"}],"version-history":[{"count":3,"href":"https:\/\/agora.xtec.cat\/ies-bisbe-berenguer\/wp-json\/wp\/v2\/pages\/63\/revisions"}],"predecessor-version":[{"id":482,"href":"https:\/\/agora.xtec.cat\/ies-bisbe-berenguer\/wp-json\/wp\/v2\/pages\/63\/revisions\/482"}],"wp:attachment":[{"href":"https:\/\/agora.xtec.cat\/ies-bisbe-berenguer\/wp-json\/wp\/v2\/media?parent=63"}],"curies":[{"name":"wp","href":"https:\/\/api.w.org\/{rel}","templated":true}]}}