{"id":57,"date":"2014-09-17T17:01:07","date_gmt":"2014-09-17T17:01:07","guid":{"rendered":"http:\/\/agora.xtec.cat\/ies-bisbe-berenguer\/?page_id=57"},"modified":"2019-11-18T14:22:58","modified_gmt":"2019-11-18T13:22:58","slug":"projecte-educatiu","status":"publish","type":"page","link":"https:\/\/agora.xtec.cat\/ies-bisbe-berenguer\/projecte-educatiu\/","title":{"rendered":"Projecte educatiu"},"content":{"rendered":"<p style=\"text-align: justify;\">L&#8217;Institut Bisbe Berenguer i els seus professionals s&#8217;han destacat al llarg dels anys per una\u00a0dilatada experi\u00e8ncia en el desenvolupament de propostes pedag\u00f2giques innovadores, la majoria\u00a0de les quals han trobat un espai fix al centre, i li aporta un dels seus valors de riquesa i trets\u00a0diferencials m\u00e9s importants.<br \/>\nAquest \u00e9s un dels resums dels projectes m\u00e9s destacats, d&#8217;alguns en trobareu m\u00e9s informaci\u00f3 en els Departaments Pedag\u00f2gics que impulsen cadascun d&#8217;ells:<\/p>\n<p style=\"padding-left: 30px; text-align: justify;\">\u27a2 <strong>TRANSVERSALS<\/strong><\/p>\n<ul style=\"list-style-type: disc; text-align: justify;\">\n<li><strong>\u00c8xit \u00e9s h\u00e0bit:<\/strong> Projecte per implicar i corresponsabilitzar la comunitat educativa en el\u00a0manteniment i neteja dels espais comuns<\/li>\n<\/ul>\n<p style=\"padding-left: 30px; text-align: justify;\">\u27a2<strong> \u00c0MBIT EXPRESSI\u00d3<\/strong><\/p>\n<ul style=\"list-style-type: disc; text-align: justify;\">\n<li><strong>Ruta d&#8217;art:<\/strong> Programa de visites art\u00edstiques dins de la mat\u00e8ria d&#8217;EViP que pret\u00e9n\u00a0estimular la sensibilitat de l&#8217;alumnat davant les propostes art\u00edstiques, en especial l&#8217;art\u00a0contemporani. El projecte t\u00e9 el seu cl\u00edmax en les visites que l&#8217;alumnat de 3r d&#8217;ESO fa el\u00a0seu treball de s\u00edntesi per Euskal Herria al Museu Guggenheim en Bilbao i la Fundaci\u00f3\u00a0Eduardo Chillida de Donosti.<\/li>\n<li><strong>Con\u00e8ixer \u00e9s estimar:<\/strong> Un cop per setmana l&#8217;alumnat de 3r del Bisbe i de l&#8217;Escola\u00a0d&#8217;Educaci\u00f3 Especial Escor\u00e7a comparteixen una estona de jocs i exercicis al gimn\u00e0s dins\u00a0d&#8217;un proc\u00e9s d&#8217;aprenentatge mutu.<\/li>\n<\/ul>\n<p style=\"padding-left: 30px; text-align: justify;\">\u27a2 <strong>\u00c0MBIT CIENT\u00cdFIC-T\u00c8CNIC<\/strong><\/p>\n<ul style=\"list-style-type: disc; text-align: justify;\">\n<li><strong>Cangur:<\/strong> Prova de 30 reptes matem\u00e0tics, de dificultat creixent i de resposta tancada,\u00a0que s&#8217;enfronta part de l&#8217;alumnat de 3r, 4t d&#8217;ESO i Batxillerat en una competici\u00f3\u00a0territorial.<\/li>\n<li><strong>Jornades Cient\u00edfiques i Tecnol\u00f2giques de l&#8217;Hospitalet:<\/strong> Oportunitat per als treballs\u00a0de recerca que es consideren de qualitat al centre de tenir una incid\u00e8ncia m\u00e9s enll\u00e0 de\u00a0l&#8217;expedient acad\u00e8mic.<\/li>\n<li><strong>Padrins de riu:<\/strong> Participaci\u00f3 en el programa de difusi\u00f3 i protecci\u00f3 del riu Llobregat.\u00a0L&#8217;alumnat de 1r d&#8217;ESO fa un sortida al riu per descobrir la seva proximitat i analitzar el\u00a0seu estat de conservaci\u00f3.<\/li>\n<li><strong>Programaci\u00f3 Scrath i Arduino:<\/strong> Introducci\u00f3 de la programaci\u00f3 des de 1r d&#8217;ESO i la\u00a0seva aplicaci\u00f3 en el disseny de projectes amb la placa Arduino.<\/li>\n<li><strong>App Education<\/strong> \u2013 Mobilitzem la inform\u00e0tica a 4t d&#8217;ESO.<\/li>\n<\/ul>\n<p style=\"text-align: justify; padding-left: 30px;\"><strong>\u27a2 \u00c0MBIT LING\u00dc\u00cdSTIC<\/strong><\/p>\n<ul style=\"list-style-type: disc; text-align: justify;\">\n<li><strong>Creativitat liter\u00e0ria:<\/strong> Fomentar la creaci\u00f3 liter\u00e0ria amb l&#8217;organitzaci\u00f3 del Concurs\u00a0Literari de St. Jordi i amb la participaci\u00f3 en la Jornada de Poesia Jove de L&#8217;H.<\/li>\n<li><strong>Comunicaci\u00f3 audiovisual:<\/strong> Treballar el g\u00e8nere period\u00edstic i produir not\u00edcies en\u00a0diversos formats per fer difusi\u00f3 de l&#8217;actualitat de l&#8217;institut.<\/li>\n<li><strong>Lectura<\/strong>: Programa de lectura desenvolupat en mat\u00e8ries optatives d&#8217;alguns nivells de\u00a0l&#8217;ESO i curs de lectura efica\u00e7 per millorar les t\u00e8cniques de lectura i compet\u00e8ncia\u00a0lectora.<\/li>\n<li style=\"text-align: justify;\"><strong>Europa<\/strong>: Informar sobre la Uni\u00f3 Europea i fomentar debats i reflexions sobre ella alhora\u00a0que es fomenta l&#8217;\u00fas de les lleng\u00fces estrangeres i les noves tecnologies.<\/li>\n<li style=\"text-align: justify;\"><strong>Global Scholars:<\/strong> Programa impulsat per la fundaci\u00f3 Bloomberg Philanthropies que\u00a0permet a joves de 20 pa\u00efsos diferents reflexionar, intercanviar idees i, aquest, curs fer\u00a0propostes per millorar i fer m\u00e9s sostenibles les nostres ciutats.<\/li>\n<li style=\"text-align: justify;\"><strong>Programes europeus:<\/strong> Antics Comenius i Orator i actuals Erasmus +. Estimular la\u00a0cooperaci\u00f3 i incrementar els lligams amb estudiants i professorat de pa\u00efsos europeus\u00a0per millorar el coneixement de la diversitat cultural.<\/li>\n<\/ul>\n<p style=\"text-align: justify; padding-left: 30px;\"><strong>\u27a2 \u00c0MBIT SOCIAL<\/strong><\/p>\n<ul style=\"list-style-type: disc;\">\n<li style=\"text-align: justify;\"><strong>Mediaci\u00f3<\/strong>: Difondre la cultura de la mediaci\u00f3 com a t\u00e8cnica per a resoldre conflictes i\u00a0ajudar a trobar un canal de di\u00e0leg que fomenti un ambient m\u00e9s agradable.<\/li>\n<li style=\"text-align: justify;\"><strong>Hist\u00f2ria Oral:<\/strong> Recuperar la mem\u00f2ria hist\u00f2rica a partir d&#8217;un treball de documentaci\u00f3 i, sobretot, de recerca mitjan\u00e7ant entrevistes amb persones d&#8217;edat avan\u00e7ada.<\/li>\n<li style=\"text-align: justify;\"><strong>Drets humans i 4t m\u00f3n:<\/strong> Entendre que tothom t\u00e9 acc\u00e9s a uns drets b\u00e0sics que cal\u00a0con\u00e8ixer i respectar, promoure l&#8217;aplicaci\u00f3 dels Drets Humans i la solidaritat entre el\u00a0jovent cercant la seva participaci\u00f3 activa i comprom\u00eds.<\/li>\n<li style=\"text-align: justify;\"><strong>Sortim i pensem:<\/strong> Taller per a treballar les habilitats socials.<\/li>\n<\/ul>\n","protected":false},"excerpt":{"rendered":"<p>L&#8217;Institut Bisbe Berenguer i els seus professionals s&#8217;han destacat al llarg dels anys per una\u00a0dilatada experi\u00e8ncia en el desenvolupament de propostes pedag\u00f2giques innovadores, la majoria\u00a0de les quals han trobat un espai fix al centre, i li aporta un dels seus valors de riquesa i trets\u00a0diferencials m\u00e9s importants. Aquest \u00e9s un dels resums dels projectes m\u00e9s [&hellip;]<\/p>\n","protected":false},"author":1,"featured_media":0,"parent":0,"menu_order":0,"comment_status":"closed","ping_status":"closed","template":"page-templates\/side-menu.php","meta":{"_bbp_topic_count":0,"_bbp_reply_count":0,"_bbp_total_topic_count":0,"_bbp_total_reply_count":0,"_bbp_voice_count":0,"_bbp_anonymous_reply_count":0,"_bbp_topic_count_hidden":0,"_bbp_reply_count_hidden":0,"_bbp_forum_subforum_count":0,"site-sidebar-layout":"default","site-content-layout":"","ast-site-content-layout":"","site-content-style":"default","site-sidebar-style":"default","ast-global-header-display":"","ast-banner-title-visibility":"","ast-main-header-display":"","ast-hfb-above-header-display":"","ast-hfb-below-header-display":"","ast-hfb-mobile-header-display":"","site-post-title":"","ast-breadcrumbs-content":"","ast-featured-img":"","footer-sml-layout":"","theme-transparent-header-meta":"","adv-header-id-meta":"","stick-header-meta":"","header-above-stick-meta":"","header-main-stick-meta":"","header-below-stick-meta":"","astra-migrate-meta-layouts":"default","ast-page-background-enabled":"default","ast-page-background-meta":{"desktop":{"background-color":"var(--ast-global-color-4)","background-image":"","background-repeat":"repeat","background-position":"center center","background-size":"auto","background-attachment":"scroll","background-type":"","background-media":"","overlay-type":"","overlay-color":"","overlay-opacity":"","overlay-gradient":""},"tablet":{"background-color":"","background-image":"","background-repeat":"repeat","background-position":"center center","background-size":"auto","background-attachment":"scroll","background-type":"","background-media":"","overlay-type":"","overlay-color":"","overlay-opacity":"","overlay-gradient":""},"mobile":{"background-color":"","background-image":"","background-repeat":"repeat","background-position":"center center","background-size":"auto","background-attachment":"scroll","background-type":"","background-media":"","overlay-type":"","overlay-color":"","overlay-opacity":"","overlay-gradient":""}},"ast-content-background-meta":{"desktop":{"background-color":"var(--ast-global-color-5)","background-image":"","background-repeat":"repeat","background-position":"center center","background-size":"auto","background-attachment":"scroll","background-type":"","background-media":"","overlay-type":"","overlay-color":"","overlay-opacity":"","overlay-gradient":""},"tablet":{"background-color":"var(--ast-global-color-5)","background-image":"","background-repeat":"repeat","background-position":"center center","background-size":"auto","background-attachment":"scroll","background-type":"","background-media":"","overlay-type":"","overlay-color":"","overlay-opacity":"","overlay-gradient":""},"mobile":{"background-color":"var(--ast-global-color-5)","background-image":"","background-repeat":"repeat","background-position":"center center","background-size":"auto","background-attachment":"scroll","background-type":"","background-media":"","overlay-type":"","overlay-color":"","overlay-opacity":"","overlay-gradient":""}},"footnotes":""},"class_list":["post-57","page","type-page","status-publish","hentry"],"post_mailing_queue_ids":[],"_links":{"self":[{"href":"https:\/\/agora.xtec.cat\/ies-bisbe-berenguer\/wp-json\/wp\/v2\/pages\/57","targetHints":{"allow":["GET"]}}],"collection":[{"href":"https:\/\/agora.xtec.cat\/ies-bisbe-berenguer\/wp-json\/wp\/v2\/pages"}],"about":[{"href":"https:\/\/agora.xtec.cat\/ies-bisbe-berenguer\/wp-json\/wp\/v2\/types\/page"}],"author":[{"embeddable":true,"href":"https:\/\/agora.xtec.cat\/ies-bisbe-berenguer\/wp-json\/wp\/v2\/users\/1"}],"replies":[{"embeddable":true,"href":"https:\/\/agora.xtec.cat\/ies-bisbe-berenguer\/wp-json\/wp\/v2\/comments?post=57"}],"version-history":[{"count":3,"href":"https:\/\/agora.xtec.cat\/ies-bisbe-berenguer\/wp-json\/wp\/v2\/pages\/57\/revisions"}],"predecessor-version":[{"id":3331,"href":"https:\/\/agora.xtec.cat\/ies-bisbe-berenguer\/wp-json\/wp\/v2\/pages\/57\/revisions\/3331"}],"wp:attachment":[{"href":"https:\/\/agora.xtec.cat\/ies-bisbe-berenguer\/wp-json\/wp\/v2\/media?parent=57"}],"curies":[{"name":"wp","href":"https:\/\/api.w.org\/{rel}","templated":true}]}}