{"id":433,"date":"2016-09-24T17:40:54","date_gmt":"2016-09-24T16:40:54","guid":{"rendered":"http:\/\/agora.xtec.cat\/ies-bisbe-berenguer\/?page_id=433"},"modified":"2025-10-11T00:39:23","modified_gmt":"2025-10-10T22:39:23","slug":"exp","status":"publish","type":"page","link":"https:\/\/agora.xtec.cat\/ies-bisbe-berenguer\/projecte-educatiu\/departaments\/exp\/","title":{"rendered":"Departament d&#8217;Expressi\u00f3"},"content":{"rendered":"<h4>Seminari d&#8217;Educaci\u00f3 Visual i Pl\u00e0stica<\/h4>\n<ul>\n<li><a href=\"https:\/\/drive.google.com\/file\/d\/1xQkIIic3PyKW38JAtK0X7YoHz0vBdo-A\/view?usp=sharing\" target=\"_blank\" rel=\"noopener noreferrer\">Materials i criteris d&#8217;avaluaci\u00f3 d&#8217;ESO<\/a><\/li>\n<li><a href=\"https:\/\/drive.google.com\/file\/d\/1RVxZwpw3FtabQcvcJwtLhILt3MuVwEyy\/view?usp=sharing\" target=\"_blank\" rel=\"noopener noreferrer\">Materials i criteris d&#8217;avaluaci\u00f3 de\u00a0Batxillerat<\/a><\/li>\n<\/ul>\n<h4>Seminari d&#8217;Educaci\u00f3 F\u00edsica<\/h4>\n<p>Criteris d&#8217;avaluaci\u00f3 del departament d&#8217;Educaci\u00f3 F\u00edsica i normativa espec\u00edfica de la mat\u00e8ria del seus espais:<\/p>\n<ul>\n<li><a href=\"https:\/\/docs.google.com\/document\/d\/1nJen0U8FFavbHxogvKw82_FSeWeHTRlG\/edit?usp=sharing&amp;ouid=108873988895214523016&amp;rtpof=true&amp;sd=true\" target=\"_blank\" rel=\"noopener\">Normativa del Seminari d&#8217;Educaci\u00f3 F\u00edsica i Criteris d&#8217;avaluaci\u00f3<\/a><\/li>\n<\/ul>\n<h4>Seminari de M\u00fasica<\/h4>\n<ul>\n<li><a href=\"https:\/\/docs.google.com\/document\/d\/1rjYZp1M-aWOL0liAxzSqbbhuxfyEF13_\/edit?usp=sharing&amp;ouid=108873988895214523016&amp;rtpof=true&amp;sd=true\" target=\"_blank\" rel=\"noopener\">Criteris d&#8217;avaluaci\u00f3 &#8211; 1r ESO<\/a><\/li>\n<li><a href=\"https:\/\/docs.google.com\/document\/d\/1WgaAsRTCXSPcLafV5PF50JJHSxOTZxVV\/edit?usp=sharing&amp;ouid=108873988895214523016&amp;rtpof=true&amp;sd=true\" target=\"_blank\" rel=\"noopener\">Criteris d&#8217;avaluaci\u00f3 &#8211; 2n ESO<\/a><\/li>\n<li style=\"list-style-type: none;\">\n<ul>\n<li style=\"list-style-type: none;\"><\/li>\n<\/ul>\n<\/li>\n<\/ul>\n<p>&nbsp;<\/p>\n","protected":false},"excerpt":{"rendered":"<p>Seminari d&#8217;Educaci\u00f3 Visual i Pl\u00e0stica Materials i criteris d&#8217;avaluaci\u00f3 d&#8217;ESO Materials i criteris d&#8217;avaluaci\u00f3 de\u00a0Batxillerat Seminari d&#8217;Educaci\u00f3 F\u00edsica Criteris d&#8217;avaluaci\u00f3 del departament d&#8217;Educaci\u00f3 F\u00edsica i normativa espec\u00edfica de la mat\u00e8ria del seus espais: Normativa del Seminari d&#8217;Educaci\u00f3 F\u00edsica i Criteris d&#8217;avaluaci\u00f3 Seminari de M\u00fasica Criteris d&#8217;avaluaci\u00f3 &#8211; 1r ESO Criteris d&#8217;avaluaci\u00f3 &#8211; 2n ESO &nbsp;<\/p>\n","protected":false},"author":4,"featured_media":0,"parent":412,"menu_order":8,"comment_status":"closed","ping_status":"closed","template":"","meta":{"_bbp_topic_count":0,"_bbp_reply_count":0,"_bbp_total_topic_count":0,"_bbp_total_reply_count":0,"_bbp_voice_count":0,"_bbp_anonymous_reply_count":0,"_bbp_topic_count_hidden":0,"_bbp_reply_count_hidden":0,"_bbp_forum_subforum_count":0,"site-sidebar-layout":"default","site-content-layout":"","ast-site-content-layout":"default","site-content-style":"default","site-sidebar-style":"default","ast-global-header-display":"","ast-banner-title-visibility":"","ast-main-header-display":"","ast-hfb-above-header-display":"","ast-hfb-below-header-display":"","ast-hfb-mobile-header-display":"","site-post-title":"","ast-breadcrumbs-content":"","ast-featured-img":"","footer-sml-layout":"","theme-transparent-header-meta":"default","adv-header-id-meta":"","stick-header-meta":"","header-above-stick-meta":"","header-main-stick-meta":"","header-below-stick-meta":"","astra-migrate-meta-layouts":"set","ast-page-background-enabled":"default","ast-page-background-meta":{"desktop":{"background-color":"var(--ast-global-color-4)","background-image":"","background-repeat":"repeat","background-position":"center center","background-size":"auto","background-attachment":"scroll","background-type":"","background-media":"","overlay-type":"","overlay-color":"","overlay-opacity":"","overlay-gradient":""},"tablet":{"background-color":"","background-image":"","background-repeat":"repeat","background-position":"center center","background-size":"auto","background-attachment":"scroll","background-type":"","background-media":"","overlay-type":"","overlay-color":"","overlay-opacity":"","overlay-gradient":""},"mobile":{"background-color":"","background-image":"","background-repeat":"repeat","background-position":"center center","background-size":"auto","background-attachment":"scroll","background-type":"","background-media":"","overlay-type":"","overlay-color":"","overlay-opacity":"","overlay-gradient":""}},"ast-content-background-meta":{"desktop":{"background-color":"var(--ast-global-color-5)","background-image":"","background-repeat":"repeat","background-position":"center center","background-size":"auto","background-attachment":"scroll","background-type":"","background-media":"","overlay-type":"","overlay-color":"","overlay-opacity":"","overlay-gradient":""},"tablet":{"background-color":"var(--ast-global-color-5)","background-image":"","background-repeat":"repeat","background-position":"center center","background-size":"auto","background-attachment":"scroll","background-type":"","background-media":"","overlay-type":"","overlay-color":"","overlay-opacity":"","overlay-gradient":""},"mobile":{"background-color":"var(--ast-global-color-5)","background-image":"","background-repeat":"repeat","background-position":"center center","background-size":"auto","background-attachment":"scroll","background-type":"","background-media":"","overlay-type":"","overlay-color":"","overlay-opacity":"","overlay-gradient":""}},"footnotes":""},"class_list":["post-433","page","type-page","status-publish","hentry"],"post_mailing_queue_ids":[],"_links":{"self":[{"href":"https:\/\/agora.xtec.cat\/ies-bisbe-berenguer\/wp-json\/wp\/v2\/pages\/433","targetHints":{"allow":["GET"]}}],"collection":[{"href":"https:\/\/agora.xtec.cat\/ies-bisbe-berenguer\/wp-json\/wp\/v2\/pages"}],"about":[{"href":"https:\/\/agora.xtec.cat\/ies-bisbe-berenguer\/wp-json\/wp\/v2\/types\/page"}],"author":[{"embeddable":true,"href":"https:\/\/agora.xtec.cat\/ies-bisbe-berenguer\/wp-json\/wp\/v2\/users\/4"}],"replies":[{"embeddable":true,"href":"https:\/\/agora.xtec.cat\/ies-bisbe-berenguer\/wp-json\/wp\/v2\/comments?post=433"}],"version-history":[{"count":7,"href":"https:\/\/agora.xtec.cat\/ies-bisbe-berenguer\/wp-json\/wp\/v2\/pages\/433\/revisions"}],"predecessor-version":[{"id":10843,"href":"https:\/\/agora.xtec.cat\/ies-bisbe-berenguer\/wp-json\/wp\/v2\/pages\/433\/revisions\/10843"}],"up":[{"embeddable":true,"href":"https:\/\/agora.xtec.cat\/ies-bisbe-berenguer\/wp-json\/wp\/v2\/pages\/412"}],"wp:attachment":[{"href":"https:\/\/agora.xtec.cat\/ies-bisbe-berenguer\/wp-json\/wp\/v2\/media?parent=433"}],"curies":[{"name":"wp","href":"https:\/\/api.w.org\/{rel}","templated":true}]}}