{"id":428,"date":"2016-09-24T17:39:32","date_gmt":"2016-09-24T16:39:32","guid":{"rendered":"http:\/\/agora.xtec.cat\/ies-bisbe-berenguer\/?page_id=428"},"modified":"2025-11-24T19:39:09","modified_gmt":"2025-11-24T18:39:09","slug":"nat","status":"publish","type":"page","link":"https:\/\/agora.xtec.cat\/ies-bisbe-berenguer\/projecte-educatiu\/departaments\/nat\/","title":{"rendered":"Departament de Ci\u00e8ncies Naturals"},"content":{"rendered":"<h4 style=\"text-align: center;\">Membres del Departament de Ci\u00e8ncies Naturals<\/h4>\n<p>&nbsp;<\/p>\n<p><img loading=\"lazy\" decoding=\"async\" class=\"aligncenter wp-image-10955\" src=\"https:\/\/agora.xtec.cat\/ies-bisbe-berenguer\/wp-content\/uploads\/usu33\/2025\/11\/IMG_2554-300x225.jpg\" alt=\"\" width=\"372\" height=\"279\" srcset=\"https:\/\/agora.xtec.cat\/ies-bisbe-berenguer\/wp-content\/uploads\/usu33\/2025\/11\/IMG_2554-300x225.jpg 300w, https:\/\/agora.xtec.cat\/ies-bisbe-berenguer\/wp-content\/uploads\/usu33\/2025\/11\/IMG_2554-1024x768.jpg 1024w, https:\/\/agora.xtec.cat\/ies-bisbe-berenguer\/wp-content\/uploads\/usu33\/2025\/11\/IMG_2554-768x576.jpg 768w, https:\/\/agora.xtec.cat\/ies-bisbe-berenguer\/wp-content\/uploads\/usu33\/2025\/11\/IMG_2554-1536x1152.jpg 1536w, https:\/\/agora.xtec.cat\/ies-bisbe-berenguer\/wp-content\/uploads\/usu33\/2025\/11\/IMG_2554.jpg 2016w\" sizes=\"auto, (max-width: 372px) 100vw, 372px\" \/><\/p>\n<h4><\/h4>\n<h4 style=\"text-align: center;\">Laboratori de Ci\u00e8ncies Naturals<\/h4>\n<p>&nbsp;<\/p>\n<p style=\"text-align: center;\"><a href=\"http:\/\/agora.xtec.cat\/ies-bisbe-berenguer\/wp-content\/uploads\/usu33\/2016\/09\/001b.jpg\"><img loading=\"lazy\" decoding=\"async\" class=\"alignnone wp-image-692 \" src=\"http:\/\/agora.xtec.cat\/ies-bisbe-berenguer\/wp-content\/uploads\/usu33\/2016\/09\/001b-300x225.jpg\" alt=\"001b\" width=\"376\" height=\"282\" srcset=\"https:\/\/agora.xtec.cat\/ies-bisbe-berenguer\/wp-content\/uploads\/usu33\/2016\/09\/001b-300x225.jpg 300w, https:\/\/agora.xtec.cat\/ies-bisbe-berenguer\/wp-content\/uploads\/usu33\/2016\/09\/001b-768x576.jpg 768w, https:\/\/agora.xtec.cat\/ies-bisbe-berenguer\/wp-content\/uploads\/usu33\/2016\/09\/001b-200x150.jpg 200w, https:\/\/agora.xtec.cat\/ies-bisbe-berenguer\/wp-content\/uploads\/usu33\/2016\/09\/001b.jpg 800w\" sizes=\"auto, (max-width: 376px) 100vw, 376px\" \/><\/a><\/p>\n<h4><\/h4>\n<h4 style=\"text-align: left;\">Acords de Departament<\/h4>\n<ul>\n<li><a href=\"https:\/\/drive.google.com\/drive\/folders\/1zrm94MPkCpuGKJfQNU78T2kJcFrbh5Lf?usp=sharing\" target=\"_blank\" rel=\"noopener\">Criteris d&#8217;avaluaci\u00f3<\/a><\/li>\n<li><a href=\"https:\/\/drive.google.com\/open?id=0BwWcFcLKAos-UDhSU0kzYXlhVkU\" target=\"_blank\" rel=\"noopener\">Normes de seguretat als laboratoris<\/a><\/li>\n<\/ul>\n<p>&nbsp;<\/p>\n","protected":false},"excerpt":{"rendered":"<p>Membres del Departament de Ci\u00e8ncies Naturals &nbsp; Laboratori de Ci\u00e8ncies Naturals &nbsp; Acords de Departament Criteris d&#8217;avaluaci\u00f3 Normes de seguretat als laboratoris &nbsp;<\/p>\n","protected":false},"author":4,"featured_media":0,"parent":412,"menu_order":6,"comment_status":"closed","ping_status":"closed","template":"","meta":{"_bbp_topic_count":0,"_bbp_reply_count":0,"_bbp_total_topic_count":0,"_bbp_total_reply_count":0,"_bbp_voice_count":0,"_bbp_anonymous_reply_count":0,"_bbp_topic_count_hidden":0,"_bbp_reply_count_hidden":0,"_bbp_forum_subforum_count":0,"site-sidebar-layout":"default","site-content-layout":"","ast-site-content-layout":"default","site-content-style":"default","site-sidebar-style":"default","ast-global-header-display":"","ast-banner-title-visibility":"","ast-main-header-display":"","ast-hfb-above-header-display":"","ast-hfb-below-header-display":"","ast-hfb-mobile-header-display":"","site-post-title":"","ast-breadcrumbs-content":"","ast-featured-img":"","footer-sml-layout":"","theme-transparent-header-meta":"default","adv-header-id-meta":"","stick-header-meta":"","header-above-stick-meta":"","header-main-stick-meta":"","header-below-stick-meta":"","astra-migrate-meta-layouts":"set","ast-page-background-enabled":"default","ast-page-background-meta":{"desktop":{"background-color":"var(--ast-global-color-4)","background-image":"","background-repeat":"repeat","background-position":"center center","background-size":"auto","background-attachment":"scroll","background-type":"","background-media":"","overlay-type":"","overlay-color":"","overlay-opacity":"","overlay-gradient":""},"tablet":{"background-color":"","background-image":"","background-repeat":"repeat","background-position":"center center","background-size":"auto","background-attachment":"scroll","background-type":"","background-media":"","overlay-type":"","overlay-color":"","overlay-opacity":"","overlay-gradient":""},"mobile":{"background-color":"","background-image":"","background-repeat":"repeat","background-position":"center center","background-size":"auto","background-attachment":"scroll","background-type":"","background-media":"","overlay-type":"","overlay-color":"","overlay-opacity":"","overlay-gradient":""}},"ast-content-background-meta":{"desktop":{"background-color":"var(--ast-global-color-5)","background-image":"","background-repeat":"repeat","background-position":"center center","background-size":"auto","background-attachment":"scroll","background-type":"","background-media":"","overlay-type":"","overlay-color":"","overlay-opacity":"","overlay-gradient":""},"tablet":{"background-color":"var(--ast-global-color-5)","background-image":"","background-repeat":"repeat","background-position":"center center","background-size":"auto","background-attachment":"scroll","background-type":"","background-media":"","overlay-type":"","overlay-color":"","overlay-opacity":"","overlay-gradient":""},"mobile":{"background-color":"var(--ast-global-color-5)","background-image":"","background-repeat":"repeat","background-position":"center center","background-size":"auto","background-attachment":"scroll","background-type":"","background-media":"","overlay-type":"","overlay-color":"","overlay-opacity":"","overlay-gradient":""}},"footnotes":""},"class_list":["post-428","page","type-page","status-publish","hentry"],"post_mailing_queue_ids":[],"_links":{"self":[{"href":"https:\/\/agora.xtec.cat\/ies-bisbe-berenguer\/wp-json\/wp\/v2\/pages\/428","targetHints":{"allow":["GET"]}}],"collection":[{"href":"https:\/\/agora.xtec.cat\/ies-bisbe-berenguer\/wp-json\/wp\/v2\/pages"}],"about":[{"href":"https:\/\/agora.xtec.cat\/ies-bisbe-berenguer\/wp-json\/wp\/v2\/types\/page"}],"author":[{"embeddable":true,"href":"https:\/\/agora.xtec.cat\/ies-bisbe-berenguer\/wp-json\/wp\/v2\/users\/4"}],"replies":[{"embeddable":true,"href":"https:\/\/agora.xtec.cat\/ies-bisbe-berenguer\/wp-json\/wp\/v2\/comments?post=428"}],"version-history":[{"count":7,"href":"https:\/\/agora.xtec.cat\/ies-bisbe-berenguer\/wp-json\/wp\/v2\/pages\/428\/revisions"}],"predecessor-version":[{"id":10956,"href":"https:\/\/agora.xtec.cat\/ies-bisbe-berenguer\/wp-json\/wp\/v2\/pages\/428\/revisions\/10956"}],"up":[{"embeddable":true,"href":"https:\/\/agora.xtec.cat\/ies-bisbe-berenguer\/wp-json\/wp\/v2\/pages\/412"}],"wp:attachment":[{"href":"https:\/\/agora.xtec.cat\/ies-bisbe-berenguer\/wp-json\/wp\/v2\/media?parent=428"}],"curies":[{"name":"wp","href":"https:\/\/api.w.org\/{rel}","templated":true}]}}