{"id":426,"date":"2016-09-24T10:30:59","date_gmt":"2016-09-24T09:30:59","guid":{"rendered":"http:\/\/agora.xtec.cat\/ies-bisbe-berenguer\/?page_id=426"},"modified":"2025-09-15T15:49:11","modified_gmt":"2025-09-15T13:49:11","slug":"soc","status":"publish","type":"page","link":"https:\/\/agora.xtec.cat\/ies-bisbe-berenguer\/projecte-educatiu\/departaments\/soc\/","title":{"rendered":"Departament de Ci\u00e8ncies Socials"},"content":{"rendered":"<ul>\n<li><a href=\"https:\/\/drive.google.com\/open?id=0BwWcFcLKAos-dzEyR193eG9jbGc\" target=\"_blank\" rel=\"noopener noreferrer\">Activitats d&#8217;ESO i Batx.<\/a><a href=\"https:\/\/drive.google.com\/file\/d\/1_EsrF3d3pviYOmmfpAP9cpqU7404TJgZ\/view?usp=sharing\" target=\"_blank\" rel=\"noopener\">Acords de Departament.<\/a><a style=\"font-size: 16px; transition-property: all;\" href=\"https:\/\/drive.google.com\/open?id=0BwWcFcLKAos-YWVBUlhxZURVZlk\" target=\"_blank\" rel=\"noopener noreferrer\">Criteris d&#8217;avaluaci\u00f3 del Departament de Ci\u00e8ncies Socials<\/a><\/li>\n<li style=\"list-style-type: none;\">\n<ul>\n<li style=\"list-style-type: none;\">\n<ul style=\"font-size: 16px;\">\n<li style=\"font-size: 16px;\"><a style=\"font-size: 16px; transition-property: all;\" href=\"https:\/\/drive.google.com\/open?id=0BwWcFcLKAos-bmY3QkJxZE5FTVU\" target=\"_blank\" rel=\"noopener\">Criteris espec\u00edfics d&#8217;\u00e8tica<\/a><\/li>\n<li style=\"font-size: 16px;\"><a style=\"font-size: 16px; transition-property: all;\" href=\"https:\/\/drive.google.com\/open?id=0BwWcFcLKAos-cWRPSks0SE5EWGs\" target=\"_blank\" rel=\"noopener\">Criteris espec\u00edfics de filosofia<\/a><\/li>\n<li style=\"font-size: 16px;\"><a style=\"font-size: 16px; transition-property: all;\" href=\"https:\/\/drive.google.com\/open?id=0BwWcFcLKAos-aVJReG1sOWloVTA\" target=\"_blank\" rel=\"noopener\">Criteris espec\u00edfics de religi\u00f3<\/a><\/li>\n<\/ul>\n<\/li>\n<\/ul>\n<\/li>\n<li><a href=\"https:\/\/drive.google.com\/file\/d\/1_EsrF3d3pviYOmmfpAP9cpqU7404TJgZ\/view?usp=sharing\" target=\"_blank\" rel=\"noopener\">Acords de Departament.<\/a><\/li>\n<\/ul>\n","protected":false},"excerpt":{"rendered":"<p>Activitats d&#8217;ESO i Batx.Acords de Departament.Criteris d&#8217;avaluaci\u00f3 del Departament de Ci\u00e8ncies Socials Criteris espec\u00edfics d&#8217;\u00e8tica Criteris espec\u00edfics de filosofia Criteris espec\u00edfics de religi\u00f3 Acords de Departament.<\/p>\n","protected":false},"author":4,"featured_media":0,"parent":412,"menu_order":5,"comment_status":"closed","ping_status":"closed","template":"","meta":{"_bbp_topic_count":0,"_bbp_reply_count":0,"_bbp_total_topic_count":0,"_bbp_total_reply_count":0,"_bbp_voice_count":0,"_bbp_anonymous_reply_count":0,"_bbp_topic_count_hidden":0,"_bbp_reply_count_hidden":0,"_bbp_forum_subforum_count":0,"site-sidebar-layout":"default","site-content-layout":"","ast-site-content-layout":"default","site-content-style":"default","site-sidebar-style":"default","ast-global-header-display":"","ast-banner-title-visibility":"","ast-main-header-display":"","ast-hfb-above-header-display":"","ast-hfb-below-header-display":"","ast-hfb-mobile-header-display":"","site-post-title":"","ast-breadcrumbs-content":"","ast-featured-img":"","footer-sml-layout":"","theme-transparent-header-meta":"default","adv-header-id-meta":"","stick-header-meta":"","header-above-stick-meta":"","header-main-stick-meta":"","header-below-stick-meta":"","astra-migrate-meta-layouts":"set","ast-page-background-enabled":"default","ast-page-background-meta":{"desktop":{"background-color":"var(--ast-global-color-4)","background-image":"","background-repeat":"repeat","background-position":"center center","background-size":"auto","background-attachment":"scroll","background-type":"","background-media":"","overlay-type":"","overlay-color":"","overlay-opacity":"","overlay-gradient":""},"tablet":{"background-color":"","background-image":"","background-repeat":"repeat","background-position":"center center","background-size":"auto","background-attachment":"scroll","background-type":"","background-media":"","overlay-type":"","overlay-color":"","overlay-opacity":"","overlay-gradient":""},"mobile":{"background-color":"","background-image":"","background-repeat":"repeat","background-position":"center center","background-size":"auto","background-attachment":"scroll","background-type":"","background-media":"","overlay-type":"","overlay-color":"","overlay-opacity":"","overlay-gradient":""}},"ast-content-background-meta":{"desktop":{"background-color":"var(--ast-global-color-5)","background-image":"","background-repeat":"repeat","background-position":"center center","background-size":"auto","background-attachment":"scroll","background-type":"","background-media":"","overlay-type":"","overlay-color":"","overlay-opacity":"","overlay-gradient":""},"tablet":{"background-color":"var(--ast-global-color-5)","background-image":"","background-repeat":"repeat","background-position":"center center","background-size":"auto","background-attachment":"scroll","background-type":"","background-media":"","overlay-type":"","overlay-color":"","overlay-opacity":"","overlay-gradient":""},"mobile":{"background-color":"var(--ast-global-color-5)","background-image":"","background-repeat":"repeat","background-position":"center center","background-size":"auto","background-attachment":"scroll","background-type":"","background-media":"","overlay-type":"","overlay-color":"","overlay-opacity":"","overlay-gradient":""}},"footnotes":""},"class_list":["post-426","page","type-page","status-publish","hentry"],"post_mailing_queue_ids":[],"_links":{"self":[{"href":"https:\/\/agora.xtec.cat\/ies-bisbe-berenguer\/wp-json\/wp\/v2\/pages\/426","targetHints":{"allow":["GET"]}}],"collection":[{"href":"https:\/\/agora.xtec.cat\/ies-bisbe-berenguer\/wp-json\/wp\/v2\/pages"}],"about":[{"href":"https:\/\/agora.xtec.cat\/ies-bisbe-berenguer\/wp-json\/wp\/v2\/types\/page"}],"author":[{"embeddable":true,"href":"https:\/\/agora.xtec.cat\/ies-bisbe-berenguer\/wp-json\/wp\/v2\/users\/4"}],"replies":[{"embeddable":true,"href":"https:\/\/agora.xtec.cat\/ies-bisbe-berenguer\/wp-json\/wp\/v2\/comments?post=426"}],"version-history":[{"count":5,"href":"https:\/\/agora.xtec.cat\/ies-bisbe-berenguer\/wp-json\/wp\/v2\/pages\/426\/revisions"}],"predecessor-version":[{"id":10800,"href":"https:\/\/agora.xtec.cat\/ies-bisbe-berenguer\/wp-json\/wp\/v2\/pages\/426\/revisions\/10800"}],"up":[{"embeddable":true,"href":"https:\/\/agora.xtec.cat\/ies-bisbe-berenguer\/wp-json\/wp\/v2\/pages\/412"}],"wp:attachment":[{"href":"https:\/\/agora.xtec.cat\/ies-bisbe-berenguer\/wp-json\/wp\/v2\/media?parent=426"}],"curies":[{"name":"wp","href":"https:\/\/api.w.org\/{rel}","templated":true}]}}