{"id":424,"date":"2016-09-24T10:29:49","date_gmt":"2016-09-24T09:29:49","guid":{"rendered":"http:\/\/agora.xtec.cat\/ies-bisbe-berenguer\/?page_id=424"},"modified":"2025-09-05T23:30:21","modified_gmt":"2025-09-05T21:30:21","slug":"mat","status":"publish","type":"page","link":"https:\/\/agora.xtec.cat\/ies-bisbe-berenguer\/projecte-educatiu\/departaments\/mat\/","title":{"rendered":"Departament de Matem\u00e0tiques"},"content":{"rendered":"<ul>\n<li>\n<h4>Continguts i criteris del departament<\/h4>\n<ul>\n<li><a href=\"https:\/\/drive.google.com\/open?id=0BwWcFcLKAos-NWluZTFZNm05cDQ\" target=\"_blank\" rel=\"noopener noreferrer\">Curr\u00edculum ESO<\/a><\/li>\n<li><a href=\"https:\/\/drive.google.com\/file\/d\/1M30r44RdFgW7qrNPfujNs4P30vceC11G\/view?usp=sharing\" target=\"_blank\" rel=\"noopener noreferrer\">Criteris d&#8217;avaluaci\u00f3 i de recuperaci\u00f3 de Matem\u00e0tiques<\/a>\n<ul>\n<li><a href=\"https:\/\/drive.google.com\/open?id=0BwWcFcLKAos-ZXowZGNiUmRQalk\" target=\"_blank\" rel=\"noopener\">Criteris espec\u00edfics d&#8217;Economia<\/a><\/li>\n<\/ul>\n<\/li>\n<li><a href=\"https:\/\/drive.google.com\/open?id=0BwWcFcLKAos-eFBXM0RwQmpUSGc\" target=\"_blank\" rel=\"noopener noreferrer\">Criteris de valoraci\u00f3 dels deures d&#8217;estiu<\/a><\/li>\n<\/ul>\n<\/li>\n<li>\n<h4>Activitats del departament<\/h4>\n<ul>\n<li style=\"list-style-type: none;\">\n<ul>\n<li><a href=\"https:\/\/drive.google.com\/open?id=0BwWcFcLKAos-SG1heG00dGdLS1k\" target=\"_blank\" rel=\"noopener noreferrer\">Fotografia matem\u00e0tica<\/a><\/li>\n<li><a href=\"https:\/\/drive.google.com\/open?id=0BwWcFcLKAos-dldUczFfYndDNHM\" target=\"_blank\" rel=\"noopener noreferrer\">Jornada Virtual matem\u00e0tica<\/a><\/li>\n<li><a href=\"https:\/\/drive.google.com\/open?id=0BwWcFcLKAos-clpZZktfQVhsR2s\" target=\"_blank\" rel=\"noopener noreferrer\">Setmana matem\u00e0tica<\/a><\/li>\n<li><a href=\"https:\/\/drive.google.com\/open?id=0BwWcFcLKAos-Sldnc2k1TlNxZVU\" target=\"_blank\" rel=\"noopener noreferrer\">Proves Cangur<\/a><\/li>\n<\/ul>\n<\/li>\n<\/ul>\n<p>&nbsp;<\/li>\n<\/ul>\n<h5>Setmana matem\u00e0tica<\/h5>\n<div id=\"29027\" style=\"width: 400px; height: 300px; display: none;\"><img decoding=\"async\" src=\"https:\/\/lh3.googleusercontent.com\/TjHYeB7efvUqK0wTx2HBrNobiXs2vOQsTzG9PADVsRhiFX6iyA2-sY_m3xTc-izesAHv_ZuCiQ=w800-h600-no\" data-link=\"https:\/\/plus.google.com\/photos\/100625389825175346431\/album\/6159010697347105969\/6159010696437052066\" \/><br \/>\n<img decoding=\"async\" src=\"https:\/\/lh3.googleusercontent.com\/SGLQ06cUT2d_NlfI2PJ3-esqt7tb2RRN3QX-xjZLNb7p5L_zRgVEr383uGup8ER0OnA5k6zUCA=w800-h600-no\" data-link=\"https:\/\/plus.google.com\/photos\/100625389825175346431\/album\/6159010697347105969\/6159010694230465202\" \/><br \/>\n<img decoding=\"async\" src=\"https:\/\/lh3.googleusercontent.com\/lwWtZJG1n3uVA-EdBe8EWw8yHWl_w64P7l1pjRdg-mmXeXr9ehGJcheflCLvS-jz4IOZtkHwfQ=w800-h600-no\" data-link=\"https:\/\/plus.google.com\/photos\/100625389825175346431\/album\/6159010697347105969\/6159010694702841170\" \/><br \/>\n<img decoding=\"async\" src=\"https:\/\/lh3.googleusercontent.com\/XJz37NnNWEMopQ-qwP9QgVn_HN3GohQ_XwiNxJHLvpeuaOlfkXCQlk5wWvYjBQtjIjUM-iomIA=w800-h600-no\" data-link=\"https:\/\/plus.google.com\/photos\/100625389825175346431\/album\/6159010697347105969\/6159047317600489538\" \/><\/div>\n<p><script src=\"https:\/\/cdn.jsdelivr.net\/jquery\/1.12.3\/jquery.min.js\" type=\"text\/javascript\"><\/script><script>\/\/ <![CDATA[ (MyGalleries=(typeof MyGalleries === 'undefined' ? [] : MyGalleries)).push({gallId:'#29027',autoplay:true,lightbox:true,popupLinks:true}); if(typeof GalleryLoaded === 'undefined'){ GalleryLoaded = jQuery(function(){ jQuery.ajax({url:'https:\/\/cdn.jsdelivr.net\/galleria\/1.4.2\/galleria.min.js',dataType:'script',cache:true}).done(function(){ Galleria.loadTheme('https:\/\/cdn.jsdelivr.net\/galleria\/1.4.2\/themes\/classic\/galleria.classic.js'); for(var n in MyGalleries){Galleria.run(MyGalleries[n].gallId, MyGalleries[n]);jQuery(MyGalleries[n].gallId).css('display','block');} }); }); } \/\/ ]]><\/script><\/p>\n<h5>Jornada Virtual matem\u00e0tica<\/h5>\n<div id=\"1B5E3\" style=\"width: 400px; height: 300px; display: none;\"><img decoding=\"async\" src=\"https:\/\/lh3.googleusercontent.com\/OClkto8Ni28pZ4XkrpxiD5i3FADG6fQtkiajfyo-q_O0WhE7wYbzV5cQaSScCsNW2gG3FM25aA=w800-h600-no\" data-link=\"https:\/\/plus.google.com\/photos\/100625389825175346431\/album\/6153112489422904801\/6153112496521694482\" \/><br \/>\n<img decoding=\"async\" src=\"https:\/\/lh3.googleusercontent.com\/a3bKNNOYf9fVaauo36gYwy6NiqLDapTaPJyR95FVUMByAWSUcfY9iv5l1KBJpXDuiEqg47oHMQ=w800-h600-no\" data-link=\"https:\/\/plus.google.com\/photos\/100625389825175346431\/album\/6153112489422904801\/6153112496744203938\" \/><br \/>\n<img decoding=\"async\" src=\"https:\/\/lh3.googleusercontent.com\/1h4Wxu0zL1NgCv27-UDbD3HL3-gbVB5Dlq3I_IrVo4LJfdNapvJHYceucdQvwqTvNYTopHfhTg=w800-h600-no\" data-link=\"https:\/\/plus.google.com\/photos\/100625389825175346431\/album\/6153112489422904801\/6153112494790409330\" \/><br \/>\n<img decoding=\"async\" src=\"https:\/\/lh3.googleusercontent.com\/oSf7kjR_sG3N5JzhchIClqpa6UGfhHW311p1zAq3dahq-w8TWy4Iruql9VXL4WvJiHjz917Dxw=w800-h600-no\" data-link=\"https:\/\/plus.google.com\/photos\/100625389825175346431\/album\/6153112489422904801\/6153112505481277618\" \/><br \/>\n<img decoding=\"async\" src=\"https:\/\/lh3.googleusercontent.com\/sqgOBQm8ngZ9vINZEcOrY6gDduONfUywB9NBadln_hWme-dcgcdTr9fYF9npPYgZSY02ngyixA=w800-h600-no\" data-link=\"https:\/\/plus.google.com\/photos\/100625389825175346431\/album\/6153112489422904801\/6153112515333092722\" \/><br \/>\n<img decoding=\"async\" src=\"https:\/\/lh3.googleusercontent.com\/67jTwwlTgv0dAlePd7Lyz9Nsp5prM6tVDlKey1otkt4uVF8amriS73dYa_I2vgJg3zG3K8AiOQ=w800-h600-no\" data-link=\"https:\/\/plus.google.com\/photos\/100625389825175346431\/album\/6153112489422904801\/6153115357589394770\" \/><br \/>\n<img decoding=\"async\" src=\"https:\/\/lh3.googleusercontent.com\/bPDpVXkWa3Jv2mjUs-b1SyX01lsOe8cwM2_URif8qCaRjZB4nux5wrUqbQKpbPJh0YtpslcyNA=w800-h600-no\" data-link=\"https:\/\/plus.google.com\/photos\/100625389825175346431\/album\/6153112489422904801\/6153112516262884882\" \/><br \/>\n<img decoding=\"async\" src=\"https:\/\/lh3.googleusercontent.com\/-RJTiY-u52FdpgMtaDwEANLNma8Qq9jNHhe7E6U4elvXLxBSHov2-FzDXA3efuAEQrPLAV3shw=w800-h600-no\" data-link=\"https:\/\/plus.google.com\/photos\/100625389825175346431\/album\/6153112489422904801\/6153112520598845458\" \/><br \/>\n<img decoding=\"async\" src=\"https:\/\/lh3.googleusercontent.com\/TssOIQvA78PTZZ2ZlfZ4xoSiWtfFg1M4SbLFpG2XYb0bEHpByR4SoKmVrN16nIZkyRvBVmnc1g=w800-h600-no\" data-link=\"https:\/\/plus.google.com\/photos\/100625389825175346431\/album\/6153112489422904801\/6153112531324356162\" \/><br \/>\n<img decoding=\"async\" src=\"https:\/\/lh3.googleusercontent.com\/8y2VPLqqSNy_xaXUt1zlvEgmAI0xHI-3_c0BdzjOYjrItALbV4Yb1cJgAljmc4aJFjYOpHovKQ=w800-h600-no\" data-link=\"https:\/\/plus.google.com\/photos\/100625389825175346431\/album\/6153112489422904801\/6153112540284542914\" \/><br \/>\n<img decoding=\"async\" src=\"https:\/\/lh3.googleusercontent.com\/kxe6LbJ8Nee3mY9yUyD72uJugVEvKZ4vqJQAjIwbyWJFehA45DCApOmau1IMGI61HU-apefEYQ=w800-h600-no\" data-link=\"https:\/\/plus.google.com\/photos\/100625389825175346431\/album\/6153112489422904801\/6153112559661459858\" \/><br \/>\n<img decoding=\"async\" src=\"https:\/\/lh3.googleusercontent.com\/v5t6kgb8t_tomoT0uvboQDYJEJipBC_HsszK9swtTT3REdqe-DMf4TBN5p1mGpzB2IBSkuXZ4Q=w800-h600-no\" data-link=\"https:\/\/plus.google.com\/photos\/100625389825175346431\/album\/6153112489422904801\/6153112560551189842\" \/><br \/>\n<img decoding=\"async\" src=\"https:\/\/lh3.googleusercontent.com\/GfrdeWqBSgfXPzyxh7maNyD_pGCkpZiinXte0E3OgdSmziFrZzr_yR_4SQU6093IiSThfS5thQ=w800-h600-no\" data-link=\"https:\/\/plus.google.com\/photos\/100625389825175346431\/album\/6153112489422904801\/6153112569711311266\" \/><br \/>\n<img decoding=\"async\" src=\"https:\/\/lh3.googleusercontent.com\/5kgajCdEaHH1Fm6BQDBHaBtnxt2chiUmRY28oy1aCl0_Z5NgdA2vd9pG2tsg2Fx1gBMwi44jpQ=w800-h600-no\" data-link=\"https:\/\/plus.google.com\/photos\/100625389825175346431\/album\/6153112489422904801\/6153112573925726434\" \/><br \/>\n<img decoding=\"async\" src=\"https:\/\/lh3.googleusercontent.com\/mcPzYGVvdFywESQqZxY3Z20KH7cy0RA1zi5Xpyg3-C1iT8InmjGNfYzmMavlJ1i5rAHNzUYCwA=w800-h600-no\" data-link=\"https:\/\/plus.google.com\/photos\/100625389825175346431\/album\/6153112489422904801\/6153112584775159938\" \/><br \/>\n<img decoding=\"async\" src=\"https:\/\/lh3.googleusercontent.com\/oKVxvC0SsjqabjezRQfPHG6OEQ2dd5jBI9DuoSJhQGgzru_i3hg2XjCUla53c3sXCkr4TVKtZg=w800-h600-no\" data-link=\"https:\/\/plus.google.com\/photos\/100625389825175346431\/album\/6153112489422904801\/6153112594023349650\" \/><br \/>\n<img decoding=\"async\" src=\"https:\/\/lh3.googleusercontent.com\/Palhis5wkIdO6rebXMV3Nq0oByhBRGwcMdggsKI06DRIbbh4IohFm-Uvb_1YcWuPeHSyOjXWRQ=w800-h600-no\" data-link=\"https:\/\/plus.google.com\/photos\/100625389825175346431\/album\/6153112489422904801\/6153112662599984338\" \/><br \/>\n<img decoding=\"async\" src=\"https:\/\/lh3.googleusercontent.com\/5CE4oSd_4i63ug26-9MAGjJO2deeIn2IJNHDYGUDnmM_tlZBwgzyGEknHLUwwT9q3tL9emQmdg=w800-h600-no\" data-link=\"https:\/\/plus.google.com\/photos\/100625389825175346431\/album\/6153112489422904801\/6153113212252778050\" \/><br \/>\n<img decoding=\"async\" src=\"https:\/\/lh3.googleusercontent.com\/ers34CQ0xQJqAek1L9nchtvBCiu3Bcb-AH5kcG9g0ce15-KGxec9YA6hTlvWT39cB3AZAtGdAQ=w800-h600-no\" data-link=\"https:\/\/plus.google.com\/photos\/100625389825175346431\/album\/6153112489422904801\/6153112664005540818\" \/><br \/>\n<img decoding=\"async\" src=\"https:\/\/lh3.googleusercontent.com\/ic3lHNu2YRPE9hmUASaUZ3ZR_htYI0n2s6q7kckV8PLVjocEGNKYS_dHWZK8XpqLTVUDzfpoDw=w800-h600-no\" data-link=\"https:\/\/plus.google.com\/photos\/100625389825175346431\/album\/6153112489422904801\/6153112657298578258\" \/><br \/>\n<img decoding=\"async\" src=\"https:\/\/lh3.googleusercontent.com\/-8WhWbyR1LYvD_f3Q5b1WTDtNXCS3AtYEgRTCmPlTqwrASsEVmlLzwotoPM3e7nx-kmcjJjcvA=w800-h600-no\" data-link=\"https:\/\/plus.google.com\/photos\/100625389825175346431\/album\/6153112489422904801\/6153112670868867442\" \/><br \/>\n<img decoding=\"async\" src=\"https:\/\/lh3.googleusercontent.com\/PMg3t4hJ3G2q7EdUaP5vdo0XyZJ2MmlVr1vffkxmervPtGLOsETTke3BkUwD6zlSd8pgeSmnLA=w800-h600-no\" data-link=\"https:\/\/plus.google.com\/photos\/100625389825175346431\/album\/6153112489422904801\/6153112675284159746\" \/><br \/>\n<img decoding=\"async\" src=\"https:\/\/lh3.googleusercontent.com\/BAEImuAPahsCp49Yc7xM3CiZLJcGr6oeCexxpehfU1xYxnen2qRUAyrEjnB49pUOoLcmVTXFlg=w800-h600-no\" data-link=\"https:\/\/plus.google.com\/photos\/100625389825175346431\/album\/6153112489422904801\/6153113440361415794\" \/><br \/>\n<img decoding=\"async\" src=\"https:\/\/lh3.googleusercontent.com\/5wh90LbVRNxX-2OW2ah7Cpeis-3svzX7aLgKOsHqqwJgxecQDvm_-Jm9T7FTlV0lazExjWBmkA=w800-h600-no\" data-link=\"https:\/\/plus.google.com\/photos\/100625389825175346431\/album\/6153112489422904801\/6153112678013606338\" \/><br \/>\n<img decoding=\"async\" src=\"https:\/\/lh3.googleusercontent.com\/UYznB3_dnVynuoylgxwQTR9y5r0Q5yHgkK74mkdujIKxD_zHONe9ZEVgApGGAs7Sf4EcSwqPXw=w800-h600-no\" data-link=\"https:\/\/plus.google.com\/photos\/100625389825175346431\/album\/6153112489422904801\/6153114739808544498\" \/><br \/>\n<img decoding=\"async\" src=\"https:\/\/lh3.googleusercontent.com\/OO31GPULSbEfeI_NvwW_BozrrMRfbBcF-v4O9DiyFCpYsdyPX9OExiCRY1NFT-yhAxNXT0vbtQ=w800-h600-no\" data-link=\"https:\/\/plus.google.com\/photos\/100625389825175346431\/album\/6153112489422904801\/6153112840359749810\" \/><br \/>\n<img decoding=\"async\" src=\"https:\/\/lh3.googleusercontent.com\/-wFiKRwLVHhUgvjBdXBZEtA5dRJpJGwYHfrvzqYDYHZ4NWD8Q9c8O8GGhoyZeB6BrNB_oAWJqg=w800-h600-no\" data-link=\"https:\/\/plus.google.com\/photos\/100625389825175346431\/album\/6153112489422904801\/6153112727625386146\" \/><br \/>\n<img decoding=\"async\" src=\"https:\/\/lh3.googleusercontent.com\/YetQ86bbcaehGkbcVQGfFkCUe82OHtRXulMx72sOSSQxpOziFv4ljK7DqehQmTgEtiYVK0SllQ=w800-h600-no\" data-link=\"https:\/\/plus.google.com\/photos\/100625389825175346431\/album\/6153112489422904801\/6153112922660642210\" \/><br \/>\n<img decoding=\"async\" src=\"https:\/\/lh3.googleusercontent.com\/vpU0xo9NeEaVXjPjK5aHEmZDf-uzdSp8g169WhCHGYG8jc25s0dKs-LNzdu0NTsdCh6U6ioukg=w800-h600-no\" data-link=\"https:\/\/plus.google.com\/photos\/100625389825175346431\/album\/6153112489422904801\/6153113219913147938\" \/><br \/>\n<img decoding=\"async\" src=\"https:\/\/lh3.googleusercontent.com\/L4zZiQLWTBhR143Oq85htg3s4wt1Rg0XkNPthJK_ncm5h8aBk-7EX0C6_zK8gLw4x5-gkXt7NA=w800-h600-no\" data-link=\"https:\/\/plus.google.com\/photos\/100625389825175346431\/album\/6153112489422904801\/6153113213960017202\" \/><br \/>\n<img decoding=\"async\" src=\"https:\/\/lh3.googleusercontent.com\/Yfek0Ch20gk5AiZA7FVzjchr29tWSteJZTBx6ZmRPkY9PMDQeLbjBrY4H7lkK-89ErOmJgjTQg=w800-h600-no\" data-link=\"https:\/\/plus.google.com\/photos\/100625389825175346431\/album\/6153112489422904801\/6153113224585714834\" \/><br \/>\n<img decoding=\"async\" src=\"https:\/\/lh3.googleusercontent.com\/RnpqKY0DlYsdBgR3intVxjHKrfJxuD_o96fEeepRHZlXftgig-smEjUETPk9inLbnxUFufonOQ=w800-h600-no\" data-link=\"https:\/\/plus.google.com\/photos\/100625389825175346431\/album\/6153112489422904801\/6153113230565365938\" \/><br \/>\n<img decoding=\"async\" src=\"https:\/\/lh3.googleusercontent.com\/PAl6sz7vx8o3BtI9RyGUR3PJYVV3DnO1q4J9YkHgnCc_S-0haamzm6N11FBoPoUsIUJZSUtMpQ=w800-h600-no\" data-link=\"https:\/\/plus.google.com\/photos\/100625389825175346431\/album\/6153112489422904801\/6153113737279010610\" \/><\/div>\n<p><script src=\"https:\/\/cdn.jsdelivr.net\/jquery\/1.12.3\/jquery.min.js\" type=\"text\/javascript\"><\/script><script>\/\/ <![CDATA[ (MyGalleries=(typeof MyGalleries === 'undefined' ? [] : MyGalleries)).push({gallId:'#1B5E3',autoplay:true,lightbox:true,popupLinks:true}); if(typeof GalleryLoaded === 'undefined'){ GalleryLoaded = jQuery(function(){ jQuery.ajax({url:'https:\/\/cdn.jsdelivr.net\/galleria\/1.4.2\/galleria.min.js',dataType:'script',cache:true}).done(function(){ Galleria.loadTheme('https:\/\/cdn.jsdelivr.net\/galleria\/1.4.2\/themes\/classic\/galleria.classic.js'); for(var n in MyGalleries){Galleria.run(MyGalleries[n].gallId, MyGalleries[n]);jQuery(MyGalleries[n].gallId).css('display','block');} }); }); } \/\/ ]]><\/script><\/p>\n<h5>Proves Cangur<\/h5>\n<p><img loading=\"lazy\" decoding=\"async\" class=\"\" src=\"https:\/\/agora.xtec.cat\/ies-bisbe-berenguer\/wp-content\/uploads\/usu33\/2025\/06\/Proves-cangur-2015-2.jpg\" alt=\"\" width=\"393\" height=\"295\" \/><\/p>\n<h5>Trigonometria al pati<\/h5>\n<div id=\"18311\" style=\"width: 300px; height: 200px; display: none;\"><img decoding=\"async\" src=\"https:\/\/lh3.googleusercontent.com\/un8_qAL3Ip6ywnmRSmqzrzYu3aHwJNg9Z5CU7UD8WNpc_Lkgdr4rLr_H0pOFakKGPle6-DIphg=w800-h600-no\" data-link=\"https:\/\/plus.google.com\/photos\/100625389825175346431\/album\/6140475810837923297\/6140475819931504738\" \/><br \/>\n<img decoding=\"async\" src=\"https:\/\/lh3.googleusercontent.com\/4qHMMpoEVqzXKv8o4zvXNmE172iFLcQca2gDddAbB4o6lIA5VEY4ZNkatbNoyyT_JNK-n-bqPA=w800-h600-no\" data-link=\"https:\/\/plus.google.com\/photos\/100625389825175346431\/album\/6140475810837923297\/6140475820992017138\" \/><br \/>\n<img decoding=\"async\" src=\"https:\/\/lh3.googleusercontent.com\/DJtz4rXXyPZRHkixWDh2iNzTsAW7UErJ5K1jSSGCNgs6_tQ1dTGiH6BqPBSZS78q476-k7yJpA=w800-h600-no\" data-link=\"https:\/\/plus.google.com\/photos\/100625389825175346431\/album\/6140475810837923297\/6140475817738478930\" \/><br \/>\n<img decoding=\"async\" src=\"https:\/\/lh3.googleusercontent.com\/A7Bv4_lTy4iJDns5SUo9xwINaIZgJxWwvd3w_jElOYg_r8ZLDxd1O20oGnSvlyFU3agMD_Q3Yg=w800-h600-no\" data-link=\"https:\/\/plus.google.com\/photos\/100625389825175346431\/album\/6140475810837923297\/6140475832518785282\" \/><br \/>\n<img decoding=\"async\" src=\"https:\/\/lh3.googleusercontent.com\/_Fln8SKZNkPRrN_sylf47clLhGBjhb7yAidzIcC-rr2r6Pt4A_kKmNjQXI_foeun36NjaGz98A=w800-h600-no\" data-link=\"https:\/\/plus.google.com\/photos\/100625389825175346431\/album\/6140475810837923297\/6140475846012443778\" \/><br \/>\n<img decoding=\"async\" src=\"https:\/\/lh3.googleusercontent.com\/4Um8rAJgmjUzu4ANAy-EEycQ7l29u3b0q4Hr3ONkcpDkcXC5eEC0NSwLouLuvm9NEgHUGvc45g=w800-h600-no\" data-link=\"https:\/\/plus.google.com\/photos\/100625389825175346431\/album\/6140475810837923297\/6140475871178400530\" \/><br \/>\n<img decoding=\"async\" src=\"https:\/\/lh3.googleusercontent.com\/ZQ0pAqaOEub9mNn7JUPciLyVWIjwrIcT5W5raBXEvyRScZnkA_n-gLttqcqstk-YaIZkiNLQPQ=w800-h600-no\" data-link=\"https:\/\/plus.google.com\/photos\/100625389825175346431\/album\/6140475810837923297\/6140475871065195810\" \/><br \/>\n<img decoding=\"async\" src=\"https:\/\/lh3.googleusercontent.com\/aGhvPuwc0i30pQHbPtY6tW5LyK0_5WuIy0OqjulRrWPFg_h1tyENFp7_CgF0B-5WnW-NTqqDug=w800-h600-no\" data-link=\"https:\/\/plus.google.com\/photos\/100625389825175346431\/album\/6140475810837923297\/6140475875002135074\" \/><br \/>\n<img decoding=\"async\" src=\"https:\/\/lh3.googleusercontent.com\/m0rLwM1uKefbZ3SaQvHxHkfch9cFn510Lcs6QRdi2yAgJL5RPc7TsygAEnHsuNLByc_TWz13oA=w800-h600-no\" data-link=\"https:\/\/plus.google.com\/photos\/100625389825175346431\/album\/6140475810837923297\/6140475887183324850\" \/><br \/>\n<img decoding=\"async\" src=\"https:\/\/lh3.googleusercontent.com\/dT2V1Jvf6NOqjAuPr8h2hp8pOoXngg1SDBmRuQlL6dFDXS373DAphxCKsFgmlWdcBEWruXW2pw=w800-h600-no\" data-link=\"https:\/\/plus.google.com\/photos\/100625389825175346431\/album\/6140475810837923297\/6140475898332942098\" \/><br \/>\n<img decoding=\"async\" src=\"https:\/\/lh3.googleusercontent.com\/_k3dDDnNneDq0McWzNzX7K79r80lNkEa5wBXN1jzyyB-xtwiaDbw3Mz0QpVNiyJ1MCI7RawoaA=w800-h600-no\" data-link=\"https:\/\/plus.google.com\/photos\/100625389825175346431\/album\/6140475810837923297\/6140475916310416226\" \/><br \/>\n<img decoding=\"async\" src=\"https:\/\/lh3.googleusercontent.com\/Ezp79ecwE76FwSvavCisKbwIsAnXHLFWhNCMShgBLmg6oFk8p3E7tP4e8v_NpT3WKN9pYL4_Ng=w800-h600-no\" data-link=\"https:\/\/plus.google.com\/photos\/100625389825175346431\/album\/6140475810837923297\/6140475919129109618\" \/><br \/>\n<img decoding=\"async\" src=\"https:\/\/lh3.googleusercontent.com\/K1Oi-tYmWPBmG10X5-VPXvdOv47vKrKYOIVcj6eOD0UAcJvkOD_xRRXnO10l7rsWdk3krQXoBw=w800-h600-no\" data-link=\"https:\/\/plus.google.com\/photos\/100625389825175346431\/album\/6140475810837923297\/6140475943587347570\" \/><br \/>\n<img decoding=\"async\" src=\"https:\/\/lh3.googleusercontent.com\/4oMQ5srasxHIbe1OwuoGDZS9hmQrPbTK0vbuRXwHJ1rrnLPpBYBWVF4uFbSSJhk3EfVgc7QSUg=w800-h600-no\" data-link=\"https:\/\/plus.google.com\/photos\/100625389825175346431\/album\/6140475810837923297\/6140475947248674706\" \/><br \/>\n<img decoding=\"async\" src=\"https:\/\/lh3.googleusercontent.com\/r4_hQHXWXJZXYEr8xs27xicr1oCzIT_gxZabCf4sVsPJS5PM3TMcCm-sVoNuDXcxYXgzPQaZkg=w800-h600-no\" data-link=\"https:\/\/plus.google.com\/photos\/100625389825175346431\/album\/6140475810837923297\/6140475971399124674\" \/><\/div>\n<p><script src=\"https:\/\/cdn.jsdelivr.net\/jquery\/1.12.3\/jquery.min.js\" type=\"text\/javascript\"><\/script><script>\/\/ <![CDATA[ (MyGalleries=(typeof MyGalleries === 'undefined' ? [] : MyGalleries)).push({gallId:'#18311',autoplay:true,lightbox:true,popupLinks:true}); if(typeof GalleryLoaded === 'undefined'){ GalleryLoaded = jQuery(function(){ jQuery.ajax({url:'https:\/\/cdn.jsdelivr.net\/galleria\/1.4.2\/galleria.min.js',dataType:'script',cache:true}).done(function(){ Galleria.loadTheme('https:\/\/cdn.jsdelivr.net\/galleria\/1.4.2\/themes\/classic\/galleria.classic.js'); for(var n in MyGalleries){Galleria.run(MyGalleries[n].gallId, MyGalleries[n]);jQuery(MyGalleries[n].gallId).css('display','block');} }); }); } \/\/ ]]><\/script><\/p>\n","protected":false},"excerpt":{"rendered":"<p>Continguts i criteris del departament Curr\u00edculum ESO Criteris d&#8217;avaluaci\u00f3 i de recuperaci\u00f3 de Matem\u00e0tiques Criteris espec\u00edfics d&#8217;Economia Criteris de valoraci\u00f3 dels deures d&#8217;estiu Activitats del departament Fotografia matem\u00e0tica Jornada Virtual matem\u00e0tica Setmana matem\u00e0tica Proves Cangur &nbsp; Setmana matem\u00e0tica Jornada Virtual matem\u00e0tica Proves Cangur Trigonometria al pati<\/p>\n","protected":false},"author":4,"featured_media":0,"parent":412,"menu_order":4,"comment_status":"closed","ping_status":"closed","template":"","meta":{"_bbp_topic_count":0,"_bbp_reply_count":0,"_bbp_total_topic_count":0,"_bbp_total_reply_count":0,"_bbp_voice_count":0,"_bbp_anonymous_reply_count":0,"_bbp_topic_count_hidden":0,"_bbp_reply_count_hidden":0,"_bbp_forum_subforum_count":0,"site-sidebar-layout":"default","site-content-layout":"","ast-site-content-layout":"default","site-content-style":"default","site-sidebar-style":"default","ast-global-header-display":"","ast-banner-title-visibility":"","ast-main-header-display":"","ast-hfb-above-header-display":"","ast-hfb-below-header-display":"","ast-hfb-mobile-header-display":"","site-post-title":"","ast-breadcrumbs-content":"","ast-featured-img":"","footer-sml-layout":"","theme-transparent-header-meta":"default","adv-header-id-meta":"","stick-header-meta":"","header-above-stick-meta":"","header-main-stick-meta":"","header-below-stick-meta":"","astra-migrate-meta-layouts":"set","ast-page-background-enabled":"default","ast-page-background-meta":{"desktop":{"background-color":"var(--ast-global-color-4)","background-image":"","background-repeat":"repeat","background-position":"center center","background-size":"auto","background-attachment":"scroll","background-type":"","background-media":"","overlay-type":"","overlay-color":"","overlay-opacity":"","overlay-gradient":""},"tablet":{"background-color":"","background-image":"","background-repeat":"repeat","background-position":"center center","background-size":"auto","background-attachment":"scroll","background-type":"","background-media":"","overlay-type":"","overlay-color":"","overlay-opacity":"","overlay-gradient":""},"mobile":{"background-color":"","background-image":"","background-repeat":"repeat","background-position":"center center","background-size":"auto","background-attachment":"scroll","background-type":"","background-media":"","overlay-type":"","overlay-color":"","overlay-opacity":"","overlay-gradient":""}},"ast-content-background-meta":{"desktop":{"background-color":"var(--ast-global-color-5)","background-image":"","background-repeat":"repeat","background-position":"center center","background-size":"auto","background-attachment":"scroll","background-type":"","background-media":"","overlay-type":"","overlay-color":"","overlay-opacity":"","overlay-gradient":""},"tablet":{"background-color":"var(--ast-global-color-5)","background-image":"","background-repeat":"repeat","background-position":"center center","background-size":"auto","background-attachment":"scroll","background-type":"","background-media":"","overlay-type":"","overlay-color":"","overlay-opacity":"","overlay-gradient":""},"mobile":{"background-color":"var(--ast-global-color-5)","background-image":"","background-repeat":"repeat","background-position":"center center","background-size":"auto","background-attachment":"scroll","background-type":"","background-media":"","overlay-type":"","overlay-color":"","overlay-opacity":"","overlay-gradient":""}},"footnotes":""},"class_list":["post-424","page","type-page","status-publish","hentry"],"post_mailing_queue_ids":[],"_links":{"self":[{"href":"https:\/\/agora.xtec.cat\/ies-bisbe-berenguer\/wp-json\/wp\/v2\/pages\/424","targetHints":{"allow":["GET"]}}],"collection":[{"href":"https:\/\/agora.xtec.cat\/ies-bisbe-berenguer\/wp-json\/wp\/v2\/pages"}],"about":[{"href":"https:\/\/agora.xtec.cat\/ies-bisbe-berenguer\/wp-json\/wp\/v2\/types\/page"}],"author":[{"embeddable":true,"href":"https:\/\/agora.xtec.cat\/ies-bisbe-berenguer\/wp-json\/wp\/v2\/users\/4"}],"replies":[{"embeddable":true,"href":"https:\/\/agora.xtec.cat\/ies-bisbe-berenguer\/wp-json\/wp\/v2\/comments?post=424"}],"version-history":[{"count":7,"href":"https:\/\/agora.xtec.cat\/ies-bisbe-berenguer\/wp-json\/wp\/v2\/pages\/424\/revisions"}],"predecessor-version":[{"id":10769,"href":"https:\/\/agora.xtec.cat\/ies-bisbe-berenguer\/wp-json\/wp\/v2\/pages\/424\/revisions\/10769"}],"up":[{"embeddable":true,"href":"https:\/\/agora.xtec.cat\/ies-bisbe-berenguer\/wp-json\/wp\/v2\/pages\/412"}],"wp:attachment":[{"href":"https:\/\/agora.xtec.cat\/ies-bisbe-berenguer\/wp-json\/wp\/v2\/media?parent=424"}],"curies":[{"name":"wp","href":"https:\/\/api.w.org\/{rel}","templated":true}]}}