{"id":422,"date":"2016-09-24T10:28:30","date_gmt":"2016-09-24T09:28:30","guid":{"rendered":"http:\/\/agora.xtec.cat\/ies-bisbe-berenguer\/?page_id=422"},"modified":"2025-09-05T23:28:11","modified_gmt":"2025-09-05T21:28:11","slug":"idi","status":"publish","type":"page","link":"https:\/\/agora.xtec.cat\/ies-bisbe-berenguer\/projecte-educatiu\/departaments\/idi\/","title":{"rendered":"Departament de Lleng\u00fces Estrangeres"},"content":{"rendered":"<p><strong>Criteris d&#8217;avaluaci\u00f3<\/strong><\/p>\n<ul>\n<li><a href=\"https:\/\/drive.google.com\/open?id=1JjHZajRBkaCGtiw9BYo5pzu_tYvEebUy\" target=\"_blank\" rel=\"noopener noreferrer\">Criteris d&#8217;avaluaci\u00f3 de 1r d&#8217;ESO<\/a><\/li>\n<li><a href=\"https:\/\/drive.google.com\/open?id=1Sr8QNj14JhGNSqgIG2onr72ufLDdbEsr\" target=\"_blank\" rel=\"noopener noreferrer\">Criteris d&#8217;avaluaci\u00f3 de 2n d&#8217;ESO<\/a><\/li>\n<li><a href=\"https:\/\/drive.google.com\/open?id=1yJcVQlYYaBRXlPD3-vOnFniRUVeuHvIO\" target=\"_blank\" rel=\"noopener noreferrer\">Criteris d&#8217;avaluaci\u00f3 de 3r d&#8217;ESO<\/a><\/li>\n<li><a href=\"https:\/\/drive.google.com\/open?id=17Z8ew6NdiZuzVJJ4yx1U1ID2fTOXCwhb\" target=\"_blank\" rel=\"noopener noreferrer\">Criteris d&#8217;avaluaci\u00f3 de 4t d&#8217;ESO<\/a><\/li>\n<\/ul>\n<p><strong>Acords del Departament de Lleng\u00fces Estrangeres<\/strong><\/p>\n<ul>\n<li><a href=\"https:\/\/drive.google.com\/file\/d\/1Sj0owlZH9YoTpkIcGTYYXSbRtI5YIk2I\/view?usp=sharing\" target=\"_blank\" rel=\"noopener noreferrer\">Instruments i acords d&#8217;avaluaci\u00f3<\/a><\/li>\n<li><a href=\"https:\/\/drive.google.com\/open?id=0BwWcFcLKAos-SzJOOWJabjFVYWM\" target=\"_blank\" rel=\"noopener noreferrer\">Proves extraordin\u00e0ries de setembre i activitats d&#8217;estiu<\/a><\/li>\n<li><a href=\"https:\/\/drive.google.com\/open?id=0BwWcFcLKAos-TVpGZk1jb0dhSGM\" target=\"_blank\" rel=\"noopener noreferrer\">Proves per a l&#8217;obtenci\u00f3 del graduat en ESO<\/a><\/li>\n<li><a href=\"https:\/\/drive.google.com\/open?id=0BwWcFcLKAos-STlOYkNmYXFwWDQ\" target=\"_blank\" rel=\"noopener noreferrer\">Normes d&#8217;\u00fas del material did\u00e0ctic<\/a><\/li>\n<\/ul>\n<p><strong>Activitats del Departament<\/strong><\/p>\n<ul>\n<li><a href=\"https:\/\/drive.google.com\/open?id=0BwWcFcLKAos-N2MxeWQtYmpnUlE\" target=\"_blank\" rel=\"noopener noreferrer\">Projecte Global Scholars<\/a><\/li>\n<\/ul>\n","protected":false},"excerpt":{"rendered":"<p>Criteris d&#8217;avaluaci\u00f3 Criteris d&#8217;avaluaci\u00f3 de 1r d&#8217;ESO Criteris d&#8217;avaluaci\u00f3 de 2n d&#8217;ESO Criteris d&#8217;avaluaci\u00f3 de 3r d&#8217;ESO Criteris d&#8217;avaluaci\u00f3 de 4t d&#8217;ESO Acords del Departament de Lleng\u00fces Estrangeres Instruments i acords d&#8217;avaluaci\u00f3 Proves extraordin\u00e0ries de setembre i activitats d&#8217;estiu Proves per a l&#8217;obtenci\u00f3 del graduat en ESO Normes d&#8217;\u00fas del material did\u00e0ctic Activitats del Departament [&hellip;]<\/p>\n","protected":false},"author":4,"featured_media":0,"parent":412,"menu_order":3,"comment_status":"closed","ping_status":"closed","template":"","meta":{"_bbp_topic_count":0,"_bbp_reply_count":0,"_bbp_total_topic_count":0,"_bbp_total_reply_count":0,"_bbp_voice_count":0,"_bbp_anonymous_reply_count":0,"_bbp_topic_count_hidden":0,"_bbp_reply_count_hidden":0,"_bbp_forum_subforum_count":0,"site-sidebar-layout":"default","site-content-layout":"","ast-site-content-layout":"default","site-content-style":"default","site-sidebar-style":"default","ast-global-header-display":"","ast-banner-title-visibility":"","ast-main-header-display":"","ast-hfb-above-header-display":"","ast-hfb-below-header-display":"","ast-hfb-mobile-header-display":"","site-post-title":"","ast-breadcrumbs-content":"","ast-featured-img":"","footer-sml-layout":"","theme-transparent-header-meta":"default","adv-header-id-meta":"","stick-header-meta":"","header-above-stick-meta":"","header-main-stick-meta":"","header-below-stick-meta":"","astra-migrate-meta-layouts":"set","ast-page-background-enabled":"default","ast-page-background-meta":{"desktop":{"background-color":"var(--ast-global-color-4)","background-image":"","background-repeat":"repeat","background-position":"center center","background-size":"auto","background-attachment":"scroll","background-type":"","background-media":"","overlay-type":"","overlay-color":"","overlay-opacity":"","overlay-gradient":""},"tablet":{"background-color":"","background-image":"","background-repeat":"repeat","background-position":"center center","background-size":"auto","background-attachment":"scroll","background-type":"","background-media":"","overlay-type":"","overlay-color":"","overlay-opacity":"","overlay-gradient":""},"mobile":{"background-color":"","background-image":"","background-repeat":"repeat","background-position":"center center","background-size":"auto","background-attachment":"scroll","background-type":"","background-media":"","overlay-type":"","overlay-color":"","overlay-opacity":"","overlay-gradient":""}},"ast-content-background-meta":{"desktop":{"background-color":"var(--ast-global-color-5)","background-image":"","background-repeat":"repeat","background-position":"center center","background-size":"auto","background-attachment":"scroll","background-type":"","background-media":"","overlay-type":"","overlay-color":"","overlay-opacity":"","overlay-gradient":""},"tablet":{"background-color":"var(--ast-global-color-5)","background-image":"","background-repeat":"repeat","background-position":"center center","background-size":"auto","background-attachment":"scroll","background-type":"","background-media":"","overlay-type":"","overlay-color":"","overlay-opacity":"","overlay-gradient":""},"mobile":{"background-color":"var(--ast-global-color-5)","background-image":"","background-repeat":"repeat","background-position":"center center","background-size":"auto","background-attachment":"scroll","background-type":"","background-media":"","overlay-type":"","overlay-color":"","overlay-opacity":"","overlay-gradient":""}},"footnotes":""},"class_list":["post-422","page","type-page","status-publish","hentry"],"post_mailing_queue_ids":[],"_links":{"self":[{"href":"https:\/\/agora.xtec.cat\/ies-bisbe-berenguer\/wp-json\/wp\/v2\/pages\/422","targetHints":{"allow":["GET"]}}],"collection":[{"href":"https:\/\/agora.xtec.cat\/ies-bisbe-berenguer\/wp-json\/wp\/v2\/pages"}],"about":[{"href":"https:\/\/agora.xtec.cat\/ies-bisbe-berenguer\/wp-json\/wp\/v2\/types\/page"}],"author":[{"embeddable":true,"href":"https:\/\/agora.xtec.cat\/ies-bisbe-berenguer\/wp-json\/wp\/v2\/users\/4"}],"replies":[{"embeddable":true,"href":"https:\/\/agora.xtec.cat\/ies-bisbe-berenguer\/wp-json\/wp\/v2\/comments?post=422"}],"version-history":[{"count":5,"href":"https:\/\/agora.xtec.cat\/ies-bisbe-berenguer\/wp-json\/wp\/v2\/pages\/422\/revisions"}],"predecessor-version":[{"id":10768,"href":"https:\/\/agora.xtec.cat\/ies-bisbe-berenguer\/wp-json\/wp\/v2\/pages\/422\/revisions\/10768"}],"up":[{"embeddable":true,"href":"https:\/\/agora.xtec.cat\/ies-bisbe-berenguer\/wp-json\/wp\/v2\/pages\/412"}],"wp:attachment":[{"href":"https:\/\/agora.xtec.cat\/ies-bisbe-berenguer\/wp-json\/wp\/v2\/media?parent=422"}],"curies":[{"name":"wp","href":"https:\/\/api.w.org\/{rel}","templated":true}]}}