{"id":420,"date":"2016-09-24T10:27:26","date_gmt":"2016-09-24T09:27:26","guid":{"rendered":"http:\/\/agora.xtec.cat\/ies-bisbe-berenguer\/?page_id=420"},"modified":"2025-09-15T13:54:36","modified_gmt":"2025-09-15T11:54:36","slug":"cas","status":"publish","type":"page","link":"https:\/\/agora.xtec.cat\/ies-bisbe-berenguer\/projecte-educatiu\/departaments\/cas\/","title":{"rendered":"Departament de Llengua Castellana"},"content":{"rendered":"<p><strong>Documentos a consultar:<\/strong><\/p>\n<ol>\n<li><a href=\"https:\/\/docs.google.com\/document\/d\/1KvnECenPHB3BWaiEDjoTPyF_OWbwS4E9\/edit?usp=sharing&amp;ouid=105690202049388438442&amp;rtpof=true&amp;sd=true\" target=\"_blank\" rel=\"noopener noreferrer\">Criterios de Evaluaci\u00f3n. Acuerdos de departamento. Lengua y literatura castellana<\/a><\/li>\n<li><a href=\"https:\/\/drive.google.com\/file\/d\/13pZleYwdkFYNe23K0kSstSBmyDIPWeHM\/view?usp=sharing\" target=\"_blank\" rel=\"noopener\">Programaci\u00f3n de \u00e1rea. Lengua y literatura castellana ESO<\/a><\/li>\n<li><a href=\"https:\/\/drive.google.com\/file\/d\/1LNvtURMcvGQN7iHe2A2fZMLyT0QjyItU\/view?usp=sharing\" target=\"_blank\" rel=\"noopener noreferrer\">Programaci\u00f3n de 1.\u00ba Lengua y literatura castellana. Bachillerato<\/a><\/li>\n<li><a href=\"https:\/\/drive.google.com\/file\/d\/1bLwmOvRIkzax_P0LoQdpqF3KWUA_5dUZ\/view?usp=sharing\" target=\"_blank\" rel=\"noopener noreferrer\">Programaci\u00f3n de 2.\u00ba Lengua y literatura castellana. Bachillerato<\/a><\/li>\n<li><a href=\"https:\/\/drive.google.com\/file\/d\/1Sjzw3zHqF2zwsOnJicXHckx_gZM4qjd2\/view?usp=sharing\" target=\"_blank\" rel=\"noopener\">Programaci\u00f3n de 2.\u00ba Literatura castellana. Bachillerato. Asignatura de modalidad.<\/a><\/li>\n<li><a href=\"https:\/\/docs.google.com\/document\/d\/1HwurnSmnq8yX0KQ5nWUgcB5F69xE2xUJ\/edit?usp=sharing&amp;ouid=105690202049388438442&amp;rtpof=true&amp;sd=true\" target=\"_blank\" rel=\"noopener noreferrer\">Lecturas y libros. Lengua castellana<\/a><\/li>\n<li><a href=\"https:\/\/docs.google.com\/document\/d\/1qtxxbdHDm6Hsrl0y4mNEvqqf-tmeVJQ4\/edit?usp=sharing&amp;ouid=105690202049388438442&amp;rtpof=true&amp;sd=true\" target=\"_blank\" rel=\"noopener noreferrer\">Salidas. Lengua castellana<\/a><\/li>\n<li><a href=\"https:\/\/drive.google.com\/file\/d\/1IIitziIb5Tld04GL1SPZun3iGD-XZfpc\/view?usp=sharing\" target=\"_blank\" rel=\"noopener\">Proyecto T\u00e1ndem con Televisi\u00f3n L&#8217;H. Comunicaci\u00f3n audiovisual<\/a><\/li>\n<\/ol>\n<p><strong>Actividades &#8211; Proyectos<br \/>\n<\/strong><\/p>\n<p>Casas voladoras-microrrelatos &#8211; Proyecto con EVP<\/p>\n<p><script async defer src=\"\/\/assets.pinterest.com\/js\/pinit.js\"><\/script><\/p>\n<p>Reportaje-Comunicaci\u00f3n audiovisual-T\u00e1ndem con Televisi\u00f3n L&#8217;H<\/p>\n<p><iframe loading=\"lazy\" title=\"YouTube video player\" src=\"https:\/\/www.youtube.com\/embed\/iFZJK-hLG4s\" width=\"560\" height=\"315\" frameborder=\"0\" allowfullscreen=\"allowfullscreen\"><\/iframe><\/p>\n<p>Maquetaci\u00f3n de un cuento &#8211; Proyecto con EVP<\/p>\n<p><iframe loading=\"lazy\" src=\"https:\/\/www.youtube.com\/embed\/fb15OaK-Jyw\" width=\"560\" height=\"315\" frameborder=\"0\"><\/iframe><\/p>\n<p>Representaci\u00f3n de una escena de <em>Bodas de sangre<\/em>, de Federico Garc\u00eda Lorca<\/p>\n<p><iframe loading=\"lazy\" title=\"YouTube video player\" src=\"https:\/\/www.youtube.com\/embed\/559eTTcrejw\" width=\"560\" height=\"316\" frameborder=\"0\" allowfullscreen=\"allowfullscreen\"><\/iframe><\/p>\n<p>Stop Motion &#8211; recetas de cocinas y algo m\u00e1s (proyecto de cooperaci\u00f3n entre Lengua castellana y Educaci\u00f3n Visual y Pl\u00e1stica)<\/p>\n<p><iframe loading=\"lazy\" title=\"YouTube video player\" src=\"https:\/\/www.youtube.com\/embed\/hjlv-Wl-aLI\" width=\"560\" height=\"316\" frameborder=\"0\" allowfullscreen=\"allowfullscreen\"><\/iframe><\/p>\n<p>Representaci\u00f3n de una escena de <strong><em>Las bicicletas son para el verano<\/em><\/strong>, de Fernando Fern\u00e1n G\u00f3mez<\/p>\n<p><iframe loading=\"lazy\" title=\"vimeo-player\" src=\"https:\/\/player.vimeo.com\/video\/505614230?h=0d4d320c3f\" width=\"640\" height=\"360\" frameborder=\"0\" allowfullscreen=\"allowfullscreen\"><\/iframe><\/p>\n<p>Representaci\u00f3n por grupos (2\u00ba ESO) de distintas escenas de <strong><em>Romeo y Julieta<\/em><\/strong>, de William Shakespeare<\/p>\n<p><iframe loading=\"lazy\" src=\"https:\/\/www.youtube.com\/embed\/wzRASrgA8m4\" width=\"560\" height=\"315\" frameborder=\"0\"><\/iframe><\/p>\n<p>Salida a Caixaforum con los alumnos de 4\u00baESO. Taller: <strong><em>De la imaginaci\u00f3n a la pantalla<\/em><\/strong>.<\/p>\n<p><iframe loading=\"lazy\" src=\"https:\/\/www.youtube.com\/embed\/i4B9TNKoGZM\" width=\"560\" height=\"315\" frameborder=\"0\"><\/iframe><\/p>\n","protected":false},"excerpt":{"rendered":"<p>Documentos a consultar: Criterios de Evaluaci\u00f3n. Acuerdos de departamento. Lengua y literatura castellana Programaci\u00f3n de \u00e1rea. Lengua y literatura castellana ESO Programaci\u00f3n de 1.\u00ba Lengua y literatura castellana. Bachillerato Programaci\u00f3n de 2.\u00ba Lengua y literatura castellana. Bachillerato Programaci\u00f3n de 2.\u00ba Literatura castellana. Bachillerato. Asignatura de modalidad. Lecturas y libros. Lengua castellana Salidas. Lengua castellana Proyecto [&hellip;]<\/p>\n","protected":false},"author":4,"featured_media":0,"parent":412,"menu_order":2,"comment_status":"closed","ping_status":"closed","template":"","meta":{"_bbp_topic_count":0,"_bbp_reply_count":0,"_bbp_total_topic_count":0,"_bbp_total_reply_count":0,"_bbp_voice_count":0,"_bbp_anonymous_reply_count":0,"_bbp_topic_count_hidden":0,"_bbp_reply_count_hidden":0,"_bbp_forum_subforum_count":0,"site-sidebar-layout":"default","site-content-layout":"","ast-site-content-layout":"default","site-content-style":"default","site-sidebar-style":"default","ast-global-header-display":"","ast-banner-title-visibility":"","ast-main-header-display":"","ast-hfb-above-header-display":"","ast-hfb-below-header-display":"","ast-hfb-mobile-header-display":"","site-post-title":"","ast-breadcrumbs-content":"","ast-featured-img":"","footer-sml-layout":"","theme-transparent-header-meta":"default","adv-header-id-meta":"","stick-header-meta":"","header-above-stick-meta":"","header-main-stick-meta":"","header-below-stick-meta":"","astra-migrate-meta-layouts":"set","ast-page-background-enabled":"default","ast-page-background-meta":{"desktop":{"background-color":"var(--ast-global-color-4)","background-image":"","background-repeat":"repeat","background-position":"center center","background-size":"auto","background-attachment":"scroll","background-type":"","background-media":"","overlay-type":"","overlay-color":"","overlay-opacity":"","overlay-gradient":""},"tablet":{"background-color":"","background-image":"","background-repeat":"repeat","background-position":"center center","background-size":"auto","background-attachment":"scroll","background-type":"","background-media":"","overlay-type":"","overlay-color":"","overlay-opacity":"","overlay-gradient":""},"mobile":{"background-color":"","background-image":"","background-repeat":"repeat","background-position":"center center","background-size":"auto","background-attachment":"scroll","background-type":"","background-media":"","overlay-type":"","overlay-color":"","overlay-opacity":"","overlay-gradient":""}},"ast-content-background-meta":{"desktop":{"background-color":"var(--ast-global-color-5)","background-image":"","background-repeat":"repeat","background-position":"center center","background-size":"auto","background-attachment":"scroll","background-type":"","background-media":"","overlay-type":"","overlay-color":"","overlay-opacity":"","overlay-gradient":""},"tablet":{"background-color":"var(--ast-global-color-5)","background-image":"","background-repeat":"repeat","background-position":"center center","background-size":"auto","background-attachment":"scroll","background-type":"","background-media":"","overlay-type":"","overlay-color":"","overlay-opacity":"","overlay-gradient":""},"mobile":{"background-color":"var(--ast-global-color-5)","background-image":"","background-repeat":"repeat","background-position":"center center","background-size":"auto","background-attachment":"scroll","background-type":"","background-media":"","overlay-type":"","overlay-color":"","overlay-opacity":"","overlay-gradient":""}},"footnotes":""},"class_list":["post-420","page","type-page","status-publish","hentry"],"post_mailing_queue_ids":[],"_links":{"self":[{"href":"https:\/\/agora.xtec.cat\/ies-bisbe-berenguer\/wp-json\/wp\/v2\/pages\/420","targetHints":{"allow":["GET"]}}],"collection":[{"href":"https:\/\/agora.xtec.cat\/ies-bisbe-berenguer\/wp-json\/wp\/v2\/pages"}],"about":[{"href":"https:\/\/agora.xtec.cat\/ies-bisbe-berenguer\/wp-json\/wp\/v2\/types\/page"}],"author":[{"embeddable":true,"href":"https:\/\/agora.xtec.cat\/ies-bisbe-berenguer\/wp-json\/wp\/v2\/users\/4"}],"replies":[{"embeddable":true,"href":"https:\/\/agora.xtec.cat\/ies-bisbe-berenguer\/wp-json\/wp\/v2\/comments?post=420"}],"version-history":[{"count":7,"href":"https:\/\/agora.xtec.cat\/ies-bisbe-berenguer\/wp-json\/wp\/v2\/pages\/420\/revisions"}],"predecessor-version":[{"id":10798,"href":"https:\/\/agora.xtec.cat\/ies-bisbe-berenguer\/wp-json\/wp\/v2\/pages\/420\/revisions\/10798"}],"up":[{"embeddable":true,"href":"https:\/\/agora.xtec.cat\/ies-bisbe-berenguer\/wp-json\/wp\/v2\/pages\/412"}],"wp:attachment":[{"href":"https:\/\/agora.xtec.cat\/ies-bisbe-berenguer\/wp-json\/wp\/v2\/media?parent=420"}],"curies":[{"name":"wp","href":"https:\/\/api.w.org\/{rel}","templated":true}]}}