{"id":412,"date":"2016-09-23T12:18:39","date_gmt":"2016-09-23T11:18:39","guid":{"rendered":"http:\/\/agora.xtec.cat\/ies-bisbe-berenguer\/?page_id=412"},"modified":"2025-06-05T12:41:48","modified_gmt":"2025-06-05T10:41:48","slug":"departaments","status":"publish","type":"page","link":"https:\/\/agora.xtec.cat\/ies-bisbe-berenguer\/projecte-educatiu\/departaments\/","title":{"rendered":"Departaments"},"content":{"rendered":"<p>Avaluaci\u00f3<\/p>\n<ul>\n<li><a href=\"https:\/\/drive.google.com\/file\/d\/1EbecWK22O1VGlMi_A9LpLiiNw4UFXK2Z\/view?usp=share_link\" target=\"_blank\" rel=\"noopener\">Instruments d&#8217;avaluaci\u00f3 per a l&#8217;ESO i el Batxillerat<\/a><\/li>\n<\/ul>\n<p>Informaci\u00f3 de cada departament sobre els continguts curriculars que s&#8217;imparteixen, els aspectes propis de funcionament, els criteris d&#8217;avaluaci\u00f3 i les activitats singulars que realitzen:<\/p>\n<ul style=\"list-style-type: circle;\">\n<li><a href=\"http:\/\/agora.xtec.cat\/ies-bisbe-berenguer\/projecte-educatiu\/departaments\/cat\/\">Departament de Llengua Catalana <\/a><\/li>\n<li><a href=\"http:\/\/agora.xtec.cat\/ies-bisbe-berenguer\/projecte-educatiu\/departaments\/cas\/\">Departament de Llengua Castellana <\/a><\/li>\n<li><a href=\"http:\/\/agora.xtec.cat\/ies-bisbe-berenguer\/projecte-educatiu\/departaments\/idi\/\">Departament de Lleng\u00fces Estrangeres <\/a><\/li>\n<li><a href=\"http:\/\/agora.xtec.cat\/ies-bisbe-berenguer\/projecte-educatiu\/departaments\/mat\/\">Departament de Matem\u00e0tiques<\/a><\/li>\n<li><a href=\"http:\/\/agora.xtec.cat\/ies-bisbe-berenguer\/projecte-educatiu\/departaments\/soc\/\">Departament de Ci\u00e8ncies Socials <\/a><\/li>\n<li><a href=\"http:\/\/agora.xtec.cat\/ies-bisbe-berenguer\/projecte-educatiu\/departaments\/nat\/\">Departament de Ci\u00e8ncies Naturals <\/a><\/li>\n<li><a href=\"http:\/\/agora.xtec.cat\/ies-bisbe-berenguer\/projecte-educatiu\/departaments\/tec\/\">Departament de Tecnologia\u00a0<\/a><\/li>\n<li><a href=\"https:\/\/agora.xtec.cat\/ies-bisbe-berenguer\/projecte-educatiu\/departaments\/exp\/\" target=\"_blank\" rel=\"noopener\">Departament d&#8217;Expressi\u00f3<\/a><\/li>\n<li><a href=\"http:\/\/agora.xtec.cat\/ies-bisbe-berenguer\/projecte-educatiu\/departaments\/ori\/\">Departament d&#8217;Orientaci\u00f3 <\/a><\/li>\n<\/ul>\n","protected":false},"excerpt":{"rendered":"<p>Avaluaci\u00f3 Instruments d&#8217;avaluaci\u00f3 per a l&#8217;ESO i el Batxillerat Informaci\u00f3 de cada departament sobre els continguts curriculars que s&#8217;imparteixen, els aspectes propis de funcionament, els criteris d&#8217;avaluaci\u00f3 i les activitats singulars que realitzen: Departament de Llengua Catalana Departament de Llengua Castellana Departament de Lleng\u00fces Estrangeres Departament de Matem\u00e0tiques Departament de Ci\u00e8ncies Socials Departament de Ci\u00e8ncies [&hellip;]<\/p>\n","protected":false},"author":4,"featured_media":0,"parent":57,"menu_order":2,"comment_status":"closed","ping_status":"closed","template":"","meta":{"_bbp_topic_count":0,"_bbp_reply_count":0,"_bbp_total_topic_count":0,"_bbp_total_reply_count":0,"_bbp_voice_count":0,"_bbp_anonymous_reply_count":0,"_bbp_topic_count_hidden":0,"_bbp_reply_count_hidden":0,"_bbp_forum_subforum_count":0,"site-sidebar-layout":"default","site-content-layout":"","ast-site-content-layout":"default","site-content-style":"default","site-sidebar-style":"default","ast-global-header-display":"","ast-banner-title-visibility":"","ast-main-header-display":"","ast-hfb-above-header-display":"","ast-hfb-below-header-display":"","ast-hfb-mobile-header-display":"","site-post-title":"","ast-breadcrumbs-content":"","ast-featured-img":"","footer-sml-layout":"","theme-transparent-header-meta":"default","adv-header-id-meta":"","stick-header-meta":"","header-above-stick-meta":"","header-main-stick-meta":"","header-below-stick-meta":"","astra-migrate-meta-layouts":"set","ast-page-background-enabled":"default","ast-page-background-meta":{"desktop":{"background-color":"var(--ast-global-color-4)","background-image":"","background-repeat":"repeat","background-position":"center center","background-size":"auto","background-attachment":"scroll","background-type":"","background-media":"","overlay-type":"","overlay-color":"","overlay-opacity":"","overlay-gradient":""},"tablet":{"background-color":"","background-image":"","background-repeat":"repeat","background-position":"center center","background-size":"auto","background-attachment":"scroll","background-type":"","background-media":"","overlay-type":"","overlay-color":"","overlay-opacity":"","overlay-gradient":""},"mobile":{"background-color":"","background-image":"","background-repeat":"repeat","background-position":"center center","background-size":"auto","background-attachment":"scroll","background-type":"","background-media":"","overlay-type":"","overlay-color":"","overlay-opacity":"","overlay-gradient":""}},"ast-content-background-meta":{"desktop":{"background-color":"var(--ast-global-color-5)","background-image":"","background-repeat":"repeat","background-position":"center center","background-size":"auto","background-attachment":"scroll","background-type":"","background-media":"","overlay-type":"","overlay-color":"","overlay-opacity":"","overlay-gradient":""},"tablet":{"background-color":"var(--ast-global-color-5)","background-image":"","background-repeat":"repeat","background-position":"center center","background-size":"auto","background-attachment":"scroll","background-type":"","background-media":"","overlay-type":"","overlay-color":"","overlay-opacity":"","overlay-gradient":""},"mobile":{"background-color":"var(--ast-global-color-5)","background-image":"","background-repeat":"repeat","background-position":"center center","background-size":"auto","background-attachment":"scroll","background-type":"","background-media":"","overlay-type":"","overlay-color":"","overlay-opacity":"","overlay-gradient":""}},"footnotes":""},"class_list":["post-412","page","type-page","status-publish","hentry"],"post_mailing_queue_ids":[],"_links":{"self":[{"href":"https:\/\/agora.xtec.cat\/ies-bisbe-berenguer\/wp-json\/wp\/v2\/pages\/412","targetHints":{"allow":["GET"]}}],"collection":[{"href":"https:\/\/agora.xtec.cat\/ies-bisbe-berenguer\/wp-json\/wp\/v2\/pages"}],"about":[{"href":"https:\/\/agora.xtec.cat\/ies-bisbe-berenguer\/wp-json\/wp\/v2\/types\/page"}],"author":[{"embeddable":true,"href":"https:\/\/agora.xtec.cat\/ies-bisbe-berenguer\/wp-json\/wp\/v2\/users\/4"}],"replies":[{"embeddable":true,"href":"https:\/\/agora.xtec.cat\/ies-bisbe-berenguer\/wp-json\/wp\/v2\/comments?post=412"}],"version-history":[{"count":3,"href":"https:\/\/agora.xtec.cat\/ies-bisbe-berenguer\/wp-json\/wp\/v2\/pages\/412\/revisions"}],"predecessor-version":[{"id":7231,"href":"https:\/\/agora.xtec.cat\/ies-bisbe-berenguer\/wp-json\/wp\/v2\/pages\/412\/revisions\/7231"}],"up":[{"embeddable":true,"href":"https:\/\/agora.xtec.cat\/ies-bisbe-berenguer\/wp-json\/wp\/v2\/pages\/57"}],"wp:attachment":[{"href":"https:\/\/agora.xtec.cat\/ies-bisbe-berenguer\/wp-json\/wp\/v2\/media?parent=412"}],"curies":[{"name":"wp","href":"https:\/\/api.w.org\/{rel}","templated":true}]}}