{"id":3251,"date":"2019-10-05T11:25:26","date_gmt":"2019-10-05T09:25:26","guid":{"rendered":"http:\/\/agora.xtec.cat\/ies-bisbe-berenguer\/?page_id=3251"},"modified":"2025-05-29T14:16:15","modified_gmt":"2025-05-29T12:16:15","slug":"transparencia","status":"publish","type":"page","link":"https:\/\/agora.xtec.cat\/ies-bisbe-berenguer\/projecte-educatiu\/documents-de-centre\/transparencia\/","title":{"rendered":"Transpar\u00e8ncia"},"content":{"rendered":"<h3>Perfil i traject\u00f2ria professional de l&#8217;equip directiu<\/h3>\n<ul>\n<li style=\"list-style-type: none;\">\n<ul>\n<li>Director: <a href=\"https:\/\/drive.google.com\/drive\/u\/1\/home\" target=\"_blank\" rel=\"noopener\">Irene S\u00e1nchez<\/a><\/li>\n<li>Cap d&#8217;Estudis: <a href=\"https:\/\/drive.google.com\/file\/d\/12HxBkXoHHf7mwMap3SAaFDBfSx35z4O2\/view?usp=sharing\" target=\"_blank\" rel=\"noopener\">Carlos Silva<\/a><\/li>\n<li>Secret\u00e0ria: <a href=\"https:\/\/drive.google.com\/open?id=17YyVC3NRSVre9kAuqmwv5UbhQgBlvksd\" target=\"_blank\" rel=\"noopener noreferrer\">Cristina Cortina<\/a><\/li>\n<li>Coordinadora Pedag\u00f2gica: <a href=\"https:\/\/drive.google.com\/file\/d\/1MD_egCBrdPW1kSOsiU63DQfH63MW1kRa\/view?usp=sharing\" target=\"_blank\" rel=\"noopener\">Valeria Lafita<\/a><\/li>\n<\/ul>\n<\/li>\n<\/ul>\n<h3>Aportacions econ\u00f2miques de les fam\u00edlies<strong><br \/>\n<\/strong><\/h3>\n<p>Amb la matr\u00edcula de cada curs s&#8217;inclouen les aportacions econ\u00f2miques de les fam\u00edlies per a material escolar i per a activitats complement\u00e0ries aprovades pel Consell Escolar.<\/p>\n<p><a href=\"https:\/\/drive.google.com\/file\/d\/1ky1gOsIHAXU1ZIEioBdoHP-1dtl5ea6Z\/view?usp=sharing\" target=\"_blank\" rel=\"noopener noreferrer\"><strong>* <\/strong><\/a><a href=\"https:\/\/drive.google.com\/file\/d\/1lup2ybmw1pljMzjG2IIF_6D0vuja_2sv\/view?usp=drive_link\" target=\"_blank\" rel=\"noopener\"><strong>Aportacions econ\u00f2miques de les fam\u00edlies<\/strong><\/a><\/p>\n<h3>Mem\u00f2ria Anual<\/h3>\n<ul>\n<li><a href=\"https:\/\/drive.google.com\/drive\/folders\/1GlyuOwbeQBemEUnZ7_LuHtjB56JDoYe9?usp=drive_link\" target=\"_blank\" rel=\"noopener noreferrer\">MA &#8211; Mem\u00f2ries anuals dels darrers cursos<\/a><\/li>\n<\/ul>\n<h3>Programaci\u00f3 General Anual<\/h3>\n<ul>\n<li><a href=\"https:\/\/drive.google.com\/drive\/folders\/1Fipz9KgOGgFjdYMn94XE9Z3B1wWIDm-8?usp=drive_link\" target=\"_blank\" rel=\"noopener noreferrer\">PGA &#8211; Programacions Generals Anuals dels darrers cursos<\/a><\/li>\n<\/ul>\n<h3>Acords Consell Escolar<\/h3>\n<ul>\n<li style=\"list-style-type: none;\">\n<ul>\n<li><a href=\"https:\/\/drive.google.com\/drive\/folders\/1sAUW9AMcyEU72Z5wNTq5qytauzZTsZa9?usp=drive_link\" target=\"_blank\" rel=\"noopener\">Acords del Consell Escolar des del curs 2019-20<\/a><\/li>\n<li><a href=\"https:\/\/drive.google.com\/file\/d\/1vTlFmPwSmgyuT1lp-b8IBDqn4P9HD7dI\/view?usp=sharing\" target=\"_blank\" rel=\"noopener\">Certificat Acords: octubre 2024<\/a><\/li>\n<\/ul>\n<\/li>\n<\/ul>\n<h3>Project Erasmus+ Consorci KA120 del Departament d&#8217;Educaci\u00f3<\/h3>\n<ul style=\"margin-bottom: 0px; margin-left: 1.25em; font-size: 16px; font-family: 'Helvetica Neue', Helvetica, Helvetica, Arial, sans-serif;\">\n<li><a href=\"https:\/\/drive.google.com\/file\/d\/1itllwmThSVBjY1JCTze7tIUGa3spgl8p\/view?usp=sharing\" target=\"_blank\" rel=\"noopener noreferrer\">Criteris per a la selecci\u00f3 dels membres del grup impulsor del Centre del Microconsorci d&#8217;Innovaci\u00f3 Avan\u00e7ada 2021-2023<\/a><\/li>\n<\/ul>\n","protected":false},"excerpt":{"rendered":"<p>Perfil i traject\u00f2ria professional de l&#8217;equip directiu Director: Irene S\u00e1nchez Cap d&#8217;Estudis: Carlos Silva Secret\u00e0ria: Cristina Cortina Coordinadora Pedag\u00f2gica: Valeria Lafita Aportacions econ\u00f2miques de les fam\u00edlies Amb la matr\u00edcula de cada curs s&#8217;inclouen les aportacions econ\u00f2miques de les fam\u00edlies per a material escolar i per a activitats complement\u00e0ries aprovades pel Consell Escolar. * Aportacions econ\u00f2miques [&hellip;]<\/p>\n","protected":false},"author":4,"featured_media":0,"parent":922,"menu_order":1,"comment_status":"closed","ping_status":"closed","template":"","meta":{"_bbp_topic_count":0,"_bbp_reply_count":0,"_bbp_total_topic_count":0,"_bbp_total_reply_count":0,"_bbp_voice_count":0,"_bbp_anonymous_reply_count":0,"_bbp_topic_count_hidden":0,"_bbp_reply_count_hidden":0,"_bbp_forum_subforum_count":0,"site-sidebar-layout":"default","site-content-layout":"","ast-site-content-layout":"default","site-content-style":"default","site-sidebar-style":"default","ast-global-header-display":"","ast-banner-title-visibility":"","ast-main-header-display":"","ast-hfb-above-header-display":"","ast-hfb-below-header-display":"","ast-hfb-mobile-header-display":"","site-post-title":"","ast-breadcrumbs-content":"","ast-featured-img":"","footer-sml-layout":"","theme-transparent-header-meta":"default","adv-header-id-meta":"","stick-header-meta":"","header-above-stick-meta":"","header-main-stick-meta":"","header-below-stick-meta":"","astra-migrate-meta-layouts":"set","ast-page-background-enabled":"default","ast-page-background-meta":{"desktop":{"background-color":"var(--ast-global-color-4)","background-image":"","background-repeat":"repeat","background-position":"center center","background-size":"auto","background-attachment":"scroll","background-type":"","background-media":"","overlay-type":"","overlay-color":"","overlay-opacity":"","overlay-gradient":""},"tablet":{"background-color":"","background-image":"","background-repeat":"repeat","background-position":"center center","background-size":"auto","background-attachment":"scroll","background-type":"","background-media":"","overlay-type":"","overlay-color":"","overlay-opacity":"","overlay-gradient":""},"mobile":{"background-color":"","background-image":"","background-repeat":"repeat","background-position":"center center","background-size":"auto","background-attachment":"scroll","background-type":"","background-media":"","overlay-type":"","overlay-color":"","overlay-opacity":"","overlay-gradient":""}},"ast-content-background-meta":{"desktop":{"background-color":"var(--ast-global-color-5)","background-image":"","background-repeat":"repeat","background-position":"center center","background-size":"auto","background-attachment":"scroll","background-type":"","background-media":"","overlay-type":"","overlay-color":"","overlay-opacity":"","overlay-gradient":""},"tablet":{"background-color":"var(--ast-global-color-5)","background-image":"","background-repeat":"repeat","background-position":"center center","background-size":"auto","background-attachment":"scroll","background-type":"","background-media":"","overlay-type":"","overlay-color":"","overlay-opacity":"","overlay-gradient":""},"mobile":{"background-color":"var(--ast-global-color-5)","background-image":"","background-repeat":"repeat","background-position":"center center","background-size":"auto","background-attachment":"scroll","background-type":"","background-media":"","overlay-type":"","overlay-color":"","overlay-opacity":"","overlay-gradient":""}},"footnotes":""},"class_list":["post-3251","page","type-page","status-publish","hentry"],"post_mailing_queue_ids":[],"_links":{"self":[{"href":"https:\/\/agora.xtec.cat\/ies-bisbe-berenguer\/wp-json\/wp\/v2\/pages\/3251","targetHints":{"allow":["GET"]}}],"collection":[{"href":"https:\/\/agora.xtec.cat\/ies-bisbe-berenguer\/wp-json\/wp\/v2\/pages"}],"about":[{"href":"https:\/\/agora.xtec.cat\/ies-bisbe-berenguer\/wp-json\/wp\/v2\/types\/page"}],"author":[{"embeddable":true,"href":"https:\/\/agora.xtec.cat\/ies-bisbe-berenguer\/wp-json\/wp\/v2\/users\/4"}],"replies":[{"embeddable":true,"href":"https:\/\/agora.xtec.cat\/ies-bisbe-berenguer\/wp-json\/wp\/v2\/comments?post=3251"}],"version-history":[{"count":7,"href":"https:\/\/agora.xtec.cat\/ies-bisbe-berenguer\/wp-json\/wp\/v2\/pages\/3251\/revisions"}],"predecessor-version":[{"id":10025,"href":"https:\/\/agora.xtec.cat\/ies-bisbe-berenguer\/wp-json\/wp\/v2\/pages\/3251\/revisions\/10025"}],"up":[{"embeddable":true,"href":"https:\/\/agora.xtec.cat\/ies-bisbe-berenguer\/wp-json\/wp\/v2\/pages\/922"}],"wp:attachment":[{"href":"https:\/\/agora.xtec.cat\/ies-bisbe-berenguer\/wp-json\/wp\/v2\/media?parent=3251"}],"curies":[{"name":"wp","href":"https:\/\/api.w.org\/{rel}","templated":true}]}}