{"id":27,"date":"2014-09-17T16:24:03","date_gmt":"2014-09-17T16:24:03","guid":{"rendered":"http:\/\/agora.xtec.cat\/ies-bisbe-berenguer\/?page_id=27"},"modified":"2016-09-11T09:22:33","modified_gmt":"2016-09-11T08:22:33","slug":"historia","status":"publish","type":"page","link":"https:\/\/agora.xtec.cat\/ies-bisbe-berenguer\/linstitut\/historia\/","title":{"rendered":"Hist\u00f2ria"},"content":{"rendered":"<p class=\"Estilo34\" style=\"text-align: justify;\">L\u2019Institut Bisbe Berenguer va ser creat l\u2019any 1996 per donar resposta a les necessitats educatives dels barris de Santa Eul\u00e0lia i Gran Via Sud de l\u2019Hospitalet, tot just en implantar-se de forma general l\u2019Ensenyament Secundari Obligatori .<\/p>\n<p class=\"Estilo34\" style=\"text-align: justify;\">Inicialment l\u2019institut va ocupar part dels espais del CEIP Bisbe Berenguer, amb el que es va compartir l\u2019edifici fins acabar el curs 1997-98. Des de les hores el centre utilitza tots els recursos del recinte escolar i mant\u00e9 la denominaci\u00f3 de Bisbe Berenguer, que va ser l\u2019abat fundador del nucli urb\u00e0 que honora a Santa Eul\u00e0lia de Proven\u00e7ana.<\/p>\n<p class=\"Estilo34\" style=\"text-align: justify;\">En el curs 2001-02 es va celebrar el fi d\u2019estudis de la primera promoci\u00f3 d\u2019alumnes que van cursar estudis d\u2019ESO i de Batxillerat en el centre. I en el curs 2006-07 el primer decenni de l\u2019institut.<\/p>\n<p class=\"Estilo34\" style=\"text-align: center;\"><a href=\"http:\/\/agora.xtec.cat\/ies-bisbe-berenguer\/wp-content\/uploads\/usu33\/2014\/09\/ies_bisbe_berenguer_vell.jpg\"><img loading=\"lazy\" decoding=\"async\" class=\"wp-image-324 aligncenter\" src=\"http:\/\/agora.xtec.cat\/ies-bisbe-berenguer\/wp-content\/uploads\/usu33\/2014\/09\/ies_bisbe_berenguer_vell.jpg\" alt=\"ies_bisbe_berenguer_vell\" width=\"463\" height=\"277\" srcset=\"https:\/\/agora.xtec.cat\/ies-bisbe-berenguer\/wp-content\/uploads\/usu33\/2014\/09\/ies_bisbe_berenguer_vell.jpg 1022w, https:\/\/agora.xtec.cat\/ies-bisbe-berenguer\/wp-content\/uploads\/usu33\/2014\/09\/ies_bisbe_berenguer_vell-300x180.jpg 300w, https:\/\/agora.xtec.cat\/ies-bisbe-berenguer\/wp-content\/uploads\/usu33\/2014\/09\/ies_bisbe_berenguer_vell-768x460.jpg 768w\" sizes=\"auto, (max-width: 463px) 100vw, 463px\" \/><\/a><em><strong>IES Bisbe Berenguer &#8211; Abans de la reforma<\/strong><\/em><\/p>\n<p class=\"Estilo34\" style=\"text-align: justify;\">En l\u2019actualitat el centre desenvolupa un Pla estrat\u00e8gic que contempla projectes d\u2019innovaci\u00f3 educativa, intercanvis nacionals i internacionals, plans d\u2019integraci\u00f3 i de cohesi\u00f3 social i cultural, potenciaci\u00f3 de l\u2019\u00fas dels nous recursos tecnol\u00f2gics en totes les activitats del centre, i tamb\u00e9 millores en els equipaments i en els serveis.<\/p>\n<p class=\"Estilo34\" style=\"text-align: justify;\">Dins del per\u00edode 2008-2011 el Departament d\u2019Educaci\u00f3 i l\u2019Ajuntament de l\u2019Hospitalet van signar un acord, a fi que l\u2019Institut Bisbe Berenguer fos objecte d\u2019una actuaci\u00f3 integral d\u2019adequaci\u00f3.<\/p>\n<p class=\"Estilo34\" style=\"text-align: justify;\">Des del curs 2012-13 es disposa un edifici totalment reformat i amb unes instal\u00b7lacions noves totalment adaptades a les noves tecnologies: wi-fi a tot el centre i totes les aules multim\u00e8dia amb can\u00f3.<\/p>\n<p class=\"Estilo34\" style=\"text-align: center;\"><a href=\"http:\/\/agora.xtec.cat\/ies-bisbe-berenguer\/wp-content\/uploads\/usu33\/2014\/09\/03_PG365_10.jpg\"><img loading=\"lazy\" decoding=\"async\" class=\" wp-image-325 aligncenter\" src=\"http:\/\/agora.xtec.cat\/ies-bisbe-berenguer\/wp-content\/uploads\/usu33\/2014\/09\/03_PG365_10.jpg\" alt=\"03_PG365_10\" width=\"337\" height=\"324\" srcset=\"https:\/\/agora.xtec.cat\/ies-bisbe-berenguer\/wp-content\/uploads\/usu33\/2014\/09\/03_PG365_10.jpg 833w, https:\/\/agora.xtec.cat\/ies-bisbe-berenguer\/wp-content\/uploads\/usu33\/2014\/09\/03_PG365_10-300x288.jpg 300w, https:\/\/agora.xtec.cat\/ies-bisbe-berenguer\/wp-content\/uploads\/usu33\/2014\/09\/03_PG365_10-768x738.jpg 768w\" sizes=\"auto, (max-width: 337px) 100vw, 337px\" \/><\/a><em><strong>Institut Bisbe Berenguer &#8211; Actualitat<\/strong><\/em><\/p>\n","protected":false},"excerpt":{"rendered":"<p>L\u2019Institut Bisbe Berenguer va ser creat l\u2019any 1996 per donar resposta a les necessitats educatives dels barris de Santa Eul\u00e0lia i Gran Via Sud de l\u2019Hospitalet, tot just en implantar-se de forma general l\u2019Ensenyament Secundari Obligatori . Inicialment l\u2019institut va ocupar part dels espais del CEIP Bisbe Berenguer, amb el que es va compartir l\u2019edifici [&hellip;]<\/p>\n","protected":false},"author":1,"featured_media":0,"parent":19,"menu_order":20,"comment_status":"closed","ping_status":"closed","template":"page-templates\/side-menu.php","meta":{"_bbp_topic_count":0,"_bbp_reply_count":0,"_bbp_total_topic_count":0,"_bbp_total_reply_count":0,"_bbp_voice_count":0,"_bbp_anonymous_reply_count":0,"_bbp_topic_count_hidden":0,"_bbp_reply_count_hidden":0,"_bbp_forum_subforum_count":0,"site-sidebar-layout":"default","site-content-layout":"","ast-site-content-layout":"","site-content-style":"default","site-sidebar-style":"default","ast-global-header-display":"","ast-banner-title-visibility":"","ast-main-header-display":"","ast-hfb-above-header-display":"","ast-hfb-below-header-display":"","ast-hfb-mobile-header-display":"","site-post-title":"","ast-breadcrumbs-content":"","ast-featured-img":"","footer-sml-layout":"","theme-transparent-header-meta":"","adv-header-id-meta":"","stick-header-meta":"","header-above-stick-meta":"","header-main-stick-meta":"","header-below-stick-meta":"","astra-migrate-meta-layouts":"default","ast-page-background-enabled":"default","ast-page-background-meta":{"desktop":{"background-color":"var(--ast-global-color-4)","background-image":"","background-repeat":"repeat","background-position":"center center","background-size":"auto","background-attachment":"scroll","background-type":"","background-media":"","overlay-type":"","overlay-color":"","overlay-opacity":"","overlay-gradient":""},"tablet":{"background-color":"","background-image":"","background-repeat":"repeat","background-position":"center center","background-size":"auto","background-attachment":"scroll","background-type":"","background-media":"","overlay-type":"","overlay-color":"","overlay-opacity":"","overlay-gradient":""},"mobile":{"background-color":"","background-image":"","background-repeat":"repeat","background-position":"center center","background-size":"auto","background-attachment":"scroll","background-type":"","background-media":"","overlay-type":"","overlay-color":"","overlay-opacity":"","overlay-gradient":""}},"ast-content-background-meta":{"desktop":{"background-color":"var(--ast-global-color-5)","background-image":"","background-repeat":"repeat","background-position":"center center","background-size":"auto","background-attachment":"scroll","background-type":"","background-media":"","overlay-type":"","overlay-color":"","overlay-opacity":"","overlay-gradient":""},"tablet":{"background-color":"var(--ast-global-color-5)","background-image":"","background-repeat":"repeat","background-position":"center center","background-size":"auto","background-attachment":"scroll","background-type":"","background-media":"","overlay-type":"","overlay-color":"","overlay-opacity":"","overlay-gradient":""},"mobile":{"background-color":"var(--ast-global-color-5)","background-image":"","background-repeat":"repeat","background-position":"center center","background-size":"auto","background-attachment":"scroll","background-type":"","background-media":"","overlay-type":"","overlay-color":"","overlay-opacity":"","overlay-gradient":""}},"footnotes":""},"class_list":["post-27","page","type-page","status-publish","hentry"],"post_mailing_queue_ids":[],"_links":{"self":[{"href":"https:\/\/agora.xtec.cat\/ies-bisbe-berenguer\/wp-json\/wp\/v2\/pages\/27","targetHints":{"allow":["GET"]}}],"collection":[{"href":"https:\/\/agora.xtec.cat\/ies-bisbe-berenguer\/wp-json\/wp\/v2\/pages"}],"about":[{"href":"https:\/\/agora.xtec.cat\/ies-bisbe-berenguer\/wp-json\/wp\/v2\/types\/page"}],"author":[{"embeddable":true,"href":"https:\/\/agora.xtec.cat\/ies-bisbe-berenguer\/wp-json\/wp\/v2\/users\/1"}],"replies":[{"embeddable":true,"href":"https:\/\/agora.xtec.cat\/ies-bisbe-berenguer\/wp-json\/wp\/v2\/comments?post=27"}],"version-history":[{"count":3,"href":"https:\/\/agora.xtec.cat\/ies-bisbe-berenguer\/wp-json\/wp\/v2\/pages\/27\/revisions"}],"predecessor-version":[{"id":326,"href":"https:\/\/agora.xtec.cat\/ies-bisbe-berenguer\/wp-json\/wp\/v2\/pages\/27\/revisions\/326"}],"up":[{"embeddable":true,"href":"https:\/\/agora.xtec.cat\/ies-bisbe-berenguer\/wp-json\/wp\/v2\/pages\/19"}],"wp:attachment":[{"href":"https:\/\/agora.xtec.cat\/ies-bisbe-berenguer\/wp-json\/wp\/v2\/media?parent=27"}],"curies":[{"name":"wp","href":"https:\/\/api.w.org\/{rel}","templated":true}]}}