{"id":6768,"date":"2023-09-04T21:37:27","date_gmt":"2023-09-04T19:37:27","guid":{"rendered":"https:\/\/agora.xtec.cat\/ies-barcelona-congres\/?page_id=6768"},"modified":"2024-09-20T08:36:25","modified_gmt":"2024-09-20T06:36:25","slug":"4t-deso","status":"publish","type":"page","link":"https:\/\/agora.xtec.cat\/ies-barcelona-congres\/4t-deso\/","title":{"rendered":"4t d&#8217;ESO"},"content":{"rendered":"<table dir=\"ltr\" border=\"1\" cellspacing=\"0\" cellpadding=\"0\" data-sheets-root=\"1\" data-sheets-baot=\"1\">\n<colgroup>\n<col width=\"250\" \/>\n<col width=\"250\" \/>\n<col width=\"200\" \/><\/colgroup>\n<tbody>\n<tr>\n<td><strong>GRUP<\/strong><\/td>\n<td><strong>4 BESOS<\/strong><\/td>\n<td><\/td>\n<\/tr>\n<tr>\n<td><\/td>\n<td><\/td>\n<td><\/td>\n<\/tr>\n<tr>\n<td><strong>Nom Mat\u00e8ria<\/strong><\/td>\n<td><strong>Professor<\/strong><\/td>\n<td><strong>Correu electr\u00f2nic<\/strong><\/td>\n<\/tr>\n<tr>\n<td>Catal\u00e0<\/td>\n<td>Cucala Roca, Anna<\/td>\n<td>anna.cucala@congres.cat<\/td>\n<\/tr>\n<tr>\n<td>Codoc\u00e8ncia Catal\u00e0<\/td>\n<td>Varela S\u00e1nchez, Lucas<\/td>\n<td>lucas.varela@congres.cat<\/td>\n<\/tr>\n<tr>\n<td>Castell\u00e0<\/td>\n<td>Burillo Maximino, Beatriz<\/td>\n<td>beatriz.burillo@congres.cat<\/td>\n<\/tr>\n<tr>\n<td>Codoc\u00e8ncia Castell\u00e0<\/td>\n<td>Piperberg, Michelle<\/td>\n<td>michelle.piperberg@congres.cat<\/td>\n<\/tr>\n<tr>\n<td>Angl\u00e8s<\/td>\n<td>Polonska, Anzhela<\/td>\n<td>anzhela.polonska@congres.cat<\/td>\n<\/tr>\n<tr>\n<td>Codoc\u00e8ncia Angl\u00e8s<\/td>\n<td>Adriel Sol\u00e9, Gustavo Javier<\/td>\n<td>gustavo.adriel@congres.cat<\/td>\n<\/tr>\n<tr>\n<td>Matem\u00e0tiques<\/td>\n<td>Capdevila i Hern\u00e1ndez, Sergi<\/td>\n<td>sergi.capdevila@congres.cat<\/td>\n<\/tr>\n<tr>\n<td>Socials<\/td>\n<td>V\u00e1zquez S\u00e1ez, Anna<\/td>\n<td>anna.vazquez@congres.cat<\/td>\n<\/tr>\n<tr>\n<td>Codoc\u00e8ncia Socials<\/td>\n<td>Montan\u00e9 Ard\u00e8vol, N\u00faria<\/td>\n<td>nuria.montane@congres.cat<\/td>\n<\/tr>\n<tr>\n<td>Educaci\u00f3 en valors c\u00edvics i \u00e8tics<\/td>\n<td>Garrido Medina, Alejandro<\/td>\n<td>alejandro.garrido@congres.cat<\/td>\n<\/tr>\n<tr>\n<td>Ed F\u00edsica<\/td>\n<td>Moreno Vitoria, Laura<\/td>\n<td>laura.moreno@congres.cat<\/td>\n<\/tr>\n<tr>\n<td>Economia b\u00e0sica<\/td>\n<td>Teringuer Moliner, Laura<\/td>\n<td>laura.teringuer@congres.cat<\/td>\n<\/tr>\n<tr>\n<td>Tecnologia<\/td>\n<td>L\u00f3pez P\u00e9rez, Yolanda Amada<\/td>\n<td>yolanda.lopez@congres.cat<\/td>\n<\/tr>\n<tr>\n<td>Expressi\u00f3 Art\u00edstica<\/td>\n<td>Dom\u00ednguez Arrayas, Maria<\/td>\n<td>maria.dominguez@congres.cat<\/td>\n<\/tr>\n<tr>\n<td>Religi\u00f3<\/td>\n<td>Homar Toboso, Eulalia<\/td>\n<td>eulalia.homar@congres.cat<\/td>\n<\/tr>\n<tr>\n<td>Activitats c\u00edviques<\/td>\n<td>Piperberg, Michelle<\/td>\n<td>michelle.piperberg@congres.cat<\/td>\n<\/tr>\n<tr>\n<td>Tutoria<\/td>\n<td>V\u00e1zquez S\u00e1ez, Anna<\/td>\n<td>anna.vazquez@congres.cat<\/td>\n<\/tr>\n<tr>\n<td>Cotutoria<\/td>\n<td>Capdevila i Hern\u00e1ndez, Sergi<\/td>\n<td>sergi.capdevila@congres.cat<\/td>\n<\/tr>\n<tr>\n<td>Lectura<\/td>\n<td>Burillo Maximino, Beatriz<\/td>\n<td>beatriz.burillo@congres.cat<\/td>\n<\/tr>\n<\/tbody>\n<\/table>\n<table dir=\"ltr\" border=\"1\" cellspacing=\"0\" cellpadding=\"0\" data-sheets-root=\"1\" data-sheets-baot=\"1\">\n<colgroup>\n<col width=\"250\" \/>\n<col width=\"250\" \/>\n<col width=\"200\" \/><\/colgroup>\n<tbody>\n<tr>\n<td><strong>GRUP<\/strong><\/td>\n<td><strong>4 MISSISSIPI<\/strong><\/td>\n<td><\/td>\n<\/tr>\n<tr>\n<td><\/td>\n<td><\/td>\n<td><\/td>\n<\/tr>\n<tr>\n<td><strong>Nom Mat\u00e8ria<\/strong><\/td>\n<td><strong>Professor<\/strong><\/td>\n<td><strong>Correu electr\u00f2nic<\/strong><\/td>\n<\/tr>\n<tr>\n<td>Catal\u00e0<\/td>\n<td>Cucala Roca, Anna<\/td>\n<td>anna.cucala@congres.cat<\/td>\n<\/tr>\n<tr>\n<td>Castell\u00e0<\/td>\n<td>Varela S\u00e1nchez, Lucas<\/td>\n<td>lucas.varela@congres.cat<\/td>\n<\/tr>\n<tr>\n<td>Angl\u00e8s<\/td>\n<td>Adriel Sol\u00e9, Gustavo Javier<\/td>\n<td>gustavo.adriel@congres.cat<\/td>\n<\/tr>\n<tr>\n<td>Codoc\u00e8ncia Angl\u00e8s<\/td>\n<td>Burillo Maximino, Beatriz<\/td>\n<td>beatriz.burillo@congres.cat<\/td>\n<\/tr>\n<tr>\n<td>Matem\u00e0tiques<\/td>\n<td>Martin Bru\u00f1a, Maria Meritxell<\/td>\n<td>meritxell.martin@congres.cat<\/td>\n<\/tr>\n<tr>\n<td>Codoc\u00e8ncia Matem\u00e0tiques<\/td>\n<td>Collado Ramon, Monica<\/td>\n<td>monica.collado@congres.cat<\/td>\n<\/tr>\n<tr>\n<td>Socials<\/td>\n<td>Ajenjo Rodriguez, Gema Estela<\/td>\n<td>gema.ajenjo@congres.cat<\/td>\n<\/tr>\n<tr>\n<td>Educaci\u00f3 en valors c\u00edvics i \u00e8tics<\/td>\n<td>Garrido Medina, Alejandro<\/td>\n<td>alejandro.garrido@congres.cat<\/td>\n<\/tr>\n<tr>\n<td>Ed F\u00edsica<\/td>\n<td>Moreno Vitoria, Laura<\/td>\n<td>laura.moreno@congres.cat<\/td>\n<\/tr>\n<tr>\n<td>Biologia i Geologia<\/td>\n<td>Albacete Mart\u00edn, Xavier<\/td>\n<td>xavier.albacete@congres.cat<\/td>\n<\/tr>\n<tr>\n<td>Codoc\u00e8ncia Biologia i geologia<\/td>\n<td>Sampedro Vida, Joel<\/td>\n<td>joel.sampedro@congres.cat<\/td>\n<\/tr>\n<tr>\n<td>F\u00edsica i Qu\u00edmica<\/td>\n<td>Moreno Porta, Maria Montserrat<\/td>\n<td>montse.moreno@congres.cat<\/td>\n<\/tr>\n<tr>\n<td>Filosofia<\/td>\n<td>Piperberg, Michelle<\/td>\n<td>michelle.piperberg@congres.cat<\/td>\n<\/tr>\n<tr>\n<td>Cultura Cient\u00edfica<\/td>\n<td>Roig Camacho, Josep Maria<\/td>\n<td>josepmaria.roig@congres.cat<\/td>\n<\/tr>\n<tr>\n<td>Expressi\u00f3 Art\u00edstica<\/td>\n<td>Rambla Ferrer, Eduard<\/td>\n<td>eduard.rambla@congres.cat<\/td>\n<\/tr>\n<tr>\n<td>Religi\u00f3<\/td>\n<td>Homar Toboso, Eulalia<\/td>\n<td>eulalia.homar@congres.cat<\/td>\n<\/tr>\n<tr>\n<td>Activitats c\u00edviques<\/td>\n<td>V\u00e1zquez S\u00e1ez, Anna<\/td>\n<td>anna.vazquez@congres.cat<\/td>\n<\/tr>\n<tr>\n<td>Tutoria<\/td>\n<td>Varela S\u00e1nchez, Lucas<\/td>\n<td>lucas.varela@congres.cat<\/td>\n<\/tr>\n<tr>\n<td>Cotutoria<\/td>\n<td>Cucala Roca, Anna<\/td>\n<td>anna.cucala@congres.cat<\/td>\n<\/tr>\n<tr>\n<td>Lectura<\/td>\n<td>Varela S\u00e1nchez, Lucas<\/td>\n<td>lucas.varela@congres.cat<\/td>\n<\/tr>\n<\/tbody>\n<\/table>\n<table dir=\"ltr\" border=\"1\" cellspacing=\"0\" cellpadding=\"0\" data-sheets-root=\"1\" data-sheets-baot=\"1\">\n<colgroup>\n<col width=\"250\" \/>\n<col width=\"250\" \/>\n<col width=\"200\" \/><\/colgroup>\n<tbody>\n<tr>\n<td><strong>GRUP<\/strong><\/td>\n<td><strong>4 T\u00c0MESI<\/strong><\/td>\n<td><\/td>\n<\/tr>\n<tr>\n<td><\/td>\n<td><\/td>\n<td><\/td>\n<\/tr>\n<tr>\n<td><strong>Nom Mat\u00e8ria<\/strong><\/td>\n<td><strong>Professor<\/strong><\/td>\n<td><strong>Correu electr\u00f2nic<\/strong><\/td>\n<\/tr>\n<tr>\n<td>Catal\u00e0<\/td>\n<td>Cucala Roca, Anna<\/td>\n<td>anna.cucala@congres.cat<\/td>\n<\/tr>\n<tr>\n<td>Castell\u00e0<\/td>\n<td>Varela S\u00e1nchez, Lucas<\/td>\n<td>lucas.varela@congres.cat<\/td>\n<\/tr>\n<tr>\n<td>Angl\u00e8s<\/td>\n<td>Adriel Sol\u00e9, Gustavo Javier<\/td>\n<td>gustavo.adriel@congres.cat<\/td>\n<\/tr>\n<tr>\n<td>Codoc\u00e8ncia Angl\u00e8s<\/td>\n<td>Burillo Maximino, Beatriz<\/td>\n<td>beatriz.burillo@congres.cat<\/td>\n<\/tr>\n<tr>\n<td>Matem\u00e0tiques<\/td>\n<td>Martin Bru\u00f1a, Maria Meritxell<\/td>\n<td>meritxell.martin@congres.cat<\/td>\n<\/tr>\n<tr>\n<td>Codoc\u00e8ncia Matem\u00e0tiques<\/td>\n<td>Collado Ramon, Monica<\/td>\n<td>monica.collado@congres.cat<\/td>\n<\/tr>\n<tr>\n<td>Socials<\/td>\n<td>Ajenjo Rodriguez, Gema Estela<\/td>\n<td>gema.ajenjo@congres.cat<\/td>\n<\/tr>\n<tr>\n<td>Educaci\u00f3 en valors c\u00edvics i \u00e8tics<\/td>\n<td>Garrido Medina, Alejandro<\/td>\n<td>alejandro.garrido@congres.cat<\/td>\n<\/tr>\n<tr>\n<td>Ed F\u00edsica<\/td>\n<td>Moreno Vitoria, Laura<\/td>\n<td>laura.moreno@congres.cat<\/td>\n<\/tr>\n<tr>\n<td>F\u00edsica i Qu\u00edmica<\/td>\n<td>Moreno Porta, Maria Montserrat<\/td>\n<td>montse.moreno@congres.cat<\/td>\n<\/tr>\n<tr>\n<td>Digitalitzaci\u00f3<\/td>\n<td>Borda Boreu, Antonia<\/td>\n<td>antonia.borda@congres.cat<\/td>\n<\/tr>\n<tr>\n<td>Tecnologia<\/td>\n<td>L\u00f3pez P\u00e9rez, Yolanda Amada<\/td>\n<td>yolanda.lopez@congres.cat<\/td>\n<\/tr>\n<tr>\n<td>Tecnologia<\/td>\n<td>Collado Ramon, Monica<\/td>\n<td>monica.collado@congres.cat<\/td>\n<\/tr>\n<tr>\n<td>Filosofia<\/td>\n<td>Piperberg, Michelle<\/td>\n<td>michelle.piperberg@congres.cat<\/td>\n<\/tr>\n<tr>\n<td>Cultura Cient\u00edfica<\/td>\n<td>Roig Camacho, Josep Maria<\/td>\n<td>josepmaria.roig@congres.cat<\/td>\n<\/tr>\n<tr>\n<td>Expressi\u00f3 Art\u00edstica<\/td>\n<td>Rambla Ferrer, Eduard<\/td>\n<td>eduard.rambla@congres.cat<\/td>\n<\/tr>\n<tr>\n<td>Religi\u00f3<\/td>\n<td>Homar Toboso, Eulalia<\/td>\n<td>eulalia.homar@congres.cat<\/td>\n<\/tr>\n<tr>\n<td>Activitats c\u00edviques<\/td>\n<td>Piperberg, Michelle<\/td>\n<td>michelle.piperberg@congres.cat<\/td>\n<\/tr>\n<tr>\n<td>Tutoria<\/td>\n<td>L\u00f3pez P\u00e9rez, Yolanda Amada<\/td>\n<td>yolanda.lopez@congres.cat<\/td>\n<\/tr>\n<tr>\n<td>Cotutoria<\/td>\n<td>Ajenjo Rodriguez, Gema Estela<\/td>\n<td>gema.ajenjo@congres.cat<\/td>\n<\/tr>\n<tr>\n<td>Lectura<\/td>\n<td>V\u00e1zquez S\u00e1ez, Anna<\/td>\n<td>anna.vazquez@congres.cat<\/td>\n<\/tr>\n<\/tbody>\n<\/table>\n<table dir=\"ltr\" border=\"1\" cellspacing=\"0\" cellpadding=\"0\" data-sheets-root=\"1\" data-sheets-baot=\"1\">\n<colgroup>\n<col width=\"250\" \/>\n<col width=\"250\" \/>\n<col width=\"200\" \/><\/colgroup>\n<tbody>\n<tr>\n<td><strong>GRUP<\/strong><\/td>\n<td><strong>4 T\u00cdBER<\/strong><\/td>\n<td><\/td>\n<\/tr>\n<tr>\n<td><\/td>\n<td><\/td>\n<td><\/td>\n<\/tr>\n<tr>\n<td><strong>Nom Mat\u00e8ria<\/strong><\/td>\n<td><strong>Professor<\/strong><\/td>\n<td><strong>Correu electr\u00f2nic<\/strong><\/td>\n<\/tr>\n<tr>\n<td>Catal\u00e0<\/td>\n<td>Cucala Roca, Anna<\/td>\n<td>anna.cucala@congres.cat<\/td>\n<\/tr>\n<tr>\n<td>Castell\u00e0<\/td>\n<td>Burillo Maximino, Beatriz<\/td>\n<td>beatriz.burillo@congres.cat<\/td>\n<\/tr>\n<tr>\n<td>Angl\u00e8s<\/td>\n<td>Adriel Sol\u00e9, Gustavo Javier<\/td>\n<td>gustavo.adriel@congres.cat<\/td>\n<\/tr>\n<tr>\n<td>Codoc\u00e8ncia Angl\u00e8s<\/td>\n<td>Burillo Maximino, Beatriz<\/td>\n<td>beatriz.burillo@congres.cat<\/td>\n<\/tr>\n<tr>\n<td>Matem\u00e0tiques<\/td>\n<td>Capdevila i Hern\u00e1ndez, Sergi<\/td>\n<td>sergi.capdevila@congres.cat<\/td>\n<\/tr>\n<tr>\n<td>Codoc\u00e8ncia Matem\u00e0tiques<\/td>\n<td>Collado Ramon, Monica<\/td>\n<td>monica.collado@congres.cat<\/td>\n<\/tr>\n<tr>\n<td>Socials<\/td>\n<td>Ajenjo Rodriguez, Gema Estela<\/td>\n<td>gema.ajenjo@congres.cat<\/td>\n<\/tr>\n<tr>\n<td>Educaci\u00f3 en valors c\u00edvics i \u00e8tics<\/td>\n<td>Garrido Medina, Alejandro<\/td>\n<td>alejandro.garrido@congres.cat<\/td>\n<\/tr>\n<tr>\n<td>Ed F\u00edsica<\/td>\n<td>Moreno Vitoria, Laura<\/td>\n<td>laura.moreno@congres.cat<\/td>\n<\/tr>\n<tr>\n<td>Llat\u00ed<\/td>\n<td>Garrido Medina, Alejandro<\/td>\n<td>alejandro.garrido@congres.cat<\/td>\n<\/tr>\n<tr>\n<td>Economia b\u00e0sica<\/td>\n<td>Teringuer Moliner, Laura<\/td>\n<td>laura.teringuer@congres.cat<\/td>\n<\/tr>\n<tr>\n<td>Filosofia<\/td>\n<td>Piperberg, Michelle<\/td>\n<td>michelle.piperberg@congres.cat<\/td>\n<\/tr>\n<tr>\n<td>Cultura Cient\u00edfica<\/td>\n<td>Roig Camacho, Josep Maria<\/td>\n<td>josepmaria.roig@congres.cat<\/td>\n<\/tr>\n<tr>\n<td>Expressi\u00f3 Art\u00edstica<\/td>\n<td>Rambla Ferrer, Eduard<\/td>\n<td>eduard.rambla@congres.cat<\/td>\n<\/tr>\n<tr>\n<td>Religi\u00f3<\/td>\n<td>Homar Toboso, Eulalia<\/td>\n<td>eulalia.homar@congres.cat<\/td>\n<\/tr>\n<tr>\n<td>Activitats c\u00edviques<\/td>\n<td>V\u00e1zquez S\u00e1ez, Anna<\/td>\n<td>anna.vazquez@congres.cat<\/td>\n<\/tr>\n<tr>\n<td>Tutoria<\/td>\n<td>Burillo Maximino, Beatriz<\/td>\n<td>beatriz.burillo@congres.cat<\/td>\n<\/tr>\n<tr>\n<td>Cotutoria<\/td>\n<td>Garrido Medina, Alejandro<\/td>\n<td>alejandro.garrido@congres.cat<\/td>\n<\/tr>\n<tr>\n<td>Lectura<\/td>\n<td>Cucala Roca, Anna<\/td>\n<td>anna.cucala<span class=\"atwho-query\">@congres.cat<\/span><\/td>\n<\/tr>\n<\/tbody>\n<\/table>\n","protected":false},"excerpt":{"rendered":"<p>GRUP<br \/>\n4 BESOS<\/p>\n<p>Nom Mat\u00e8ria<br \/>\nProfessor<br \/>\nCorreu electr\u00f2nic<\/p>\n<p>Catal\u00e0<br \/>\nCucala Roca, Anna<br \/>\nanna.cucala@congres.cat<\/p>\n<p>Codoc\u00e8ncia Catal\u00e0<br \/>\nVarela S\u00e1nchez, Lucas<br \/>\nlucas.varela@congres.cat<\/p>\n<p>Castell\u00e0<br \/>\nBurillo Maximino, Beatriz<br \/>\nbeatriz.burillo@congres.cat<\/p>\n<p>Codoc\u00e8ncia Castell\u00e0<br \/>\nPiperberg, Michelle<br \/>\nmichelle.piperberg@congres.cat<\/p>\n<p>Angl\u00e8s<br \/>\nPolonska, Anzhela<br \/>\nanzhela.polonska@congres.cat<\/p>\n<p>Codoc\u00e8ncia Angl\u00e8s<br \/>\nAdriel Sol\u00e9, Gustavo Javier<br \/>\ngustavo.adriel@congres.cat<\/p>\n<p>Matem\u00e0tiques<br \/>\nCapdevila i Hern\u00e1ndez, Sergi<br \/>\nsergi.capdevila@congres.cat<\/p>\n<p>Socials<br \/>\nV\u00e1zquez S\u00e1ez, Anna<br \/>\nanna.vazquez@congres.cat<\/p>\n<p>Codoc\u00e8ncia Socials<br \/>\nMontan\u00e9 Ard\u00e8vol, N\u00faria<br \/>\nnuria.montane@congres.cat<\/p>\n<p>Educaci\u00f3 en valors c\u00edvics i \u00e8tics<br \/>\nGarrido Medina, Alejandro<br \/>\nalejandro.garrido@congres.cat<\/p>\n<p>Ed F\u00edsica<br \/>\nMoreno Vitoria, Laura<br \/>\nlaura.moreno@congres.cat<\/p>\n<p>Economia b\u00e0sica<br \/>\nTeringuer Moliner, Laura<br \/>\nlaura.teringuer@congres.cat<\/p>\n<p>Tecnologia<br \/>\nL\u00f3pez P\u00e9rez, Yolanda Amada<br \/>\nyolanda.lopez@congres.cat<\/p>\n<p>Expressi\u00f3 Art\u00edstica<br \/>\nDom\u00ednguez Arrayas, Maria<br \/>\nmaria.dominguez@congres.cat<\/p>\n<p>Religi\u00f3<br \/>\nHomar&hellip;  <a href=\"https:\/\/agora.xtec.cat\/ies-barcelona-congres\/4t-deso\/\" title=\"Read 4t d&#8217;ESO\">Llegeix m\u00e9s\u00bb<\/a><\/p>\n","protected":false},"author":1,"featured_media":0,"parent":0,"menu_order":0,"comment_status":"closed","ping_status":"closed","template":"","meta":{"_bbp_topic_count":0,"_bbp_reply_count":0,"_bbp_total_topic_count":0,"_bbp_total_reply_count":0,"_bbp_voice_count":0,"_bbp_anonymous_reply_count":0,"_bbp_topic_count_hidden":0,"_bbp_reply_count_hidden":0,"_bbp_forum_subforum_count":0,"footnotes":""},"class_list":["post-6768","page","type-page","status-publish","hentry"],"post_mailing_queue_ids":[],"_links":{"self":[{"href":"https:\/\/agora.xtec.cat\/ies-barcelona-congres\/wp-json\/wp\/v2\/pages\/6768","targetHints":{"allow":["GET"]}}],"collection":[{"href":"https:\/\/agora.xtec.cat\/ies-barcelona-congres\/wp-json\/wp\/v2\/pages"}],"about":[{"href":"https:\/\/agora.xtec.cat\/ies-barcelona-congres\/wp-json\/wp\/v2\/types\/page"}],"author":[{"embeddable":true,"href":"https:\/\/agora.xtec.cat\/ies-barcelona-congres\/wp-json\/wp\/v2\/users\/1"}],"replies":[{"embeddable":true,"href":"https:\/\/agora.xtec.cat\/ies-barcelona-congres\/wp-json\/wp\/v2\/comments?post=6768"}],"version-history":[{"count":6,"href":"https:\/\/agora.xtec.cat\/ies-barcelona-congres\/wp-json\/wp\/v2\/pages\/6768\/revisions"}],"predecessor-version":[{"id":7921,"href":"https:\/\/agora.xtec.cat\/ies-barcelona-congres\/wp-json\/wp\/v2\/pages\/6768\/revisions\/7921"}],"wp:attachment":[{"href":"https:\/\/agora.xtec.cat\/ies-barcelona-congres\/wp-json\/wp\/v2\/media?parent=6768"}],"curies":[{"name":"wp","href":"https:\/\/api.w.org\/{rel}","templated":true}]}}