{"id":3101,"date":"2020-07-03T11:39:56","date_gmt":"2020-07-03T09:39:56","guid":{"rendered":"https:\/\/agora.xtec.cat\/ies-barcelona-congres\/?page_id=3101"},"modified":"2024-09-04T09:01:57","modified_gmt":"2024-09-04T07:01:57","slug":"informacio-per-a-la-matricula-eso-i-batxillerat","status":"publish","type":"page","link":"https:\/\/agora.xtec.cat\/ies-barcelona-congres\/informacio-per-a-la-matricula-eso-i-batxillerat\/","title":{"rendered":"Matr\u00edcula ESO i BATXILLERAT 2024-2025"},"content":{"rendered":"<h4 style=\"text-align: center;\"><\/h4>\n<table style=\"border-collapse: collapse; width: 100%; height: 200px;\">\n<tbody>\n<tr style=\"height: 64px;\">\n<td style=\"width: 33.3333%; height: 64px;\"><img loading=\"lazy\" decoding=\"async\" class=\"aligncenter wp-image-3840 size-full\" src=\"https:\/\/agora.xtec.cat\/ies-barcelona-congres\/wp-content\/uploads\/usu10\/2021\/04\/button-2.png\" alt=\"\" width=\"184\" height=\"48\" \/><\/td>\n<td style=\"width: 33.3333%; height: 64px;\"><img loading=\"lazy\" decoding=\"async\" class=\"aligncenter wp-image-3842 size-full\" src=\"https:\/\/agora.xtec.cat\/ies-barcelona-congres\/wp-content\/uploads\/usu10\/2021\/04\/button-3.png\" alt=\"\" width=\"218\" height=\"48\" \/><\/td>\n<td style=\"width: 33.3333%; height: 64px;\"><img loading=\"lazy\" decoding=\"async\" class=\"aligncenter wp-image-3841 size-full\" src=\"https:\/\/agora.xtec.cat\/ies-barcelona-congres\/wp-content\/uploads\/usu10\/2021\/04\/button-4.png\" alt=\"\" width=\"208\" height=\"48\" \/><\/td>\n<\/tr>\n<tr style=\"height: 136px;\">\n<td style=\"width: 33.3333%; height: 136px; text-align: center;\">\n<h6><a href=\"https:\/\/www.edubcn.cat\/ca\/alumnat_i_familia\/informacio_general_matriculacio\/preinscripcio#!\/%23\/1\" target=\"_blank\" rel=\"noopener\">ENLLA\u00c7<\/a><\/h6>\n<\/td>\n<td style=\"width: 33.3333%; height: 136px; text-align: center;\">\n<h6><span style=\"color: #000000;\"><strong>ESO<\/strong><\/span><\/h6>\n<h6><a href=\"https:\/\/drive.google.com\/file\/d\/1Cjrzzo3LzwtfI6JNqcSbKUCpk9cLtt09\/view?usp=sharing\" target=\"_blank\" rel=\"noopener\">Oferta places\u00a0 preinscripci\u00f3<\/a><\/h6>\n<h6><a href=\"https:\/\/drive.google.com\/file\/d\/1jyAmefOs02LD9oirDlFoh7o-e-oqORe3\/view?usp=sharing\" target=\"_blank\" rel=\"noopener\">Barem provisional primera petici\u00f3<\/a><\/h6>\n<h6><a href=\"https:\/\/drive.google.com\/file\/d\/1ddTrGBKJo-3_BbqvTCjHxRfM804qvizt\/view?usp=sharing\" target=\"_blank\" rel=\"noopener\">Barem primera petici\u00f3<\/a><\/h6>\n<h6><a href=\"https:\/\/drive.google.com\/file\/d\/1BCdAU6btqYObhT4CHTbvPl1LXD-DVd3_\/view?usp=sharing\" target=\"_blank\" rel=\"noopener\">Llista definitiva<\/a><\/h6>\n<h6><a href=\"https:\/\/drive.google.com\/file\/d\/13d0IFLj5-anai8jFyJUELiIzN0HoJiFf\/view?usp=sharing\" target=\"_blank\" rel=\"noopener\">Alumnes assignats primera petici\u00f3<\/a><\/h6>\n<h6><a href=\"https:\/\/drive.google.com\/file\/d\/1oCwx95abHj0RaT89kI-Ke3_aUi3WH5uw\/view?usp=sharing\" target=\"_blank\" rel=\"noopener\">Alumnes preinscrits<\/a><\/h6>\n<h6><a href=\"https:\/\/drive.google.com\/file\/d\/1pCwpbw1QBP5eJ1ZbJT0d77TVs_ncnmOH\/view?usp=sharing\" target=\"_blank\" rel=\"noopener\">Llista d&#8217;espera<\/a><\/h6>\n<hr \/>\n<h6><span style=\"color: #000000;\"><strong>BATXILLERAT<\/strong><\/span><\/h6>\n<h6><a href=\"https:\/\/drive.google.com\/file\/d\/1LDiAxtJ37vrtcxMgD9BQU4DcbGaRR_Hz\/view?usp=sharing\" target=\"_blank\" rel=\"noopener\">Oferta places\u00a0 preinscripci\u00f3<\/a><\/h6>\n<h6><a href=\"https:\/\/drive.google.com\/file\/d\/1dPDuhLTxiNJD1PVxnP8e6KtMnRBys569\/view?usp=sharing\" target=\"_blank\" rel=\"noopener\">Barem provisional\u00a0<\/a><\/h6>\n<h6><a href=\"https:\/\/drive.google.com\/file\/d\/1gPS4T2I14BkgGyGRNb_u9_K2XF5hK0S3\/view?usp=sharing\" target=\"_blank\" rel=\"noopener\">Llista definitiva<\/a><\/h6>\n<h6><a href=\"https:\/\/drive.google.com\/file\/d\/1RBZKqwMRx33Gtec2CC8aJwZt-q5hZc7Y\/view?usp=sharing\" target=\"_blank\" rel=\"noopener\">Llista ordenada<\/a><\/h6>\n<h6><a href=\"https:\/\/drive.google.com\/file\/d\/1zh21H953IH3cQ87fWMmxP_qlz5p1XYj-\/view?usp=sharing\" target=\"_blank\" rel=\"noopener\">Assignats al centre primera petici\u00f3<\/a><\/h6>\n<\/td>\n<td style=\"width: 33.3333%; height: 136px; text-align: center;\">\n<h6><span style=\"color: #000000;\"><strong>ESO ALUMNAT NOU<\/strong><\/span><\/h6>\n<p><span style=\"color: #000000;\"><b>18 a 26 de juny<\/b><\/span><\/p>\n<p><a href=\"https:\/\/drive.google.com\/file\/d\/11rd8kmsha59Z_2IcPDLz6MPonPWrCiJO\/view?usp=sharing\" target=\"_blank\" rel=\"noopener\">OFERTA FINAL DE PLACES ESO\u00a0<\/a><\/p>\n<div><a href=\"https:\/\/calendar.app.google\/icADmmXotpssvCoE6\" target=\"_blank\" rel=\"noopener\" data-saferedirecturl=\"https:\/\/www.google.com\/url?q=https:\/\/calendar.app.google\/icADmmXotpssvCoE6&amp;source=gmail&amp;ust=1718355535375000&amp;usg=AOvVaw1Dkj8AHkQiCS45g10kx8tK\">Reserva cita pr\u00e8via matr\u00edcula Adm 1<\/a><\/div>\n<div><\/div>\n<div><a href=\"https:\/\/calendar.app.google\/APxFCGzhurMwiSsL7\" target=\"_blank\" rel=\"noopener\" data-saferedirecturl=\"https:\/\/www.google.com\/url?q=https:\/\/calendar.app.google\/APxFCGzhurMwiSsL7&amp;source=gmail&amp;ust=1718355535375000&amp;usg=AOvVaw13ndz8ym7jxV0AELGiXpQU\">Reserva cita pr\u00e8via matr\u00edcula Adm 2<\/a><\/div>\n<div><\/div>\n<div><a href=\"https:\/\/drive.google.com\/file\/d\/1Tkbd_wJH_pw73YU3E4XUsb3BPKV4ZDsI\/view?usp=sharing\" target=\"_blank\" rel=\"noopener\">Documentaci\u00f3 necess\u00e0ria<\/a><\/div>\n<hr \/>\n<h6><span style=\"color: #000000;\"><strong>BATXILLERAT<\/strong><\/span><\/h6>\n<div class=\"gmail_default\"><b>\u00a021 de juny a l&#8217;1 de juliol<\/b><\/div>\n<h6 class=\"gmail_default\">Cita pr\u00e8via\u00a0 <a href=\"https:\/\/calendar.google.com\/calendar\/u\/0\/appointments\/schedules\/AcZssZ2ttat7QyT9YudFWzqkLu7bulIrqZpDiL2mzQVdWQlrB35RiGIGryExPDI2325DscqKLeG8bpMC\" target=\"_blank\" rel=\"noopener\" data-saferedirecturl=\"https:\/\/www.google.com\/url?q=https:\/\/calendar.google.com\/calendar\/u\/0\/appointments\/schedules\/AcZssZ2ttat7QyT9YudFWzqkLu7bulIrqZpDiL2mzQVdWQlrB35RiGIGryExPDI2325DscqKLeG8bpMC&amp;source=gmail&amp;ust=1719045956025000&amp;usg=AOvVaw3tyjA8Vo0SVf0Rkbp_SCMY\">enlla\u00e7<\/a><\/h6>\n<h6><\/h6>\n<h6>Teniu tota la informaci\u00f3 i documentaci\u00f3 necess\u00e0ria al correu electr\u00f2nic.<\/h6>\n<\/td>\n<\/tr>\n<\/tbody>\n<\/table>\n<h6 style=\"text-align: center;\"><\/h6>\n","protected":false},"excerpt":{"rendered":"<p><a href=\"https:\/\/www.edubcn.cat\/ca\/alumnat_i_familia\/informacio_general_matriculacio\/preinscripcio#!\/%23\/1\" target=\"_blank\" rel=\"noopener\">ENLLA\u00c7<\/a><\/p>\n<p>ESO<br \/>\n<a href=\"https:\/\/drive.google.com\/file\/d\/1Cjrzzo3LzwtfI6JNqcSbKUCpk9cLtt09\/view?usp=sharing\" target=\"_blank\" rel=\"noopener\">Oferta places\u00a0 preinscripci\u00f3<\/a><br \/>\n<a href=\"https:\/\/drive.google.com\/file\/d\/1jyAmefOs02LD9oirDlFoh7o-e-oqORe3\/view?usp=sharing\" target=\"_blank\" rel=\"noopener\">Barem provisional primera petici\u00f3<\/a><br \/>\n<a href=\"https:\/\/drive.google.com\/file\/d\/1ddTrGBKJo-3_BbqvTCjHxRfM804qvizt\/view?usp=sharing\" target=\"_blank\" rel=\"noopener\">Barem primera petici\u00f3<\/a><br \/>\n<a href=\"https:\/\/drive.google.com\/file\/d\/1BCdAU6btqYObhT4CHTbvPl1LXD-DVd3_\/view?usp=sharing\" target=\"_blank\" rel=\"noopener\">Llista definitiva<\/a><br \/>\n<a href=\"https:\/\/drive.google.com\/file\/d\/13d0IFLj5-anai8jFyJUELiIzN0HoJiFf\/view?usp=sharing\" target=\"_blank\" rel=\"noopener\">Alumnes assignats primera petici\u00f3<\/a><br \/>\n<a href=\"https:\/\/drive.google.com\/file\/d\/1oCwx95abHj0RaT89kI-Ke3_aUi3WH5uw\/view?usp=sharing\" target=\"_blank\" rel=\"noopener\">Alumnes preinscrits<\/a><br \/>\n<a href=\"https:\/\/drive.google.com\/file\/d\/1pCwpbw1QBP5eJ1ZbJT0d77TVs_ncnmOH\/view?usp=sharing\" target=\"_blank\" rel=\"noopener\">Llista d&#8217;espera<\/a><\/p>\n<p>BATXILLERAT<br \/>\n<a href=\"https:\/\/drive.google.com\/file\/d\/1LDiAxtJ37vrtcxMgD9BQU4DcbGaRR_Hz\/view?usp=sharing\" target=\"_blank\" rel=\"noopener\">Oferta places\u00a0 preinscripci\u00f3<\/a><br \/>\n<a href=\"https:\/\/drive.google.com\/file\/d\/1dPDuhLTxiNJD1PVxnP8e6KtMnRBys569\/view?usp=sharing\" target=\"_blank\"&hellip;  <a href=\"https:\/\/agora.xtec.cat\/ies-barcelona-congres\/informacio-per-a-la-matricula-eso-i-batxillerat\/\" title=\"Read Matr\u00edcula ESO i BATXILLERAT 2024-2025\">Llegeix m\u00e9s\u00bb<\/a><\/p>\n","protected":false},"author":1,"featured_media":0,"parent":0,"menu_order":0,"comment_status":"closed","ping_status":"closed","template":"","meta":{"_bbp_topic_count":0,"_bbp_reply_count":0,"_bbp_total_topic_count":0,"_bbp_total_reply_count":0,"_bbp_voice_count":0,"_bbp_anonymous_reply_count":0,"_bbp_topic_count_hidden":0,"_bbp_reply_count_hidden":0,"_bbp_forum_subforum_count":0,"footnotes":""},"class_list":["post-3101","page","type-page","status-publish","hentry"],"post_mailing_queue_ids":[],"_links":{"self":[{"href":"https:\/\/agora.xtec.cat\/ies-barcelona-congres\/wp-json\/wp\/v2\/pages\/3101","targetHints":{"allow":["GET"]}}],"collection":[{"href":"https:\/\/agora.xtec.cat\/ies-barcelona-congres\/wp-json\/wp\/v2\/pages"}],"about":[{"href":"https:\/\/agora.xtec.cat\/ies-barcelona-congres\/wp-json\/wp\/v2\/types\/page"}],"author":[{"embeddable":true,"href":"https:\/\/agora.xtec.cat\/ies-barcelona-congres\/wp-json\/wp\/v2\/users\/1"}],"replies":[{"embeddable":true,"href":"https:\/\/agora.xtec.cat\/ies-barcelona-congres\/wp-json\/wp\/v2\/comments?post=3101"}],"version-history":[{"count":5,"href":"https:\/\/agora.xtec.cat\/ies-barcelona-congres\/wp-json\/wp\/v2\/pages\/3101\/revisions"}],"predecessor-version":[{"id":9527,"href":"https:\/\/agora.xtec.cat\/ies-barcelona-congres\/wp-json\/wp\/v2\/pages\/3101\/revisions\/9527"}],"wp:attachment":[{"href":"https:\/\/agora.xtec.cat\/ies-barcelona-congres\/wp-json\/wp\/v2\/media?parent=3101"}],"curies":[{"name":"wp","href":"https:\/\/api.w.org\/{rel}","templated":true}]}}