{"id":3047,"date":"2020-06-05T12:58:39","date_gmt":"2020-06-05T10:58:39","guid":{"rendered":"https:\/\/agora.xtec.cat\/ies-barcelona-congres\/?page_id=3047"},"modified":"2024-01-11T21:49:57","modified_gmt":"2024-01-11T20:49:57","slug":"batxillerat-professionalitzador","status":"publish","type":"page","link":"https:\/\/agora.xtec.cat\/ies-barcelona-congres\/batxillerat-professionalitzador\/","title":{"rendered":"Batxillerat professionalitzador"},"content":{"rendered":"<p style=\"text-align: justify;\"><span style=\"font-weight: 400;\">Aquesta modalitat de batxillerat s&#8217;allibera de la necessitat de preparar per a les Proves d&#8217;Acc\u00e9s a la Universitat. Aix\u00f2 permet un enfocament m\u00e9s competencial i una millor atenci\u00f3 a les necessitats de tot l\u2019alumnat, preparant efica\u00e7ment per a la continu\u00eftat de la formaci\u00f3 amb els estudis de Formaci\u00f3 Professional de Grau Superior,.<\/span><\/p>\n<p style=\"text-align: justify;\">La modalitat del Batxillerat PRO \u00e9s social human\u00edstica, per\u00f2 a trav\u00e9s de les mat\u00e8ries espec\u00edfiques proporciona una preparaci\u00f3 suficient en orientaci\u00f3 laboral (Formaci\u00f3 i Orientaci\u00f3 Laboral).<\/p>\n<p style=\"text-align: justify;\"><span style=\"font-weight: 400;\">Aquesta \u00e9s la relaci\u00f3 de mat\u00e8ries:<\/span><\/p>\n<p><img loading=\"lazy\" decoding=\"async\" class=\"aligncenter wp-image-6944 size-full\" src=\"https:\/\/agora.xtec.cat\/ies-barcelona-congres\/wp-content\/uploads\/usu10\/2024\/01\/Curriculum-de-batxillerat-Per-modalitats_page-0007.jpg\" alt=\"\" width=\"1241\" height=\"1755\" srcset=\"https:\/\/agora.xtec.cat\/ies-barcelona-congres\/wp-content\/uploads\/usu10\/2024\/01\/Curriculum-de-batxillerat-Per-modalitats_page-0007.jpg 1241w, https:\/\/agora.xtec.cat\/ies-barcelona-congres\/wp-content\/uploads\/usu10\/2024\/01\/Curriculum-de-batxillerat-Per-modalitats_page-0007-212x300.jpg 212w, https:\/\/agora.xtec.cat\/ies-barcelona-congres\/wp-content\/uploads\/usu10\/2024\/01\/Curriculum-de-batxillerat-Per-modalitats_page-0007-724x1024.jpg 724w, https:\/\/agora.xtec.cat\/ies-barcelona-congres\/wp-content\/uploads\/usu10\/2024\/01\/Curriculum-de-batxillerat-Per-modalitats_page-0007-768x1086.jpg 768w, https:\/\/agora.xtec.cat\/ies-barcelona-congres\/wp-content\/uploads\/usu10\/2024\/01\/Curriculum-de-batxillerat-Per-modalitats_page-0007-1086x1536.jpg 1086w\" sizes=\"auto, (max-width: 1241px) 100vw, 1241px\" \/> <img loading=\"lazy\" decoding=\"async\" class=\"aligncenter wp-image-6945 size-full\" src=\"https:\/\/agora.xtec.cat\/ies-barcelona-congres\/wp-content\/uploads\/usu10\/2024\/01\/Curriculum-de-batxillerat-Per-modalitats_page-0003.jpg\" alt=\"\" width=\"1241\" height=\"1755\" srcset=\"https:\/\/agora.xtec.cat\/ies-barcelona-congres\/wp-content\/uploads\/usu10\/2024\/01\/Curriculum-de-batxillerat-Per-modalitats_page-0003.jpg 1241w, https:\/\/agora.xtec.cat\/ies-barcelona-congres\/wp-content\/uploads\/usu10\/2024\/01\/Curriculum-de-batxillerat-Per-modalitats_page-0003-212x300.jpg 212w, https:\/\/agora.xtec.cat\/ies-barcelona-congres\/wp-content\/uploads\/usu10\/2024\/01\/Curriculum-de-batxillerat-Per-modalitats_page-0003-724x1024.jpg 724w, https:\/\/agora.xtec.cat\/ies-barcelona-congres\/wp-content\/uploads\/usu10\/2024\/01\/Curriculum-de-batxillerat-Per-modalitats_page-0003-768x1086.jpg 768w, https:\/\/agora.xtec.cat\/ies-barcelona-congres\/wp-content\/uploads\/usu10\/2024\/01\/Curriculum-de-batxillerat-Per-modalitats_page-0003-1086x1536.jpg 1086w\" sizes=\"auto, (max-width: 1241px) 100vw, 1241px\" \/><\/p>\n<p>&nbsp;<\/p>\n<p style=\"text-align: justify;\">\n","protected":false},"excerpt":{"rendered":"<p>Aquesta modalitat de batxillerat s&#8217;allibera de la necessitat de preparar per a les Proves d&#8217;Acc\u00e9s a la Universitat. Aix\u00f2 permet un enfocament m\u00e9s competencial i una millor atenci\u00f3 a les necessitats de tot l\u2019alumnat, preparant efica\u00e7ment per a la continu\u00eftat de la formaci\u00f3 amb els&hellip;  <a href=\"https:\/\/agora.xtec.cat\/ies-barcelona-congres\/batxillerat-professionalitzador\/\" title=\"Read Batxillerat professionalitzador\">Llegeix m\u00e9s\u00bb<\/a><\/p>\n","protected":false},"author":1,"featured_media":0,"parent":0,"menu_order":0,"comment_status":"closed","ping_status":"closed","template":"","meta":{"_bbp_topic_count":0,"_bbp_reply_count":0,"_bbp_total_topic_count":0,"_bbp_total_reply_count":0,"_bbp_voice_count":0,"_bbp_anonymous_reply_count":0,"_bbp_topic_count_hidden":0,"_bbp_reply_count_hidden":0,"_bbp_forum_subforum_count":0,"footnotes":""},"class_list":["post-3047","page","type-page","status-publish","hentry"],"post_mailing_queue_ids":[],"_links":{"self":[{"href":"https:\/\/agora.xtec.cat\/ies-barcelona-congres\/wp-json\/wp\/v2\/pages\/3047","targetHints":{"allow":["GET"]}}],"collection":[{"href":"https:\/\/agora.xtec.cat\/ies-barcelona-congres\/wp-json\/wp\/v2\/pages"}],"about":[{"href":"https:\/\/agora.xtec.cat\/ies-barcelona-congres\/wp-json\/wp\/v2\/types\/page"}],"author":[{"embeddable":true,"href":"https:\/\/agora.xtec.cat\/ies-barcelona-congres\/wp-json\/wp\/v2\/users\/1"}],"replies":[{"embeddable":true,"href":"https:\/\/agora.xtec.cat\/ies-barcelona-congres\/wp-json\/wp\/v2\/comments?post=3047"}],"version-history":[{"count":5,"href":"https:\/\/agora.xtec.cat\/ies-barcelona-congres\/wp-json\/wp\/v2\/pages\/3047\/revisions"}],"predecessor-version":[{"id":6947,"href":"https:\/\/agora.xtec.cat\/ies-barcelona-congres\/wp-json\/wp\/v2\/pages\/3047\/revisions\/6947"}],"wp:attachment":[{"href":"https:\/\/agora.xtec.cat\/ies-barcelona-congres\/wp-json\/wp\/v2\/media?parent=3047"}],"curies":[{"name":"wp","href":"https:\/\/api.w.org\/{rel}","templated":true}]}}