{"id":3043,"date":"2020-06-05T12:57:20","date_gmt":"2020-06-05T10:57:20","guid":{"rendered":"https:\/\/agora.xtec.cat\/ies-barcelona-congres\/?page_id=3043"},"modified":"2024-01-11T10:56:35","modified_gmt":"2024-01-11T09:56:35","slug":"batxillerat","status":"publish","type":"page","link":"https:\/\/agora.xtec.cat\/ies-barcelona-congres\/batxillerat\/","title":{"rendered":"Batxillerat"},"content":{"rendered":"<p style=\"text-align: justify;\">El batxillerat \u00e9s l\u2019etapa que es cursa normalment entre els 16 i els 18 anys, tot i que \u00e9s oberta a persones de qualsevol edat, ja sigui de forma presencial o a dist\u00e0ncia. \u00c9s un cicle format per dos cursos de trenta hores lectives setmanals.El batxillerat prepara els alumnes per a la seva\u00a0<span id=\"m_1156902330740249412m_-3380191371372935690:15a.28\">incorporaci\u00f3<\/span>\u00a0a estudis posteriors, tant\u00a0<span id=\"m_1156902330740249412m_-3380191371372935690:15a.29\">professionals<\/span>\u00a0com\u00a0<span id=\"m_1156902330740249412m_-3380191371372935690:15a.30\">universitaris<\/span>, i per a l\u2019acc\u00e9s al m\u00f3n laboral. Al nostre centre es cursen les modalitats d\u2019Humanitats i ci\u00e8ncies Socials i de Ci\u00e8ncies i tecnologia.<\/p>\n<div style=\"text-align: justify;\"><\/div>\n<ul>\n<li>Batxillerat cient\u00edfic i tecnol\u00f2gic S\u2019adre\u00e7a a l\u2019alumnat interessat per les ci\u00e8ncies <span id=\"m_1156902330740249412m_-3380191371372935690:15a.31\">experimentals<\/span>, les matem\u00e0tiques, els estudis relacionats amb continguts\u00a0<span id=\"m_1156902330740249412m_-3380191371372935690:15a.32\">cientificosanitaris<\/span>\u00a0i el m\u00f3n dels processos tecnol\u00f2gics i dels materials, instruments, aparells i m\u00e0quines que s\u2019utilitzen en la producci\u00f3 de b\u00e9ns i serveis.<\/li>\n<li style=\"text-align: justify;\">Batxillerat social i human\u00edstic S\u2019adre\u00e7a a l\u2019alumnat amb inquietuds relacionades amb els estudis ling\u00fc\u00edstics i literaris, la filosofia, les <span id=\"m_1156902330740249412m_-3380191371372935690:15a.33\">manifestacions<\/span>\u00a0culturals, les ci\u00e8ncies socials, jur\u00eddiques, pol\u00edtiques i econ\u00f2miques, la gesti\u00f3 i\u00a0<span id=\"m_1156902330740249412m_-3380191371372935690:15a.34\">administraci\u00f3<\/span>\u00a0p\u00fablica, la comunicaci\u00f3, les relacions p\u00fabliques, la publicitat, el turisme i altres serveis d\u2019oci.<\/li>\n<\/ul>\n<p>&nbsp;<\/p>\n<p><img loading=\"lazy\" decoding=\"async\" class=\"aligncenter wp-image-6941 size-full\" src=\"https:\/\/agora.xtec.cat\/ies-barcelona-congres\/wp-content\/uploads\/usu10\/2024\/01\/Curriculum-de-batxillerat-Per-modalitats_page-0002.jpg\" alt=\"\" width=\"1241\" height=\"1755\" srcset=\"https:\/\/agora.xtec.cat\/ies-barcelona-congres\/wp-content\/uploads\/usu10\/2024\/01\/Curriculum-de-batxillerat-Per-modalitats_page-0002.jpg 1241w, https:\/\/agora.xtec.cat\/ies-barcelona-congres\/wp-content\/uploads\/usu10\/2024\/01\/Curriculum-de-batxillerat-Per-modalitats_page-0002-212x300.jpg 212w, https:\/\/agora.xtec.cat\/ies-barcelona-congres\/wp-content\/uploads\/usu10\/2024\/01\/Curriculum-de-batxillerat-Per-modalitats_page-0002-724x1024.jpg 724w, https:\/\/agora.xtec.cat\/ies-barcelona-congres\/wp-content\/uploads\/usu10\/2024\/01\/Curriculum-de-batxillerat-Per-modalitats_page-0002-768x1086.jpg 768w, https:\/\/agora.xtec.cat\/ies-barcelona-congres\/wp-content\/uploads\/usu10\/2024\/01\/Curriculum-de-batxillerat-Per-modalitats_page-0002-1086x1536.jpg 1086w\" sizes=\"auto, (max-width: 1241px) 100vw, 1241px\" \/> <img loading=\"lazy\" decoding=\"async\" class=\"aligncenter wp-image-6942 size-full\" src=\"https:\/\/agora.xtec.cat\/ies-barcelona-congres\/wp-content\/uploads\/usu10\/2024\/01\/Curriculum-de-batxillerat-Per-modalitats_page-0006.jpg\" alt=\"\" width=\"1241\" height=\"1755\" srcset=\"https:\/\/agora.xtec.cat\/ies-barcelona-congres\/wp-content\/uploads\/usu10\/2024\/01\/Curriculum-de-batxillerat-Per-modalitats_page-0006.jpg 1241w, https:\/\/agora.xtec.cat\/ies-barcelona-congres\/wp-content\/uploads\/usu10\/2024\/01\/Curriculum-de-batxillerat-Per-modalitats_page-0006-212x300.jpg 212w, https:\/\/agora.xtec.cat\/ies-barcelona-congres\/wp-content\/uploads\/usu10\/2024\/01\/Curriculum-de-batxillerat-Per-modalitats_page-0006-724x1024.jpg 724w, https:\/\/agora.xtec.cat\/ies-barcelona-congres\/wp-content\/uploads\/usu10\/2024\/01\/Curriculum-de-batxillerat-Per-modalitats_page-0006-768x1086.jpg 768w, https:\/\/agora.xtec.cat\/ies-barcelona-congres\/wp-content\/uploads\/usu10\/2024\/01\/Curriculum-de-batxillerat-Per-modalitats_page-0006-1086x1536.jpg 1086w\" sizes=\"auto, (max-width: 1241px) 100vw, 1241px\" \/><\/p>\n","protected":false},"excerpt":{"rendered":"<p>El batxillerat \u00e9s l\u2019etapa que es cursa normalment entre els 16 i els 18 anys, tot i que \u00e9s oberta a persones de qualsevol edat, ja sigui de forma presencial o a dist\u00e0ncia. \u00c9s un cicle format per dos cursos de trenta hores lectives setmanals.El&hellip;  <a href=\"https:\/\/agora.xtec.cat\/ies-barcelona-congres\/batxillerat\/\" title=\"Read Batxillerat\">Llegeix m\u00e9s\u00bb<\/a><\/p>\n","protected":false},"author":1,"featured_media":0,"parent":0,"menu_order":0,"comment_status":"closed","ping_status":"closed","template":"","meta":{"_bbp_topic_count":0,"_bbp_reply_count":0,"_bbp_total_topic_count":0,"_bbp_total_reply_count":0,"_bbp_voice_count":0,"_bbp_anonymous_reply_count":0,"_bbp_topic_count_hidden":0,"_bbp_reply_count_hidden":0,"_bbp_forum_subforum_count":0,"footnotes":""},"class_list":["post-3043","page","type-page","status-publish","hentry"],"post_mailing_queue_ids":[],"_links":{"self":[{"href":"https:\/\/agora.xtec.cat\/ies-barcelona-congres\/wp-json\/wp\/v2\/pages\/3043","targetHints":{"allow":["GET"]}}],"collection":[{"href":"https:\/\/agora.xtec.cat\/ies-barcelona-congres\/wp-json\/wp\/v2\/pages"}],"about":[{"href":"https:\/\/agora.xtec.cat\/ies-barcelona-congres\/wp-json\/wp\/v2\/types\/page"}],"author":[{"embeddable":true,"href":"https:\/\/agora.xtec.cat\/ies-barcelona-congres\/wp-json\/wp\/v2\/users\/1"}],"replies":[{"embeddable":true,"href":"https:\/\/agora.xtec.cat\/ies-barcelona-congres\/wp-json\/wp\/v2\/comments?post=3043"}],"version-history":[{"count":5,"href":"https:\/\/agora.xtec.cat\/ies-barcelona-congres\/wp-json\/wp\/v2\/pages\/3043\/revisions"}],"predecessor-version":[{"id":9288,"href":"https:\/\/agora.xtec.cat\/ies-barcelona-congres\/wp-json\/wp\/v2\/pages\/3043\/revisions\/9288"}],"wp:attachment":[{"href":"https:\/\/agora.xtec.cat\/ies-barcelona-congres\/wp-json\/wp\/v2\/media?parent=3043"}],"curies":[{"name":"wp","href":"https:\/\/api.w.org\/{rel}","templated":true}]}}