{"id":3038,"date":"2020-06-05T12:54:17","date_gmt":"2020-06-05T10:54:17","guid":{"rendered":"https:\/\/agora.xtec.cat\/ies-barcelona-congres\/?page_id=3038"},"modified":"2021-01-25T13:45:46","modified_gmt":"2021-01-25T12:45:46","slug":"eso","status":"publish","type":"page","link":"https:\/\/agora.xtec.cat\/ies-barcelona-congres\/eso\/","title":{"rendered":"ESO"},"content":{"rendered":"<p style=\"text-align: justify;\">L\u2019ESO \u00e9s l\u2019\u00faltima de les etapes de l\u2019ensenyament obligatori. Compr\u00e8n quatre cursos i aplega\u00a0<span id=\"m_1156902330740249412m_-3380191371372935690:15a.16\">habitualment<\/span>\u00a0alumnes dels 12 al 16 anys.<\/p>\n<p style=\"text-align: justify;\">A l&#8217;Institut Barcelona Congr\u00e9s organitzem\u00a0<span id=\"m_1156902330740249412m_-3380191371372935690:15a.17\">l&#8217;ESO<\/span>\u00a0en 4 grups per curs amb un nombre d&#8217;alumnes de 20 per aula per poder fer un treball m\u00e9s\u00a0<span id=\"m_1156902330740249412m_-3380191371372935690:15a.18\">personalitzat<\/span>.<\/p>\n<p style=\"text-align: justify;\"><span style=\"color: #444444; font-family: Open Sans, Arial, Helvetica, sans-serif;\">A 4t\u00a0<span id=\"m_1156902330740249412m_-3380191371372935690:15a.19\">d&#8217;ESO<\/span>\u00a0incorporem un cinqu\u00e8 grup de\u00a0<span id=\"m_1156902330740249412m_-3380191371372935690:15a.20\">Diversificaci\u00f3<\/span>\u00a0<span id=\"m_1156902330740249412m_-3380191371372935690:15a.21\">curricular<\/span>\u00a0per aquells alumnes amb un itinerari m\u00e9s\u00a0<span id=\"m_1156902330740249412m_-3380191371372935690:15a.22\">professional<\/span>. Aquest grup treballa a amb un curr\u00edculum organitzat per \u00e0mbits i incorpora pr\u00e0ctiques laborals en l&#8217;horari lectiu.\u00a0<\/span><\/p>\n<div>\n<p style=\"text-align: justify;\"><strong>Objectius de l\u2019ESO:<\/strong><\/p>\n<p style=\"text-align: justify;\">Segons el curr\u00edculum vigent, l\u2019ESO t\u00e9 com a objectius<\/p>\n<ol>\n<li style=\"text-align: justify;\">Assegurar un\u00a0<span id=\"m_1156902330740249412m_-3380191371372935690:15a.23\">desenvolupament<\/span>\u00a0personal i social s\u00f2lid amb relaci\u00f3 a l\u2019autonomia personal, la\u00a0<span id=\"m_1156902330740249412m_-3380191371372935690:15a.24\">interdepend\u00e8ncia<\/span>\u00a0amb altres persones i la gesti\u00f3 de l\u2019afectivitat.<\/li>\n<li><span id=\"m_1156902330740249412m_-3380191371372935690:15a.25\">Desenvolupar<\/span>\u00a0en el nivell adequat, com a forma de coneixement reflexiu, de formaci\u00f3 de pensament i d\u2019expressi\u00f3 d\u2019idees, les habilitats i compet\u00e8ncies culturals, personals i socials relatives a:\n<ol>\n<li style=\"text-align: justify;\">L\u2019expressi\u00f3 i la comprensi\u00f3 orals, l\u2019expressi\u00f3 escrita i la comprensi\u00f3 lectora, les compet\u00e8ncies matem\u00e0tiques i les compet\u00e8ncies necess\u00e0ries per a l\u2019\u00fas de les noves tecnologies i de la comunicaci\u00f3 audiovisual.<\/li>\n<li style=\"text-align: justify;\">La comprensi\u00f3 dels elements b\u00e0sics del m\u00f3n en els aspectes cient\u00edfics, socials, culturals, religiosos i art\u00edstics, en particular aquells elements que permetin un coneixement i arrelament a Catalunya.<\/li>\n<li style=\"text-align: justify;\">La\u00a0<span id=\"m_1156902330740249412m_-3380191371372935690:15a.26\">sensibilitat<\/span>\u00a0art\u00edstica i la creativitat.<\/li>\n<li style=\"text-align: justify;\">La\u00a0<span id=\"m_1156902330740249412m_-3380191371372935690:15a.27\">coresponsabilitat<\/span>\u00a0i el respecte a la igualtat de drets i d\u2019oportunitats de les persones.<\/li>\n<li style=\"text-align: justify;\">El treball i l\u2019estudi, individual i en equip, amb autonomia i capacitat cr\u00edtica.<\/li>\n<li style=\"text-align: justify;\">La resoluci\u00f3 de problemes de la vida quotidiana, la conviv\u00e8ncia i l\u2019exercici responsable de la ciutadania.<\/li>\n<li style=\"text-align: justify;\">L\u2019h\u00e0bit lector com a eina b\u00e0sica per accedir i construir coneixement i desplegar el potencial personal.<\/li>\n<\/ol>\n<\/li>\n<\/ol>\n<\/div>\n","protected":false},"excerpt":{"rendered":"<p>L\u2019ESO \u00e9s l\u2019\u00faltima de les etapes de l\u2019ensenyament obligatori. Compr\u00e8n quatre cursos i aplega\u00a0habitualment\u00a0alumnes dels 12 al 16 anys.<br \/>\nA l&#8217;Institut Barcelona Congr\u00e9s organitzem\u00a0l&#8217;ESO\u00a0en 4 grups per curs amb un nombre d&#8217;alumnes de 20 per aula per poder fer un treball m\u00e9s\u00a0personalitzat.<br \/>\nA 4t\u00a0d&#8217;ESO\u00a0incorporem un cinqu\u00e8 grup&hellip;  <a href=\"https:\/\/agora.xtec.cat\/ies-barcelona-congres\/eso\/\" title=\"Read ESO\">Llegeix m\u00e9s\u00bb<\/a><\/p>\n","protected":false},"author":1,"featured_media":0,"parent":0,"menu_order":0,"comment_status":"closed","ping_status":"closed","template":"","meta":{"_bbp_topic_count":0,"_bbp_reply_count":0,"_bbp_total_topic_count":0,"_bbp_total_reply_count":0,"_bbp_voice_count":0,"_bbp_anonymous_reply_count":0,"_bbp_topic_count_hidden":0,"_bbp_reply_count_hidden":0,"_bbp_forum_subforum_count":0,"footnotes":""},"class_list":["post-3038","page","type-page","status-publish","hentry"],"post_mailing_queue_ids":[],"_links":{"self":[{"href":"https:\/\/agora.xtec.cat\/ies-barcelona-congres\/wp-json\/wp\/v2\/pages\/3038","targetHints":{"allow":["GET"]}}],"collection":[{"href":"https:\/\/agora.xtec.cat\/ies-barcelona-congres\/wp-json\/wp\/v2\/pages"}],"about":[{"href":"https:\/\/agora.xtec.cat\/ies-barcelona-congres\/wp-json\/wp\/v2\/types\/page"}],"author":[{"embeddable":true,"href":"https:\/\/agora.xtec.cat\/ies-barcelona-congres\/wp-json\/wp\/v2\/users\/1"}],"replies":[{"embeddable":true,"href":"https:\/\/agora.xtec.cat\/ies-barcelona-congres\/wp-json\/wp\/v2\/comments?post=3038"}],"version-history":[{"count":3,"href":"https:\/\/agora.xtec.cat\/ies-barcelona-congres\/wp-json\/wp\/v2\/pages\/3038\/revisions"}],"predecessor-version":[{"id":3075,"href":"https:\/\/agora.xtec.cat\/ies-barcelona-congres\/wp-json\/wp\/v2\/pages\/3038\/revisions\/3075"}],"wp:attachment":[{"href":"https:\/\/agora.xtec.cat\/ies-barcelona-congres\/wp-json\/wp\/v2\/media?parent=3038"}],"curies":[{"name":"wp","href":"https:\/\/api.w.org\/{rel}","templated":true}]}}