{"id":19,"date":"2014-09-17T14:56:56","date_gmt":"2014-09-17T14:56:56","guid":{"rendered":"http:\/\/agora.xtec.cat\/ies-barcelona-congres\/?page_id=19"},"modified":"2021-01-25T13:40:32","modified_gmt":"2021-01-25T12:40:32","slug":"linstitut","status":"publish","type":"page","link":"https:\/\/agora.xtec.cat\/ies-barcelona-congres\/linstitut\/","title":{"rendered":"L&#8217;institut"},"content":{"rendered":"<p>Sigueu benvinguts a l&#8217;Institut Barcelona-Congr\u00e9s, centre de titularitat p\u00fablica del districte de Nou Barris de Barcelona.<\/p>\n<p>L\u2019objectiu global del col\u00b7lectiu docent del Centre \u00e9s l\u2019educaci\u00f3 integral de tots els nostres alumnes, la qual cosa inclou l\u2019educaci\u00f3 personal, social i intel\u00b7lectual. El professorat t\u00e9 la voluntat ferma d\u2019ajudar els nostres alumnes en el proc\u00e9s de maduraci\u00f3 personal en una etapa plena de dificultats, com \u00e9s l\u2019adolesc\u00e8ncia. Per aix\u00f2, el Centre es proposa:<\/p>\n<ul>\n<li>Valorar la persona per sobre de qualsevol altra condici\u00f3: sexe, creen\u00e7a, ra\u00e7a, capacitat, origen, cultura o llengua; i tenir cura especial de tots aquells aspectes que promoguin la igualtat entre els sexes i el respecte entre les persones.<\/li>\n<li>Promoure una gesti\u00f3 participativa i democr\u00e0tica en tots els estaments del centre per mitj\u00e0 dels organismes representatius de qu\u00e8 disposa.<\/li>\n<li>Afavorir les relacions del centre amb les institucions de l\u2019entorn: Delegaci\u00f3 Territorial, els consells escolars del districte, els centres de secund\u00e0ria per mitj\u00e0 de la Junta de Directors i els centres de prim\u00e0ria per mitj\u00e0 de les reunions de coordinaci\u00f3.<\/li>\n<\/ul>\n<p><a href=\"http:\/\/agora.xtec.cat\/ies-barcelona-congres\/wp-content\/uploads\/usu10\/2014\/09\/file.php_.jpeg\"><img loading=\"lazy\" decoding=\"async\" class=\"wp-image-268 aligncenter\" src=\"http:\/\/agora.xtec.cat\/ies-barcelona-congres\/wp-content\/uploads\/usu10\/2014\/09\/file.php_-300x225.jpeg\" alt=\"\" width=\"436\" height=\"327\" srcset=\"https:\/\/agora.xtec.cat\/ies-barcelona-congres\/wp-content\/uploads\/usu10\/2014\/09\/file.php_-300x225.jpeg 300w, https:\/\/agora.xtec.cat\/ies-barcelona-congres\/wp-content\/uploads\/usu10\/2014\/09\/file.php_-200x150.jpeg 200w, https:\/\/agora.xtec.cat\/ies-barcelona-congres\/wp-content\/uploads\/usu10\/2014\/09\/file.php_.jpeg 665w\" sizes=\"auto, (max-width: 436px) 100vw, 436px\" \/><\/a><\/p>\n<p><span class=\"ng-scope\" translate=\"\">Centres adscrits<\/span>:<\/p>\n<ul class=\"section-colored\">\n<li class=\"ng-scope\">\u00a0<a class=\"ng-binding\" href=\"https:\/\/www.edubcn.cat\/ca\/centres_serveis_educatius\/centres_educatius\/cercador#centre\/08002277\" data-event=\"Centres - Detall - centres adscrits\">Escola Calder\u00f3n de la Barca<\/a>\u00a0<strong class=\"ng-scope\" translate=\"\">(institut de refer\u00e8ncia)<\/strong><\/li>\n<li class=\"ng-scope\">\u00a0<a class=\"ng-binding\" href=\"https:\/\/www.edubcn.cat\/ca\/centres_serveis_educatius\/centres_educatius\/cercador#centre\/08002344\" data-event=\"Centres - Detall - centres adscrits\">Escola El Tur\u00f3<\/a>\u00a0<strong class=\"ng-scope\" translate=\"\">(institut de refer\u00e8ncia)<\/strong><\/li>\n<li class=\"ng-scope\">\u00a0<a class=\"ng-binding\" href=\"https:\/\/www.edubcn.cat\/ca\/centres_serveis_educatius\/centres_educatius\/cercador#centre\/08002770\" data-event=\"Centres - Detall - centres adscrits\">Escola \u00c0gora<\/a>\u00a0<strong class=\"ng-scope\" translate=\"\">(institut de refer\u00e8ncia)<\/strong><\/li>\n<li class=\"ng-scope\">\u00a0<a class=\"ng-binding\" href=\"https:\/\/www.edubcn.cat\/ca\/centres_serveis_educatius\/centres_educatius\/cercador#centre\/08002368\" data-event=\"Centres - Detall - centres adscrits\">Escola Timbaler del Bruc<\/a><\/li>\n<li class=\"ng-scope\">\u00a0<a class=\"ng-binding\" href=\"https:\/\/www.edubcn.cat\/ca\/centres_serveis_educatius\/centres_educatius\/cercador#centre\/08031794\" data-event=\"Centres - Detall - centres adscrits\">Escola Palma de Mallorca<\/a><\/li>\n<li class=\"ng-scope\">\u00a0<a class=\"ng-binding\" href=\"https:\/\/www.edubcn.cat\/ca\/centres_serveis_educatius\/centres_educatius\/cercador#centre\/08037841\" data-event=\"Centres - Detall - centres adscrits\">Escola Splai<\/a><\/li>\n<\/ul>\n<p>&nbsp;<\/p>\n","protected":false},"excerpt":{"rendered":"<p>Sigueu benvinguts a l&#8217;Institut Barcelona-Congr\u00e9s, centre de titularitat p\u00fablica del districte de Nou Barris de Barcelona.<br \/>\nL\u2019objectiu global del col\u00b7lectiu docent del Centre \u00e9s l\u2019educaci\u00f3 integral de tots els nostres alumnes, la qual cosa inclou l\u2019educaci\u00f3 personal, social i intel\u00b7lectual. El professorat t\u00e9 la voluntat ferma&hellip;  <a href=\"https:\/\/agora.xtec.cat\/ies-barcelona-congres\/linstitut\/\" title=\"Read L&#8217;institut\">Llegeix m\u00e9s\u00bb<\/a><\/p>\n","protected":false},"author":1,"featured_media":0,"parent":0,"menu_order":0,"comment_status":"closed","ping_status":"closed","template":"page-templates\/side-menu.php","meta":{"_bbp_topic_count":0,"_bbp_reply_count":0,"_bbp_total_topic_count":0,"_bbp_total_reply_count":0,"_bbp_voice_count":0,"_bbp_anonymous_reply_count":0,"_bbp_topic_count_hidden":0,"_bbp_reply_count_hidden":0,"_bbp_forum_subforum_count":0,"footnotes":""},"class_list":["post-19","page","type-page","status-publish","hentry"],"post_mailing_queue_ids":[],"_links":{"self":[{"href":"https:\/\/agora.xtec.cat\/ies-barcelona-congres\/wp-json\/wp\/v2\/pages\/19","targetHints":{"allow":["GET"]}}],"collection":[{"href":"https:\/\/agora.xtec.cat\/ies-barcelona-congres\/wp-json\/wp\/v2\/pages"}],"about":[{"href":"https:\/\/agora.xtec.cat\/ies-barcelona-congres\/wp-json\/wp\/v2\/types\/page"}],"author":[{"embeddable":true,"href":"https:\/\/agora.xtec.cat\/ies-barcelona-congres\/wp-json\/wp\/v2\/users\/1"}],"replies":[{"embeddable":true,"href":"https:\/\/agora.xtec.cat\/ies-barcelona-congres\/wp-json\/wp\/v2\/comments?post=19"}],"version-history":[{"count":3,"href":"https:\/\/agora.xtec.cat\/ies-barcelona-congres\/wp-json\/wp\/v2\/pages\/19\/revisions"}],"predecessor-version":[{"id":3545,"href":"https:\/\/agora.xtec.cat\/ies-barcelona-congres\/wp-json\/wp\/v2\/pages\/19\/revisions\/3545"}],"wp:attachment":[{"href":"https:\/\/agora.xtec.cat\/ies-barcelona-congres\/wp-json\/wp\/v2\/media?parent=19"}],"curies":[{"name":"wp","href":"https:\/\/api.w.org\/{rel}","templated":true}]}}