{"id":81,"date":"2014-09-18T10:38:05","date_gmt":"2014-09-18T10:38:05","guid":{"rendered":"http:\/\/agora.xtec.cat\/ies-baldiri\/?page_id=81"},"modified":"2023-06-12T12:18:04","modified_gmt":"2023-06-12T10:18:04","slug":"secretaria","status":"publish","type":"page","link":"https:\/\/agora.xtec.cat\/ies-baldiri\/secretaria\/","title":{"rendered":"Secretaria"},"content":{"rendered":"<p><span style=\"font-family: Arial, serif;\"><span style=\"font-size: medium;\"><u><b>Horari d\u2019atenci\u00f3 al p\u00fablic:<\/b><\/u><\/span><\/span><\/p>\n<p><span style=\"font-family: Arial, serif;\"><span style=\"font-size: medium;\">8:30 \u2013 14:30 h <\/span><\/span><\/p>\n<p><span style=\"font-family: Arial, serif;\"><span style=\"font-size: medium;\">16:00 \u2013 17:45 h Dilluns (1 d\u2019octubre a 31 de maig)<\/span><\/span><\/p>\n<p><span style=\"font-family: Arial, serif;\"><span style=\"font-size: medium;\">8:30 \u2013 13:30 h (juny i juliol)<\/span><\/span><\/p>\n<p><span style=\"font-family: Arial, serif;\"><span style=\"font-size: medium;\"><u><b>Contacte:<\/b><\/u><\/span><\/span><\/p>\n<p><span style=\"font-family: Arial, serif;\">Atenci\u00f3 telef\u00f2nica: 933791895<\/span><\/p>\n<p><span style=\"font-family: Arial, serif;\">Atenci\u00f3 per correu electr\u00f2nic: a8023131@xtec.cat <\/span><\/p>\n<p><span style=\"font-family: Arial, serif;\">c. Mestre Vigo Garreta, 1<\/span><\/p>\n<p><span style=\"font-family: Arial, serif;\">08820 El Prat de Llobregat<\/span><\/p>\n<p><span style=\"font-family: Arial, serif;\"><span style=\"font-size: medium;\"><u><b>Secretaria:<\/b><\/u><\/span><\/span><\/p>\n<p><span style=\"font-family: Arial, serif;\">Administrativa: Joana G\u00f3mez<\/span><\/p>\n<p><span style=\"font-family: Arial, serif;\">Administratiu: Ivan P\u00e9rez<\/span><\/p>\n<p align=\"center\"><span style=\"font-family: Arial, serif;\"><span style=\"font-size: large;\"><u><b>Tr\u00e0mits<\/b><\/u><\/span><\/span><\/p>\n<ul>\n<li><span style=\"font-family: Arial, serif;\"><span style=\"font-size: medium;\"><b>Preinscripci\u00f3 i matr\u00edcula<\/b><\/span><\/span><\/li>\n<\/ul>\n<p><span style=\"color: #0000ff;\"><u><a href=\"https:\/\/educacio.gencat.cat\/ca\/tramits\/tramits-temes\/admissio-centre-fora-proces-preinscripcio?category=74447ed8-a82c-11e3-a972-000c29052e2c\" target=\"_blank\" rel=\"noopener\"><span style=\"font-family: Arial, serif;\">Admissi\u00f3 a un centre educatiu fora del proc\u00e9s de preinscripci\u00f3<\/span><\/a><\/u><\/span><\/p>\n<p><span style=\"color: #0000ff;\"><u><a href=\"https:\/\/educacio.gencat.cat\/ca\/tramits\/tramits-temes\/20483-obligatoris?category=74447ed8-a82c-11e3-a972-000c29052e2c\" target=\"_blank\" rel=\"noopener\"><span style=\"font-family: Arial, serif;\">Preinscripci\u00f3 ESO<\/span><\/a><\/u><\/span><\/p>\n<p><span style=\"color: #0000ff;\"><u><a href=\"https:\/\/educacio.gencat.cat\/ca\/tramits\/tramits-temes\/9388-batxillerat?category=74447ed8-a82c-11e3-a972-000c29052e2c\" target=\"_blank\" rel=\"noopener\"><span style=\"font-family: Arial, serif;\">Preinscripci\u00f3 al batxillerat<\/span><\/a><\/u><\/span><\/p>\n<ul>\n<li><span style=\"font-family: Arial, serif;\"><span style=\"font-size: medium;\"><b>T\u00edtols<\/b><\/span><\/span><\/li>\n<li><span style=\"font-family: Arial, serif;\"><span style=\"font-size: medium;\"><b>Certificats<\/b><\/span><\/span><\/li>\n<li><span style=\"font-family: Arial, serif;\"><span style=\"font-size: medium;\"><b>Reconeixement dels nivells B2 i C1 de catal\u00e0 per escolaritat reglada no universit\u00e0ria<\/b><\/span><\/span><\/li>\n<\/ul>\n<p><span style=\"color: #0000ff;\"><u><a href=\"https:\/\/educacio.gencat.cat\/ca\/tramits\/tramits-temes\/22046-reconeixement-b2-c1-catala\" target=\"_blank\" rel=\"noopener\"><span style=\"font-family: Arial, serif;\">https:\/\/educacio.gencat.cat\/ca\/tramits\/tramits-temes\/22046-reconeixement-b2-c1-catala<\/span><\/a><\/u><\/span><\/p>\n<ul>\n<li><span style=\"font-family: Arial, serif;\"><span style=\"font-size: medium;\"><b>Beques <\/b><\/span><\/span><\/li>\n<\/ul>\n<p><span style=\"font-family: Arial, serif;\">Ajut a la tramitaci\u00f3 de beques<\/span><\/p>\n<p><span style=\"color: #0000ff;\"><u><a href=\"https:\/\/educacio.gencat.cat\/ca\/tramits\/tramits-temes\/\" target=\"_blank\" rel=\"noopener\"><span style=\"font-family: Arial, serif;\">https:\/\/educacio.gencat.cat\/ca\/tramits\/tramits-temes\/<\/span><\/a><\/u><\/span><\/p>\n<p><span style=\"font-family: Arial, serif;\">Educaci\u00f3 i formaci\u00f3 &gt; Suport a l\u2019alumnat<\/span><\/p>\n<ul>\n<li><span style=\"font-family: Arial, serif;\"><span style=\"font-size: medium;\"><b>Convalidacions i exempcions<\/b><\/span><\/span><\/li>\n<\/ul>\n<p><span style=\"color: #0000ff;\"><u><a href=\"https:\/\/educacio.gencat.cat\/ca\/Detall\/convalidacions-exempcions%23exempcio-de-la-llengua-catalana\" target=\"_blank\" rel=\"noopener\"><span style=\"font-family: Arial, serif;\">https:\/\/educacio.gencat.cat\/ca\/Detall\/convalidacions-exempcions#exempcio-de-la-llengua-catalana<\/span><\/a><\/u><\/span><\/p>\n<ul>\n<li><span style=\"font-family: Arial, serif;\"><span style=\"font-size: medium;\"><b>Homologaci\u00f3 i convalidaci\u00f3 de t\u00edtols estrangers no universitaris<\/b><\/span><\/span><\/li>\n<\/ul>\n<p><span style=\"font-family: Arial, serif;\">El tr\u00e0mit no es gestiona a l\u2019Institut Baldiri Guilera<\/span><\/p>\n<p><span style=\"color: #0000ff;\"><u><a href=\"https:\/\/educacio.gencat.cat\/ca\/tramits\/tramits-temes\/20264_homologacio_titols?category=254c193b-ca70-11e5-8c48-005056924a59\" target=\"_blank\" rel=\"noopener\"><span style=\"font-family: Arial, serif;\">https:\/\/educacio.gencat.cat\/ca\/tramits\/tramits-temes\/20264_homologacio_titols?category=254c193b-ca70-11e5-8c48-005056924a59<\/span><\/a><\/u><\/span><\/p>\n<ul>\n<li><span style=\"font-family: Arial, serif;\"><span style=\"font-size: medium;\"><b>Sol\u00b7licitud de baixa del centre<\/b><\/span><\/span><\/li>\n<li><span style=\"font-family: Arial, serif;\"><span style=\"font-size: medium;\"><b>Consulta l&#8217;identificador de l&#8217;alumne o alumna i\/o sol\u00b7licita la rectificaci\u00f3 de les dades<\/b><\/span><\/span><\/li>\n<\/ul>\n<p><span style=\"color: #0000ff;\"><u><a href=\"https:\/\/educacio.gencat.cat\/ca\/tramits\/tramits-temes\/identificador-alumne?moda=1\" target=\"_blank\" rel=\"noopener\"><span style=\"font-family: Arial, serif;\">https:\/\/educacio.gencat.cat\/ca\/tramits\/tramits-temes\/identificador-alumne?moda=1<\/span><\/a><\/u><\/span><\/p>\n<p><span style=\"font-family: Arial, serif;\">Poden sol\u00b7licitar l&#8217;identificador els alumnes majors d&#8217;edat o, en cas que aquests siguin menors d&#8217;edat, qualsevol dels dos tutors de l&#8217;alumne o alumna que constin identificats al Registre d&#8217;alumnes (RALC).<\/span><\/p>\n","protected":false},"excerpt":{"rendered":"<p>Horari d\u2019atenci\u00f3 al p\u00fablic:<br \/>\n8:30 \u2013 14:30 h<br \/>\n16:00 \u2013 17:45 h Dilluns (1 d\u2019octubre a 31 de maig)<br \/>\n8:30 \u2013 13:30 h (juny i juliol)<br \/>\nContacte:<br \/>\nAtenci\u00f3 telef\u00f2nica: 933791895<br \/>\nAtenci\u00f3 per correu electr\u00f2nic: a8023131@xtec.cat<br \/>\nc. Mestre Vigo Garreta, 1<br \/>\n08820 El Prat de Llobregat<br \/>\nSecretaria:<br \/>\nAdministrativa: Joana G\u00f3mez<br \/>\nAdministratiu: Ivan P\u00e9rez<br \/>\nTr\u00e0mits<\/p>\n<ul>\n<li>Preinscripci\u00f3 i matr\u00edcula<\/li>\n<\/ul>\n<p><a&hellip;  <a href=\"https:\/\/agora.xtec.cat\/ies-baldiri\/secretaria\/\" title=\"Read Secretaria\">Llegeix m\u00e9s\u00bb<\/a><\/p>\n","protected":false},"author":1,"featured_media":0,"parent":0,"menu_order":0,"comment_status":"closed","ping_status":"closed","template":"page-templates\/side-menu.php","meta":{"_bbp_topic_count":0,"_bbp_reply_count":0,"_bbp_total_topic_count":0,"_bbp_total_reply_count":0,"_bbp_voice_count":0,"_bbp_anonymous_reply_count":0,"_bbp_topic_count_hidden":0,"_bbp_reply_count_hidden":0,"_bbp_forum_subforum_count":0,"footnotes":""},"class_list":["post-81","page","type-page","status-publish","hentry"],"post_mailing_queue_ids":[],"_links":{"self":[{"href":"https:\/\/agora.xtec.cat\/ies-baldiri\/wp-json\/wp\/v2\/pages\/81","targetHints":{"allow":["GET"]}}],"collection":[{"href":"https:\/\/agora.xtec.cat\/ies-baldiri\/wp-json\/wp\/v2\/pages"}],"about":[{"href":"https:\/\/agora.xtec.cat\/ies-baldiri\/wp-json\/wp\/v2\/types\/page"}],"author":[{"embeddable":true,"href":"https:\/\/agora.xtec.cat\/ies-baldiri\/wp-json\/wp\/v2\/users\/1"}],"replies":[{"embeddable":true,"href":"https:\/\/agora.xtec.cat\/ies-baldiri\/wp-json\/wp\/v2\/comments?post=81"}],"version-history":[{"count":3,"href":"https:\/\/agora.xtec.cat\/ies-baldiri\/wp-json\/wp\/v2\/pages\/81\/revisions"}],"predecessor-version":[{"id":2632,"href":"https:\/\/agora.xtec.cat\/ies-baldiri\/wp-json\/wp\/v2\/pages\/81\/revisions\/2632"}],"wp:attachment":[{"href":"https:\/\/agora.xtec.cat\/ies-baldiri\/wp-json\/wp\/v2\/media?parent=81"}],"curies":[{"name":"wp","href":"https:\/\/api.w.org\/{rel}","templated":true}]}}