{"id":49,"date":"2014-09-17T16:55:55","date_gmt":"2014-09-17T16:55:55","guid":{"rendered":"http:\/\/agora.xtec.cat\/ies-baldiri\/?page_id=49"},"modified":"2025-05-29T20:55:46","modified_gmt":"2025-05-29T18:55:46","slug":"normes-dorganitzacio-i-funcionament","status":"publish","type":"page","link":"https:\/\/agora.xtec.cat\/ies-baldiri\/linstitut\/normes-dorganitzacio-i-funcionament\/","title":{"rendered":"Normes d&#8217;Organitzaci\u00f3 i Funcionament de Centre"},"content":{"rendered":"<h3><a href=\"https:\/\/agora.xtec.cat\/ies-baldiri\/wp-content\/uploads\/usu896\/2025\/05\/NOFC-Baldiri1-29Maig.pdf\">enlla\u00e7 a NOFC<\/a><\/h3>\n<h3><strong>Reglament de Conviv\u00e8ncia del Centre<\/strong><\/h3>\n<p>&nbsp;<\/p>\n<p>Aquest reglament t\u00e9 com a objectiu propiciar un ambient de conviv\u00e8ncia positiu i respectar el dret de la resta de l\u2019alumnat a que no sigui pertorbada l\u2019activitat normal en totes les instal\u00b7lacions del centre.<\/p>\n<p><span style=\"color: #993366;\"><strong>FALTES DE DISCIPLINA A L&#8217;AULA<\/strong><\/span><\/p>\n<p>Les faltes comeses a l&#8217;aula (o en qualsevol depend\u00e8ncia del centre) poden ser: arribar tard (al centre o a l\u2019aula), no portar material, comportament inadequat, malmetre material, fumar, els comportaments xen\u00f2fobs, racistes o sexistes, agressions contra altres membres de la comunitat educativa de paraula o de fet, utilitzaci\u00f3 de tel\u00e8fons m\u00f2bils i\/o aparells de m\u00fasica personals, jocs de cartes o qualsevol altra.<\/p>\n<p>La normativa de centre que gestiona les faltes de disciplina, queda recollida al document : <strong>Gesti\u00f3 de les incid\u00e8ncies. <\/strong><\/p>\n<p><span style=\"color: #993366;\"><strong>FALTES LLEUS<\/strong><\/span><\/p>\n<ul>\n<li><strong>Puntualitat ( Regulat en el document de control de la puntualitat)<a href=\"http:\/\/agora.xtec.cat\/ies-baldiri\/wp-content\/uploads\/usu896\/2014\/09\/relojj-rojo.jpg\"><img loading=\"lazy\" decoding=\"async\" class=\" wp-image-371 alignright\" src=\"http:\/\/agora.xtec.cat\/ies-baldiri\/wp-content\/uploads\/usu896\/2014\/09\/relojj-rojo-1024x1024.jpg\" alt=\"relojj rojo\" width=\"112\" height=\"112\" srcset=\"https:\/\/agora.xtec.cat\/ies-baldiri\/wp-content\/uploads\/usu896\/2014\/09\/relojj-rojo-1024x1024.jpg 1024w, https:\/\/agora.xtec.cat\/ies-baldiri\/wp-content\/uploads\/usu896\/2014\/09\/relojj-rojo-150x150.jpg 150w, https:\/\/agora.xtec.cat\/ies-baldiri\/wp-content\/uploads\/usu896\/2014\/09\/relojj-rojo-300x300.jpg 300w, https:\/\/agora.xtec.cat\/ies-baldiri\/wp-content\/uploads\/usu896\/2014\/09\/relojj-rojo.jpg 1300w\" sizes=\"auto, (max-width: 112px) 100vw, 112px\" \/><\/a><\/strong><\/li>\n<li><strong>No portar material <\/strong><\/li>\n<\/ul>\n<p>El fet de no portar material pot ser motiu, <strong>a criteri del professor<\/strong>, d&#8217;una nota a l&#8217;agenda del l&#8217;alumne o d\u2019una incid\u00e8ncia al programa weeras (<strong><u>sense expulsi\u00f3<\/u><\/strong>).<\/p>\n<ul>\n<li><strong>Comportament inadequat<\/strong><\/li>\n<\/ul>\n<p>Tan si comporta expulsi\u00f3 de l\u2019aula o no \u2014a criteri del professor\u2014, es far\u00e0 constar en el programa d\u2019incid\u00e8ncies Weeras.<\/p>\n<ul>\n<li><strong>Menjar i beure<\/strong><\/li>\n<\/ul>\n<p><strong>Est\u00e0 absolutament prohibit menjar <\/strong>(ni tan sols xiclets, pipes, llaminadures, &#8230;)<strong> i beure a les classes i als passadissos. <\/strong><\/p>\n<ul>\n<li><strong>Malmetre material<\/strong><\/li>\n<\/ul>\n<p>Malmetre material del centre o de qualsevol altre alumne pot ser catalogada com a falta lleu o greu, tot depenent de la incid\u00e8ncia.<\/p>\n<p>Si el deteriorament del material o les depend\u00e8ncies del centre \u00e9s greu i\/o reiterat, pot ser considerat una falta greu; i pot arribar a suposar sancions fins i tot d\u2019inhabilitaci\u00f3 definitiva per cursar estudis al centre segons disposa la Llei d\u2019Educaci\u00f3 de Catalunya LEC: Llei 12\/2009, del 10 de juliol.<\/p>\n<ul>\n<li><strong>M\u00f2bils, ordenadors port\u00e0tils i d\u2019altres aparells electr\u00f2nics<a href=\"http:\/\/agora.xtec.cat\/ies-baldiri\/wp-content\/uploads\/usu896\/2014\/09\/dibujo-movil.jpg\"><img loading=\"lazy\" decoding=\"async\" class=\" wp-image-374 alignright\" src=\"http:\/\/agora.xtec.cat\/ies-baldiri\/wp-content\/uploads\/usu896\/2014\/09\/dibujo-movil.jpg\" alt=\"dibujo movil\" width=\"117\" height=\"107\" srcset=\"https:\/\/agora.xtec.cat\/ies-baldiri\/wp-content\/uploads\/usu896\/2014\/09\/dibujo-movil.jpg 550w, https:\/\/agora.xtec.cat\/ies-baldiri\/wp-content\/uploads\/usu896\/2014\/09\/dibujo-movil-300x275.jpg 300w\" sizes=\"auto, (max-width: 117px) 100vw, 117px\" \/><\/a><\/strong><\/li>\n<\/ul>\n<p>No es permet la utilitzaci\u00f3 del tel\u00e8fon m\u00f2bil a cap instalaci\u00f3 del centre, ni tan sols a l\u2019hora del pati, i en cas de dur-lo a l\u2019institut haur\u00e0 de romandre apagat al llarg de tota la jornada escolar.<\/p>\n<p>Pel que fa als aparells de m\u00fasica, no es poden utilitzar dins del centre i no podran ser visibles encara que estiguin desconnectats.<\/p>\n<p>Tampoc no es podran utilitzar altres objectes que distorsionin el normal funcionament de la classe.<\/p>\n<p>En el cas que algun alumne del centre incompleixi l\u2019anterior normativa, el professor de l\u2019aula o la Comissi\u00f3 de Conviv\u00e8ncia i Disciplina pot recollir l\u2019aparell de m\u00fasica o el m\u00f2bil i dipositar-lo a prefectura d\u2019estudis, des de on es gestionar\u00e0 la incid\u00e8ncia i es valorar\u00e0 el temps i la persona a la qual es fa l\u2019entrega ( els pares o l\u2019alumne) i imposar\u00e0 la corresponent sanci\u00f3.<\/p>\n<p>Pel que fa als ordenadors port\u00e0tils que utilitzen els alumnes al centre, es recorda que el seu \u00fas t\u00e9 finalitat acad\u00e8mica, i per tant s\u2019han d\u2019utilitzar seguint les directrius del professors, a les aules, i utilitzant exclusivament webs o programes educatius.<\/p>\n<ul>\n<li><strong>Altres<\/strong><\/li>\n<\/ul>\n<p>Qualsevol altra falta no inclosa en cap dels sup\u00f2sits anteriors quedar\u00e0 a la consideraci\u00f3 de la Comissi\u00f3 de Conviv\u00e8ncia.<\/p>\n<p>&nbsp;<\/p>\n<p><strong><span style=\"color: #993366;\">FALTES GREUS<\/span><\/strong><\/p>\n<ul>\n<li><strong>Fumar i\/o consumir subst\u00e0ncies prohibides<a href=\"http:\/\/agora.xtec.cat\/ies-baldiri\/wp-content\/uploads\/usu896\/2014\/09\/nosmoke.jpg\"><img loading=\"lazy\" decoding=\"async\" class=\" wp-image-376 alignright\" src=\"http:\/\/agora.xtec.cat\/ies-baldiri\/wp-content\/uploads\/usu896\/2014\/09\/nosmoke.jpg\" alt=\"nosmoke\" width=\"94\" height=\"94\" srcset=\"https:\/\/agora.xtec.cat\/ies-baldiri\/wp-content\/uploads\/usu896\/2014\/09\/nosmoke.jpg 225w, https:\/\/agora.xtec.cat\/ies-baldiri\/wp-content\/uploads\/usu896\/2014\/09\/nosmoke-150x150.jpg 150w\" sizes=\"auto, (max-width: 94px) 100vw, 94px\" \/><\/a><\/strong><\/li>\n<\/ul>\n<p>Els alumnes que fumin dintre del Centre seran sancionats. \u00c9s recorda que, per llei, est\u00e0 prohibit fumar en qualsevol recinte p\u00fablic a tot l\u2019estat.<\/p>\n<p>Tampoc est\u00e0 perm\u00e8s el consum de begudes alcoh\u00f2liques o estupefaents en tot el centre.<\/p>\n<p>La llei d\u2019Educaci\u00f3 de Catalunya (LEC) (Llei 12\/2009, 10-07-2009), al seu article 35, diu que \u201cles conductes i actes dels alumnes que perjudiquin greument la conviv\u00e8ncia es consideren faltes i comporten l\u2019adopci\u00f3 de les sancions que aquesta llei determina\u201d.<\/p>\n<p>Es consideren <strong>faltes greument perjudicials<\/strong> per a la conviv\u00e8ncia en el centre educatiu les conductes seg\u00fcents:<\/p>\n<ol>\n<li>a) Les inj\u00faries, ofenses, agressions f\u00edsiques, amenaces, vexacions o humiliacions a altres membres de la comunitat educativa, el deteriorament intencionat de llurs pertinences i els actes que atemptin greument contra llur intimitat o llur integritat personal.<\/li>\n<li>b) L&#8217;alteraci\u00f3 injustificada i greu del desenvolupament normal de les activitats del centre, el deteriorament greu de les depend\u00e8ncies o els equipaments del centre, la falsificaci\u00f3 o la sostracci\u00f3 de documents i materials acad\u00e8mics i la suplantaci\u00f3 de personalitat en actes de la vida escolar.<\/li>\n<li>c) Els actes o la possessi\u00f3 de mitjans o subst\u00e0ncies que puguin \u00e9sser perjudicials per a la salut, i la incitaci\u00f3 a aquests actes.<\/li>\n<li>d) La comissi\u00f3 reiterada d&#8217;actes contraris a les normes de conviv\u00e8ncia del centre.<\/li>\n<\/ol>\n<p>Els actes o les conductes a qu\u00e8 fa refer\u00e8ncia l&#8217;apartat a) que impliquin discriminaci\u00f3 per ra\u00f3 de g\u00e8nere, sexe, ra\u00e7a, naixen\u00e7a o qualsevol altra condici\u00f3 personal o social dels afectats s&#8217;han de considerar especialment greus<\/p>\n<p>&nbsp;<\/p>\n<p><span style=\"color: #993366;\"><strong>Comissi\u00f3 de Conviv\u00e8ncia<\/strong><\/span><\/p>\n<p>La Comissi\u00f3 de Conviv\u00e8ncia es reunir\u00e0 setmanalment per tal d\u2019estudiar i resoldre els casos pertinents.<\/p>\n<p>Els fets que puguin constituir directament una falta greu o molt greu podran ser estudiats immediatament per l\u2019equip directiu (Cap d\u2019Estudis) que podr\u00e0 aplicar sancions immediates, decidir l\u2019inici d\u2019un Expedient Disciplinari, o si s\u2019escau, remitir-los a la Comissi\u00f3 de Conviv\u00e8ncia.<\/p>\n<p>Les faltes menys greus les estudiar\u00e0 la Comissi\u00f3 de Conviv\u00e8ncia i Disciplina que resoldr\u00e0 les actuacions pertinents.<\/p>\n<p>L\u2019acumulaci\u00f3 de faltes lleus (retards, sortides de l\u2019aula sense perm\u00eds, parlar a classe, &#8230;) podr\u00e0 ser estudiada i sancionada per la Comissi\u00f3 de Conviv\u00e8ncia a petici\u00f3 dels tutors o de la junta directiva.<\/p>\n<p>La Comissi\u00f3 de Conviv\u00e8ncia podr\u00e0 aplicar sancions directament en els cassos menys greus (permanencia al centre despr\u00e8s de l\u2019horari lectiu estudiant o fent feina de recuperaci\u00f3, reparaci\u00f3 de material i\/o mobiliari, neteja de pati i d\u2019aules, &#8230;)<\/p>\n<p>Els membres de la Comissi\u00f3 de Conviv\u00e8ncia i Disciplina vigilaran que s\u2019acompleixin les sancions. En cas contrari podran recomanar l\u2019obertura d\u2019un Expedient disciplinari.<\/p>\n<p>En cap cas la Comissi\u00f3 de Conviv\u00e8ncia podr\u00e0 decidir l\u2019expulsi\u00f3 cautelar de l\u2019alumne, encara que ho podr\u00e0 recomanar a la junta directiva.<\/p>\n<p>Els Expedients sancionadors seran instru\u00efts pels membres del claustre per ordre de llista comen\u00e7ant pel seg\u00fcent del curs anterior.<\/p>\n<p>Les faltes menys greus o l\u2019acumulaci\u00f3 de faltes lleus seran comunicades pels professors tutors respectius, que s\u00f2n els qui, si ho consideren oport\u00fa, les remetran a la Comissi\u00f3 de Conviv\u00e8ncia .<\/p>\n<p>Nom\u00e9s en casos excepcionals els professors podran trametre algun cas directament a la Comissi\u00f3. En aquest cas, ho han de comunicar tamb\u00e9 al tutor al m\u00e9s aviat possible per tal que en tingui const\u00e0ncia.<\/p>\n<p>L\u2019acumulaci\u00f3 de retards o faltes d\u2019assist\u00e8ncia injustificades tamb\u00e9 podran ser sancionades per la Comissi\u00f3 de Conviv\u00e8ncia.<\/p>\n<p><span style=\"color: #993366;\"><strong> Pati<\/strong><\/span><\/p>\n<p>El pati \u00e9s un espai col\u00b7lectiu que cal mantenir en bones condicions. Perqu\u00e8 l\u2019alumnat en prengui consci\u00e8ncia i col\u00b7labori, cada setmana un curs d\u2019ESO s\u2019encarregar\u00e0 de la neteja a l\u2019hora de tutoria.<\/p>\n<p><span style=\"color: #993366;\"><strong>Puntualitat<\/strong><\/span><\/p>\n<p>La gesti\u00f3 de la puntualitat es recull en el document<strong>: Control de la puntualitat<\/strong><\/p>\n<p>L\u2019alumnat haur\u00e0 d\u2019entrar al centre puntualment. No podr\u00e0 quedar-se en l\u2019espai que hi ha entre la tanca exterior i la porta del Centre.<\/p>\n<p><span style=\"color: #993366;\"><strong>SORTIR DEL CENTRE EN HORARI LECTIU<\/strong><\/span><\/p>\n<p>Quan un alumne sigui vist fora del centre en horari lectiu i no justifiqui la falta, li constar\u00e0 una incid\u00e8ncia.<\/p>\n<p>El tutor\/a parlar\u00e0 amb l&#8217;alumne i ho comunicar\u00e0 telef\u00f2nicament a la fam\u00edlia.<\/p>\n<p>En cas de reiteraci\u00f3, es comunicar\u00e0 a la comissi\u00f3 de conviv\u00e8ncia, que li podr\u00e0 aplicar una sanci\u00f3.<\/p>\n<p>Si un alumne\/a d\u2019ESO ha de sortir del centre per una visita m\u00e8dica o similar ho haur\u00e0 de fer <strong>acompanyat\/da dels pares o un adult<\/strong> , demanar\u00e0 perm\u00eds al professor\/a de l\u2019aula i l\u2019adult omplir\u00e0 el formulari de sortida de centre a consergeria.<\/p>\n<p>Els alumnes de pla especial, o de batxillerat amb mat\u00e8ries soltes podran sortir del centre quan no tinguin classe, demanant que el conserge els obri la porta. A consergeria hi haur\u00e0 una orla amb les fotografies d\u2019aquests alumnes.<\/p>\n<p>&nbsp;<\/p>\n","protected":false},"excerpt":{"rendered":"<p><a href=\"https:\/\/agora.xtec.cat\/ies-baldiri\/wp-content\/uploads\/usu896\/2025\/05\/NOFC-Baldiri1-29Maig.pdf\">enlla\u00e7 a NOFC<\/a><br \/>\nReglament de Conviv\u00e8ncia del Centre<br \/>\n&nbsp;<br \/>\nAquest reglament t\u00e9 com a objectiu propiciar un ambient de conviv\u00e8ncia positiu i respectar el dret de la resta de l\u2019alumnat a que no sigui pertorbada l\u2019activitat normal en totes les instal\u00b7lacions del centre.<br \/>\nFALTES DE DISCIPLINA A L&#8217;AULA<br \/>\nLes&hellip;  <a href=\"https:\/\/agora.xtec.cat\/ies-baldiri\/linstitut\/normes-dorganitzacio-i-funcionament\/\" title=\"Read Normes d&#8217;Organitzaci\u00f3 i Funcionament de Centre\">Llegeix m\u00e9s\u00bb<\/a><\/p>\n","protected":false},"author":1,"featured_media":0,"parent":19,"menu_order":60,"comment_status":"closed","ping_status":"closed","template":"page-templates\/side-menu.php","meta":{"_bbp_topic_count":0,"_bbp_reply_count":0,"_bbp_total_topic_count":0,"_bbp_total_reply_count":0,"_bbp_voice_count":0,"_bbp_anonymous_reply_count":0,"_bbp_topic_count_hidden":0,"_bbp_reply_count_hidden":0,"_bbp_forum_subforum_count":0,"footnotes":""},"class_list":["post-49","page","type-page","status-publish","hentry"],"post_mailing_queue_ids":[],"_links":{"self":[{"href":"https:\/\/agora.xtec.cat\/ies-baldiri\/wp-json\/wp\/v2\/pages\/49","targetHints":{"allow":["GET"]}}],"collection":[{"href":"https:\/\/agora.xtec.cat\/ies-baldiri\/wp-json\/wp\/v2\/pages"}],"about":[{"href":"https:\/\/agora.xtec.cat\/ies-baldiri\/wp-json\/wp\/v2\/types\/page"}],"author":[{"embeddable":true,"href":"https:\/\/agora.xtec.cat\/ies-baldiri\/wp-json\/wp\/v2\/users\/1"}],"replies":[{"embeddable":true,"href":"https:\/\/agora.xtec.cat\/ies-baldiri\/wp-json\/wp\/v2\/comments?post=49"}],"version-history":[{"count":7,"href":"https:\/\/agora.xtec.cat\/ies-baldiri\/wp-json\/wp\/v2\/pages\/49\/revisions"}],"predecessor-version":[{"id":3583,"href":"https:\/\/agora.xtec.cat\/ies-baldiri\/wp-json\/wp\/v2\/pages\/49\/revisions\/3583"}],"up":[{"embeddable":true,"href":"https:\/\/agora.xtec.cat\/ies-baldiri\/wp-json\/wp\/v2\/pages\/19"}],"wp:attachment":[{"href":"https:\/\/agora.xtec.cat\/ies-baldiri\/wp-json\/wp\/v2\/media?parent=49"}],"curies":[{"name":"wp","href":"https:\/\/api.w.org\/{rel}","templated":true}]}}