{"id":46,"date":"2014-09-17T16:53:45","date_gmt":"2014-09-17T16:53:45","guid":{"rendered":"http:\/\/agora.xtec.cat\/ies-baldiri\/?page_id=46"},"modified":"2025-10-02T08:36:53","modified_gmt":"2025-10-02T06:36:53","slug":"organigrama","status":"publish","type":"page","link":"https:\/\/agora.xtec.cat\/ies-baldiri\/linstitut\/organigrama\/","title":{"rendered":"Organigrama"},"content":{"rendered":"<h3 id=\"sites-page-title-header\" align=\"left\"><span id=\"sites-page-title\" dir=\"ltr\" tabindex=\"-1\"><span style=\"color: #993366;\">Equip directiu<\/span><br \/>\n<\/span><\/h3>\n<div id=\"sites-canvas-main\" class=\"sites-canvas-main\">\n<div id=\"sites-canvas-main-content\">\n<table class=\"sites-layout-name-one-column sites-layout-hbox\" style=\"height: 168px;\" width=\"762\" cellspacing=\"0\">\n<tbody>\n<tr>\n<td class=\"sites-layout-tile sites-tile-name-content-1\">\n<div dir=\"ltr\">\n<p><a href=\"https:\/\/sites.google.com\/a\/xtec.cat\/baldiriguilera\/activitats-extraescolars\/slide_coordinacio1.png?attredirects=0\"><img loading=\"lazy\" decoding=\"async\" class=\" alignright\" src=\"https:\/\/sites.google.com\/a\/xtec.cat\/baldiriguilera\/_\/rsrc\/1421250339687\/activitats-extraescolars\/slide_coordinacio1.png?height=138&amp;width=320\" alt=\"\" width=\"320\" height=\"138\" border=\"0\" \/><\/a><span style=\"color: #222222;\"><span style=\"font-family: inherit, serif;\"><span style=\"font-size: small;\">Directora: Rosa Maria Delgado Leyva<\/span><\/span><\/span><\/p>\n<p class=\"western\"><span style=\"color: #222222;\"><span style=\"font-family: inherit, serif;\"><span style=\"font-size: small;\">Prefectura d\u2019estudis: Diana Romero Morales<\/span><\/span><\/span><\/p>\n<p class=\"western\"><span style=\"color: #222222;\"><span style=\"font-family: inherit, serif;\"><span style=\"font-size: small;\">Secret\u00e0ria:\u00a0 Ester Cipri\u00e1n Chisvert<\/span><\/span><\/span><\/p>\n<p class=\"western\"><span style=\"color: #222222;\"><span style=\"font-family: inherit, serif;\"><span style=\"font-size: small;\">Coordinaci\u00f3 Pedag\u00f2gica: Ana Ruth Estrada Gonz\u00e1lez<\/span><\/span><\/span><\/p>\n<\/div>\n<\/td>\n<\/tr>\n<\/tbody>\n<\/table>\n<\/div>\n<\/div>\n<table style=\"height: 462px;\" width=\"761\">\n<tbody>\n<tr>\n<td style=\"vertical-align: top;\">\n<h4><span style=\"color: #993366;\">Caps de Departaments:<\/span><\/h4>\n<div><\/div>\n<ul style=\"list-style-type: disc;\">\n<li>\n<p class=\"western\"><span style=\"color: #222222;\"><span style=\"font-family: inherit, serif;\"><span style=\"font-size: small;\">Ci\u00e8ncies Naturals: Al\u00edcia Garc\u00eda<\/span><\/span><\/span><\/p>\n<\/li>\n<li>\n<p class=\"western\"><span style=\"color: #222222;\"><span style=\"font-family: inherit, serif;\"><span style=\"font-size: small;\">Ci\u00e8ncies Socials: Olga Miguel<\/span><\/span><\/span><\/p>\n<\/li>\n<li>\n<p class=\"western\"><span style=\"color: #000000;\"><span style=\"font-family: inherit, serif;\"><span style=\"font-size: small;\">Cl\u00e0ssiques: Marta Hern\u00e1ndez<\/span><\/span><\/span><\/p>\n<\/li>\n<li>\n<p class=\"western\"><span style=\"color: #222222;\"><span style=\"font-family: inherit, serif;\"><span style=\"font-size: small;\">Educaci\u00f3 F\u00edsica: Asun P\u00e9rez<\/span><\/span><\/span><\/p>\n<\/li>\n<li>\n<p class=\"western\"><span style=\"color: #222222;\"><span style=\"font-family: inherit, serif;\"><span style=\"font-size: small;\">F\u00edsica i Qu\u00edmica: Mariola Grande<\/span><\/span><\/span><\/p>\n<\/li>\n<li>\n<p class=\"western\"><span style=\"color: #222222;\"><span style=\"font-family: inherit, serif;\"><span style=\"font-size: small;\">Llengua Castellana: Nathali Mart\u00ednez<\/span><\/span><\/span><\/p>\n<\/li>\n<li>\n<p class=\"western\"><span style=\"color: #222222;\"><span style=\"font-family: inherit, serif;\"><span style=\"font-size: small;\">Llengua Catalana: Albert Gilabert<\/span><\/span><\/span><\/p>\n<\/li>\n<li>\n<p class=\"western\"><span style=\"color: #222222;\"><span style=\"font-family: inherit, serif;\"><span style=\"font-size: small;\">Lleng\u00fces estrangeres: Ana Cobo<\/span><\/span><\/span><\/p>\n<\/li>\n<li>\n<p class=\"western\"><span style=\"color: #222222;\"><span style=\"font-family: inherit, serif;\"><span style=\"font-size: small;\">Matem\u00e0tiques: Miriam Sendra<\/span><\/span><\/span><\/p>\n<\/li>\n<li>\n<p class=\"western\"><span style=\"color: #222222;\"><span style=\"font-family: inherit, serif;\"><span style=\"font-size: small;\">Psicopedagogia: Alicia Hern\u00e1ndez<\/span><\/span><\/span><\/p>\n<\/li>\n<li>\n<p class=\"western\"><span style=\"color: #222222;\"><span style=\"font-family: inherit, serif;\"><span style=\"font-size: small;\">Tecnologia: Maria Gisbert<\/span><\/span><\/span><\/p>\n<\/li>\n<li>\n<p class=\"western\"><span style=\"color: #222222;\"><span style=\"font-family: inherit, serif;\"><span style=\"font-size: small;\">Arts (Dibuix i M\u00fasica): Rodolfo Valero<\/span><\/span><\/span><\/p>\n<\/li>\n<\/ul>\n<\/td>\n<td style=\"vertical-align: top;\">\n<h4><span style=\"color: #993366;\">Tutories d&#8217;ESO<\/span><\/h4>\n<ul style=\"list-style-type: disc;\">\n<li>\n<p class=\"western\"><span style=\"color: #222222;\"><span style=\"font-family: inherit, serif;\"><span style=\"font-size: small;\">1A: Marina Pujol<\/span><\/span><\/span><\/p>\n<\/li>\n<li>\n<p class=\"western\"><span style=\"color: #222222;\"><span style=\"font-family: inherit, serif;\"><span style=\"font-size: small;\">1B: Al\u00edcia Garc\u00eda<\/span><\/span><\/span><\/p>\n<\/li>\n<li>\n<p class=\"western\"><span style=\"color: #222222;\"><span style=\"font-family: inherit, serif;\"><span style=\"font-size: small;\">1C: Olga Miguel<\/span><\/span><\/span><\/p>\n<\/li>\n<li>\n<p class=\"western\"><span style=\"color: #222222;\"><span style=\"font-family: inherit, serif;\"><span style=\"font-size: small;\">1D: Amparo \u00dabeda<\/span><\/span><\/span><\/p>\n<\/li>\n<li>\n<p class=\"western\"><span style=\"color: #222222;\"><span style=\"font-family: inherit, serif;\"><span style=\"font-size: small;\">1E: Ainhoa D\u00edez<\/span><\/span><\/span><\/p>\n<\/li>\n<li>\n<p class=\"western\"><span style=\"color: #222222;\"><span style=\"font-family: inherit, serif;\"><span style=\"font-size: small;\">2A: Mariola Grande<\/span><\/span><\/span><\/p>\n<\/li>\n<li>\n<p class=\"western\"><span style=\"color: #222222;\"><span style=\"font-family: inherit, serif;\"><span style=\"font-size: small;\">2B: Nathali Mart\u00ednez<\/span><\/span><\/span><\/p>\n<\/li>\n<li>\n<p class=\"western\"><span style=\"color: #222222;\"><span style=\"font-family: inherit, serif;\"><span style=\"font-size: small;\">2C: \u00c1ngela Plaza<\/span><\/span><\/span><\/p>\n<\/li>\n<li>\n<p class=\"western\"><span style=\"color: #222222;\"><span style=\"font-family: inherit, serif;\"><span style=\"font-size: small;\">2D: Pau Peret\u00f3<\/span><\/span><\/span><\/p>\n<\/li>\n<li>\n<p class=\"western\"><span style=\"color: #222222;\"><span style=\"font-family: inherit, serif;\"><span style=\"font-size: small;\">2E: Jos\u00e9 Alberto P\u00e9rez<\/span><\/span><\/span><\/p>\n<\/li>\n<li>\n<p class=\"western\"><span style=\"color: #222222;\"><span style=\"font-family: inherit, serif;\"><span style=\"font-size: small;\">3A: Jordi Berenguer<\/span><\/span><\/span><\/p>\n<\/li>\n<li>\n<p class=\"western\"><span style=\"color: #222222;\"><span style=\"font-family: inherit, serif;\"><span style=\"font-size: small;\">3B: Eloina Villaverde<\/span><\/span><\/span><\/p>\n<\/li>\n<li>\n<p class=\"western\"><span style=\"color: #222222;\"><span style=\"font-family: inherit, serif;\"><span style=\"font-size: small;\">3C: \u00c0ngela Requena<\/span><\/span><\/span><\/p>\n<\/li>\n<li>\n<p class=\"western\"><span style=\"color: #222222;\"><span style=\"font-family: inherit, serif;\"><span style=\"font-size: small;\">3D: Rodolfo Valero<\/span><\/span><\/span><\/p>\n<\/li>\n<li>\n<p class=\"western\"><span style=\"color: #222222;\"><span style=\"font-family: inherit, serif;\"><span style=\"font-size: small;\">4A: Maria Gavald\u00e0<\/span><\/span><\/span><\/p>\n<\/li>\n<li>\n<p class=\"western\"><span style=\"color: #222222;\"><span style=\"font-family: inherit, serif;\"><span style=\"font-size: small;\">4B: Luis Escamilla<\/span><\/span><\/span><\/p>\n<\/li>\n<li>\n<p class=\"western\"><span style=\"color: #222222;\"><span style=\"font-family: inherit, serif;\"><span style=\"font-size: small;\">4C: Eduard V\u00e1zquez<\/span><\/span><\/span><\/p>\n<\/li>\n<li>\n<p class=\"western\"><span style=\"color: #222222;\"><span style=\"font-family: inherit, serif;\"><span style=\"font-size: small;\">4D: C\u00e0melia Rodriguez<\/span><\/span><\/span><\/p>\n<\/li>\n<li>\n<p class=\"western\"><span style=\"color: #222222;\"><span style=\"font-family: inherit, serif;\"><span style=\"font-size: small;\">4E: Marta Gonz\u00e1lez<\/span><\/span><\/span><\/p>\n<\/li>\n<li>\n<p class=\"western\"><span style=\"color: #222222;\"><span style=\"font-family: inherit, serif;\"><span style=\"font-size: small;\">4F: Al\u00edcia Hern\u00e1ndez<\/span><\/span><\/span><\/p>\n<\/li>\n<li>\n<p class=\"western\"><span style=\"color: #222222;\"><span style=\"font-family: inherit, serif;\"><span style=\"font-size: small;\">SIEI: Estrella Lorenzo<\/span><\/span><\/span><\/p>\n<\/li>\n<li>\n<p class=\"western\"><span style=\"color: #222222;\"><span style=\"font-family: inherit, serif;\"><span style=\"font-size: small;\">Aula Acollida: Anna Cosials<\/span><\/span><\/span><\/p>\n<\/li>\n<\/ul>\n<\/td>\n<td style=\"vertical-align: top;\">\n<h4><span style=\"color: #993366;\">Tutories de batxillerat<\/span><\/h4>\n<ul style=\"list-style-type: disc;\">\n<li>\n<p class=\"western\"><span style=\"color: #222222;\"><span style=\"font-family: inherit, serif;\"><span style=\"font-size: small;\">1A: Jos\u00e9 Casta\u00f1ar<\/span><\/span><\/span><\/p>\n<\/li>\n<li>\n<p class=\"western\"><span style=\"color: #222222;\"><span style=\"font-family: inherit, serif;\"><span style=\"font-size: small;\">1B: Albert Gilabert<\/span><\/span><\/span><\/p>\n<\/li>\n<li>\n<p class=\"western\"><span style=\"color: #222222;\"><span style=\"font-family: inherit, serif;\"><span style=\"font-size: small;\">1C: Rafael Libros<\/span><\/span><\/span><\/p>\n<\/li>\n<li>\n<p class=\"western\"><span style=\"color: #222222;\"><span style=\"font-family: inherit, serif;\"><span style=\"font-size: small;\">2A: Nacho Celda<\/span><\/span><\/span><\/p>\n<\/li>\n<li>\n<p class=\"western\"><span style=\"color: #222222;\"><span style=\"font-family: inherit, serif;\"><span style=\"font-size: small;\">2B: Vanessa Ramos<\/span><\/span><\/span><\/p>\n<\/li>\n<li>\n<p class=\"western\"><span style=\"color: #222222;\"><span style=\"font-family: inherit, serif;\"><span style=\"font-size: small;\">2C: Isabel N\u00fa\u00f1ez<\/span><\/span><\/span><\/p>\n<\/li>\n<\/ul>\n<\/td>\n<\/tr>\n<\/tbody>\n<\/table>\n<p>&nbsp;<\/p>\n<table style=\"height: 283px;\" width=\"764\">\n<tbody>\n<tr>\n<td style=\"vertical-align: top;\">\n<h4><span style=\"color: #993366;\">Tutories T\u00e8cniques<\/span><\/h4>\n<ul>\n<li>\n<p class=\"western\"><span style=\"color: #222222;\"><span style=\"font-family: inherit, serif;\"><span style=\"font-size: small;\">Escola Verda: Al\u00edcia Garc\u00eda<\/span><\/span><\/span><\/p>\n<\/li>\n<li>\n<p class=\"western\"><span style=\"color: #222222;\"><span style=\"font-family: inherit, serif;\"><span style=\"font-size: small;\">Comissi\u00f3 de Conviv\u00e8ncia: Marta Gonz\u00e1lez<\/span><\/span><\/span><\/p>\n<\/li>\n<li>\n<p class=\"western\"><span style=\"color: #222222;\"><span style=\"font-family: inherit, serif;\"><span style=\"font-size: small;\">Servei Comunitari: Alicia Hern\u00e1ndez<\/span><\/span><\/span><\/p>\n<\/li>\n<li>Pla Lector: Nathali Mart\u00ednez<\/li>\n<\/ul>\n<p>&nbsp;<\/td>\n<td style=\"vertical-align: top;\">\n<h4><span style=\"color: #993366;\">Coordinacions<\/span><\/h4>\n<ul>\n<li>\n<p class=\"western\"><span style=\"color: #222222;\"><span style=\"font-family: inherit, serif;\"><span style=\"font-size: small;\">1r ESO: Marina Pujol<\/span><\/span><\/span><\/p>\n<\/li>\n<li>\n<p class=\"western\"><span style=\"color: #222222;\"><span style=\"font-family: inherit, serif;\"><span style=\"font-size: small;\">2n ESO: Mariola Grande<\/span><\/span><\/span><\/p>\n<\/li>\n<li>\n<p class=\"western\"><span style=\"color: #222222;\"><span style=\"font-family: inherit, serif;\"><span style=\"font-size: small;\">3r ESO: Jordi Berenguer<\/span><\/span><\/span><\/p>\n<\/li>\n<li>\n<p class=\"western\"><span style=\"color: #222222;\"><span style=\"font-family: inherit, serif;\"><span style=\"font-size: small;\">4t ESO: Maria Gavald\u00e0<\/span><\/span><\/span><\/p>\n<\/li>\n<li>\n<p class=\"western\"><span style=\"color: #222222;\"><span style=\"font-family: inherit, serif;\"><span style=\"font-size: small;\">Batxillerat: Nacho Celda<\/span><\/span><\/span><\/p>\n<\/li>\n<li>\n<p class=\"western\"><span style=\"color: #222222;\"><span style=\"font-family: inherit, serif;\"><span style=\"font-size: small;\">Inform\u00e0tica: Manuel Hern\u00e1ndez<\/span><\/span><\/span><\/p>\n<\/li>\n<li>\n<p class=\"western\"><span style=\"color: #222222;\"><span style=\"font-family: inherit, serif;\"><span style=\"font-size: small;\">Ling\u00fc\u00edstica (LIC): Marina Pujol<\/span><\/span><\/span><\/p>\n<\/li>\n<li>\n<p class=\"western\"><span style=\"color: #222222;\"><span style=\"font-family: inherit, serif;\"><span style=\"font-size: small;\">Riscos Laborals: Oscar Camins<\/span><\/span><\/span><\/p>\n<\/li>\n<li>\n<p class=\"western\"><span style=\"color: #222222;\"><span style=\"font-family: inherit, serif;\"><span style=\"font-size: small;\">Cultural : Isabel N\u00fa\u00f1ez<\/span><\/span><\/span><\/p>\n<\/li>\n<li>\n<p class=\"western\"><span style=\"color: #222222;\"><span style=\"font-family: inherit, serif;\"><span style=\"font-size: small;\">Extraescolars: Al\u00edcia Garc\u00eda<\/span><\/span><\/span><\/p>\n<\/li>\n<\/ul>\n<\/td>\n<\/tr>\n<\/tbody>\n<\/table>\n<p>&nbsp;<\/p>\n<p>&nbsp;<\/p>\n","protected":false},"excerpt":{"rendered":"<p>Equip directiu<\/p>\n<p><a href=\"https:\/\/sites.google.com\/a\/xtec.cat\/baldiriguilera\/activitats-extraescolars\/slide_coordinacio1.png?attredirects=0\"><\/a>Directora: Rosa Maria Delgado Leyva<br \/>\nPrefectura d\u2019estudis: Diana Romero Morales<br \/>\nSecret\u00e0ria:\u00a0 Ester Cipri\u00e1n Chisvert<br \/>\nCoordinaci\u00f3 Pedag\u00f2gica: Ana Ruth Estrada Gonz\u00e1lez<\/p>\n<p>Caps de Departaments:<\/p>\n<ul style=\"list-style-type: disc;\">\n<li>\nCi\u00e8ncies Naturals: Al\u00edcia Garc\u00eda\n<\/li>\n<li>\nCi\u00e8ncies Socials: Olga Miguel\n<\/li>\n<li>\nCl\u00e0ssiques: Marta Hern\u00e1ndez\n<\/li>\n<li>\nEducaci\u00f3 F\u00edsica: Asun P\u00e9rez\n<\/li>\n<li>\nF\u00edsica i Qu\u00edmica: Mariola Grande\n<\/li>\n<li>\nLlengua Castellana: Nathali Mart\u00ednez\n<\/li>\n<li>\nLlengua Catalana: Albert Gilabert\n<\/li>\n<li>\nLleng\u00fces estrangeres:&hellip;  <a href=\"https:\/\/agora.xtec.cat\/ies-baldiri\/linstitut\/organigrama\/\" title=\"Read Organigrama\">Llegeix m\u00e9s\u00bb<\/a><\/p>\n","protected":false},"author":1,"featured_media":0,"parent":19,"menu_order":50,"comment_status":"closed","ping_status":"closed","template":"page-templates\/side-menu.php","meta":{"_bbp_topic_count":0,"_bbp_reply_count":0,"_bbp_total_topic_count":0,"_bbp_total_reply_count":0,"_bbp_voice_count":0,"_bbp_anonymous_reply_count":0,"_bbp_topic_count_hidden":0,"_bbp_reply_count_hidden":0,"_bbp_forum_subforum_count":0,"footnotes":""},"class_list":["post-46","page","type-page","status-publish","hentry"],"post_mailing_queue_ids":[],"_links":{"self":[{"href":"https:\/\/agora.xtec.cat\/ies-baldiri\/wp-json\/wp\/v2\/pages\/46","targetHints":{"allow":["GET"]}}],"collection":[{"href":"https:\/\/agora.xtec.cat\/ies-baldiri\/wp-json\/wp\/v2\/pages"}],"about":[{"href":"https:\/\/agora.xtec.cat\/ies-baldiri\/wp-json\/wp\/v2\/types\/page"}],"author":[{"embeddable":true,"href":"https:\/\/agora.xtec.cat\/ies-baldiri\/wp-json\/wp\/v2\/users\/1"}],"replies":[{"embeddable":true,"href":"https:\/\/agora.xtec.cat\/ies-baldiri\/wp-json\/wp\/v2\/comments?post=46"}],"version-history":[{"count":6,"href":"https:\/\/agora.xtec.cat\/ies-baldiri\/wp-json\/wp\/v2\/pages\/46\/revisions"}],"predecessor-version":[{"id":3722,"href":"https:\/\/agora.xtec.cat\/ies-baldiri\/wp-json\/wp\/v2\/pages\/46\/revisions\/3722"}],"up":[{"embeddable":true,"href":"https:\/\/agora.xtec.cat\/ies-baldiri\/wp-json\/wp\/v2\/pages\/19"}],"wp:attachment":[{"href":"https:\/\/agora.xtec.cat\/ies-baldiri\/wp-json\/wp\/v2\/media?parent=46"}],"curies":[{"name":"wp","href":"https:\/\/api.w.org\/{rel}","templated":true}]}}