{"id":39,"date":"2014-09-17T16:36:44","date_gmt":"2014-09-17T16:36:44","guid":{"rendered":"http:\/\/agora.xtec.cat\/ies-baldiri\/?page_id=39"},"modified":"2016-02-10T20:11:12","modified_gmt":"2016-02-10T19:11:12","slug":"instal%c2%b7lacions","status":"publish","type":"page","link":"https:\/\/agora.xtec.cat\/ies-baldiri\/linstitut\/instal%c2%b7lacions\/","title":{"rendered":"Instal\u00b7lacions"},"content":{"rendered":"\r\n\t<div class=\"slideshow_container slideshow_container_style-light\" style=\"height: 300px; \" data-slideshow-id=\"354\" data-style-name=\"style-light\" data-style-version=\"2.3.1\" >\r\n\r\n\t\t\t\t\t<div class=\"slideshow_loading_icon\"><\/div>\r\n\t\t\r\n\t\t<div class=\"slideshow_content\" style=\"display: none;\">\r\n\r\n\t\t\t<div class=\"slideshow_view\">\r\n\t\t\t\t<div class=\"slideshow_slide slideshow_slide_image\">\r\n\t\t\t\t\t\t\t\t\t\t\t<img src=\"https:\/\/agora.xtec.cat\/ies-baldiri\/wp-content\/uploads\/usu896\/2016\/02\/baldiri4image.jpeg\" alt=\"aula\" width=\"960\" height=\"720\" \/>\r\n\t\t\t\t\t\t\t\t\t\t<div class=\"slideshow_description_box slideshow_transparent\">\r\n\t\t\t\t\t\t<div class=\"slideshow_title\">aula<\/div>\t\t\t\t\t\t\t\t\t\t\t<\/div>\r\n\t\t\t\t<\/div>\r\n\r\n\t\t\t\t\t\t<div style=\"clear: both;\"><\/div><\/div><div class=\"slideshow_view\">\r\n\t\t\t\t<div class=\"slideshow_slide slideshow_slide_image\">\r\n\t\t\t\t\t\t\t\t\t\t\t<img src=\"https:\/\/agora.xtec.cat\/ies-baldiri\/wp-content\/uploads\/usu896\/2016\/02\/baldiri6image.jpeg\" alt=\"laboratori de ci\u00e8ncies\" width=\"960\" height=\"720\" \/>\r\n\t\t\t\t\t\t\t\t\t\t<div class=\"slideshow_description_box slideshow_transparent\">\r\n\t\t\t\t\t\t<div class=\"slideshow_title\">laboratori de ci\u00e8ncies<\/div>\t\t\t\t\t\t\t\t\t\t\t<\/div>\r\n\t\t\t\t<\/div>\r\n\r\n\t\t\t\t\t\t<div style=\"clear: both;\"><\/div><\/div><div class=\"slideshow_view\">\r\n\t\t\t\t<div class=\"slideshow_slide slideshow_slide_image\">\r\n\t\t\t\t\t\t\t\t\t\t\t<img src=\"https:\/\/agora.xtec.cat\/ies-baldiri\/wp-content\/uploads\/usu896\/2016\/02\/baldiriiimage3.jpg\" alt=\"exposici\u00f3 al passad\u00eds\" width=\"960\" height=\"720\" \/>\r\n\t\t\t\t\t\t\t\t\t\t<div class=\"slideshow_description_box slideshow_transparent\">\r\n\t\t\t\t\t\t<div class=\"slideshow_title\">exposici\u00f3 al passad\u00eds<\/div>\t\t\t\t\t\t\t\t\t\t\t<\/div>\r\n\t\t\t\t<\/div>\r\n\r\n\t\t\t\t\t\t<div style=\"clear: both;\"><\/div><\/div><div class=\"slideshow_view\">\r\n\t\t\t\t<div class=\"slideshow_slide slideshow_slide_image\">\r\n\t\t\t\t\t\t\t\t\t\t\t<img src=\"https:\/\/agora.xtec.cat\/ies-baldiri\/wp-content\/uploads\/usu896\/2016\/01\/7imagebaldiri.jpeg\" alt=\"espai de treball\" width=\"960\" height=\"720\" \/>\r\n\t\t\t\t\t\t\t\t\t\t<div class=\"slideshow_description_box slideshow_transparent\">\r\n\t\t\t\t\t\t<div class=\"slideshow_title\">espai de treball<\/div>\t\t\t\t\t\t\t\t\t\t\t<\/div>\r\n\t\t\t\t<\/div>\r\n\r\n\t\t\t\t\t\t<div style=\"clear: both;\"><\/div><\/div><div class=\"slideshow_view\">\r\n\t\t\t\t<div class=\"slideshow_slide slideshow_slide_image\">\r\n\t\t\t\t\t\t\t\t\t\t\t<img src=\"https:\/\/agora.xtec.cat\/ies-baldiri\/wp-content\/uploads\/usu896\/2016\/01\/image2badiri.jpeg\" alt=\"laboratori de f\u00edsica\" width=\"960\" height=\"720\" \/>\r\n\t\t\t\t\t\t\t\t\t\t<div class=\"slideshow_description_box slideshow_transparent\">\r\n\t\t\t\t\t\t<div class=\"slideshow_title\">laboratori de f\u00edsica<\/div>\t\t\t\t\t\t\t\t\t\t\t<\/div>\r\n\t\t\t\t<\/div>\r\n\r\n\t\t\t\t\t\t<div style=\"clear: both;\"><\/div><\/div><div class=\"slideshow_view\">\r\n\t\t\t\t<div class=\"slideshow_slide slideshow_slide_image\">\r\n\t\t\t\t\t\t\t\t\t\t\t<img src=\"https:\/\/agora.xtec.cat\/ies-baldiri\/wp-content\/uploads\/usu896\/2016\/01\/8imagebaldiri.jpeg\" alt=\"passad\u00eds\" width=\"960\" height=\"720\" \/>\r\n\t\t\t\t\t\t\t\t\t\t<div class=\"slideshow_description_box slideshow_transparent\">\r\n\t\t\t\t\t\t<div class=\"slideshow_title\">passad\u00eds<\/div>\t\t\t\t\t\t\t\t\t\t\t<\/div>\r\n\t\t\t\t<\/div>\r\n\r\n\t\t\t\t\t\t<div style=\"clear: both;\"><\/div><\/div><div class=\"slideshow_view\">\r\n\t\t\t\t<div class=\"slideshow_slide slideshow_slide_image\">\r\n\t\t\t\t\t\t\t\t\t\t\t<img src=\"https:\/\/agora.xtec.cat\/ies-baldiri\/wp-content\/uploads\/usu896\/2016\/01\/2imagebaldiri.jpeg\" alt=\"biblioteca\" width=\"960\" height=\"720\" \/>\r\n\t\t\t\t\t\t\t\t\t\t<div class=\"slideshow_description_box slideshow_transparent\">\r\n\t\t\t\t\t\t<div class=\"slideshow_title\">biblioteca<\/div>\t\t\t\t\t\t\t\t\t\t\t<\/div>\r\n\t\t\t\t<\/div>\r\n\r\n\t\t\t\t\t\t<div style=\"clear: both;\"><\/div><\/div>\r\n\t\t<\/div>\r\n\r\n\t\t<div class=\"slideshow_controlPanel slideshow_transparent\" style=\"display: none;\"><ul><li class=\"slideshow_togglePlay\" data-play-text=\"Visualitza\" data-pause-text=\"Pausa\"><\/li><\/ul><\/div>\r\n\r\n\t\t<div class=\"slideshow_button slideshow_previous slideshow_transparent\" role=\"button\" data-previous-text=\"Anterior\" style=\"display: none;\"><\/div>\r\n\t\t<div class=\"slideshow_button slideshow_next slideshow_transparent\" role=\"button\" data-next-text=\"Seg\u00fcent\" style=\"display: none;\"><\/div>\r\n\r\n\t\t<div class=\"slideshow_pagination\" style=\"display: none;\" data-go-to-text=\"V\u00e9s a la diapositiva\"><div class=\"slideshow_pagination_center\"><\/div><\/div>\r\n\r\n\t\t<!-- WordPress Slideshow Version 2.3.1 -->\r\n\r\n\t\t\t<\/div>\r\n\r\n\n<h4>Disposem de&#8230;.<\/h4>\n<ul>\n<li>Pissarres digitals i canons de projecci\u00f3 a totes les aules d\u2019ESO i\u00a0Batxillerat.<\/li>\n<li>Biblioteca amb ordinadors i sistema de projecci\u00f3.<\/li>\n<li>Gimn\u00e0s amb dues pistes de futbol i b\u00e0squet.<\/li>\n<li>4 laboratoris: f\u00edsica, qu\u00edmica, biologia i ci\u00e8ncies naturals.<\/li>\n<li>2 aules d\u2019inform\u00e0tica i multim\u00e8dia, i xarxa wifi a tot l\u2019institut.<\/li>\n<li>2 aules de m\u00fasica i una d\u2019idiomes amb pissarra digital.<\/li>\n<li>2 aules de dibuix i disseny.<\/li>\n<li>2 tallers de tecnologia amb ordinadors.<\/li>\n<li>Hemicicle per fer confer\u00e8ncies i sal\u00f3 d&#8217;actes amb escenari.<\/li>\n<li>Taller de Cuina.<\/li>\n<li>Sism\u00f2graf i estaci\u00f3 meteorol\u00f2gica pr\u00f2pia, adscrita al programa EDUMET.<\/li>\n<li>Ecosistema-bassa-bosc de ribera. Hort escolar i jard\u00ed\/hivernacle.<\/li>\n<li>Aula d\u2019acollida per a alumnat nouvingut.<\/li>\n<li>Sistema de Gesti\u00f3 Docent informatitzat.<\/li>\n<\/ul>\n<p>&nbsp;<\/p>\n","protected":false},"excerpt":{"rendered":"<p>\t\t\t\t\t\taula\t\t\t\t\t\t\t\t\t\t\t<\/p>\n<p>\t\t\t\t\t\tlaboratori de ci\u00e8ncies\t\t\t\t\t\t\t\t\t\t\t<\/p>\n<p>\t\t\t\t\t\texposici\u00f3 al passad\u00eds\t\t\t\t\t\t\t\t\t\t\t<\/p>\n<p>\t\t\t\t\t\tespai de treball\t\t\t\t\t\t\t\t\t\t\t<\/p>\n<p>\t\t\t\t\t\tlaboratori de f\u00edsica\t\t\t\t\t\t\t\t\t\t\t<\/p>\n<p>\t\t\t\t\t\tpassad\u00eds\t\t\t\t\t\t\t\t\t\t\t<\/p>\n<p>\t\t\t\t\t\tbiblioteca\t\t\t\t\t\t\t\t\t\t\t<\/p>\n<ul>\n<li class=\"slideshow_togglePlay\" data-play-text=\"Visualitza\" data-pause-text=\"Pausa\"><\/li>\n<\/ul>\n<p>Disposem de&#8230;.<\/p>\n<ul>\n<li>Pissarres digitals i canons de projecci\u00f3 a totes les aules d\u2019ESO i\u00a0Batxillerat.<\/li>\n<li>Biblioteca amb ordinadors i sistema de projecci\u00f3.<\/li>\n<li>Gimn\u00e0s amb dues pistes de futbol i b\u00e0squet.<\/li>\n<li>4 laboratoris: f\u00edsica, qu\u00edmica, biologia i ci\u00e8ncies naturals.<\/li>\n<li>2 aules&hellip;  <a href=\"https:\/\/agora.xtec.cat\/ies-baldiri\/linstitut\/instal%c2%b7lacions\/\" title=\"Read Instal\u00b7lacions\">Llegeix m\u00e9s\u00bb<\/a><br \/>\n","protected":false},"author":1,"featured_media":0,"parent":19,"menu_order":30,"comment_status":"closed","ping_status":"closed","template":"page-templates\/side-menu.php","meta":{"_bbp_topic_count":0,"_bbp_reply_count":0,"_bbp_total_topic_count":0,"_bbp_total_reply_count":0,"_bbp_voice_count":0,"_bbp_anonymous_reply_count":0,"_bbp_topic_count_hidden":0,"_bbp_reply_count_hidden":0,"_bbp_forum_subforum_count":0,"footnotes":""},"class_list":["post-39","page","type-page","status-publish","hentry"],"post_mailing_queue_ids":[],"_links":{"self":[{"href":"https:\/\/agora.xtec.cat\/ies-baldiri\/wp-json\/wp\/v2\/pages\/39","targetHints":{"allow":["GET"]}}],"collection":[{"href":"https:\/\/agora.xtec.cat\/ies-baldiri\/wp-json\/wp\/v2\/pages"}],"about":[{"href":"https:\/\/agora.xtec.cat\/ies-baldiri\/wp-json\/wp\/v2\/types\/page"}],"author":[{"embeddable":true,"href":"https:\/\/agora.xtec.cat\/ies-baldiri\/wp-json\/wp\/v2\/users\/1"}],"replies":[{"embeddable":true,"href":"https:\/\/agora.xtec.cat\/ies-baldiri\/wp-json\/wp\/v2\/comments?post=39"}],"version-history":[{"count":3,"href":"https:\/\/agora.xtec.cat\/ies-baldiri\/wp-json\/wp\/v2\/pages\/39\/revisions"}],"predecessor-version":[{"id":358,"href":"https:\/\/agora.xtec.cat\/ies-baldiri\/wp-json\/wp\/v2\/pages\/39\/revisions\/358"}],"up":[{"embeddable":true,"href":"https:\/\/agora.xtec.cat\/ies-baldiri\/wp-json\/wp\/v2\/pages\/19"}],"wp:attachment":[{"href":"https:\/\/agora.xtec.cat\/ies-baldiri\/wp-json\/wp\/v2\/media?parent=39"}],"curies":[{"name":"wp","href":"https:\/\/api.w.org\/{rel}","templated":true}]}}