{"id":27,"date":"2014-09-17T16:24:03","date_gmt":"2014-09-17T16:24:03","guid":{"rendered":"http:\/\/agora.xtec.cat\/ies-baldiri\/?page_id=27"},"modified":"2016-02-11T16:41:35","modified_gmt":"2016-02-11T15:41:35","slug":"historia","status":"publish","type":"page","link":"https:\/\/agora.xtec.cat\/ies-baldiri\/linstitut\/historia\/","title":{"rendered":"Qu\u00e8 fem"},"content":{"rendered":"<h4><\/h4>\n<ul>\n<li>Participem en el\u00a0 Projecte ILEC ( Impuls de la lectura), promogut pel Departament d\u2019Ensenyament de la Generalitat de Catalunya.<\/li>\n<li>Participem en el Projecte MSchools, una iniciativa de Mobile World Capital amb la col\u00b7laboraci\u00f3 de la Generalitat de Catalunya a trav\u00e9s de la programaci\u00f3 d&#8217;aplicacions per a dispositius m\u00f2bils a l&#8217;assignatura Inform\u00e0tica 4tESO.<\/li>\n<li>Oferim la possibilitat a les fam\u00edlies d&#8217;adherir-se al Projecte SORELL ( Reutilitzaci\u00f3 de llibres de text)<\/li>\n<li>Formem part de la XESC ( Xarxa d\u2019Escoles per\u00a0 la Sostenibilitat de Catalunya)<\/li>\n<li>Compartim,\u00a0 amb les escoles adscrites a l\u2019institut, un projecte com\u00fa de millora de l\u2019aprenentatge de la llengua anglesa.<\/li>\n<li>Participem en intercanvis d\u2019alumnes a l\u2019estranger; entre ells, el de Fingal (Irlanda)-el Prat, organitzat per l\u2019Ajuntament.<\/li>\n<li>El centre ha rebut diversos reconeixements, tant a Catalunya com a la resta de l\u2019Estat i nombrosos premis: CIRIT (40 premis), INJUVE (13 premis) dos aconseguits el curs 2012-13 i d\u2019altres. El mes de desembre de 2012 va rebre dues mencions honor\u00edfiques, del Ministeri d\u2019Educaci\u00f3 i del de Joventut, com a participants destacats en la promoci\u00f3 de la recerca entre els joves en els darrers 25 anys. Ens ha estat concedit tres vegades el \u201cPremi CIRIT al centre\u00a0 per fomentar l\u2019esperit cient\u00edfic del jovent\u201d; el darrer, el curs 2010-2011.<\/li>\n<li>Des del curs 2009-2010\u00a0 som Centre Formador d\u2019Estudiants en Pr\u00e0ctiques del M\u00e0ster de Professorat de Secund\u00e0ria.<\/li>\n<li>Comptem amb Servei d\u2019Orientaci\u00f3 Acad\u00e8mica i Professional i amb Servei d\u2019Atenci\u00f3 Psicopedag\u00f2gica.<\/li>\n<li>Oferim un servei de mediaci\u00f3.<\/li>\n<li>Organitzem activitats complement\u00e0ries, culturals i esportives: setmana de la ci\u00e8ncia, concursos literaris per Sant Jordi, exposicions art\u00edstiques, actuacions musicals i \u00a0teatre, confer\u00e8ncies, viatges d\u2019estudis, jornades esportives, esquiada&#8230;<\/li>\n<li>Fem sortides programades amb finalitats acad\u00e8miques, esportives i tutorials.<\/li>\n<li>Celebrem festes populars: Castanyada , Nadal, Sant Jordi&#8230;.<\/li>\n<li>Establim canals de comunicaci\u00f3 i informaci\u00f3 peri\u00f2dicament amb les fam\u00edlies, a trav\u00e9s de les reunions d\u2019inici de curs i de les entrevistes individuals del tutor o tutora amb els pares i mares.<\/li>\n<li>L\u2019AMPA del centre organitza diverses activitats extraescolars per atendre la demanda de les fam\u00edlies. Entre d\u2019altres s\u2019ofereixen tallers d\u2019estudi assistit i els tallers de rob\u00f2tica.<\/li>\n<li>L\u2019alumnat pot fer el seguiment de moltes de les classes des de casa a trav\u00e9s de blocs de les assignatures, dels cursos del moodle i de p\u00e0gines web, creades pel professorat per facilitar-los l\u2019estudi&#8230;&#8230;<\/li>\n<\/ul>\n<p><a href=\"http:\/\/agora.xtec.cat\/ies-baldiri\/wp-content\/uploads\/usu896\/2016\/02\/confer1.jpg\"><img loading=\"lazy\" decoding=\"async\" class=\"alignnone size-large wp-image-343\" src=\"http:\/\/agora.xtec.cat\/ies-baldiri\/wp-content\/uploads\/usu896\/2016\/02\/confer1-1024x526.jpg\" alt=\"confer1\" width=\"1024\" height=\"526\" srcset=\"https:\/\/agora.xtec.cat\/ies-baldiri\/wp-content\/uploads\/usu896\/2016\/02\/confer1-1024x526.jpg 1024w, https:\/\/agora.xtec.cat\/ies-baldiri\/wp-content\/uploads\/usu896\/2016\/02\/confer1-300x154.jpg 300w, https:\/\/agora.xtec.cat\/ies-baldiri\/wp-content\/uploads\/usu896\/2016\/02\/confer1.jpg 1846w\" sizes=\"auto, (max-width: 1024px) 100vw, 1024px\" \/><\/a><\/p>\n<p>&nbsp;<\/p>\n","protected":false},"excerpt":{"rendered":"<ul>\n<li>Participem en el\u00a0 Projecte ILEC ( Impuls de la lectura), promogut pel Departament d\u2019Ensenyament de la Generalitat de Catalunya.<\/li>\n<li>Participem en el Projecte MSchools, una iniciativa de Mobile World Capital amb la col\u00b7laboraci\u00f3 de la Generalitat de Catalunya a trav\u00e9s de la programaci\u00f3 d&#8217;aplicacions per a&hellip;  <a href=\"https:\/\/agora.xtec.cat\/ies-baldiri\/linstitut\/historia\/\" title=\"Read Qu\u00e8 fem\">Llegeix m\u00e9s\u00bb<\/a><br \/>\n","protected":false},"author":1,"featured_media":0,"parent":19,"menu_order":20,"comment_status":"closed","ping_status":"closed","template":"page-templates\/side-menu.php","meta":{"_bbp_topic_count":0,"_bbp_reply_count":0,"_bbp_total_topic_count":0,"_bbp_total_reply_count":0,"_bbp_voice_count":0,"_bbp_anonymous_reply_count":0,"_bbp_topic_count_hidden":0,"_bbp_reply_count_hidden":0,"_bbp_forum_subforum_count":0,"footnotes":""},"class_list":["post-27","page","type-page","status-publish","hentry"],"post_mailing_queue_ids":[],"_links":{"self":[{"href":"https:\/\/agora.xtec.cat\/ies-baldiri\/wp-json\/wp\/v2\/pages\/27","targetHints":{"allow":["GET"]}}],"collection":[{"href":"https:\/\/agora.xtec.cat\/ies-baldiri\/wp-json\/wp\/v2\/pages"}],"about":[{"href":"https:\/\/agora.xtec.cat\/ies-baldiri\/wp-json\/wp\/v2\/types\/page"}],"author":[{"embeddable":true,"href":"https:\/\/agora.xtec.cat\/ies-baldiri\/wp-json\/wp\/v2\/users\/1"}],"replies":[{"embeddable":true,"href":"https:\/\/agora.xtec.cat\/ies-baldiri\/wp-json\/wp\/v2\/comments?post=27"}],"version-history":[{"count":3,"href":"https:\/\/agora.xtec.cat\/ies-baldiri\/wp-json\/wp\/v2\/pages\/27\/revisions"}],"predecessor-version":[{"id":378,"href":"https:\/\/agora.xtec.cat\/ies-baldiri\/wp-json\/wp\/v2\/pages\/27\/revisions\/378"}],"up":[{"embeddable":true,"href":"https:\/\/agora.xtec.cat\/ies-baldiri\/wp-json\/wp\/v2\/pages\/19"}],"wp:attachment":[{"href":"https:\/\/agora.xtec.cat\/ies-baldiri\/wp-json\/wp\/v2\/media?parent=27"}],"curies":[{"name":"wp","href":"https:\/\/api.w.org\/{rel}","templated":true}]}}